{"id":5196,"date":"2024-01-24T11:36:38","date_gmt":"2024-01-24T11:36:38","guid":{"rendered":"https:\/\/offuniversity.org\/wer-wir-sind\/"},"modified":"2026-03-13T12:05:38","modified_gmt":"2026-03-13T12:05:38","slug":"who-we-are","status":"publish","type":"page","link":"https:\/\/offuniversity.org\/de\/who-we-are\/","title":{"rendered":"Wer wir sind"},"content":{"rendered":"<div class=\"gb-container gb-container-6508c824\">\n<div class=\"gb-container gb-container-d78cceab\">\n\n<h1 class=\"gb-headline gb-headline-c706d0d5 gb-headline-text underline\">Wir suchen nach neuen Strategien, <mark style=\"background-color:rgba(0, 0, 0, 0)\" class=\"has-inline-color has-base-2-color\">um das akademische Leben und Wissen <\/mark>vor antidemokratischen und autorit\u00e4ren Regimen zu sch\u00fctzen<\/h1>\n\n<\/div>\n<\/div><section class=\"gb-container gb-container-48873ec1\">\n<div class=\"gb-container gb-container-077ffc1f\">\n\n<h2 class=\"gb-headline gb-headline-f52f7743 gb-headline-text\">Off University ist eine Selbstorganisation politisch verfolgter Wissenschaffender<\/h2>\n\n\n\n<p>Wir suchen nach neuen Strategien, um das akademische Leben und Wissen zu erhalten, das von antidemokratischen und autorit\u00e4ren Regimen bedroht wird. <\/p>\n\n\n\n<p>Unser Einsatz gilt Wissenschaffenden auf der ganzen Welt, die wegen ihrer Meinung und Forschung aus Institutionen entlassen, zum R\u00fccktritt gezwungen, politisch verfolgt oder sogar inhaftiert werden.<\/p>\n\n<\/div>\n<\/section><section class=\"gb-container gb-container-66df2f2b\">\n\n<video loop=\"\" muted=\"\" autoplay=\"\" poster=\"URL\/TO\/poster.jpg\" class=\"background-video\">\n    <source src=\"http:\/\/offuniversity.org\/wp-content\/uploads\/2024\/01\/Off_Vid.mp4\" type=\"video\/mp4\" media=\"(min-width: 768px)\">\n<\/source><\/video>\n\n\n<div class=\"gb-container gb-container-b83d4d5a\">\n<div class=\"gb-container gb-container-33872957 background-video-content\">\n\n<h2 class=\"gb-headline gb-headline-83932c17 gb-headline-text\"><em>Wenn autorit\u00e4re Regime<\/em><br><em> die Universit\u00e4t auf <\/em>\u201e<em>Off\u201c schalten,<\/em><br><em> stellen wir sie wieder online an<\/em><\/h2>\n\n\n\n<a class=\"gb-button gb-button-d2849cab gb-button-text\" href=\"https:\/\/youtu.be\/XnYwa54pD0U?si=Y7Xbnb_SsKkpf7Jo\" target=\"_blank\" rel=\"noopener noreferrer\">VIDEO SCHAUEN<\/a>\n\n<\/div>\n<\/div>\n<\/section><div class=\"gb-container gb-container-b77e72e8\" id=\"features\">\n<div class=\"gb-container gb-container-6b469faf\">\n<div class=\"gb-grid-wrapper gb-grid-wrapper-3b248ea3\">\n<div class=\"gb-grid-column gb-grid-column-f07f8797\"><div class=\"gb-container gb-container-f07f8797\">\n\n<h1 class=\"gb-headline gb-headline-99b1deeb gb-headline-text\">Unser Auftrag.<\/h1>\n\n<\/div><\/div>\n\n<div class=\"gb-grid-column gb-grid-column-448dd3fe\"><div class=\"gb-container gb-container-448dd3fe\">\n<div class=\"gb-grid-wrapper gb-grid-wrapper-6e5ef146\">\n<div class=\"gb-grid-column gb-grid-column-0487c64a\"><div class=\"gb-container gb-container-0487c64a\">\n<div class=\"gb-container gb-container-bb341835\">\n<div class=\"gb-container gb-container-05544c7a\">\n\n<div class=\"gb-headline gb-headline-941f25c5\"><span class=\"gb-icon\"><svg xmlns=\"http:\/\/www.w3.org\/2000\/svg\" aria-hidden=\"true\" role=\"img\" height=\"1em\" width=\"1em\" viewbox=\"0 0 512 512\"><path fill=\"currentColor\" d=\"M256 8C119 8 8 119 8 256s111 248 248 248 248-111 248-248S393 8 256 8z\"><\/path><\/svg><\/span><\/div>\n\n<\/div>\n\n<div class=\"gb-container gb-container-e26fd549\">\n\n<p>Wir setzen uns f\u00fcr die Freiheit der Meinung, der Forschung und des Lehrens\/Lernens ein und beteiligen uns am Kampf f\u00fcr die Beseitigung materieller Bedingungen, die Wissenschaffende zwingen, die Hochschule und ihr Zuhause zu verlassen.<\/p>\n\n<\/div>\n<\/div>\n<\/div><\/div>\n\n<div class=\"gb-grid-column gb-grid-column-3234e1e8\"><div class=\"gb-container gb-container-3234e1e8\">\n<div class=\"gb-container gb-container-ca49b9c7\">\n<div class=\"gb-container gb-container-ea85405e\">\n\n<div class=\"gb-headline gb-headline-f143a75c\"><span class=\"gb-icon\"><svg xmlns=\"http:\/\/www.w3.org\/2000\/svg\" aria-hidden=\"true\" role=\"img\" height=\"1em\" width=\"1em\" viewbox=\"0 0 512 512\"><path fill=\"currentColor\" d=\"M256 8C119 8 8 119 8 256s111 248 248 248 248-111 248-248S393 8 256 8z\"><\/path><\/svg><\/span><\/div>\n\n<\/div>\n\n<div class=\"gb-container gb-container-b3698456\">\n\n<p>Wir schaffen einen sicheren Raum, in dem Wissenschaffende ihre akademische Arbeit fortsetzen k\u00f6nnen. Um dies zu erreichen, nutzen wir neue und sich entwickelnde Online-Technologien. <\/p>\n\n<\/div>\n<\/div>\n<\/div><\/div>\n\n<div class=\"gb-grid-column gb-grid-column-05ce7f36\"><div class=\"gb-container gb-container-05ce7f36\">\n<div class=\"gb-container gb-container-97b50e79\">\n<div class=\"gb-container gb-container-2644f39e\">\n\n<div class=\"gb-headline gb-headline-974a6b9b\"><span class=\"gb-icon\"><svg xmlns=\"http:\/\/www.w3.org\/2000\/svg\" aria-hidden=\"true\" role=\"img\" height=\"1em\" width=\"1em\" viewbox=\"0 0 512 512\"><path fill=\"currentColor\" d=\"M256 8C119 8 8 119 8 256s111 248 248 248 248-111 248-248S393 8 256 8z\"><\/path><\/svg><\/span><\/div>\n\n<\/div>\n\n<div class=\"gb-container gb-container-e00a9ac3\">\n\n<p>Wir bauen enge Beziehungen zu Universit\u00e4ten und Bildungseinrichtungen auf, um gef\u00e4hrdeten Wissenschaffenden berufliche M\u00f6glichkeiten zu er\u00f6ffnen und Solidarit\u00e4t und Zusammenarbeit unter Wissenschaffenden zu unterst\u00fctzen.<\/p>\n\n<\/div>\n<\/div>\n<\/div><\/div>\n\n<div class=\"gb-grid-column gb-grid-column-dbf3c18b\"><div class=\"gb-container gb-container-dbf3c18b\">\n<div class=\"gb-container gb-container-2c5dab34\">\n<div class=\"gb-container gb-container-9bce743f\">\n\n<div class=\"gb-headline gb-headline-fd3a1733\"><span class=\"gb-icon\"><svg xmlns=\"http:\/\/www.w3.org\/2000\/svg\" aria-hidden=\"true\" role=\"img\" height=\"1em\" width=\"1em\" viewbox=\"0 0 512 512\"><path fill=\"currentColor\" d=\"M256 8C119 8 8 119 8 256s111 248 248 248 248-111 248-248S393 8 256 8z\"><\/path><\/svg><\/span><\/div>\n\n<\/div>\n\n<div class=\"gb-container gb-container-4d53845e\">\n\n<p>Wir erweitern unser Netzwerk \u00fcber nationalen Grenzen hinaus und beziehen vertriebene Wissenschaffende aus der ganzen Welt ein, von \u00fcberall, wo die Freiheit des Denkens, der Forschung und des Lehrens und Lernens bedroht ist.<\/p>\n\n<\/div>\n<\/div>\n<\/div><\/div>\n\n<div class=\"gb-grid-column gb-grid-column-f2277cad\"><div class=\"gb-container gb-container-f2277cad\">\n<div class=\"gb-container gb-container-38a5de48\">\n<div class=\"gb-container gb-container-4e47fa3f\">\n\n<div class=\"gb-headline gb-headline-915b6b55\"><span class=\"gb-icon\"><svg xmlns=\"http:\/\/www.w3.org\/2000\/svg\" aria-hidden=\"true\" role=\"img\" height=\"1em\" width=\"1em\" viewbox=\"0 0 512 512\"><path fill=\"currentColor\" d=\"M256 8C119 8 8 119 8 256s111 248 248 248 248-111 248-248S393 8 256 8z\"><\/path><\/svg><\/span><\/div>\n\n<\/div>\n\n<div class=\"gb-container gb-container-eedda969\">\n\n<p>Wir schaffen Kurse und Forschungsm\u00f6glichkeiten, die Lernenden und Wissenschaffenden bisher nicht zug\u00e4nglich sind.<\/p>\n\n<\/div>\n<\/div>\n<\/div><\/div>\n\n<div class=\"gb-grid-column gb-grid-column-fc881a7b\"><div class=\"gb-container gb-container-fc881a7b\">\n<div class=\"gb-container gb-container-e7b6ae46\">\n<div class=\"gb-container gb-container-c615e86b\">\n\n<div class=\"gb-headline gb-headline-6a306f04\"><span class=\"gb-icon\"><svg xmlns=\"http:\/\/www.w3.org\/2000\/svg\" aria-hidden=\"true\" role=\"img\" height=\"1em\" width=\"1em\" viewbox=\"0 0 512 512\"><path fill=\"currentColor\" d=\"M256 8C119 8 8 119 8 256s111 248 248 248 248-111 248-248S393 8 256 8z\"><\/path><\/svg><\/span><\/div>\n\n<\/div>\n\n<div class=\"gb-container gb-container-147854a9\">\n\n<p>Wir denken neu, wie sich die Hochschule in den kommenden Jahrzehnten entwickeln kann.<\/p>\n\n<\/div>\n<\/div>\n<\/div><\/div>\n<\/div>\n<\/div><\/div>\n<\/div>\n<\/div>\n<\/div>","protected":false},"excerpt":{"rendered":"<p>Wir suchen nach neuen Strategien, um das akademische Leben und Wissen vor antidemokratischen und autorit\u00e4ren Regimen zu sch\u00fctzen Off University &#8230; <a title=\"Wer wir sind\" class=\"read-more\" href=\"https:\/\/offuniversity.org\/de\/who-we-are\/\" aria-label=\"Mehr Informationen \u00fcber Wer wir sind\">Weiterlesen &#8230;<\/a><\/p>\n","protected":false},"author":1,"featured_media":6013,"parent":0,"menu_order":0,"comment_status":"closed","ping_status":"closed","template":"","meta":{"footnotes":""},"class_list":{"0":"post-5196","1":"page","2":"type-page","3":"status-publish","4":"has-post-thumbnail","6":"infinite-scroll-item"},"_links":{"self":[{"href":"https:\/\/offuniversity.org\/de\/wp-json\/wp\/v2\/pages\/5196","targetHints":{"allow":["GET"]}}],"collection":[{"href":"https:\/\/offuniversity.org\/de\/wp-json\/wp\/v2\/pages"}],"about":[{"href":"https:\/\/offuniversity.org\/de\/wp-json\/wp\/v2\/types\/page"}],"author":[{"embeddable":true,"href":"https:\/\/offuniversity.org\/de\/wp-json\/wp\/v2\/users\/1"}],"replies":[{"embeddable":true,"href":"https:\/\/offuniversity.org\/de\/wp-json\/wp\/v2\/comments?post=5196"}],"version-history":[{"count":31,"href":"https:\/\/offuniversity.org\/de\/wp-json\/wp\/v2\/pages\/5196\/revisions"}],"predecessor-version":[{"id":15333,"href":"https:\/\/offuniversity.org\/de\/wp-json\/wp\/v2\/pages\/5196\/revisions\/15333"}],"wp:featuredmedia":[{"embeddable":true,"href":"https:\/\/offuniversity.org\/de\/wp-json\/wp\/v2\/media\/6013"}],"wp:attachment":[{"href":"https:\/\/offuniversity.org\/de\/wp-json\/wp\/v2\/media?parent=5196"}],"curies":[{"name":"wp","href":"https:\/\/api.w.org\/{rel}","templated":true}]}}