{"id":5207,"date":"2024-01-20T14:12:47","date_gmt":"2024-01-20T14:12:47","guid":{"rendered":"https:\/\/offuniversity.org\/unser-einfluss\/"},"modified":"2026-01-26T10:22:46","modified_gmt":"2026-01-26T10:22:46","slug":"our-impact","status":"publish","type":"page","link":"https:\/\/offuniversity.org\/de\/our-impact\/","title":{"rendered":"Unser Einfluss"},"content":{"rendered":"<div class=\"gb-container gb-container-b77e72e8\" id=\"features\">\n<div class=\"gb-container gb-container-6b469faf\">\n<div class=\"gb-grid-wrapper gb-grid-wrapper-3b248ea3\">\n<div class=\"gb-grid-column gb-grid-column-f07f8797\"><div class=\"gb-container gb-container-f07f8797\">\n\n<h1 class=\"gb-headline gb-headline-99b1deeb gb-headline-text\">Unsere Wirkung<\/h1>\n\n<\/div><\/div>\n\n<div class=\"gb-grid-column gb-grid-column-448dd3fe\"><div class=\"gb-container gb-container-448dd3fe\">\n<div class=\"gb-grid-wrapper gb-grid-wrapper-6e5ef146\">\n<div class=\"gb-grid-column gb-grid-column-c86488c9\"><div class=\"gb-container gb-container-c86488c9\">\n<div class=\"gb-container gb-container-2d6f3f8d\">\n\n<figure class=\"gb-block-image gb-block-image-cdc1a539\"><img loading=\"lazy\" decoding=\"async\" width=\"4321\" height=\"4321\" class=\"gb-image gb-image-cdc1a539 alignwide\" src=\"https:\/\/offuniversity.org\/wp-content\/uploads\/2024\/02\/Part_icon.png\" alt=\"Ikone, die Kursteilnehmende darstellt, mit drei erhobenen H\u00e4nden.\" title=\"Teilnehmer_Icon\" srcset=\"https:\/\/offuniversity.org\/wp-content\/uploads\/2024\/02\/Part_icon.png 4321w, https:\/\/offuniversity.org\/wp-content\/uploads\/2024\/02\/Part_icon-300x300.png 300w, https:\/\/offuniversity.org\/wp-content\/uploads\/2024\/02\/Part_icon-1024x1024.png 1024w, https:\/\/offuniversity.org\/wp-content\/uploads\/2024\/02\/Part_icon-150x150.png 150w, https:\/\/offuniversity.org\/wp-content\/uploads\/2024\/02\/Part_icon-768x768.png 768w, https:\/\/offuniversity.org\/wp-content\/uploads\/2024\/02\/Part_icon-1536x1536.png 1536w, https:\/\/offuniversity.org\/wp-content\/uploads\/2024\/02\/Part_icon-2048x2048.png 2048w\" sizes=\"auto, (max-width: 4321px) 100vw, 4321px\" \/><\/figure>\n\n<\/div>\n\n\n<h1 class=\"gb-headline gb-headline-30d05dbf gb-headline-text\">5600+<\/h1>\n\n\n\n<h4 class=\"gb-headline gb-headline-6ded1953 gb-headline-text\">Teilnehmende<\/h4>\n\n<\/div><\/div>\n\n<div class=\"gb-grid-column gb-grid-column-3e7e0bad\"><div class=\"gb-container gb-container-3e7e0bad\">\n<div class=\"gb-container gb-container-bff907e8\">\n\n<figure class=\"gb-block-image gb-block-image-1d2c4c9f\"><img loading=\"lazy\" decoding=\"async\" width=\"4321\" height=\"4321\" class=\"gb-image gb-image-1d2c4c9f alignwide\" src=\"https:\/\/offuniversity.org\/wp-content\/uploads\/2024\/02\/Inst_icon.png\" alt=\"Symbol f\u00fcr Ausbilder, das eine Hand zeigt, die drei Puzzleteile h\u00e4lt oder mit ihnen spielt.\" title=\"Instrustors_icon.\" srcset=\"https:\/\/offuniversity.org\/wp-content\/uploads\/2024\/02\/Inst_icon.png 4321w, https:\/\/offuniversity.org\/wp-content\/uploads\/2024\/02\/Inst_icon-300x300.png 300w, https:\/\/offuniversity.org\/wp-content\/uploads\/2024\/02\/Inst_icon-1024x1024.png 1024w, https:\/\/offuniversity.org\/wp-content\/uploads\/2024\/02\/Inst_icon-150x150.png 150w, https:\/\/offuniversity.org\/wp-content\/uploads\/2024\/02\/Inst_icon-768x768.png 768w, https:\/\/offuniversity.org\/wp-content\/uploads\/2024\/02\/Inst_icon-1536x1536.png 1536w, https:\/\/offuniversity.org\/wp-content\/uploads\/2024\/02\/Inst_icon-2048x2048.png 2048w\" sizes=\"auto, (max-width: 4321px) 100vw, 4321px\" \/><\/figure>\n\n<\/div>\n\n\n<h1 class=\"gb-headline gb-headline-5eda6c54 gb-headline-text\">269<\/h1>\n\n\n\n<h4 class=\"gb-headline gb-headline-c5e1a618 gb-headline-text\">Lehrende<\/h4>\n\n<\/div><\/div>\n\n<div class=\"gb-grid-column gb-grid-column-0487c64a\"><div class=\"gb-container gb-container-0487c64a\">\n<div class=\"gb-container gb-container-d1b55790\">\n\n<figure class=\"gb-block-image gb-block-image-d5da3ace\"><img loading=\"lazy\" decoding=\"async\" width=\"4321\" height=\"4321\" class=\"gb-image gb-image-d5da3ace alignwide\" src=\"https:\/\/offuniversity.org\/wp-content\/uploads\/2024\/01\/Courses_icon_1.png\" alt=\"Symbol eines Buches und einer Computermaus. Das Buch befindet sich auf der linken Seite mit horizontalen Linien, die Text darstellen. Die Maus befindet sich auf der rechten Seite mit einem Bogen aus kleinen orangefarbenen Punkten dar\u00fcber, die eine Verbindung oder Interaktion zwischen dem Buch und der Maus andeuten.\" title=\"Kurse_icon_1\"><\/figure>\n\n<\/div>\n\n\n<h1 class=\"gb-headline gb-headline-6c0ec649 gb-headline-text\">83<\/h1>\n\n\n\n<h4 class=\"gb-headline gb-headline-f2d0278e gb-headline-text\">Kurse<\/h4>\n\n<\/div><\/div>\n\n<div class=\"gb-grid-column gb-grid-column-c88e87e7\"><div class=\"gb-container gb-container-c88e87e7\">\n<div class=\"gb-container gb-container-3b536c2a\">\n\n<figure class=\"gb-block-image gb-block-image-42e8301b\"><img loading=\"lazy\" decoding=\"async\" width=\"4321\" height=\"4321\" class=\"gb-image gb-image-42e8301b alignwide\" src=\"https:\/\/offuniversity.org\/wp-content\/uploads\/2024\/01\/Publications_icon_1.png\" alt=\"Auf der linken Seite befindet sich das Dokument mit Linien, die Text darstellen. Das Megaphon befindet sich auf der rechten Seite und \u00fcberlappt das Dokument. Daneben befindet sich ein Bogen mit kleinen orangefarbenen Punkten, die auf schriftliche oder akustische Ver\u00f6ffentlichungen hinweisen.\" title=\"Ver\u00f6ffentlichungen_icon_1\"><\/figure>\n\n<\/div>\n\n\n<h1 class=\"gb-headline gb-headline-05d8d859 gb-headline-text\">96<\/h1>\n\n\n\n<h4 class=\"gb-headline gb-headline-01e5b0d5 gb-headline-text\">Ver\u00f6ffentlichungen<\/h4>\n\n<\/div><\/div>\n\n<div class=\"gb-grid-column gb-grid-column-ea4f0c4d\"><div class=\"gb-container gb-container-ea4f0c4d\">\n<div class=\"gb-container gb-container-105a9eec\">\n\n<figure class=\"gb-block-image gb-block-image-650a5417\"><img loading=\"lazy\" decoding=\"async\" width=\"4321\" height=\"4321\" class=\"gb-image gb-image-650a5417 alignwide\" src=\"https:\/\/offuniversity.org\/wp-content\/uploads\/2024\/02\/Fellows_icon.png\" alt=\"Ikone, die Gef\u00e4hrten darstellt, mit vier miteinander verbundenen H\u00e4nden und Punkten.\" title=\"Fellows_Icon\" srcset=\"https:\/\/offuniversity.org\/wp-content\/uploads\/2024\/02\/Fellows_icon.png 4321w, https:\/\/offuniversity.org\/wp-content\/uploads\/2024\/02\/Fellows_icon-300x300.png 300w, https:\/\/offuniversity.org\/wp-content\/uploads\/2024\/02\/Fellows_icon-1024x1024.png 1024w, https:\/\/offuniversity.org\/wp-content\/uploads\/2024\/02\/Fellows_icon-150x150.png 150w, https:\/\/offuniversity.org\/wp-content\/uploads\/2024\/02\/Fellows_icon-768x768.png 768w, https:\/\/offuniversity.org\/wp-content\/uploads\/2024\/02\/Fellows_icon-1536x1536.png 1536w, https:\/\/offuniversity.org\/wp-content\/uploads\/2024\/02\/Fellows_icon-2048x2048.png 2048w\" sizes=\"auto, (max-width: 4321px) 100vw, 4321px\" \/><\/figure>\n\n<\/div>\n\n\n<h1 class=\"gb-headline gb-headline-0cf0ead7 gb-headline-text\">15<\/h1>\n\n\n\n<h4 class=\"gb-headline gb-headline-984d0900 gb-headline-text\">Fellows<\/h4>\n\n<\/div><\/div>\n\n<div class=\"gb-grid-column gb-grid-column-91dcd1d8\"><div class=\"gb-container gb-container-91dcd1d8\">\n<div class=\"gb-container gb-container-a0a9f9ea\">\n\n<figure class=\"gb-block-image gb-block-image-d9e31f91\"><img loading=\"lazy\" decoding=\"async\" width=\"4321\" height=\"4321\" class=\"gb-image gb-image-d9e31f91 alignwide\" src=\"https:\/\/offuniversity.org\/wp-content\/uploads\/2024\/01\/Research_icon_1.png\" alt=\"Symbol eines Dokuments und eines Vergr\u00f6\u00dferungsglases. Das Dokument befindet sich auf der linken Seite mit Linien, die Text anzeigen, und einem Quadrat, das ein Bild oder eine Grafik darstellt. Auf der rechten Seite befindet sich die Lupe, die das Dokument teilweise \u00fcberdeckt. Daneben befindet sich ein Bogen mit kleinen orangefarbenen Punkten, die auf eine Pr\u00fcfung oder Analyse hinweisen.\" title=\"Forschung_icon_1\"><\/figure>\n\n<\/div>\n\n\n<h1 class=\"gb-headline gb-headline-0c9e8527 gb-headline-text\">5<\/h1>\n\n\n\n<h4 class=\"gb-headline gb-headline-4df62b64 gb-headline-text\">Forschungsprojekte<\/h4>\n\n<\/div><\/div>\n<\/div>\n<\/div><\/div>\n<\/div>\n<\/div>\n<\/div><div class=\"gb-container gb-container-5b104b1a\">\n<div class=\"gb-container gb-container-ac80f92f\">\n\n<h4 class=\"gb-headline gb-headline-f095fb23 gb-headline-text\">Off Universitys online Kurse bringen gef\u00e4hrdete Wissenschaffende und Studierende auf der ganzen Welt wieder mit dem akademischen Lernen, Lehren und der Wissensproduktion zusammen. Unser sicherer Online-Raum erm\u00f6glicht es Wissenschaffenden nicht nur, ihren Beruf und ihr akademisches Leben fortzusetzen, die Kurse sichern auch Zugang zu ihrem kritischen Wissen. Wir entwickeln Online-P\u00e4dagogik, um in kleinen Gruppen in intensivem Austausch gemeinsam zu lernen, w\u00e4hrend Kursteilnehmende zu ihrer Sicherheit v\u00f6llig anonym bleiben k\u00f6nnen.  <\/h4>\n\n<\/div>\n<\/div><div class=\"gb-container gb-container-47c4bf84\">\n<div class=\"gb-container gb-container-6453c58d\">\n<div class=\"gb-grid-wrapper gb-grid-wrapper-f3281b31\">\n<div class=\"gb-grid-column gb-grid-column-f4f95654\"><div class=\"gb-container gb-container-f4f95654\"><\/div><\/div>\n\n<div class=\"gb-grid-column gb-grid-column-510f97d4\"><div class=\"gb-container gb-container-510f97d4\">\n<div class=\"gb-container gb-container-1981e790\">\n<div class=\"gb-grid-wrapper gb-grid-wrapper-d2cb4023\">\n<div class=\"gb-grid-column gb-grid-column-0afee8c7\"><div class=\"gb-container gb-container-0afee8c7\">\n\n<h1 class=\"gb-headline gb-headline-c19c218c gb-headline-text\"><sup>&#8222;<\/sup><\/h1>\n\n<\/div><\/div>\n\n<div class=\"gb-grid-column gb-grid-column-f002090b\"><div class=\"gb-container gb-container-f002090b\">\n\n<h4 class=\"gb-headline gb-headline-5387c670 gb-headline-text\">Die akademische Produktion kann sich von den vier W\u00e4nden des Universit\u00e4tsgeb\u00e4udes emanzipieren.&nbsp;<\/h4>\n\n<\/div><\/div>\n<\/div>\n<\/div>\n\n<div class=\"gb-container gb-container-f4fabf28\">\n\n<p style=\"font-style:normal;font-weight:500\"><em>Ich hatte oft den Eindruck, dass Wissenschaffende den Online-Raum nur ungern nutzen, aber er kann genutzt werden, um \u00fcber Autoritarismus und Einschr\u00e4nkungen der Gedankenfreiheit und der freien Wissenschaft zu verhandeln und soziale und politische Bewegungen zu organisieren. Kurseilnehmende<\/em><\/p>\n\n\n\n<h5 class=\"gb-headline gb-headline-e2149400 gb-headline-text\"><em>Kurse Teilnehmer<\/em><\/h5>\n\n<\/div>\n<\/div><\/div>\n<\/div>\n<\/div>\n<\/div><div class=\"gb-container gb-container-f919cd1b\">\n<div class=\"gb-container gb-container-40a52608\">\n<div class=\"gb-grid-wrapper gb-grid-wrapper-3c87cdc9\">\n<div class=\"gb-grid-column gb-grid-column-12124c33\"><div class=\"gb-container gb-container-12124c33\">\n<div class=\"gb-container gb-container-49c31ebd\">\n<div class=\"gb-grid-wrapper gb-grid-wrapper-8229a794\">\n<div class=\"gb-grid-column gb-grid-column-423789d2\"><div class=\"gb-container gb-container-423789d2\">\n\n<h1 class=\"gb-headline gb-headline-82eae485 gb-headline-text\"><sup>&#8222;<\/sup><\/h1>\n\n<\/div><\/div>\n\n<div class=\"gb-grid-column gb-grid-column-7f6f2d40\"><div class=\"gb-container gb-container-7f6f2d40\">\n\n<h4 class=\"gb-headline gb-headline-5063276f gb-headline-text\">Ein egalit\u00e4res, \u00f6ffentliches Haus.<\/h4>\n\n<\/div><\/div>\n<\/div>\n<\/div>\n\n<div class=\"gb-container gb-container-441f9466\">\n\n<p style=\"font-style:normal;font-weight:500\"><em>Ich kann sagen, dass Off University f\u00fcr mich zu einem egalit\u00e4ren, \u00f6ffentlichen Zuhause geworden ist.<\/em><em> das durch Vertrauen, Schwesternschaft und solidarische Beziehungen gepr\u00e4gt ist.<\/em><\/p>\n\n\n\n<h5 class=\"gb-headline gb-headline-adc9c520 gb-headline-text\"><em>Ayse \u0130clal K\u00fc\u00e7\u00fckk\u0131rca<\/em><\/h5>\n\n\n\n<p class=\"has-text-color has-link-color wp-elements-c500f00750517d19d90c434be78f9b71\" style=\"color:#666666;font-size:15px;font-style:normal;font-weight:400\">Unterrichtete drei online Kurse f\u00fcr Off University, nachdem sievon der Mardin Universit\u00e4t entlassen wurde, weil sie die Erkl\u00e4rung \u201eWir sind nicht Teil dieses Verbrechens\u201c der Wissenschaftler*innen f\u00fcr den Frieden in der T\u00fcrkei im Jahr 2016 unterzeichnet hatte.<\/p>\n\n<\/div>\n<\/div><\/div>\n\n<div class=\"gb-grid-column gb-grid-column-606d3efd\"><div class=\"gb-container gb-container-606d3efd\"><\/div><\/div>\n<\/div>\n<\/div>\n<\/div>","protected":false},"excerpt":{"rendered":"<p>Off Universitys online Kurse bringen gef\u00e4hrdete Wissenschaffende und Studierende auf der ganzen Welt wieder mit dem akademischen Lernen, Lehren und &#8230; <a title=\"Unser Einfluss\" class=\"read-more\" href=\"https:\/\/offuniversity.org\/de\/our-impact\/\" aria-label=\"Mehr Informationen \u00fcber Unser Einfluss\">Weiterlesen &#8230;<\/a><\/p>\n","protected":false},"author":1,"featured_media":10097,"parent":0,"menu_order":0,"comment_status":"closed","ping_status":"closed","template":"","meta":{"footnotes":""},"class_list":{"0":"post-5207","1":"page","2":"type-page","3":"status-publish","4":"has-post-thumbnail","6":"infinite-scroll-item"},"_links":{"self":[{"href":"https:\/\/offuniversity.org\/de\/wp-json\/wp\/v2\/pages\/5207","targetHints":{"allow":["GET"]}}],"collection":[{"href":"https:\/\/offuniversity.org\/de\/wp-json\/wp\/v2\/pages"}],"about":[{"href":"https:\/\/offuniversity.org\/de\/wp-json\/wp\/v2\/types\/page"}],"author":[{"embeddable":true,"href":"https:\/\/offuniversity.org\/de\/wp-json\/wp\/v2\/users\/1"}],"replies":[{"embeddable":true,"href":"https:\/\/offuniversity.org\/de\/wp-json\/wp\/v2\/comments?post=5207"}],"version-history":[{"count":12,"href":"https:\/\/offuniversity.org\/de\/wp-json\/wp\/v2\/pages\/5207\/revisions"}],"predecessor-version":[{"id":14761,"href":"https:\/\/offuniversity.org\/de\/wp-json\/wp\/v2\/pages\/5207\/revisions\/14761"}],"wp:featuredmedia":[{"embeddable":true,"href":"https:\/\/offuniversity.org\/de\/wp-json\/wp\/v2\/media\/10097"}],"wp:attachment":[{"href":"https:\/\/offuniversity.org\/de\/wp-json\/wp\/v2\/media?parent=5207"}],"curies":[{"name":"wp","href":"https:\/\/api.w.org\/{rel}","templated":true}]}}