{"id":5211,"date":"2022-01-21T21:53:18","date_gmt":"2022-01-21T21:53:18","guid":{"rendered":"https:\/\/offuniversity.org\/ueber-uns\/"},"modified":"2025-11-10T14:26:12","modified_gmt":"2025-11-10T14:26:12","slug":"about","status":"publish","type":"page","link":"https:\/\/offuniversity.org\/de\/about\/","title":{"rendered":"\u00dcber uns"},"content":{"rendered":"<section class=\"gb-container gb-container-48873ec1\">\n<div class=\"gb-container gb-container-077ffc1f\">\n\n<h2 class=\"gb-headline gb-headline-165113a7 gb-headline-text\">Unsere Geschichte<\/h2>\n\n\n\n<h2 class=\"gb-headline gb-headline-bd490912 gb-headline-text\">Eine Universit\u00e4t ohne Grenzen<\/h2>\n\n\n\n<p>Im Mittelpunkt unserer Arbeit steht die Schaffung eines (digitalen) Zufluchtsortes, der kritisches Denken, Forschung und Bildung als alternative Antwort auf Unterdr\u00fcckung f\u00f6rdert. In einer Welt, die mit politischer Unterdr\u00fcckung und der Unterdr\u00fcckung intellektueller Freiheiten zu k\u00e4mpfen hat, haben wir einen dreifachen Auftrag:  <\/p>\n\n\n<div class=\"gb-container gb-container-30c3bd0a\">\n\n<p class=\"gb-headline gb-headline-87b6cbf9\"><span class=\"gb-icon\"><svg xmlns=\"http:\/\/www.w3.org\/2000\/svg\" aria-hidden=\"true\" role=\"img\" height=\"1em\" width=\"1em\" viewbox=\"0 0 512 512\"><path fill=\"currentColor\" d=\"M256 8C119 8 8 119 8 256s111 248 248 248 248-111 248-248S393 8 256 8z\"><\/path><\/svg><\/span><span class=\"gb-headline-text\"><em>einen sicheren Zufluchtsort f\u00fcr gef\u00e4hrdete Wissenschaffende und Studierende bieten,<\/em><\/span><\/p>\n\n\n\n<p class=\"gb-headline gb-headline-bc056966\"><span class=\"gb-icon\"><svg xmlns=\"http:\/\/www.w3.org\/2000\/svg\" aria-hidden=\"true\" role=\"img\" height=\"1em\" width=\"1em\" viewbox=\"0 0 512 512\"><path fill=\"currentColor\" d=\"M256 8C119 8 8 119 8 256s111 248 248 248 248-111 248-248S393 8 256 8z\"><\/path><\/svg><\/span><span class=\"gb-headline-text\"><em>Wissen zu vermitteln und zu schaffen, auch im Angesicht von Widrigkeiten,<\/em><\/span><\/p>\n\n\n\n<p class=\"gb-headline gb-headline-d233a59f\"><span class=\"gb-icon\"><svg xmlns=\"http:\/\/www.w3.org\/2000\/svg\" aria-hidden=\"true\" role=\"img\" height=\"1em\" width=\"1em\" viewbox=\"0 0 512 512\"><path fill=\"currentColor\" d=\"M256 8C119 8 8 119 8 256s111 248 248 248 248-111 248-248S393 8 256 8z\"><\/path><\/svg><\/span><span class=\"gb-headline-text\"><em>eine globale Gemeinschaft zu st\u00e4rken, die sich der sozialen Gerechtigkeit verpflichtet f\u00fchlt.<\/em><\/span><\/p>\n\n<\/div>\n<\/div>\n<\/section><div class=\"gb-container gb-container-af16f68b\">\n<div class=\"gb-container gb-container-ae08ae1e\">\n\n<h2 class=\"gb-headline gb-headline-163c694d gb-headline-text\">AUF EINEN BLICK<\/h2>\n\n\n<div class=\"gb-grid-wrapper gb-grid-wrapper-2bf5ddb7\">\n<div class=\"gb-grid-column gb-grid-column-a4b5cd2e\"><div class=\"gb-container gb-container-a4b5cd2e light-mobile\">\n<div class=\"gb-container gb-container-61c45264\">\n<div class=\"gb-container gb-container-06321ce6\">\n\n<h1 class=\"gb-headline gb-headline-eabc517b gb-headline-text\">83<\/h1>\n\n<\/div>\n<\/div>\n\n\n<h4 class=\"gb-headline gb-headline-b75bc76f gb-headline-text\">Kurse<\/h4>\n\n\n\n<p class=\"gb-headline gb-headline-e20c70c7 gb-headline-text\">Vielf\u00e4ltige Online- und Hybridkurse zur F\u00f6rderung des kritischen Denkens in den Bereichen Friedensforschung, Gender, Kunst\/Kultur und Soziologie<\/p>\n\n<\/div><\/div>\n\n<div class=\"gb-grid-column gb-grid-column-2189687a\"><div class=\"gb-container gb-container-2189687a light-mobile\">\n<div class=\"gb-container gb-container-17ecd676\">\n<div class=\"gb-container gb-container-e6a47345\">\n\n<h1 class=\"gb-headline gb-headline-6c0ec649 gb-headline-text\">5600+<\/h1>\n\n<\/div>\n<\/div>\n\n\n<h4 class=\"gb-headline gb-headline-f2d0278e gb-headline-text\">Teilnehmende<\/h4>\n\n\n\n<p class=\"gb-headline gb-headline-a132ff58 gb-headline-text\">Eine lebendige Gemeinschaft von Lernenden, die durch akademisches Engagement die Zukunft gestalten.<\/p>\n\n<\/div><\/div>\n\n<div class=\"gb-grid-column gb-grid-column-6a373d73\"><div class=\"gb-container gb-container-6a373d73 light-mobile \">\n<div class=\"gb-container gb-container-aedd9dfb\">\n<div class=\"gb-container gb-container-ad6e5a9e\">\n\n<h1 class=\"gb-headline gb-headline-401e2f4d gb-headline-text\">269<\/h1>\n\n<\/div>\n<\/div>\n\n\n<h4 class=\"gb-headline gb-headline-d43d1e6c gb-headline-text\">Lehrende<\/h4>\n\n\n\n<p class=\"gb-headline gb-headline-69cc0e91 gb-headline-text\">gef\u00e4hrdete Wissenschaffende aus Indien, Aserbaidschan, Ungarn, Syrien, der T\u00fcrkei, Libyen, Mexiko, Iran, Jemen, Wei\u00dfrussland, Afghanistan, Russland und der Ukraine.<\/p>\n\n<\/div><\/div>\n\n<div class=\"gb-grid-column gb-grid-column-da1e1a18\"><div class=\"gb-container gb-container-da1e1a18 light-mobile \">\n<div class=\"gb-container gb-container-65866a87\">\n<div class=\"gb-container gb-container-2cffc771\">\n\n<h1 class=\"gb-headline gb-headline-ccc04492 gb-headline-text\">15<\/h1>\n\n<\/div>\n<\/div>\n\n\n<h4 class=\"gb-headline gb-headline-42e28d95 gb-headline-text\">Fellows<\/h4>\n\n\n\n<p class=\"gb-headline gb-headline-8b7cfc18 gb-headline-text\">Direkte Unterst\u00fctzung von Wissenschaffenden in aller Welt durch die Bereitstellung sicherer Online- und Offline-R\u00e4ume f\u00fcr den Wissensaustausch.<\/p>\n\n<\/div><\/div>\n\n<div class=\"gb-grid-column gb-grid-column-71b0d441\"><div class=\"gb-container gb-container-71b0d441 light-mobile \">\n<div class=\"gb-container gb-container-2697d2ab\">\n<div class=\"gb-container gb-container-080e0724\">\n\n<h1 class=\"gb-headline gb-headline-f6ccd505 gb-headline-text\">5<\/h1>\n\n<\/div>\n<\/div>\n\n\n<h4 class=\"gb-headline gb-headline-2d516ace gb-headline-text\">Forschungsprojekte<\/h4>\n\n\n\n<p class=\"gb-headline gb-headline-eb73b063 gb-headline-text\">Im Mittelpunkt stehen Gender Studies, kritische Friedensforschung und ein \u00dcberdenken das Neuerfinden der Universit\u00e4t als Institution<\/p>\n\n<\/div><\/div>\n\n<div class=\"gb-grid-column gb-grid-column-51bbd91d\"><div class=\"gb-container gb-container-51bbd91d light-mobile \">\n<div class=\"gb-container gb-container-ee1797cd\">\n<div class=\"gb-container gb-container-dfd62574\">\n\n<h1 class=\"gb-headline gb-headline-7c9be2f9 gb-headline-text\">96<\/h1>\n\n<\/div>\n<\/div>\n\n\n<h4 class=\"gb-headline gb-headline-b8d93b26 gb-headline-text\">Ver\u00f6ffentlichungen<\/h4>\n\n\n\n<p class=\"gb-headline gb-headline-940b6b59 gb-headline-text\">Open-Access-Publikationen, die zur Verbreitung von gef\u00e4hrdetem Wissen beitragen.<\/p>\n\n<\/div><\/div>\n<\/div>\n<\/div>\n<\/div><div class=\"gb-container gb-container-40788a94\">\n<div class=\"gb-container gb-container-1fa2a0d9\">\n<div class=\"gb-container gb-container-8360006c\">\n<div class=\"gb-grid-wrapper gb-grid-wrapper-348258f2\">\n<div class=\"gb-grid-column gb-grid-column-762a3e62\"><div class=\"gb-container gb-container-762a3e62\">\n<div class=\"gb-container gb-container-6f9f7624\">\n<div class=\"gb-grid-wrapper gb-grid-wrapper-72face47\">\n<div class=\"gb-grid-column gb-grid-column-2238f324\"><div class=\"gb-container gb-container-2238f324\">\n\n<h1 class=\"gb-headline gb-headline-7bab19bd gb-headline-text\"><sup>&#8222;<\/sup><\/h1>\n\n<\/div><\/div>\n\n<div class=\"gb-grid-column gb-grid-column-6b3a6a55\"><div class=\"gb-container gb-container-6b3a6a55\">\n\n<h4 class=\"gb-headline gb-headline-7fb5ee73 gb-headline-text\">Ich habe aus der Tapferkeit der anderen Kraft gesch\u00f6pft.<\/h4>\n\n<\/div><\/div>\n<\/div>\n<\/div>\n\n<div class=\"gb-container gb-container-19d0d2a8\">\n\n<p style=\"font-style:normal;font-weight:500\"><em>Ich hatte w\u00e4hrend des Kurses st\u00e4rkende Gef\u00fchle und Erfahrungen, die mir halfen, meine \u00c4ngste zu \u00fcberwinden, vor allem in Bezug auf das Sprechen von Englisch und meine anf\u00e4ngliche Abneigung gegen\u00fcber dem Online-Raum f\u00fcr die Kommunikation mit Fremden. Es war ermutigend zu sehen, dass ich anderen helfen kann, indem ich ihnen zuh\u00f6re und ihnen Feedback zu ihren Gedanken und ihrer Arbeit gebe. Ich habe aus der Tapferkeit der anderen Kraft gesch\u00f6pft.<\/em><\/p>\n\n\n\n<h5 class=\"gb-headline gb-headline-68e559aa gb-headline-text\"><em>Stimme eines Teilnehmers an einem Online-Seminar<\/em><\/h5>\n\n<\/div>\n<\/div><\/div>\n\n<div class=\"gb-grid-column gb-grid-column-19339d24\"><div class=\"gb-container gb-container-19339d24\"><\/div><\/div>\n<\/div>\n<\/div>\n<\/div>\n<\/div><div class=\"gb-container gb-container-48834ace\">\n<div class=\"gb-container gb-container-987da81c\">\n<div class=\"gb-grid-wrapper gb-grid-wrapper-76a97751\">\n<div class=\"gb-grid-column gb-grid-column-090b8335\"><div class=\"gb-container gb-container-090b8335\"><\/div><\/div>\n\n<div class=\"gb-grid-column gb-grid-column-ad49a775\"><div class=\"gb-container gb-container-ad49a775\">\n<div class=\"gb-container gb-container-e3349761\">\n<div class=\"gb-grid-wrapper gb-grid-wrapper-bc96f389\">\n<div class=\"gb-grid-column gb-grid-column-fe901279\"><div class=\"gb-container gb-container-fe901279\">\n\n<h1 class=\"gb-headline gb-headline-dd57e6a0 gb-headline-text\"><sup>&#8222;<\/sup><\/h1>\n\n<\/div><\/div>\n\n<div class=\"gb-grid-column gb-grid-column-aadca0c5\"><div class=\"gb-container gb-container-aadca0c5\">\n\n<h4 class=\"gb-headline gb-headline-929f99b1 gb-headline-text\">Off University gab mir die M\u00f6glichkeit, einen kompletten Kurs unter meinem eigenen Namen zu unterrichten.<\/h4>\n\n<\/div><\/div>\n<\/div>\n<\/div>\n\n<div class=\"gb-container gb-container-2c9ef92d\">\n\n<p style=\"font-style:normal;font-weight:500\">Ich wurde als wissenschaftlicher Assistent mit Doktortitel von der Universit\u00e4t entlassen. Off University gab mir die M\u00f6glichkeit, einen kompletten Kurs unter meinem eigenen Namen zu unterrichten. Deshalb bin ich dem Off dankbar. Es war eine Herausforderung, online und auf Englisch zu arbeiten, aber es hat mir geholfen, mich selbst herauszufordern und ein besserer Dozent zu werden. Und ich kann sagen, dass ich jedes bisschen dieses Vergn\u00fcgens genossen habe. Das best\u00e4tigt auch meine Frau, die als erste bemerkt hat, dass ich nach Beginn des Semesters ein gl\u00fccklicherer Mensch geworden bin.<\/p>\n\n\n\n<h5 class=\"gb-headline gb-headline-a882af24 gb-headline-text\"><em>Ali Yal\u00e7\u0131n G\u00f6ymen<\/em><\/h5>\n\n\n\n<p class=\"has-text-color has-link-color wp-elements-c9cf3c0d0d48d76ff4ea4835e206fe29\" style=\"color:#666666;font-size:16px;font-style:normal;font-weight:400\"><em>Nachdem er einen Online-Kurs an der Off University<\/em> <em>unterrichtet hatte wurde er Mitglied des Vorstands der Off University<\/em> <\/p>\n\n<\/div>\n<\/div><\/div>\n<\/div>\n<\/div>\n<\/div>","protected":false},"excerpt":{"rendered":"<p>Unsere Geschichte Eine Universit\u00e4t ohne Grenzen Im Mittelpunkt unserer Arbeit steht die Schaffung eines (digitalen) Zufluchtsortes, der kritisches Denken, Forschung &#8230; <a title=\"\u00dcber uns\" class=\"read-more\" href=\"https:\/\/offuniversity.org\/de\/about\/\" aria-label=\"Mehr Informationen \u00fcber \u00dcber uns\">Weiterlesen &#8230;<\/a><\/p>\n","protected":false},"author":1,"featured_media":0,"parent":0,"menu_order":0,"comment_status":"closed","ping_status":"closed","template":"","meta":{"footnotes":""},"class_list":{"0":"post-5211","1":"page","2":"type-page","3":"status-publish","5":"infinite-scroll-item"},"_links":{"self":[{"href":"https:\/\/offuniversity.org\/de\/wp-json\/wp\/v2\/pages\/5211","targetHints":{"allow":["GET"]}}],"collection":[{"href":"https:\/\/offuniversity.org\/de\/wp-json\/wp\/v2\/pages"}],"about":[{"href":"https:\/\/offuniversity.org\/de\/wp-json\/wp\/v2\/types\/page"}],"author":[{"embeddable":true,"href":"https:\/\/offuniversity.org\/de\/wp-json\/wp\/v2\/users\/1"}],"replies":[{"embeddable":true,"href":"https:\/\/offuniversity.org\/de\/wp-json\/wp\/v2\/comments?post=5211"}],"version-history":[{"count":8,"href":"https:\/\/offuniversity.org\/de\/wp-json\/wp\/v2\/pages\/5211\/revisions"}],"predecessor-version":[{"id":14540,"href":"https:\/\/offuniversity.org\/de\/wp-json\/wp\/v2\/pages\/5211\/revisions\/14540"}],"wp:attachment":[{"href":"https:\/\/offuniversity.org\/de\/wp-json\/wp\/v2\/media?parent=5211"}],"curies":[{"name":"wp","href":"https:\/\/api.w.org\/{rel}","templated":true}]}}