{"id":5214,"date":"2024-01-20T14:20:36","date_gmt":"2024-01-20T14:20:36","guid":{"rendered":"https:\/\/offuniversity.org\/unsere-partner\/"},"modified":"2026-03-24T08:08:24","modified_gmt":"2026-03-24T08:08:24","slug":"our-partners","status":"publish","type":"page","link":"https:\/\/offuniversity.org\/de\/our-partners\/","title":{"rendered":"Partner:innen"},"content":{"rendered":"<div class=\"gb-container gb-container-5217f33f\">\n<div class=\"gb-grid-wrapper gb-grid-wrapper-08649524 partners-grid\">\n<div class=\"gb-grid-column gb-grid-column-e0d53181\"><div class=\"gb-container gb-container-e0d53181\">\n<div class=\"gb-container gb-container-30b3b95e overlay\">\n\n<p class=\"gb-headline gb-headline-7bf8034c gb-headline-text\">Das Akademische Netzwerk Osteuropa (AKNO) ist ein deutscher Verein, der Beratung und Soforthilfe f\u00fcr Akademiker anbietet, die vom Krieg in der Ukraine und den politischen Repressionen in Belarus und Russland betroffen sind. Wir haben im Wintersemester 2022 vier Online-Seminare mitorganisiert. &nbsp;<\/p>\n\n<\/div>\n<\/div><\/div>\n\n<div class=\"gb-grid-column gb-grid-column-b1692a52\"><div class=\"gb-container gb-container-b1692a52\">\n<div class=\"gb-container gb-container-9d26e766 overlay\">\n\n<p class=\"gb-headline gb-headline-621712c3 gb-headline-text\">Das Beirut Urban Lab ist ein kollaborativer und interdisziplin\u00e4rer Raum f\u00fcr Forschung. &nbsp;<br>Gemeinsam haben wir 2025 die Vortragsreihe \u201eCities at War\u201c zu organisiert.<\/p>\n\n<\/div>\n<\/div><\/div>\n\n<div class=\"gb-grid-column gb-grid-column-6a164d5c\"><div class=\"gb-container gb-container-6a164d5c\">\n<div class=\"gb-container gb-container-b0ca6bb5 overlay\">\n\n<p class=\"gb-headline gb-headline-d776744f gb-headline-text\">Die Alice-Salomon-Hochschule in Berlin stellte ihren Veranstaltungsraum f\u00fcr die Er\u00f6ffnung der Off University im Jahr 2017 zur Verf\u00fcgung. <\/p>\n\n<\/div>\n<\/div><\/div>\n\n<div class=\"gb-grid-column gb-grid-column-38d0dd74\"><div class=\"gb-container gb-container-38d0dd74\">\n<div class=\"gb-container gb-container-a22366a4 overlay\">\n\n<p class=\"gb-headline gb-headline-648c49a8 gb-headline-text\">Mit der Fakult\u00e4t f\u00fcr Geschichtswissenschaft, Philosophie und Theologie an der Universit\u00e4t Bielefeld konnten wir im Sommersemester 2025 das Seminar \u201cHistory and Memory in Contemporary Russia\u201d durchf\u00fchren.<\/p>\n\n<\/div>\n<\/div><\/div>\n\n<div class=\"gb-grid-column gb-grid-column-1c7837cb\"><div class=\"gb-container gb-container-1c7837cb\">\n<div class=\"gb-container gb-container-64d9f383 overlay\"><\/div>\n<\/div><\/div>\n\n<div class=\"gb-grid-column gb-grid-column-7dc1e8cf\"><div class=\"gb-container gb-container-7dc1e8cf partners-grid-item\">\n<div class=\"gb-container gb-container-8a834b5c overlay\">\n\n<p class=\"gb-headline gb-headline-397d3b6f gb-headline-text\">Die Universit\u00e4t Bremen hat bisher vier Online -Kurse mit uns ausgerichtet. <\/p>\n\n<\/div>\n<\/div><\/div>\n\n<div class=\"gb-grid-column gb-grid-column-99d39f06\"><div class=\"gb-container gb-container-99d39f06 partners-grid-item\">\n<div class=\"gb-container gb-container-facd498d overlay\">\n\n<p class=\"gb-headline gb-headline-782e1580 gb-headline-text\">Im Rahmen des Academic Freedom Networks haben wir mit dem <strong><a href=\"https:\/\/ccrd-berlin.de\/\" target=\"_blank\" rel=\"noreferrer noopener\">Centre for Comparative Research on Democracy<\/a><\/strong> an der Humboldt-Universit\u00e4t eine Reihe von Online-Kursen organisiert.<\/p>\n\n<\/div>\n<\/div><\/div>\n\n<div class=\"gb-grid-column gb-grid-column-61097d29\"><div class=\"gb-container gb-container-61097d29 partners-grid-item\">\n<div class=\"gb-container gb-container-9be081b5 overlay\">\n\n<p class=\"gb-headline gb-headline-31a236ab gb-headline-text\">CircleU ist ein europ\u00e4isches Universit\u00e4tsnetzwerk aus neun forschungsintensiven Universit\u00e4ten, die gemeinsam das Ziel verfolgen, einen europ\u00e4ischen Campus aufzubauen, der Innovation, Zusammenarbeit und Wissensaustausch f\u00f6rdert. Off University organisierte einen Workshop zum Thema digitale Selbstverteidigung f\u00fcr gef\u00e4hrdete Wissenschaffende und Studierende mit dem Netzwerk. <\/p>\n\n<\/div>\n<\/div><\/div>\n\n<div class=\"gb-grid-column gb-grid-column-8ef7d10a\"><div class=\"gb-container gb-container-8ef7d10a partners-grid-item\">\n<div class=\"gb-container gb-container-7b75fa74 overlay\">\n\n<p class=\"gb-headline gb-headline-5ba3d061 gb-headline-text\">Der Verein zum Schutz des kulturellen und nat\u00fcrlichen Erbes von Diyarbak\u0131r (DKVD)&nbsp; hat sich zum Ziel gesetzt, das materielle und immaterielle kulturelle und nat\u00fcrliche Erbe der Stadt zu bewahren, zu dokumentieren, zu f\u00f6rdern und weiterzugeben. Gemeinsam haben wir 2025 die Vortragsreihe \u201eCities at War\u201c zu organisiert. <\/p>\n\n<\/div>\n<\/div><\/div>\n\n<div class=\"gb-grid-column gb-grid-column-6793e126\"><div class=\"gb-container gb-container-6793e126 partners-grid-item\">\n<div class=\"gb-container gb-container-fc5c58e3 overlay\">\n\n<p class=\"gb-headline gb-headline-8912c364 gb-headline-text\">Die Elisabeth-Selbert-Initiative (ESI) bringt Gastinstitutionen und bedrohte Menschenrechtsverteidiger f\u00fcr eine vor\u00fcbergehende Umsiedlung zusammen. Wir haben zwei Stipendiaten f\u00fcr jeweils sechs Monate an der Off University aufgenommen.<\/p>\n\n<\/div>\n<\/div><\/div>\n\n<div class=\"gb-grid-column gb-grid-column-3f4b3f80\"><div class=\"gb-container gb-container-3f4b3f80 partners-grid-item\">\n<div class=\"gb-container gb-container-167792d5 overlay\">\n\n<p class=\"gb-headline gb-headline-f8fee2e5 gb-headline-text\">Dies Europa-Universit\u00e4t Viadrina in Frankfurt\/Oder richtete unserent\u00fcrkischsprachigen Online- Kurs \u201eGender Studies in der T\u00fcrkei\u201c aus.<\/p>\n\n<\/div>\n<\/div><\/div>\n\n<div class=\"gb-grid-column gb-grid-column-04aa10c3\"><div class=\"gb-container gb-container-04aa10c3 partners-grid-item\">\n<div class=\"gb-container gb-container-a7595fd5 overlay\">\n\n<p class=\"gb-headline gb-headline-ceb6755e gb-headline-text\">Das Bundesministerium f\u00fcr Bildung und Forschung rief das Jahr 2024 zum Jahr der Wissenschaftsfreiheit aus. In unserem Beitrag \u201e <a href=\"https:\/\/offuniversity.org\/de\/freedom-of-research\/\" data-type=\"link\" data-id=\"https:\/\/offuniversity.org\/freedom-of-research\/\" target=\"_blank\" rel=\"noreferrer noopener\">Dringend gesucht: Freiheit von Forschung und Lernen\u201c<\/a> untersuchten wir k\u00fcnstlerisch die Erwartungen der Neu-Berliner an akademische Freiheit, Berufsausbildung und Hochschulbildung. <\/p>\n\n<\/div>\n<\/div><\/div>\n\n<div class=\"gb-grid-column gb-grid-column-25b52129\"><div class=\"gb-container gb-container-25b52129 partners-grid-item\">\n<div class=\"gb-container gb-container-66508e66 overlay\">\n\n<p class=\"gb-headline gb-headline-7fd59a07 gb-headline-text\"><strong>\n  <a href=\"https:\/\/www.fu-berlin.de\/en\/index.html\" target=\"_blank\" rel=\"noreferrer noopener\">\n    <strong>Die Freie Universitat Berlin<\/strong>\n  <\/a>\n<\/strong> ist eine der \u00f6ffentlichen Universit\u00e4ten in Berlin. Wir waren Teil von&nbsp;, dem Netzwerk f\u00fcr akademische Freiheit im Jahr 2020.  &nbsp;<\/p>\n\n<\/div>\n<\/div><\/div>\n\n<div class=\"gb-grid-column gb-grid-column-b41859d4\"><div class=\"gb-container gb-container-b41859d4 partners-grid-item\">\n<div class=\"gb-container gb-container-3a39e073 overlay\">\n\n<p class=\"gb-headline gb-headline-7a9aa25f gb-headline-text\">Wir haben bereits 16 Online-Kurse&nbsp; in verschiedenen Fachbereichen mit der <a href=\"https:\/\/www.hu-berlin.de\/\" data-type=\"link\" data-id=\"https:\/\/www.hu-berlin.de\/\" target=\"_blank\" rel=\"noreferrer noopener\">Humboldt-Universit\u00e4t zu Berlin<\/a> organisiert. Off University war Partner des von der Berliner Hochschulallianz gef\u00f6rderten Explorationsprojekts RePLITO \u2013 Global Repertoires of Living Together. Wir waren Teil von, dem Netzwerk f\u00fcr akademische Freiheit im Jahr 2020. Off University is a partner in the Berlin University Alliance funded exploration project RePLITO \u2013 Global Repertoires of Living Together. <\/p>\n\n<\/div>\n<\/div><\/div>\n\n<div class=\"gb-grid-column gb-grid-column-a8b0910b\"><div class=\"gb-container gb-container-a8b0910b partners-grid-item\">\n<div class=\"gb-container gb-container-e3e97ea9 overlay\">\n\n<p class=\"gb-headline gb-headline-2a857364 gb-headline-text\">Die Philipp Schwartz-Initiative der Alexander von Humboldt-Stiftung unterst\u00fctzt gef\u00e4hrdete Forschende mit Stipendien an deutschen Universit\u00e4ten. In Zusammenarbeit mit der Initiative haben wir OnlineKurse organisiert, die gemeinsam von PSI-Stipendiat:innen und Kolleg*innen aus anderen L\u00e4ndern geleitet werden. &nbsp;<\/p>\n\n<\/div>\n<\/div><\/div>\n\n<div class=\"gb-grid-column gb-grid-column-d61a7799\"><div class=\"gb-container gb-container-d61a7799\">\n<div class=\"gb-container gb-container-6681d5e9 overlay\">\n\n<p class=\"gb-headline gb-headline-160ab5c9 gb-headline-text\">Mit dem Internationalen <strong><a href=\"https:\/\/www.uni-kassel.de\/forschung\/icdd\/international-center-for-development-and-decent-work-icdd\" data-type=\"link\" data-id=\"https:\/\/www.uni-kassel.de\/forschung\/icdd\/international-center-for-development-and-decent-work-icdd\" target=\"_blank\" rel=\"noreferrer noopener\">Centre for Development and Decent Work Zentrum <\/a><\/strong>f\u00fcr Entwicklung und menschenw\u00fcrdige Arbeit haben wir drei Online-Kurse \u00fcber politische \u00d6konomie und einen weiteren \u00fcber die Rolle der Universit\u00e4t der Zukunft angeboten<\/p>\n\n<\/div>\n<\/div><\/div>\n\n<div class=\"gb-grid-column gb-grid-column-ba3f1d27\"><div class=\"gb-container gb-container-ba3f1d27\">\n<div class=\"gb-container gb-container-35b1288c overlay\">\n\n<p class=\"gb-headline gb-headline-2b649e85 gb-headline-text\">Das Mosaik Support Centre auf Lesbos hat mit uns einen Online-Kurs und einen Workshop zum Thema \u201eStorytelling as Resistance\u201c mit gefl\u00fcchteten Studierenden ausgef\u00fchrt.<\/p>\n\n<\/div>\n<\/div><\/div>\n\n<div class=\"gb-grid-column gb-grid-column-a65f2c44\"><div class=\"gb-container gb-container-a65f2c44\">\n<div class=\"gb-container gb-container-80917062 overlay\">\n\n<p class=\"gb-headline gb-headline-4f619810 gb-headline-text\">Das Institut f\u00fcr den Nahen und Mittleren Osten, das Institut f\u00fcr Soziologie, f\u00fcr Politikwissenschaft und das Institut f\u00fcr Sozial- und Kulturanthropologie der <strong><a href=\"https:\/\/www.lmu.de\/en\/\" target=\"_blank\" rel=\"noreferrer noopener\">Ludwig-Maximilians-Universit\u00e4t M\u00fcnchen<\/a><\/strong> haben bisher 13 Online-Kurse mit Off University ausgerichtet.<\/p>\n\n<\/div>\n<\/div><\/div>\n\n<div class=\"gb-grid-column gb-grid-column-b65f2480\"><div class=\"gb-container gb-container-b65f2480\">\n<div class=\"gb-container gb-container-da0501b2 overlay\">\n\n<p class=\"gb-headline gb-headline-1c3d69e5 gb-headline-text\">Die Martin Roth-Initiative, eine gemeinsame Initiative des Instituts f\u00fcr Auslandsbeziehungen (ifa) und des Goethe-Instituts,&nbsp;hat zum Ziel, K\u00fcnstler und Kulturschaffende durch die M\u00f6glichkeit eines befristeten Umzugs zu sch\u00fctzen und ihnen die Fortsetzung ihrer Arbeit zu erm\u00f6glichen. <\/p>\n\n<\/div>\n<\/div><\/div>\n\n<div class=\"gb-grid-column gb-grid-column-1baa4a8e\"><div class=\"gb-container gb-container-1baa4a8e\">\n<div class=\"gb-container gb-container-c4715d23 overlay\">\n\n<p class=\"gb-headline gb-headline-93c2c16e gb-headline-text\">Durch das <strong><a href=\"https:\/\/www.memorystudiesassociation.org\/msa-fellowship-memory-scholars-at-risk-last-call\/\" target=\"_blank\" data-type=\"link\" data-id=\"https:\/\/www.memorystudiesassociation.org\/msa-fellowship-memory-scholars-at-risk-last-call\/\" rel=\"noreferrer noopener\">Scholars at Risk Fellowship<\/a><\/strong> der <strong><a href=\"https:\/\/www.memorystudiesassociation.org\/\" data-type=\"link\" data-id=\"https:\/\/www.memorystudiesassociation.org\/\" target=\"_blank\" rel=\"noreferrer noopener\">Memory Studies Association<\/a><\/strong> (MSA) konnten wir das Seminar \u201cHistory and Memory in Contemporary Russia\u201d organisieren.<\/p>\n\n<\/div>\n<\/div><\/div>\n\n<div class=\"gb-grid-column gb-grid-column-7e5ac534\"><div class=\"gb-container gb-container-7e5ac534\">\n<div class=\"gb-container gb-container-09a9f804 overlay\">\n\n<p class=\"gb-headline gb-headline-464e06fa gb-headline-text\"><strong><a href=\"https:\/\/www.lesvossolidarity.org\/en\/what-we-do\/mosaik-support-center\" data-type=\"link\" data-id=\"https:\/\/www.lesvossolidarity.org\/en\/what-we-do\/mosaik-support-center\" target=\"_blank\" rel=\"noreferrer noopener\">Das Mosaik Support Centre <\/a><\/strong>auf Lesbos hat mit uns einen Online-Kurs und einen Workshop zum Thema \u201eStorytelling as Resistance\u201c mit gefl\u00fcchteten Studierenden ausgef\u00fchrt.<\/p>\n\n<\/div>\n<\/div><\/div>\n\n<div class=\"gb-grid-column gb-grid-column-790d02fd\"><div class=\"gb-container gb-container-790d02fd\">\n<div class=\"gb-container gb-container-1bbddfe4 overlay\">\n\n<p class=\"gb-headline gb-headline-d14edc8d gb-headline-text\"><strong>\n  <a href=\"https:\/\/newuniversityinexileconsortium.org\/\" data-type=\"link\" data-id=\"https:\/\/newuniversityinexileconsortium.org\/\" target=\"_blank\" rel=\"noreferrer noopener\">Das Konsortium Neue Universit\u00e4t im Exil<\/a>\n<\/strong> ist ein weltweites Netzwerk von derzeit 66 Hochschulen und Universit\u00e4ten, die Exilwissenschaftler aufnehmen. Gemeinsam haben wir 15 Online-Seminare organisiert, die von einem im Exil lebenden Wissenschaftler des Konsortiums und einem Kollegen, der in seinem Land unter&nbsp; gestrandet ist, geleitet wurden.<\/p>\n\n<\/div>\n<\/div><\/div>\n\n<div class=\"gb-grid-column gb-grid-column-57e1b247\"><div class=\"gb-container gb-container-57e1b247\">\n<div class=\"gb-container gb-container-dd3ea6e7 overlay\">\n\n<p class=\"gb-headline gb-headline-1dec21dc gb-headline-text\">Mit dem <strong><a href=\"https:\/\/www.imis.uni-osnabrueck.de\/startseite.html\" data-type=\"link\" data-id=\"https:\/\/www.imis.uni-osnabrueck.de\/startseite.html\" target=\"_blank\" rel=\"noreferrer noopener\">Institut f\u00fcr Migrationsforschung und Interkulturelle Studien an der Universit\u00e4t Osnabr\u00fcck<\/a><\/strong> haben wir 2018 eine Vortragsreihe und zwei Online-Kurse organisiert.<\/p>\n\n<\/div>\n<\/div><\/div>\n\n<div class=\"gb-grid-column gb-grid-column-600499d0\"><div class=\"gb-container gb-container-600499d0\">\n<div class=\"gb-container gb-container-331662ae overlay\">\n\n<p class=\"gb-headline gb-headline-99630e92 gb-headline-text\">Die <strong>\n  <a href=\"https:\/\/www.uni-potsdam.de\/en\/university-of-potsdam\" data-type=\"link\" data-id=\"https:\/\/www.uni-potsdam.de\/en\/university-of-potsdam\" target=\"_blank\" rel=\"noreferrer noopener\">Universit\u00e4t Potsdam<\/a>\n<\/strong> ist die erste, die 2018 ein Online-Seminar mit Off akkreditiert hat. Seitdem haben wir acht Online-Seminare mit verschiedenen Instituten und Abteilungen organisiert.&nbsp;<\/p>\n\n<\/div>\n<\/div><\/div>\n\n<div class=\"gb-grid-column gb-grid-column-c6f51c13\"><div class=\"gb-container gb-container-c6f51c13\">\n<div class=\"gb-container gb-container-209beb2c overlay\">\n\n<p class=\"gb-headline gb-headline-5be158ea gb-headline-text\"><strong><a href=\"https:\/\/www.uni-marburg.de\/en\/conflict-studies\" data-type=\"link\" data-id=\"https:\/\/www.uni-marburg.de\/en\/conflict-studies\" target=\"_blank\" rel=\"noreferrer noopener\">Das Zentrum f\u00fcr Konfliktforschung an der Philipps-Universit\u00e4t Marburg<\/a><\/strong> hat bisher f\u00fcnf unserer Online-Kurse ausgerichtet.<\/p>\n\n<\/div>\n<\/div><\/div>\n\n<div class=\"gb-grid-column gb-grid-column-a448d683\"><div class=\"gb-container gb-container-a448d683\">\n<div class=\"gb-container gb-container-07c7e18e overlay\">\n\n<p class=\"gb-headline gb-headline-d1c1fe10 gb-headline-text\">&nbsp;\u201eBeyond Social Cohesion: Globale Repertoires des Zusammenlebens\u201c (RePLITO) ist ein exploration project im Rahmen der Berliner Universit\u00e4tsallianz. Gemeinsam schafften wir ein dynamisches und leicht zug\u00e4ngliches Digitales Wissensarchiv, das globale Repertoires des Zusammenlebens sammelt und konzeptualisiert unter <strong><a href=\"http:\/\/replito.de\" data-type=\"link\" data-id=\"replito.de\" target=\"_blank\" rel=\"noreferrer noopener\">replito.de <\/a><\/strong><\/p>\n\n<\/div>\n<\/div><\/div>\n\n<div class=\"gb-grid-column gb-grid-column-5e70d37d\"><div class=\"gb-container gb-container-5e70d37d\">\n<div class=\"gb-container gb-container-74424241 overlay\">\n\n<p class=\"gb-headline gb-headline-c2b5dc6c gb-headline-text\">Rojava Universit\u00e4t ist eine Universit\u00e4t in Qamishlo. Gemeinsam haben wir 2025 die Vortragsreihe \u201eCities at War\u201c zu organisiert. <\/p>\n\n<\/div>\n<\/div><\/div>\n\n<div class=\"gb-grid-column gb-grid-column-6b37f7b2\"><div class=\"gb-container gb-container-6b37f7b2\">\n<div class=\"gb-container gb-container-4df249e9 overlay\">\n\n<p class=\"gb-headline gb-headline-4eec2920 gb-headline-text\">Die <strong> <a href=\"https:\/\/www.rosalux.de\/en\/\" data-type=\"link\" data-id=\"https:\/\/www.rosalux.de\/en\/\" target=\"_blank\" rel=\"noreferrer noopener\">Rosa-Luxemburg-Stiftung ist eine <\/a> <\/strong>parteipolitische Stiftung, die der deutschen Partei &#8222;Die Linke&#8220; angeschlossen ist. Es war die anf\u00e4ngliche Unterst\u00fctzung durch die Stiftung im Jahr 2017, die uns dabei half, Off University zu gr\u00fcnden. Seitdem haben wir Dutzende von Kursen organisiert, zuletzt im Bereich der Friedensprozesse in der T\u00fcrkei. Es war die anf\u00e4ngliche Unterst\u00fctzung durch die Stiftung im Jahr 2017, die uns dabei half, Off University zu gr\u00fcnden. Seitdem haben wir Dutzende von Kursen organisiert, zuletzt im Bereich der Friedensprozesse in der T\u00fcrkei. &nbsp;<\/p>\n\n<\/div>\n<\/div><\/div>\n\n<div class=\"gb-grid-column gb-grid-column-2cb11f9d\"><div class=\"gb-container gb-container-2cb11f9d\">\n<div class=\"gb-container gb-container-60838bf5 overlay\">\n\n<p class=\"gb-headline gb-headline-7e391ab5 gb-headline-text\">Mit der <strong><a href=\"https:\/\/habitat-unit.de\/en\/about\/\" target=\"_blank\" rel=\"noreferrer noopener\">Habitat Unit an der Technischen Universit\u00e4t Berlin<\/a><\/strong> konnten wir zwei Online-Kurse in Urban Studies anbieten.<\/p>\n\n<\/div>\n<\/div><\/div>\n\n<div class=\"gb-grid-column gb-grid-column-58cc0bb0\"><div class=\"gb-container gb-container-58cc0bb0\">\n<div class=\"gb-container gb-container-661c5d3c overlay\">\n\n<p class=\"gb-headline gb-headline-e523b9d8 gb-headline-text\">Mit der <strong><a href=\"https:\/\/neweurope.university\/\" target=\"_blank\" rel=\"noreferrer noopener\">University of New Europe<\/a><\/strong> haben wir die Online-Vorlesungsreihe \u201eRethinking War, the Military and Gender Through the Russian War on Ukraine\u201c im Jahr 2022 und den \u201cHistory Textbook Workshop\u201d im Jahr 2026 organisiert..<\/p>\n\n<\/div>\n<\/div><\/div>\n\n<div class=\"gb-grid-column gb-grid-column-30e6ec04\"><div class=\"gb-container gb-container-30e6ec04\">\n<div class=\"gb-container gb-container-3f3d02c7 overlay\">\n\n<p class=\"gb-headline gb-headline-4e45fa8a gb-headline-text\">Seminar Series Award der <strong><a href=\"https:\/\/www.urbanstudiesfoundation.org\" data-type=\"link\" data-id=\"https:\/\/www.urbanstudiesfoundation.org\" target=\"_blank\" rel=\"noreferrer noopener\">Urban Studies Foundation<\/a><\/strong> konnten wir 2025 die Vortragsreihe \u201eCities at War\u201c mit 16 Wissenschaffenden aus vom Krieg zerst\u00f6rten St\u00e4dten organisieren.<\/p>\n\n<\/div>\n<\/div><\/div>\n\n<div class=\"gb-grid-column gb-grid-column-91e7f16f\"><div class=\"gb-container gb-container-91e7f16f\">\n<div class=\"gb-container gb-container-5ad867c3 overlay\">\n\n<p class=\"gb-headline gb-headline-152b9116 gb-headline-text\">VAHA ist eine Initiative&nbsp;<a href=\"https:\/\/www.anadolukultur.org\/EN\/33-about-us\/\" target=\"_blank\" rel=\"noreferrer noopener\">Anadolu K\u00fclt\u00fcr<\/a> and <a href=\"https:\/\/zusaculture.org\/about-zusa\/\" target=\"_blank\" rel=\"noreferrer noopener\">zusa,<\/a> funded by <a href=\"https:\/\/www.stiftung-mercator.de\/en\/who-we-are\/\" target=\"_blank\" rel=\"noreferrer noopener\">Stiftung Mercator<\/a> and the <a href=\"https:\/\/culturalfoundation.eu\/about\/\" target=\"_blank\" rel=\"noreferrer noopener\">European Cultural Foundation<\/a>. Mit ihrer Unterst\u00fctzung haben wir gemeinsam mit der Mesopotamia Foundation, der Middle East Cinema Academy Association und dem Amed City Theatre an dem Projekt \u201eDie Reise kurdischer Frauen nach Berlin\u201c gearbeitet. <\/p>\n\n<\/div>\n<\/div><\/div>\n\n<div class=\"gb-grid-column gb-grid-column-7e9a4907\"><div class=\"gb-container gb-container-7e9a4907\">\n<div class=\"gb-container gb-container-089f277f overlay\"><\/div>\n<\/div><\/div>\n\n<div class=\"gb-grid-column gb-grid-column-def23d31\"><div class=\"gb-container gb-container-def23d31\">\n<div class=\"gb-container gb-container-190a746a overlay\"><\/div>\n<\/div><\/div>\n<\/div>\n<\/div>","protected":false},"excerpt":{"rendered":"","protected":false},"author":1,"featured_media":6013,"parent":0,"menu_order":0,"comment_status":"closed","ping_status":"closed","template":"","meta":{"footnotes":""},"class_list":{"0":"post-5214","1":"page","2":"type-page","3":"status-publish","4":"has-post-thumbnail","6":"infinite-scroll-item"},"_links":{"self":[{"href":"https:\/\/offuniversity.org\/de\/wp-json\/wp\/v2\/pages\/5214","targetHints":{"allow":["GET"]}}],"collection":[{"href":"https:\/\/offuniversity.org\/de\/wp-json\/wp\/v2\/pages"}],"about":[{"href":"https:\/\/offuniversity.org\/de\/wp-json\/wp\/v2\/types\/page"}],"author":[{"embeddable":true,"href":"https:\/\/offuniversity.org\/de\/wp-json\/wp\/v2\/users\/1"}],"replies":[{"embeddable":true,"href":"https:\/\/offuniversity.org\/de\/wp-json\/wp\/v2\/comments?post=5214"}],"version-history":[{"count":9,"href":"https:\/\/offuniversity.org\/de\/wp-json\/wp\/v2\/pages\/5214\/revisions"}],"predecessor-version":[{"id":15805,"href":"https:\/\/offuniversity.org\/de\/wp-json\/wp\/v2\/pages\/5214\/revisions\/15805"}],"wp:featuredmedia":[{"embeddable":true,"href":"https:\/\/offuniversity.org\/de\/wp-json\/wp\/v2\/media\/6013"}],"wp:attachment":[{"href":"https:\/\/offuniversity.org\/de\/wp-json\/wp\/v2\/media?parent=5214"}],"curies":[{"name":"wp","href":"https:\/\/api.w.org\/{rel}","templated":true}]}}