{"id":5239,"date":"2024-01-20T14:14:17","date_gmt":"2024-01-20T14:14:17","guid":{"rendered":"https:\/\/offuniversity.org\/in-den-medien\/"},"modified":"2026-01-26T09:46:53","modified_gmt":"2026-01-26T09:46:53","slug":"in-the-media","status":"publish","type":"page","link":"https:\/\/offuniversity.org\/de\/in-the-media\/","title":{"rendered":"In den Medien"},"content":{"rendered":"<div class=\"gb-container gb-container-8b5af224\">\n\n<h1 class=\"gb-headline gb-headline-352c8795 gb-headline-text\">Off University in den Medien<\/h1>\n\n\n<div class=\"gb-container gb-container-5954d470\">\n<div class=\"gb-grid-wrapper gb-grid-wrapper-27c08903\">\n<div class=\"gb-grid-column gb-grid-column-46146bc3\"><div class=\"gb-container gb-container-46146bc3\">\n<div class=\"gb-container gb-container-4fbf41c8\"><a class=\"gb-container-link\" href=\"https:\/\/reset.org\/off-university-die-online-universitaet-gegruendet-von-im-exil-lebenden-akademikerinnen\/\" rel=\"noopener noreferrer\" target=\"_blank\"><\/a><\/div>\n\n\n<h5 class=\"gb-headline gb-headline-34f5bc3a gb-headline-text\"><em><a href=\"https:\/\/reset.org\/off-university-die-online-universitaet-gegruendet-von-im-exil-lebenden-akademikerinnen\/\" data-type=\"link\" data-id=\"https:\/\/reset.org\/off-university-die-online-universitaet-gegruendet-von-im-exil-lebenden-akademikerinnen\/\" target=\"_blank\" rel=\"noreferrer noopener\">Off-University: Die Online-Universit\u00e4t, gegr\u00fcndet von im Exil lebenden Akademiker*innen<\/a><\/em><\/h5>\n\n\n\n<p class=\"gb-headline gb-headline-d7853e6e gb-headline-text\">August 16, 2021<\/p>\n\n<\/div><\/div>\n\n<div class=\"gb-grid-column gb-grid-column-a9bfd167\"><div class=\"gb-container gb-container-a9bfd167\">\n<div class=\"gb-container gb-container-eba84cbd\"><a class=\"gb-container-link\" href=\"https:\/\/renk-magazin.de\/off-university\/\" rel=\"noopener noreferrer\" target=\"_blank\"><\/a><\/div>\n\n\n<h5 class=\"gb-headline gb-headline-84e9844c gb-headline-text\"><em><a href=\"https:\/\/renk-magazin.de\/off-university\/\" data-type=\"link\" data-id=\"https:\/\/renk-magazin.de\/off-university\/\" target=\"_blank\" rel=\"noreferrer noopener\">Wenn sie die Universit\u00e4ten schlie\u00dfen, lasst uns eine Hintert\u00fcr finden<\/a><a href=\"http:\/\/T%C3%BCrken%20gr%C3%BCnden%20neue%20Uhttps:\/\/taz.de\/!5452335\/ni\">!<\/a><\/em><\/h5>\n\n\n\n<p class=\"gb-headline gb-headline-204e3c57 gb-headline-text\">27. Mai 2021<\/p>\n\n<\/div><\/div>\n\n<div class=\"gb-grid-column gb-grid-column-d0d4b87f\"><div class=\"gb-container gb-container-d0d4b87f\">\n<div class=\"gb-container gb-container-4ed8e66b\"><a class=\"gb-container-link\" href=\"https:\/\/www.nd-aktuell.de\/artikel\/1150574.off-university-dann-gruenden-wir-eben-eine-neue-universitaet.html\" rel=\"noopener noreferrer\" target=\"_blank\"><\/a><\/div>\n\n\n<h5 class=\"gb-headline gb-headline-cdac0fb1 gb-headline-text\"><em><a href=\"https:\/\/www.nd-aktuell.de\/artikel\/1150574.off-university-dann-gruenden-wir-eben-eine-neue-universitaet.html\" data-type=\"link\" data-id=\"https:\/\/www.nd-aktuell.de\/artikel\/1150574.off-university-dann-gruenden-wir-eben-eine-neue-universitaet.html\" target=\"_blank\" rel=\"noreferrer noopener\">&#8222;Dann gr\u00fcnden wir eben eine neue Universit\u00e4t!&#8220;<\/a><\/em><\/h5>\n\n\n\n<p class=\"gb-headline gb-headline-2cd70f20 gb-headline-text\">April 9, 2021<\/p>\n\n<\/div><\/div>\n\n<div class=\"gb-grid-column gb-grid-column-9dca584a\"><div class=\"gb-container gb-container-9dca584a\">\n<div class=\"gb-container gb-container-041550f3\"><a class=\"gb-container-link\" href=\"https:\/\/www.al-monitor.com\/originals\/2020\/02\/turkey-purge-civil-servants-passport-return.html\" rel=\"noopener noreferrer\" target=\"_blank\"><\/a><\/div>\n\n\n<h5 class=\"gb-headline gb-headline-7c765857 gb-headline-text\"><em><a href=\"https:\/\/www.al-monitor.com\/originals\/2020\/02\/turkey-purge-civil-servants-passport-return.html\" target=\"_blank\" rel=\"noreferrer noopener\">Entlassene Beamte k\u00e4mpfen weiter f\u00fcr die Wiederherstellung ihrer Rechte in der T\u00fcrkei<\/a><\/em><\/h5>\n\n\n\n<p class=\"gb-headline gb-headline-3d1b5a16 gb-headline-text\">Februar 24, 2020<\/p>\n\n<\/div><\/div>\n\n<div class=\"gb-grid-column gb-grid-column-c4244c5d\"><div class=\"gb-container gb-container-c4244c5d\">\n<div class=\"gb-container gb-container-1970d4f4\"><a class=\"gb-container-link\" href=\"https:\/\/www2.daad.de\/der-daad\/daad-aktuell\/de\/77699-wissenschaftsfreiheit-mit-den-modernsten-mitteln-der-kommunikation-garantieren\/\" rel=\"noopener noreferrer\" target=\"_blank\"><\/a><\/div>\n\n\n<h5 class=\"gb-headline gb-headline-8c0b75f9 gb-headline-text\"><em><a href=\"https:\/\/www2.daad.de\/der-daad\/daad-aktuell\/de\/77699-wissenschaftsfreiheit-mit-den-modernsten-mitteln-der-kommunikation-garantieren\/\" data-type=\"link\" data-id=\"https:\/\/www2.daad.de\/der-daad\/daad-aktuell\/de\/77699-wissenschaftsfreiheit-mit-den-modernsten-mitteln-der-kommunikation-garantieren\/\" target=\"_blank\" rel=\"noreferrer noopener\">Wissenschaftsfreiheit mit den modernsten Mitteln der Kommunikation garantieren<\/a><\/em><\/h5>\n\n\n\n<p class=\"gb-headline gb-headline-32234a50 gb-headline-text\">11. September 2020<\/p>\n\n<\/div><\/div>\n\n<div class=\"gb-grid-column gb-grid-column-30a7ca44\"><div class=\"gb-container gb-container-30a7ca44\">\n<div class=\"gb-container gb-container-f0ca9060\"><a class=\"gb-container-link\" href=\"https:\/\/www.spiegel.de\/spiegel\/unispiegel\/tuerkische-exilhochschule-off-university-a-1183104.html\" rel=\"noopener noreferrer\" target=\"_blank\"><\/a><\/div>\n\n\n<h5 class=\"gb-headline gb-headline-393aa230 gb-headline-text\"><em><a href=\"https:\/\/www.spiegel.de\/spiegel\/unispiegel\/tuerkische-exilhochschule-off-university-a-1183104.html\" data-type=\"link\" data-id=\"https:\/\/www.spiegel.de\/spiegel\/unispiegel\/tuerkische-exilhochschule-off-university-a-1183104.html\" target=\"_blank\" rel=\"noreferrer noopener\">Berliner gr\u00fcnden Online-Akademie f\u00fcr entlassene t\u00fcrkische Wissenschaftler<\/a><\/em><\/h5>\n\n\n\n<p class=\"gb-headline gb-headline-f0f7b5bb gb-headline-text\">2. Februar 2018<\/p>\n\n<\/div><\/div>\n\n<div class=\"gb-grid-column gb-grid-column-b239e141\"><div class=\"gb-container gb-container-b239e141\">\n<div class=\"gb-container gb-container-5c831fb4\"><a class=\"gb-container-link\" href=\"https:\/\/www.hafta.eu\/baris-icin-off-university-ve-zamani\/\" rel=\"noopener noreferrer\" target=\"_blank\"><\/a><\/div>\n\n\n<h5 class=\"gb-headline gb-headline-b2bf5cef gb-headline-text\"><em><a href=\"https:\/\/www.hafta.eu\/baris-icin-off-university-ve-zamani\/\" data-type=\"link\" data-id=\"https:\/\/www.hafta.eu\/baris-icin-off-university-ve-zamani\/\" target=\"_blank\" rel=\"noreferrer noopener\">Bar\u0131\u015f i\u00e7in &#8218;Off-University&#8216; ve zaman\u0131<\/a><\/em><\/h5>\n\n\n\n<p class=\"gb-headline gb-headline-de91480c gb-headline-text\">November 6, 2017<\/p>\n\n<\/div><\/div>\n\n<div class=\"gb-grid-column gb-grid-column-e177c06a\"><div class=\"gb-container gb-container-e177c06a\">\n<div class=\"gb-container gb-container-b6e3799c\"><a class=\"gb-container-link\" href=\"https:\/\/www.nd-aktuell.de\/artikel\/1068987.warum-greift-das-tuerkische-regime-akademiker-an.html\" rel=\"noopener noreferrer\" target=\"_blank\"><\/a><\/div>\n\n\n<h5 class=\"gb-headline gb-headline-7a6e0746 gb-headline-text\"><em><a href=\"https:\/\/www.nd-aktuell.de\/artikel\/1068987.warum-greift-das-tuerkische-regime-akademiker-an.html\" data-type=\"link\" data-id=\"https:\/\/www.nd-aktuell.de\/artikel\/1068987.warum-greift-das-tuerkische-regime-akademiker-an.html\" target=\"_blank\" rel=\"noreferrer noopener\">Warum greift das t\u00fcrkische Regime nach Akademikern?<\/a><\/em><\/h5>\n\n\n\n<p class=\"gb-headline gb-headline-aac80beb gb-headline-text\">November 3, 2017<\/p>\n\n<\/div><\/div>\n\n<div class=\"gb-grid-column gb-grid-column-940899cc\"><div class=\"gb-container gb-container-940899cc\">\n<div class=\"gb-container gb-container-411c8630\"><a class=\"gb-container-link\" href=\"https:\/\/taz.de\/!5452335\/\" rel=\"noopener noreferrer\" target=\"_blank\"><\/a><\/div>\n\n\n<h5 class=\"gb-headline gb-headline-b5924cd5 gb-headline-text\"><em><a href=\"http:\/\/T%C3%BCrken%20gr%C3%BCnden%20neue%20Uhttps:\/\/taz.de\/!5452335\/ni\" target=\"_blank\" rel=\"noreferrer noopener\">T\u00fcrken gr\u00fcnden neue Uni<\/a><\/em><\/h5>\n\n\n\n<p class=\"gb-headline gb-headline-237ccb10 gb-headline-text\">Oktober 12, 2017<\/p>\n\n<\/div><\/div>\n\n<div class=\"gb-grid-column gb-grid-column-3fc6d58c\"><div class=\"gb-container gb-container-3fc6d58c\">\n<div class=\"gb-container gb-container-cb349701\"><a class=\"gb-container-link\" href=\"https:\/\/bianet.org\/haber\/off-university-universitenin-bittigi-yerden-basladi-190510\" rel=\"noopener noreferrer\" target=\"_blank\"><\/a><\/div>\n\n\n<h5 class=\"gb-headline gb-headline-e5fb1fbb gb-headline-text\"><em><a href=\"https:\/\/bianet.org\/haber\/off-university-universitenin-bittigi-yerden-basladi-190510\" data-type=\"link\" data-id=\"https:\/\/bianet.org\/haber\/off-university-universitenin-bittigi-yerden-basladi-190510\" target=\"_blank\" rel=\"noreferrer noopener\">Off-University: \u00dcniversitenin &#8222;Bitti\u011fi&#8220; Yerden Ba\u015flad\u0131<\/a><\/em><\/h5>\n\n\n\n<p class=\"gb-headline gb-headline-725f0230 gb-headline-text\">Oktober 11, 2017<\/p>\n\n<\/div><\/div>\n\n<div class=\"gb-grid-column gb-grid-column-22c91616\"><div class=\"gb-container gb-container-22c91616\">\n<div class=\"gb-container gb-container-91e4ddc6\"><a class=\"gb-container-link\" href=\"https:\/\/www.deutschlandfunkkultur.de\/die-off-universitaet-eine-online-uni-fuer-entlassene-100.html\" rel=\"noopener noreferrer\" target=\"_blank\"><\/a><\/div>\n\n\n<h5 class=\"gb-headline gb-headline-875a4c29 gb-headline-text\"><em><a href=\"https:\/\/www.deutschlandfunkkultur.de\/die-off-universitaet-eine-online-uni-fuer-entlassene-100.html\" data-type=\"link\" data-id=\"https:\/\/www.deutschlandfunkkultur.de\/die-off-universitaet-eine-online-uni-fuer-entlassene-100.html\" target=\"_blank\" rel=\"noreferrer noopener\">Eine Online-Uni f\u00fcr entlassene t\u00fcrkische Akademiker<\/a><\/em><\/h5>\n\n\n\n<p class=\"gb-headline gb-headline-e42532c3 gb-headline-text\">Oktober 7, 2017<\/p>\n\n<\/div><\/div>\n\n<div class=\"gb-grid-column gb-grid-column-6aab3a4b\"><div class=\"gb-container gb-container-6aab3a4b\">\n<div class=\"gb-container gb-container-3f89a861\"><a class=\"gb-container-link\" href=\"https:\/\/www.dw.com\/de\/die-off-university-eine-online-uni-f%C3%BCr-entlassene-t%C3%BCrkische-forscher\/a-40817660\" rel=\"noopener noreferrer\" target=\"_blank\"><\/a><\/div>\n\n\n<h5 class=\"gb-headline gb-headline-e5b246a8 gb-headline-text\"><em><a href=\"https:\/\/www.dw.com\/de\/die-off-university-eine-online-uni-f%C3%BCr-entlassene-t%C3%BCrkische-forscher\/a-40817660\" data-type=\"link\" data-id=\"https:\/\/www.dw.com\/de\/die-off-university-eine-online-uni-f%C3%BCr-entlassene-t%C3%BCrkische-forscher\/a-40817660\" target=\"_blank\" rel=\"noreferrer noopener\">Deutsche Online-Uni f\u00fcr entlassene t\u00fcrkische Forscher<\/a><\/em><\/h5>\n\n\n\n<p class=\"gb-headline gb-headline-4f796119 gb-headline-text\">Oktober 5, 2017<\/p>\n\n<\/div><\/div>\n<\/div>\n<\/div>\n\n<div class=\"gb-container gb-container-291645ed\"><\/div>\n<\/div>","protected":false},"excerpt":{"rendered":"<p>Off University in den Medien<\/p>\n","protected":false},"author":1,"featured_media":6013,"parent":0,"menu_order":0,"comment_status":"closed","ping_status":"closed","template":"","meta":{"footnotes":""},"class_list":{"0":"post-5239","1":"page","2":"type-page","3":"status-publish","4":"has-post-thumbnail","6":"infinite-scroll-item"},"_links":{"self":[{"href":"https:\/\/offuniversity.org\/de\/wp-json\/wp\/v2\/pages\/5239","targetHints":{"allow":["GET"]}}],"collection":[{"href":"https:\/\/offuniversity.org\/de\/wp-json\/wp\/v2\/pages"}],"about":[{"href":"https:\/\/offuniversity.org\/de\/wp-json\/wp\/v2\/types\/page"}],"author":[{"embeddable":true,"href":"https:\/\/offuniversity.org\/de\/wp-json\/wp\/v2\/users\/1"}],"replies":[{"embeddable":true,"href":"https:\/\/offuniversity.org\/de\/wp-json\/wp\/v2\/comments?post=5239"}],"version-history":[{"count":11,"href":"https:\/\/offuniversity.org\/de\/wp-json\/wp\/v2\/pages\/5239\/revisions"}],"predecessor-version":[{"id":14751,"href":"https:\/\/offuniversity.org\/de\/wp-json\/wp\/v2\/pages\/5239\/revisions\/14751"}],"wp:featuredmedia":[{"embeddable":true,"href":"https:\/\/offuniversity.org\/de\/wp-json\/wp\/v2\/media\/6013"}],"wp:attachment":[{"href":"https:\/\/offuniversity.org\/de\/wp-json\/wp\/v2\/media?parent=5239"}],"curies":[{"name":"wp","href":"https:\/\/api.w.org\/{rel}","templated":true}]}}