{"id":5587,"date":"2024-01-20T14:13:01","date_gmt":"2024-01-20T14:13:01","guid":{"rendered":"https:\/\/offuniversity.org\/association\/"},"modified":"2026-01-26T09:28:39","modified_gmt":"2026-01-26T09:28:39","slug":"association","status":"publish","type":"page","link":"https:\/\/offuniversity.org\/de\/association\/","title":{"rendered":"Verein"},"content":{"rendered":"<div class=\"gb-container gb-container-d421b674\">\n<div class=\"gb-container gb-container-b7b468d8\">\n<div class=\"gb-grid-wrapper gb-grid-wrapper-e01fe55e\">\n<div class=\"gb-grid-column gb-grid-column-0be70824\"><div class=\"gb-container gb-container-0be70824\">\n\n<h2 class=\"gb-headline gb-headline-048b44c0 gb-headline-text\">Off University Organisation<br>f\u00fcr den Frieden e.V.  <\/h2>\n\n\n\n<p>ist ein gemeinn\u00fctziger Verein nach deutschem Recht, der im Jahr 2017 eingetragen wurde. Unsere j\u00e4hrliche Mitgliederversammlung w\u00e4hlt einen aus drei Mitgliedern bestehenden Vorstand, den Verein vertritt und seine Arbeit plant und \u00fcberwacht, sowie einen Ethikausschuss. Wir besch\u00e4ftigen derzeit ein kleines Team von Teilzeit- und Honorarkr\u00e4ften und engagieren Lehrende auf freiberuflicher Basis, um unser Lehr- und Forschungsprogramm durchzuf\u00fchren.  <\/p>\n\n\n\n<p><strong><a href=\"https:\/\/offuniversity.org\/wp-content\/uploads\/2025\/09\/OffUniversity_Statutes_DE_TR_EN.pdf\" data-type=\"link\" data-id=\"https:\/\/offuniversity.org\/wp-content\/uploads\/2024\/06\/OffUniversity_Statutes.pdf\" target=\"_blank\" rel=\"noreferrer noopener\">Hier<\/a><\/strong> k\u00f6nne Sie unsere Satzung auf Deutsch, T\u00fcrkisch und Englisch.<\/p>\n\n<\/div><\/div>\n\n<div class=\"gb-grid-column gb-grid-column-10eaf5fc\"><div class=\"gb-container gb-container-10eaf5fc\"><\/div><\/div>\n<\/div>\n<\/div>\n<div class=\"gb-shapes\"><div class=\"gb-shape gb-shape-1\"><svg viewBox=\"0 0 1440 60\" id=\"torn-edge-2_Image\" xmlns:xlink=\"http:\/\/www.w3.org\/1999\/xlink\" xmlns=\"http:\/\/www.w3.org\/2000\/svg\" preserveAspectRatio=\"none\"><image xlink:href=\"data:image\/png;base64,iVBORw0KGgoAAAANSUhEUgAABaAAAAA8CAYAAACQPB1XAAAACXBIWXMAAAsSAAALEgHS3X78AAAeXElEQVR4nO3deYxk13Ue8O87r7qW7p6VHJIjcrjPUCRFUhIla7FiWbEk23SsIHCMxHEixInhOInhJHCC+L8EDuIA+cM24BVekkiGg3iTpciyHcm2KFm7LFLmTg0prkPOvnV3bV3vfPnj3eK0hj3D4XCaPcP5fkCjq6tev7qv6r2q984991zAzMzMzMzOa5Laktrr3Q4zMzMzs5cr1rsBZmZmFwJJs5Jm17sdZnbRCgCt9W6EmZmZmdnL5ZNYMzOzM+PvTDNbNySH690GMzMzM7OzwfVugJmZmZldGEoJiBaAIclc7\/aYmZmZmZmZmZmZmZmZmZmZmZmZmZmZ2cVAUkjyfDBmZmZmZmZmZmZmZmZmZmZmZmZmZmZmZmZmZmZmZmZmZmZmZmZmZmZmZmZmZmZmZmZmZmZmZmZmZmZmZmZmZmZmZmZmZmZmZmZmZmZmZmZmZmZmZmZmZmZmdlGQFJJivdthZmZmZucvrncDzMzMzMzMzFaS1AKQJHO922JmZ05SdzgcbqmqastkMgkA+3u93kEfy2YXNwegzczMzMzM7JyTFGcTdJLUIjkZDAbbI+J7JF0vaZ7kSNJOSXdI2g7gOMkDkq7KzNmIOEDykxFxSNKdkq6StDki\/qjX6\/34Gmyi2aou5g6U0XD4HXXmvwdwA4AWyedI\/nS32\/3ydJmz\/WwwswuXA9BmZmZmZmZ2ViR1AUxITsrfLwSWJM2Wx8an+f82gDaAMYAJgBYAjEejywX8S5KfarfbfzUcDv+DpHdIelNmXjFd7hQSzbXu9Hq3joglknslbczMrVVVfbqK+NlOt\/tZABgMBj8HYKbb7f676baMx+Nb2u32Q5JiNBr9JMkHO53Op17GazNLsn+my58vyvuWJIevwnO9JgORpTRR63T7\/oWg3+9fOjs7e\/B0y5SM5+8McgBguc786bquvw\/AC+WZWq3WZ4P8pfLnLIAn253OvQAW0Rz\/eDX2NzNbPw5Am5mZmZmZ2csiaX4wGMxGxPUEnm93OgcAjJeXl3cBmEwmk6O9Xm8IYDgYDDYCiOkw\/BKc6wJojUajn8rMHyb510H+aZ35A5LeBWA5My8BoPLTwrm9fhWAGkBWVbUgqZOZ7YjoAxiSnKnrep6kyva2AGREDEkelTRDcg\/J35f0gwCC5O8F+Uyn2\/3fo9HofXVd\/yqAMckHSX640+l8YmlpafP8\/Pzhl2rccDh8G4DtBI50ut3PlDZsHI1GOwFcBeCtkuYBfKjX6937kht7ikDv9L0g2R8MBtuDfI+A2yLit0vwvUtyKKm1vLx8Y2YudLvdPSvXNx6Pd2bmrQD2TCaTx+fm5o6TnEiKwWBwS0TMR8RRSaO6rhci4prMHFURWwFcJeCbpTnLBA7WmYO6rsczMzNzEbFpMpns7\/V6x1EClWg6KiY4xxnGo+Hw3QK2dTqdj5KcjIbDHQLeLOmyKIHklN4m6Z1o9sUnSX5Z0rskvYnkcxHx651O57dWdMi0prenhsPhv5Z0k6S3ALgMwIjkIUlPkDwW5NdAPp2ZvSCXUuqRfD2BP+x0u88Mh8M7Jd1FclOn0\/kZksdf7rYuLi5uBYC5ubn+NPAraeNwOHynpFtJ3ijp+oj4oqQvAdiG5pjdAuAgyesk3QDgmKSepO9GE3DOzLwcqx+rKr\/rqqoeIPnpsq6NkhZJ\/jmAmkAPwFN15lIVMQfgSkYcHY\/HeyNiptfrDQAsrkfHhaT2eDTaDgAp3QxgG8ndAP5uZt5Osi1pK4BNpXNtI5rPrgnJWtKE5EGSz0m6thxfAwDHAewBUJHcCGAvybsJHEjp3SSPAPgKyX5mHj6TY97sfOMAtJnZWbiYh9WZmZnZhevlZJyevOzK85\/RcPhDKb0DwLMkxyUYtY\/ktZJuKIGVpwA8UAK03SriP4P8EqRvT+kuSbdk5q6SRX2hXpu+kLVdbtcRcQRANzM3l\/sVEQMASwBI8iiAx0nOSroUTcBtGU0QqgZQS7q+3H+c5L7y+KUlO3k2M2cBtKqq+kZE\/F5m3kmyT\/ILAF4naQPJRQCbJc1JmkTEGMARSfsA9EguSLoGwJUlALgrM9+Yma1Wq\/VZAPskbST5PIAtku4AcITkxwHsILlP0mZJ75O0rZRaeITkowR2C3hDXdf\/LDM3R8QhkksAHpX0VjRZsP3M3BoR\/bJvISIOANhfgvxvyszZqqo+VwK975H0OgBfj4hvSHpQ0p\/2er2jaF7YFwK9ZX0tksN+v\/8GAAdmZ2f39fv9j6HZ1350dnZ2\/3A4\/C+SbgFQZ+Z7M3MjyXHJXG5lZgtNYHW6f05\/T7N7J+V2hdKpUbLtD5f3TOV\/2pJmyns3V\/aZkydwTQAiuUyyLvsCAFTlWDxWgpWb6rqeA1BVVfUsgAMkHwvyVwA8xYi5uq6vL6\/ncnk9bpC0BcBlkq4FcC2awPeipOMk9wC4TdJtdV1Pg6Yo+\/JI0qbymlZoRiu0V2n\/2ZgGpZcjYj+ADWjet4cBHABwQ13X15T95x4Al5bPlU+Q\/AaAZzNzOSJmMnNU9oVAE\/CdjsSYdlwkyufXaTpkZgFMRqPRB8rrdKekt5ZjYJCZN6MJwiMzq\/J6oPwOnHi\/z2S7T15u2h5iRQcZgJnS7gma\/aMu5Yim+\/uY5PJ0u9F8zvQBHCL5JJrP6Ecz8wuzs7P7y3bOj8fjd7Tb7S+WzwmzNXehfsmbma2rciKTPCmjwczMzOx8NBgM3ghgX6\/Xe75ker4BwERSHwCCjJRmglwSMJB0G8k5AvdlEyBeJrlL0kJEfDUz\/7mkO+q63gmgs57bZkicCAYul98nZ4yvDHhNS5RMA14VLkyKiAU0Abj9AAYALgFwGAAlXV7KrtxUHmut6BSYZlF3cCLgN319pkHR02XxnmmQcbreNY+9VFV1WNIQzb7QW\/H8yMwemvf5VCMJzjRwej5RVVVH0GRhX05yP8mfJXkVgHsy8\/MRcYOkn5C0EUA3Ij7S6XR+Yzgc\/kdJ70bTITSL5jUbZeabM3MjLrzX4lQSTafICE1n1hhNB8IAwDzJJ9DsKxNJW0vHyQMAbi+dWI+VzqCnJH201+s9NA3cj0ajG5aXl4+cyYgOM+C1c1CZmZmZmZldFIbD4b+Q9H97vd7zp1nmrQRuTOlYyWz9IMlDAD6XmT+RmZeWRVcLqK0MaK7m5BrLZmbnk9N9hq1HsP18DfCv1q7V7qsj4rmSCf4gyYdIbi0jNf4mIr5WSgJdVUoyfdw1ve1k5+MBYGZmZmZmdlGaTgAHIAeDwcYqYhcjjirz1pTeA+DWyWTytlar9TUAnwQwBLCjlEp4naQ+yaclvVfSdgAqQ\/4r+PrPzMxeueWIODztyKyq6pikmcycjYgRyd+PiF\/udDoPXogTsdra8AmImZmZmZnZOTAajW4oNXHfL2lcRXy10+1+9luWGQ5\/SMCtkhZIbsjMt6Apb3EMwBWSLkFTGkAAuqW27ljSlszccNJTTofYn4tarGZmZueCImJPRDxWanXfA2CW5FFIj2MaiySf7nQ6T6xnQ+3V4wC0mZmZmZnZKzAcDt+amU9ExD\/KzB+t63oXAEbEoJS9AIARgKGkXZnZxYkh4hdq\/V0zM7MzUaP5rqsj4gjJaafpMxHxVQAPAfgCgefKJJrXBnm5mgkfBwQWUjpKcvp9ub9kYPcjYrau67m6rp92PerzmwPQtm48iZuZ2Qmnmo3bzMzOL8Ph8K0ArpH045l5KwCQbEtaBjBXyl34OsvMzOwMRcRekk8D2FzX9TV48eS2L9T1JjmIiH0ADgK4TNKlJO+uquoXSO5R5kKdOQAQJKtut7uEZvLF6Xoch1oHPjGyV1W\/37+U5FtIXivpY6ebOMXM7GIiqYXmZMhBaDOz88x4PL6lrut\/JekuSZdJCkm99W6XmZmZnVCC08+TfFLSVgCbAXw9InYDoKQDJI8ReHB5Mnlobm6ujxKULj\/w9djacAD6AjcaDncI+H5J3yFpc0R8NDP\/YHZ29uB6t22q1MJ7U2beJel7AfQi4oGI+C2Sn2u327vXu41mZmZmZiuNx+Odmfk+STsz84fKZEsul2FmZnbhW66q6nkAfx4RRwBMSD4qaYHAgeXJ5P65ubnjWCVByIlDZ8cB6POYpBcmEzl5xx4Nh++sM38xM2+R1MGJ93ISEYskHyb5m71e73+cvN7hcHgnydvruv74NFA9Ho93ZeaWTqfz1bM5iAaDwfaqqrbUdd2pqmpR0rvquv4xANvRDHUISZdk5jyaenhLAI5FxDMkf4fAAwJuBnCg2+1+5OT1j4bDHe1OZx\/J8cmPrdaWbrd7wEMqzMzMzGwlSRtJHh8MBm+U9J9IbkYzhPd1khZJ7gZwi6RrJF2amT24TrOZmdnFQmgyoVVV1TdJ\/inJYSm5tQtAW9IsAJbJg6ty+\/MA7g7ykU63+7n1a\/75ywHo80zpSWkBwGg0ep+k2wC8twwd2AIgJfUycxteerZroQlI9yW1p\/VFJVVoZiUdRMQDkrZKugrNQTYi+WxVVb\/c6XT+J9DM1J3SdWhOzHskR5KuBLADwKZy8M1jRT0eSZGZm9DsY1naAjTF5wFgpiyfEbEIYBFAm+RxAA+TXARwuaR5NLOAby2\/R+V\/R2h6qPoADgA4DOASSVcD2ABgd0R8BsCmzHwTmmD3UwQeanc6v3tykL3f718GgK1Wa0vZtiD55MzMzFMkxwsLC5urqur0er0lAOMzCYSbmZmZvVaV87\/JynOikjzRGgwGmwFkr9frozlvWrOkgMFgsF3S8srRf6UdsfJ5B4PBXZJ+FsBGSXPlPLW9YlVEc76qctvXSWZmZvZyCE2sbU9VVf+PwM90ut1n1rtR5wufWJ0HJHWXlpZmW63Wrsz8dgA\/Vtf1dWgC0SvfI624fa7eu+k6pyfd0991+ZneF+WHK5Y\/mzasfL7VHssVj79UgP2ljNG8htP1KCL6EfHXJB\/LTJIcAdgs6cayzAZJl5ZlHwJwX+ntupnkBgAHJB0n+XCQX6ozd8\/Ozu57he18zSsTTgaai9CzGqbiCdrMTm86auYVHGMeSmZmZ2w4HP5bAs8vTyafmmm1NgC4Rs1EQDsl3Qzg7QAOkvwIyc8Q2F9nLvV6vSGAIclJ+dyaX1xcjA0bNhx9mc\/\/NknfE+TulH5E0hUR8WeZ+XpJd6BkLZfEiFkA85k5C1\/\/mJmZ2atDEbFE8oGqqn59muR5sfIJ2EkktQaDwdZWq7VpMpkc7\/V6x0gOT14GzUltezAYzFYRHZCtzBxOJpPB\/Pz8tHj5mOR4mg1S\/j0BzA4Ggy7JqqqqTXVd\/5vJZPJPAXRfxU21lzYNwqwWCM+IOBwRD5L8awC7CSwIGBI4VGceiogjy8vLS\/Pz82OcmHG1tbi42J2fnz++MshTArRdnAiaT0gOV+w70\/3nRVlErzTodC5Jar9Udrik9nA4\/Ack58ow2Ecz80sO5NvFrN\/vX1ZmaD5Sjv1pp02i+dxodzqdK8bj8f65ubnjg8Fga1VVGyCNlyeTJQCIiNdFRK+UOFoGgMzsZ+YoM3Nubm4CYIjm8+XkOmYXXAfPhdjm9SSpVQJ+XTRZn+MV+1p7NBptmkwmg7m5uTFO7HtZRhrZRUhSe2lpaX5ubm64uLjYBoBOp3NFZs4ROJjSh9FcSzwg6f11XV+PUycYTCKiD2CJZBfNyLcHI+IeSZskvYfk3UH+fkpXR8Teuq7vJfkWAHcA+C6SXyNwf0o7JP2gpNeX8hgrkyNOl+hgZmZmth6m50LHymj\/MZqR\/Q9GxKckLa5WPve1hv1+\/4skP1HX9a\/Mz88ffiUrK7V3D00DUKWExPUA9hI4VBbbnlI3Ij7X6XSeeKUbcCr9fv+yVqu1SU2pihkA9Xh5+YFTZVdM6yJn5p0AbpK0DcCzEfEwyYcycz+ajODbSW6T1JU0R\/LqkjE7i6YMxPOlRMWI5G6SDxHYkNLr0FzwPSfp70l6S2ZuRlMv5pVm+tr5ZRQRB0g+C+D5iDiEZv9flrQBTemSr5C8G01ZkRkA3yNpF8lnJW0nuRfAZwFUpQzLGyTNRsQfE\/iT5clkaW5ubjIYDLoR8TZJ2yLiWQDLmdmLiEfb7fYTJLPf719aVdVtkK5MqUtyXtIjvV7vz850gyTFaDTaDuAKAjfWmd8HYCeAvST3RsTvdTqdTwPAYDD4tZJ5NO2omWbR742I58pEPjcD6GVmJyImJPcDWEAT8PgmgAWS28t9+wDc2+v1fuMVvStma2BlEHRhYWEzyVj5XToej2+p6\/rqILeC7GQmAVxRao5G6dBsl\/JBJPk0gD0kr8nMDppAcgtNaaE3Arg\/InZLenMpnTQg+ZikxbLeTmbehOY7KUkeArC\/BBqfiYgvS3qS5N9MJpMBALRarR6BVrvTOQSgjxPBxxd1bK02rP1cGo\/HO+u6nuv1el9f7fHRcLjj5GFsklqj0egDBA4yYu9kMmmTvCbIIyCfP925hqRuOVe5S9JbAMzhxAzYS2i+05+WtIVkkNxX\/q9C87oeBtCRdF3pUHsSwB4AO0g+2O12\/0BSezwabRfwAQCYTCa\/c\/L5lprP5m\/p7D5XBoPBdpLfBuBtaEbxXF2253CQHxHwXgBXZebtAPYCOEpyDkBN8giBD6X0RFVVG+q6Xigd7dOOxkTzPebM+VeJpPbi4uJsq9XqSdpWVdXlmTnT7Xb\/8kz2oZXH8Gg43FE3ZSgOTDuBR8PhNQCuTWme5PWZ+UaSfUlXklzOzO\/LzLmI2A+gXc5lz+kmrridWD24XMPnz2ZmZnbhm5b+GkfEYkQ8JOlIian+t16vd+86t++c4sLCggDUJS18H5pA2RGSR0u9322S5tBkZ7bRBIYOoLng2lzumymZj7OSlktEH5IukzRDchlNxpVWZHUdJnl\/RPwxgOcA1N1u9+MvdwMkzY9Go5sAXFWe7+0kd5SayXOljRWajNVHANxDckHSJjQntjMl8+K7MnM7XpwxodL2WhLgLGU7d6YXVue6nEpdVdWjAO4B8M66rq9GKYxfHmdZ5pGI+FUAXyGwU8CbM\/NGNEGsvqQlkhslXStpa2a2V6xn+iOUbHCSzwDYsuL5VmvfmdRVXFmGZVpDaVSC1PdXVfXz7Xb7i6PR6A4A75R0A5rJLjeXjp+jJJcysyK5yGYm28cjYhnSMgAK2CLpUpK7AGwCcFjSEQAHgxxkU3t8WFXV12ZmZh5xYMVeiqTZwWBwY0S8C8B1pZPyKgA3AbisrusX6uTjxeWVXljNKe4\/V0YR0Se5gCb7sFu+u+8l+dEgPwXgOgHfi+Z7+Zlpm8t36Q6S+zqdzv9aXFzszszM\/ENJ7y5D7TcC6JfzCEpajIj9ao45kZyRVJO8l8BxAXfWdf3DAFoknwJwSWZeLomtVuvjAD5J8qCkMcldmfm3Adwh6RKSe0juKYHUS9AE8mdKUHzE5mSjg+a7+zia85qa5DE1E4wN0HTuXS\/pCgCbV0wytppc8djKz6fpuUGg6UgkmpPHQWbOl9f6ATTv96ZSWgtVVd1P8iskHyBwRMAbJV1D8mEARyV1JE1IHic5Q+DrnW73C2fzhvf7\/TeQ\/MXJZPKdZ\/P\/hdAEmSs054uHIuKxUtKgS\/J+kp\/OzD\/q9XoHp5+XJbh\/h6S\/BeBwkEspzUXEZ9rt9lNr1YnxWjYaDt9VZ\/4UyS0lk\/2ScgwwIj5J8i8J\/EmdOe71eodITvr9\/uUAtrVarczMnQDeUc6Bn5P0dyRtj4jHAfwFmo7yf1zX9a1wBrGZmZnZepjGdSZVVR0HsJvkEoAHAHwqIh5ay2TetTQNQK80DRJNg2Mr6\/6uhWFELKPJnnma5F+uuDg8FOSTAr4p6dler\/f84uLi1plW630pvaMEmXeqmTRuY2Z2AXTWsK1mrzXT4x14cWB4rYNhZyUijqMJnvUycw7fWud7arpNIjkmOSgdYNMJMWfQZG51cSJLuya5TDIzsxURdclif5jkAsk+yS+12+0PrQiwvGTJkbNROuqwFut+rev3+5dXEd8hoJa0k+Rnut3ul8718wwGg+1B7kKTIfhmAG8AMJOZ12TmVef6+V6Glzpup8f8ucgcnM4XoIjYR\/JBAFfXdX0jmuPyhcfL3ywjhIjmGERELJaarC00nVmD0tk1PS6BF5+LTLdBEXE4My95ie3Rit8nf96t52dczaZMVwcr5ipY0aYEwKqqHq2q6r8DeFLSICIOZWafwLsBPDleXn5oZmbm9QAuJ3lfZt4U5BYAOanrX8jMK17FbRq3Wq2\/knRtCbiv3K6paYZ5TVIR8TyAz5cT6xsAfDoi\/s\/ZnliPx+Od7XZ796keLxnpbwdwJSPuHY\/H+1\/pCMDTPNcpS2SVAP63lNWStHE8Hv9AZrYkfbmu66c7nc5lmXmzpPdm5t9\/ifczq6q6t2RC7wHwNQDfL2l7Wf8V5XvTzMzMzC4M0\/PoJDmOiAGAZ0h+Q9ICyY\/0er1PrGcDz9RqAej1Ng0QEc3F6BDAYsnYOgJgVtK1mTm\/no00s4tPyWj83Yj4GMnjkt5fhshszMwdJQj3MIC7p8GT6XBpAJifn++fHFQu5YIunUwmrSpiI4AdAm5Hk3H4lcx8qtVqDTNzqdRnnSwtLbUiIkpd3zFOBHRW\/pyqfAJWe2wtlA7DuXanc2Q6MgYowduI7skBptFo9H5JnZczGmY0Gr0\/M\/8JmqzjraVjcgMAZWa7jO7ZC+ARNhNRTQBsIHlZCfQ\/TLIDYF9E\/Hy73d4zGo22oRlVs4Xk9Wy+e54CcH02HZ61pPeU8jhbPanVaZ1JQPxMO75Oru0qNCVKZk66b7qMcKK+2mrB5vOyk20VdTkXWkaT4X0IwEJd198WEUdJfgHAO+q63lhV1X11Xd+B1UehXCimHQWTqqqexInyZkMAl5fReWM1EwI\/i+bY\/O7MvInks2USumtJ3lgy97uljMqA5FxmXifpUkkRERM0nSSLZZTN9PP5YDnvTEkDANtJ9iT1AVyNZp96vNx\/N4DfBvBBNjW295EcLy8vf3jDhg1Hx+Px6+u6\/gDJ3+l2u3tO3tjxePz6zHw\/gFsz83ZJt0mqImIPgANoRuxsz8yNa\/R6m5mZmdmFJ9Ek5Awj4sOSfm12dva+9W7U6ZyPAWgzs\/NaRCwCGJaAwMrgF9BkoN1H8vNogijbJG1EE+Q4EBH3klyElNlkZH9Q0q4ynHrupFIAk4hYQFPa4CCAfaUE0uVq6nMuStpTsrMPl+c4UiaHOkLyIIG9AiZq6oRfAiAy84ogxwIei4gFZY7Gy8vH5ufnhyXIg+Fw+JN1Xf\/XUlN8CU2A5i8i4g8BvCsz70ITENtbnvcyAJvRTHLXLkO85zNzJiLGJfN1BgBLhitK8KdfXr9pRjpKsK1f2jICUJHcJ+kgm9rJDwN4XNKPlA7JlZNQncrK77rVAp5ZVdVjaLLrN6mp1z6TmbNllM4xABtWBJtXy8idrvtCCGpeLC6UILOd3moTy63MbF953NU4cYyevOzJ63ip55vePl2G\/SQijmbm1unfAFRV1T0R8Xk1I\/bmAXxwelEwGg5\/UMB3S7qhZItfiTIqwMzMzMzsZaojYoTmGno\/yQ91u91f4nk2mbgD0GZmrz0vlFIiOSFZl6DvtPbwapmkYzQlElLNBGunCoasFgh6tbwQLEYTZHLAxszOZwkgyuiZ3WiytbuS3u6MZjMzMzNbI8OIOEjy6yQ\/VlXVZ2ZmZvaV+XHWjQPQZmZmZmZmZmZmZq8dQjNJ+qiUihtFxKOSjpYSmT\/X6\/XufbUa4wC0mZmZmZmZmZmZ2WvfdEL3QySfIPnHJO8jMCvgiYg4CqBW5jZGHG6324+ciyd1ANrMzMzMzMzMzMzs4jOOiAGaicyXACyTrCXNlPmmngDwTUm7q6r6SKfTeWLlP49Go+tOvm81DkCbmZmZmZmZmZmZ2WrqiBiSPATgOQCzJI9KOgbg6jL54VcAPE\/gGICRgCGAb5e0meQBB6DNzMzMzMzMzMzM7GzVACYRsYwmizrrut4KgACytb5tMzMzMzMzMzMzM7MLWAWgyszOivtUfugAtJmZmZmZmZmZmZmdS5zeiPVshZmZmZmZmZmZmZm9djkAbWZmZmZmZmZmZmZrwgFoMzMzMzMzMzMzM1sTDkCbmZmZmZmZmZmZ2ZpwANrMzMzMzMzMzMzM1oQD0GZmZmZmZmZmZma2JhyANjMzMzMzMzMzM7M14QC0mZmZmZmZmZmZma0JB6DNzMzMzMzMzMzMbE04AG1mZmZmZmZmZmZma8IBaDMzMzMzMzMzMzNbEw5Am5mZmZmZmZmZmdmacADazMzMzMzMzMzMzNaEA9BmZmZmZmZmZmZmtiYcgDYzMzMzMzMzMzOzNeEAtJmZmZmZmZmZmZmtif8PDMGkiv82AjUAAAAASUVORK5CYII=\" height=\"60\" width=\"1440\" id=\"torn-edge-2_Image-2\"><\/image><\/svg> <\/div><\/div><\/div><div class=\"gb-container gb-container-3d608e74\">\n<div class=\"gb-container gb-container-370bf9b2\">\n<div class=\"gb-grid-wrapper gb-grid-wrapper-eece33cd\">\n<div class=\"gb-grid-column gb-grid-column-369b58fc\"><div class=\"gb-container gb-container-369b58fc\">\n\n<h1 class=\"gb-headline gb-headline-99b1deeb gb-headline-text\">Unser Team.<\/h1>\n\n<\/div><\/div>\n\n<div class=\"gb-grid-column gb-grid-column-fb4ce4b0\"><div class=\"gb-container gb-container-fb4ce4b0\">\n<div class=\"gb-grid-wrapper gb-grid-wrapper-8adca37f\">\n<div class=\"gb-grid-column gb-grid-column-cacee892\"><div class=\"gb-container gb-container-cacee892\">\n\n<figure class=\"gb-block-image gb-block-image-22cf53ff\"><img loading=\"lazy\" decoding=\"async\" width=\"720\" height=\"720\" class=\"gb-image gb-image-22cf53ff is-style-rounded\" src=\"https:\/\/offuniversity.org\/wp-content\/uploads\/2025\/09\/CD.webp\" alt=\"\" title=\"CD\" srcset=\"https:\/\/offuniversity.org\/wp-content\/uploads\/2025\/09\/CD.webp 720w, https:\/\/offuniversity.org\/wp-content\/uploads\/2025\/09\/CD-300x300.webp 300w, https:\/\/offuniversity.org\/wp-content\/uploads\/2025\/09\/CD-150x150.webp 150w\" sizes=\"auto, (max-width: 720px) 100vw, 720px\" \/><\/figure>\n\n\n\n<h4 class=\"gb-headline gb-headline-ec538322 gb-headline-text\">\u00c7a\u011fla Diner<\/h4>\n\n\n\n<p class=\"gb-headline gb-headline-5762f307 gb-headline-text\"><em><em>Vorsitzende <\/em><\/em><\/p>\n\n<\/div><\/div>\n\n<div class=\"gb-grid-column gb-grid-column-cda84597\"><div class=\"gb-container gb-container-cda84597\">\n\n<figure class=\"gb-block-image gb-block-image-2fcacedf\"><img loading=\"lazy\" decoding=\"async\" width=\"1024\" height=\"1024\" class=\"gb-image gb-image-2fcacedf is-style-rounded\" src=\"https:\/\/offuniversity.org\/wp-content\/uploads\/2024\/03\/MoustafaAlabsi-1024x1024.jpg\" alt=\"Kopfschuss von Mohamad Moustafa Alabsi.\" title=\"MoustafaAlabsi\" srcset=\"https:\/\/offuniversity.org\/wp-content\/uploads\/2024\/03\/MoustafaAlabsi-1024x1024.jpg 1024w, https:\/\/offuniversity.org\/wp-content\/uploads\/2024\/03\/MoustafaAlabsi-300x300.jpg 300w, https:\/\/offuniversity.org\/wp-content\/uploads\/2024\/03\/MoustafaAlabsi-150x150.jpg 150w, https:\/\/offuniversity.org\/wp-content\/uploads\/2024\/03\/MoustafaAlabsi-768x768.jpg 768w, https:\/\/offuniversity.org\/wp-content\/uploads\/2024\/03\/MoustafaAlabsi.jpg 1080w\" sizes=\"auto, (max-width: 1024px) 100vw, 1024px\" \/><\/figure>\n\n\n\n<h4 class=\"gb-headline gb-headline-847865ba gb-headline-text\">Mohamad Moustafa Alabsi<\/h4>\n\n\n\n<p class=\"gb-headline gb-headline-a15bd2a6 gb-headline-text\"><em><em>Schriftf\u00fchrung<\/em><\/em><\/p>\n\n<\/div><\/div>\n\n<div class=\"gb-grid-column gb-grid-column-1eb2bd3f\"><div class=\"gb-container gb-container-1eb2bd3f\">\n\n<figure class=\"gb-block-image gb-block-image-ec618d89\"><img loading=\"lazy\" decoding=\"async\" width=\"616\" height=\"616\" class=\"gb-image gb-image-ec618d89 is-style-rounded\" src=\"https:\/\/offuniversity.org\/wp-content\/uploads\/2024\/09\/SOH.jpg\" alt=\"Kopfschuss von Serra \u00d6zhan-Hocao\u011flu\" title=\"SOH\" srcset=\"https:\/\/offuniversity.org\/wp-content\/uploads\/2024\/09\/SOH.jpg 616w, https:\/\/offuniversity.org\/wp-content\/uploads\/2024\/09\/SOH-300x300.jpg 300w, https:\/\/offuniversity.org\/wp-content\/uploads\/2024\/09\/SOH-150x150.jpg 150w\" sizes=\"auto, (max-width: 616px) 100vw, 616px\" \/><\/figure>\n\n\n\n<h4 class=\"gb-headline gb-headline-0d248802 gb-headline-text\">Serra \u00d6zhan-Hocao\u011flu<\/h4>\n\n\n\n<p class=\"gb-headline gb-headline-00b035d2 gb-headline-text\"><em><em>Schatzmeister*in<\/em><\/em><\/p>\n\n<\/div><\/div>\n\n<div class=\"gb-grid-column gb-grid-column-c35fca11\"><div class=\"gb-container gb-container-c35fca11\">\n\n<figure class=\"gb-block-image gb-block-image-701ff36b\"><img loading=\"lazy\" decoding=\"async\" width=\"720\" height=\"720\" class=\"gb-image gb-image-701ff36b is-style-rounded\" src=\"https:\/\/offuniversity.org\/wp-content\/uploads\/2024\/02\/JS.jpg\" alt=\"Kopfbild von Julia Strutz.\" title=\"JS\" srcset=\"https:\/\/offuniversity.org\/wp-content\/uploads\/2024\/02\/JS.jpg 720w, https:\/\/offuniversity.org\/wp-content\/uploads\/2024\/02\/JS-300x300.jpg 300w, https:\/\/offuniversity.org\/wp-content\/uploads\/2024\/02\/JS-150x150.jpg 150w\" sizes=\"auto, (max-width: 720px) 100vw, 720px\" \/><\/figure>\n\n\n\n<h4 class=\"gb-headline gb-headline-93673e93 gb-headline-text\">Julia Strutz<\/h4>\n\n\n\n<p class=\"gb-headline gb-headline-3c7ea468 gb-headline-text\"><em><em>Gesch\u00e4ftsf\u00fchrerin<\/em><\/em><\/p>\n\n<\/div><\/div>\n\n<div class=\"gb-grid-column gb-grid-column-7187b9df\"><div class=\"gb-container gb-container-7187b9df\">\n\n<figure class=\"gb-block-image gb-block-image-6537e72a\"><img loading=\"lazy\" decoding=\"async\" width=\"720\" height=\"720\" class=\"gb-image gb-image-6537e72a is-style-rounded\" src=\"https:\/\/offuniversity.org\/wp-content\/uploads\/2024\/02\/BA.jpg\" alt=\"Kopfschuss von Bengi Aslan.\" title=\"BA\" srcset=\"https:\/\/offuniversity.org\/wp-content\/uploads\/2024\/02\/BA.jpg 720w, https:\/\/offuniversity.org\/wp-content\/uploads\/2024\/02\/BA-300x300.jpg 300w, https:\/\/offuniversity.org\/wp-content\/uploads\/2024\/02\/BA-150x150.jpg 150w\" sizes=\"auto, (max-width: 720px) 100vw, 720px\" \/><\/figure>\n\n\n\n<h4 class=\"gb-headline gb-headline-56ed9acf gb-headline-text\">Bengi Aslan<\/h4>\n\n\n\n<p class=\"gb-headline gb-headline-0dc791ce gb-headline-text\"><em>Lerndesigner<\/em><br><em>Projekt-Koordination<\/em><\/p>\n\n<\/div><\/div>\n\n<div class=\"gb-grid-column gb-grid-column-ebeba299\"><div class=\"gb-container gb-container-ebeba299\">\n\n<figure class=\"gb-block-image gb-block-image-0da09c88\"><img loading=\"lazy\" decoding=\"async\" width=\"720\" height=\"720\" class=\"gb-image gb-image-0da09c88 is-style-rounded\" src=\"https:\/\/offuniversity.org\/wp-content\/uploads\/2024\/02\/RM.jpg\" alt=\"Kopfschuss von Ruth Mulandi.\" title=\"RM\" srcset=\"https:\/\/offuniversity.org\/wp-content\/uploads\/2024\/02\/RM.jpg 720w, https:\/\/offuniversity.org\/wp-content\/uploads\/2024\/02\/RM-300x300.jpg 300w, https:\/\/offuniversity.org\/wp-content\/uploads\/2024\/02\/RM-150x150.jpg 150w\" sizes=\"auto, (max-width: 720px) 100vw, 720px\" \/><\/figure>\n\n\n\n<h4 class=\"gb-headline gb-headline-f5a5699d gb-headline-text\">Ruth Mulandi<\/h4>\n\n\n\n<p class=\"gb-headline gb-headline-f0e12e1f gb-headline-text\"><em>Fundraising<\/em><\/p>\n\n<\/div><\/div>\n\n<div class=\"gb-grid-column gb-grid-column-1613ebb3\"><div class=\"gb-container gb-container-1613ebb3\">\n\n<figure class=\"gb-block-image gb-block-image-723ef829\"><img loading=\"lazy\" decoding=\"async\" width=\"720\" height=\"720\" class=\"gb-image gb-image-723ef829 is-style-rounded\" src=\"https:\/\/offuniversity.org\/wp-content\/uploads\/2024\/02\/EK.jpg\" alt=\"Kopfschuss von Ezgi Keskinsoy.\" title=\"EK\" srcset=\"https:\/\/offuniversity.org\/wp-content\/uploads\/2024\/02\/EK.jpg 720w, https:\/\/offuniversity.org\/wp-content\/uploads\/2024\/02\/EK-300x300.jpg 300w, https:\/\/offuniversity.org\/wp-content\/uploads\/2024\/02\/EK-150x150.jpg 150w\" sizes=\"auto, (max-width: 720px) 100vw, 720px\" \/><\/figure>\n\n\n\n<h4 class=\"gb-headline gb-headline-eea0e191 gb-headline-text\">Ezgi Keskinsoy<\/h4>\n\n\n\n<p class=\"gb-headline gb-headline-0c014983 gb-headline-text\"><em>Grafik- und Webdesignerin<\/em><\/p>\n\n<\/div><\/div>\n<\/div>\n<\/div><\/div>\n<\/div>\n<\/div>\n<\/div><div class=\"gb-container gb-container-43616026\">\n<div class=\"gb-container gb-container-2d42e13a\">\n<div class=\"gb-grid-wrapper gb-grid-wrapper-c19c1a3b\">\n<div class=\"gb-grid-column gb-grid-column-57e93c0a\"><div class=\"gb-container gb-container-57e93c0a\">\n\n<h1 class=\"gb-headline gb-headline-87745225 gb-headline-text\">Aktive Mitglieder.<\/h1>\n\n<\/div><\/div>\n\n<div class=\"gb-grid-column gb-grid-column-a983eff6\"><div class=\"gb-container gb-container-a983eff6\">\n<div class=\"gb-grid-wrapper gb-grid-wrapper-650ec48c\">\n<div class=\"gb-grid-column gb-grid-column-a27adf1b\"><div class=\"gb-container gb-container-a27adf1b\">\n\n<p class=\"gb-headline gb-headline-464d33ae gb-headline-text\">UNTERST\u00dcTZUNG DES VORSTANDS<\/p>\n\n\n\n<h5 class=\"gb-headline gb-headline-e632be07 gb-headline-text\">Sevil \u00c7ak\u0131r<br>Tuba \u0130nal \u00c7eki\u00e7<br>G\u00fclcan Erg\u00fcn<br>Aleksandr Rusanov<br><\/h5>\n\n<\/div><\/div>\n\n<div class=\"gb-grid-column gb-grid-column-98a07dca\"><div class=\"gb-container gb-container-98a07dca\">\n\n<p class=\"gb-headline gb-headline-53a2a575 gb-headline-text\">ETHIKKOMMISSION<\/p>\n\n\n\n<h5 class=\"gb-headline gb-headline-3a84bf99 gb-headline-text\">Babykilla<br>Hakan Altun<br>Karam<br>Merve Fidan<br>Sema Semih Togay<\/h5>\n\n<\/div><\/div>\n<\/div>\n<\/div><\/div>\n<\/div>\n<\/div>\n<\/div><div class=\"gb-container gb-container-8ebdc477\">\n<div class=\"gb-container gb-container-8546a5df\">\n<div class=\"gb-grid-wrapper gb-grid-wrapper-5fa5d3cf\">\n<div class=\"gb-grid-column gb-grid-column-8eb71cb8\"><div class=\"gb-container gb-container-8eb71cb8\">\n\n<h4 class=\"gb-headline gb-headline-40d3a1fa gb-headline-text\">VERHALTENSKODEX<\/h4>\n\n<\/div><\/div>\n\n<div class=\"gb-grid-column gb-grid-column-c9ef3467\"><div class=\"gb-container gb-container-c9ef3467\">\n\n<p>In unserem Verhaltenskodex sind ethische Richtlinien f\u00fcr unser Fundraising und unsere Partnerschaften und die Handhabung von Konflikten am Arbeitsplatz und in unserer Lehr- und Forschungst\u00e4tigkeit definiert. Die Einhaltung des Verhaltenskodex wird von unserem Ethikausschuss \u00fcberwacht, der jedes Jahr von der Mitgliedsversammlung gew\u00e4hlt wird. <\/p>\n\n\n\n<p>Sie k\u00f6nnen unseren Verhaltenskodex hier auf <strong><a href=\"https:\/\/offuniversity.org\/wp-content\/uploads\/2024\/06\/Off_University_Verhaltenskodex_DE.pdf\" target=\"_blank\" data-type=\"link\" data-id=\"https:\/\/offuniversity.org\/wp-content\/uploads\/2024\/06\/Off_University_Verhaltenskodex_DE.pdf\" rel=\"noreferrer noopener\">Deutsch<\/a><\/strong>, <strong><a href=\"https:\/\/offuniversity.org\/wp-content\/uploads\/2024\/06\/Off_University_Code_of_Conduct_EN.pdf\" target=\"_blank\" data-type=\"link\" data-id=\"https:\/\/offuniversity.org\/wp-content\/uploads\/2024\/06\/Off_University_Code_of_Conduct_EN.pdf\" rel=\"noreferrer noopener\">Englisch<\/a><\/strong> und <strong><a href=\"https:\/\/offuniversity.org\/wp-content\/uploads\/2024\/06\/Off_University_Davranis_ilkeleri.TR_.pdf\" target=\"_blank\" data-type=\"link\" data-id=\"https:\/\/offuniversity.org\/wp-content\/uploads\/2024\/06\/Off_University_Davranis_ilkeleri.TR_.pdf\" rel=\"noreferrer noopener\">T\u00fcrkisch<\/a><\/strong> lesen.<\/p>\n\n<\/div><\/div>\n<\/div>\n<\/div>\n<\/div>","protected":false},"excerpt":{"rendered":"","protected":false},"author":1,"featured_media":6013,"parent":0,"menu_order":0,"comment_status":"closed","ping_status":"closed","template":"","meta":{"footnotes":""},"class_list":{"0":"post-5587","1":"page","2":"type-page","3":"status-publish","4":"has-post-thumbnail","6":"infinite-scroll-item"},"_links":{"self":[{"href":"https:\/\/offuniversity.org\/de\/wp-json\/wp\/v2\/pages\/5587","targetHints":{"allow":["GET"]}}],"collection":[{"href":"https:\/\/offuniversity.org\/de\/wp-json\/wp\/v2\/pages"}],"about":[{"href":"https:\/\/offuniversity.org\/de\/wp-json\/wp\/v2\/types\/page"}],"author":[{"embeddable":true,"href":"https:\/\/offuniversity.org\/de\/wp-json\/wp\/v2\/users\/1"}],"replies":[{"embeddable":true,"href":"https:\/\/offuniversity.org\/de\/wp-json\/wp\/v2\/comments?post=5587"}],"version-history":[{"count":24,"href":"https:\/\/offuniversity.org\/de\/wp-json\/wp\/v2\/pages\/5587\/revisions"}],"predecessor-version":[{"id":14742,"href":"https:\/\/offuniversity.org\/de\/wp-json\/wp\/v2\/pages\/5587\/revisions\/14742"}],"wp:featuredmedia":[{"embeddable":true,"href":"https:\/\/offuniversity.org\/de\/wp-json\/wp\/v2\/media\/6013"}],"wp:attachment":[{"href":"https:\/\/offuniversity.org\/de\/wp-json\/wp\/v2\/media?parent=5587"}],"curies":[{"name":"wp","href":"https:\/\/api.w.org\/{rel}","templated":true}]}}