{"id":5785,"date":"2024-01-20T13:15:27","date_gmt":"2024-01-20T13:15:27","guid":{"rendered":"https:\/\/offuniversity.org\/forschung\/"},"modified":"2026-02-02T08:02:33","modified_gmt":"2026-02-02T08:02:33","slug":"research","status":"publish","type":"page","link":"https:\/\/offuniversity.org\/de\/research\/","title":{"rendered":"Forschung"},"content":{"rendered":"<div class=\"gb-container gb-container-efce50d9\">\n<div class=\"gb-container gb-container-b83d4d5a\">\n\n<figure class=\"gb-block-image gb-block-image-8d71a163\"><img loading=\"lazy\" decoding=\"async\" width=\"2560\" height=\"793\" class=\"gb-image gb-image-8d71a163\" src=\"https:\/\/offuniversity.org\/wp-content\/uploads\/2024\/03\/Research-scaled.jpg\" alt=\"Illustration einer Person, die einen gelben Textmarker in der Hand h\u00e4lt und Text auf einem Dokument markiert. Das Dokument enth\u00e4lt verschiedene Diagramme und Anmerkungen, darunter ein Balkendiagramm in Gelb, Lila und Blau. Die Person tr\u00e4gt einen violetten \u00c4rmel und ein goldenes Armband an ihrem Handgelenk. Die hervorgehobenen Linien und Kreise betonen bestimmte Teile des Textes.\" title=\"Forschung\" srcset=\"https:\/\/offuniversity.org\/wp-content\/uploads\/2024\/03\/Research-scaled.jpg 2560w, https:\/\/offuniversity.org\/wp-content\/uploads\/2024\/03\/Research-300x93.jpg 300w, https:\/\/offuniversity.org\/wp-content\/uploads\/2024\/03\/Research-1024x317.jpg 1024w, https:\/\/offuniversity.org\/wp-content\/uploads\/2024\/03\/Research-768x238.jpg 768w, https:\/\/offuniversity.org\/wp-content\/uploads\/2024\/03\/Research-1536x476.jpg 1536w, https:\/\/offuniversity.org\/wp-content\/uploads\/2024\/03\/Research-2048x635.jpg 2048w\" sizes=\"auto, (max-width: 2560px) 100vw, 2560px\" \/><\/figure>\n\n<\/div>\n<\/div><section class=\"gb-container gb-container-48873ec1\">\n<div class=\"gb-container gb-container-077ffc1f\">\n\n<h2 class=\"gb-headline gb-headline-bd490912 gb-headline-text\">Forschung an der Off University<\/h2>\n\n\n\n<p>An der Off University konzentriert sich unsere Forschung vor allem auf kritische Friedensforschung, Gender Studies und akademische Freiheit. Unser Ziel ist es, die Rolle der Hochschule in der Gesellschaft zu \u00fcberdenken und neu zu definieren. Wir unterst\u00fctzen interdisziplin\u00e4re Projekte, die traditionelle akademische Normen in Frage stellen und eine emanzipatorische Bildung f\u00f6rdern. Wir unterst\u00fctzen auch die Kunst als Mittel der wissenschaftlichen Forschung und der Wissensproduktion und f\u00f6rdern durch unsere Publikationsplattform die Verbreitung von Forschungsergebnissen.   <\/p>\n\n<\/div>\n<\/section><div class=\"gb-container gb-container-2f665b7a\">\n\n<h1 class=\"gb-headline gb-headline-352c8795 gb-headline-text\">Forschungsbereiche<\/h1>\n\n\n<div class=\"gb-container gb-container-a4e94208\">\n<div class=\"gb-container gb-container-bb82407b\">\n<div class=\"gb-grid-wrapper gb-grid-wrapper-de47f944\">\n<div class=\"gb-grid-column gb-grid-column-cf8f061b\"><div class=\"gb-container gb-container-cf8f061b\">\n\n<figure class=\"gb-block-image gb-block-image-5639c9de\"><img loading=\"lazy\" decoding=\"async\" width=\"1609\" height=\"1070\" class=\"gb-image gb-image-5639c9de\" src=\"https:\/\/offuniversity.org\/wp-content\/uploads\/2024\/03\/CPS_image.jpg\" alt=\"Illustration von zwei H\u00e4nden, die einen Knoten in einem Seil l\u00f6sen. Das Seil ist geschlungen und in der Mitte gekreuzt, wobei die Enden von den H\u00e4nden durchgezogen werden. Ein Ende des Seils ist mit einem einfachen \u00dcberhandknoten versehen. Die H\u00e4nde sind so positioniert, dass sie den Bindungsvorgang abschlie\u00dfen.\" title=\"CPS_image\" srcset=\"https:\/\/offuniversity.org\/wp-content\/uploads\/2024\/03\/CPS_image.jpg 1609w, https:\/\/offuniversity.org\/wp-content\/uploads\/2024\/03\/CPS_image-300x200.jpg 300w, https:\/\/offuniversity.org\/wp-content\/uploads\/2024\/03\/CPS_image-1024x681.jpg 1024w, https:\/\/offuniversity.org\/wp-content\/uploads\/2024\/03\/CPS_image-768x511.jpg 768w, https:\/\/offuniversity.org\/wp-content\/uploads\/2024\/03\/CPS_image-1536x1021.jpg 1536w\" sizes=\"auto, (max-width: 1609px) 100vw, 1609px\" \/><\/figure>\n\n\n\n<h3 class=\"gb-headline gb-headline-990827f7 gb-headline-text gbp-section__headline\">Friedensforschung<\/h3>\n\n\n\n<div class=\"gb-headline gb-headline-9f646065 gb-headline-text gbp-section__text\">Die Geschichte der Off University begann mit der Unterzeichnung einer Friedenspetition und der darauf folgenden Massenentlassung von Wissenschaftlern in der T\u00fcrkei Unser Engagement f\u00fcr den Frieden besteht in der Hoffnung, mit wissenschaftlichen Erkenntnissen zur Friedensschaffung beizutragen und Allianzen zwischen Natur-, Ingenieur-, Sozial- und Geisteswissenschaften zu schmieden, um die notwendigen Impulse f\u00fcr die Kriegsbek\u00e4mpfung zu erhalten.<\/div>\n\n<\/div><\/div>\n\n<div class=\"gb-grid-column gb-grid-column-aef18fd5\"><div class=\"gb-container gb-container-aef18fd5\">\n\n<figure class=\"gb-block-image gb-block-image-167273cf\"><img loading=\"lazy\" decoding=\"async\" width=\"2000\" height=\"1319\" class=\"gb-image gb-image-167273cf\" src=\"https:\/\/offuniversity.org\/wp-content\/uploads\/2024\/03\/Gender_image.jpg\" alt=\"Illustration einer lila Brille mit Geschlechtssymbolen auf den Gl\u00e4sern. Das linke Glas hat ein kombiniertes m\u00e4nnliches und weibliches Symbol, w\u00e4hrend das rechte Glas ein \u00e4hnliches, aber etwas anderes kombiniertes Geschlechtssymbol hat.\" title=\"Gender_image\" srcset=\"https:\/\/offuniversity.org\/wp-content\/uploads\/2024\/03\/Gender_image.jpg 2000w, https:\/\/offuniversity.org\/wp-content\/uploads\/2024\/03\/Gender_image-300x198.jpg 300w, https:\/\/offuniversity.org\/wp-content\/uploads\/2024\/03\/Gender_image-1024x675.jpg 1024w, https:\/\/offuniversity.org\/wp-content\/uploads\/2024\/03\/Gender_image-768x506.jpg 768w, https:\/\/offuniversity.org\/wp-content\/uploads\/2024\/03\/Gender_image-1536x1013.jpg 1536w\" sizes=\"auto, (max-width: 2000px) 100vw, 2000px\" \/><\/figure>\n\n\n\n<h3 class=\"gb-headline gb-headline-747be98e gb-headline-text gbp-section__headline\">Gender-Studies<\/h3>\n\n\n\n<div class=\"gb-headline gb-headline-67db4b9c gb-headline-text gbp-section__text\">Gender Studien sind weltweit ein umstrittenes akademisches Feld und der K\u00fcrzungen, Verunglimpfungen und der pers\u00f6nlichen Einsch\u00fcchterung von Wissenschaffenden und Studierendenausgesetzt. Wir sind bestrebt, einen Beitrag zum Bildungsangebot im Bereich der Gender Studies zu leisten, insbesondere in anderen Sprachen als Englisch, um dieses Wissen in Umlauf zu halten. Gemeinsam mit gef\u00e4hrdeten Wissenschaftfenden haben wir bereits 14 kostenfreie und f\u00fcr alle zug\u00e4ngliche Online-Seminare angeboten.  <\/div>\n\n<\/div><\/div>\n\n<div class=\"gb-grid-column gb-grid-column-046fe7ff\"><div class=\"gb-container gb-container-046fe7ff\">\n\n<figure class=\"gb-block-image gb-block-image-1afa2359\"><img loading=\"lazy\" decoding=\"async\" width=\"1500\" height=\"991\" class=\"gb-image gb-image-1afa2359\" src=\"https:\/\/offuniversity.org\/wp-content\/uploads\/2024\/02\/RU.jpg\" alt=\"Illustration einer Gruppe von Personen, die in einer kreisf\u00f6rmigen Formation sitzen. Sie f\u00fchren eine Diskussion, mit Sprechblasen \u00fcber ihren K\u00f6pfen, die in verschiedenen Gr\u00fcnt\u00f6nen dargestellt sind und den Eindruck einer gemeinsamen oder gemeinschaftlichen Sitzung vermitteln.\" title=\"RU\" srcset=\"https:\/\/offuniversity.org\/wp-content\/uploads\/2024\/02\/RU.jpg 1500w, https:\/\/offuniversity.org\/wp-content\/uploads\/2024\/02\/RU-300x198.jpg 300w, https:\/\/offuniversity.org\/wp-content\/uploads\/2024\/02\/RU-1024x677.jpg 1024w, https:\/\/offuniversity.org\/wp-content\/uploads\/2024\/02\/RU-768x507.jpg 768w\" sizes=\"auto, (max-width: 1500px) 100vw, 1500px\" \/><\/figure>\n\n\n\n<h3 class=\"gb-headline gb-headline-7195590e gb-headline-text gbp-section__headline\">Die Universit\u00e4t neu denken<\/h3>\n\n\n\n<div class=\"gb-headline gb-headline-2111f50a gb-headline-text gbp-section__text\">Wir lieben und hassen die Universit\u00e4t! Um sie zu einem weniger hierarchischen, inklusiveren und demokratischen Ort mit besseren Arbeitsbedingungen f\u00fcr alle Wissenschaffende zu machen, analysieren wir die Universit\u00e4t als Institution und denken sie gemeinsam neu. Mit unseren Aktivit\u00e4ten au\u00dferhalb dieser Institution, aber immer in enger Zusammenarbeit mit ihr, wollen wir zu Verbesserungen beitragen.  <\/div>\n\n<\/div><\/div>\n<\/div>\n<\/div>\n<\/div>\n<\/div><div class=\"gb-container gb-container-5607668b\">\n\n<h1 class=\"gb-headline gb-headline-f6634816 gb-headline-text\">Unsere aktuellen Forschungsprojekte<\/h1>\n\n\n<div class=\"gb-container gb-container-c4a62106\">\n<div class=\"gb-container gb-container-50bf2b22\">\n<div class=\"gb-grid-wrapper gb-grid-wrapper-fcbff01b\">\n<div class=\"gb-grid-column gb-grid-column-b5dc220b\"><div class=\"gb-container gb-container-b5dc220b\">\n\n<figure class=\"gb-block-image gb-block-image-16772fcd\"><img loading=\"lazy\" decoding=\"async\" width=\"1620\" height=\"1080\" class=\"gb-image gb-image-16772fcd\" src=\"https:\/\/offuniversity.org\/wp-content\/uploads\/2024\/08\/vaha_hub.webp\" alt=\"Tora \u00c7and \u00fb H\u00fbnera Kurd\u00ee Logo\" title=\"vaha_hub\" srcset=\"https:\/\/offuniversity.org\/wp-content\/uploads\/2024\/08\/vaha_hub.webp 1620w, https:\/\/offuniversity.org\/wp-content\/uploads\/2024\/08\/vaha_hub-300x200.webp 300w, https:\/\/offuniversity.org\/wp-content\/uploads\/2024\/08\/vaha_hub-1024x683.webp 1024w, https:\/\/offuniversity.org\/wp-content\/uploads\/2024\/08\/vaha_hub-768x512.webp 768w, https:\/\/offuniversity.org\/wp-content\/uploads\/2024\/08\/vaha_hub-1536x1024.webp 1536w\" sizes=\"auto, (max-width: 1620px) 100vw, 1620px\" \/><\/figure>\n\n\n<div class=\"gb-container gb-container-c590dc63\">\n\n<h3 class=\"gb-headline gb-headline-4961d5e8 gb-headline-text gbp-section__headline\"><a href=\"https:\/\/offuniversity.org\/journey-of-kurdish-women-to-berlin\/\" target=\"_blank\" rel=\"noreferrer noopener\">The Journey of Kurdish Women to Berlin<\/a><\/h3>\n\n\n\n<div class=\"gb-headline gb-headline-c3783d14 gb-headline-text gbp-section__text\">Our project explores the migration experiences of Kurdish women through artistic research and storytelling. We document personal narratives that highlight displacement and identity by conducting in-depth interviews, focus group discussions, and a theater workshop. The project fosters dialogue between the Kurdish region and the diaspora in Germany, using the Kurdish language as a bridge for connection. Outcomes include a piece inspired by these stories as part of our endeavour to connect with the Kurdish region and our peace network.   <\/div>\n\n\n\n<p class=\"gb-headline gb-headline-e888cab0 gb-headline-text gbp-section__text\"><em>The project is funded by the VAHA programme and realised in collaboration with the partners from Diyarbak\u0131r.<\/em><\/p>\n\n\n\n<a class=\"gb-button gb-button-d832efe9\" href=\"https:\/\/offuniversity.org\/journey-of-kurdish-women-to-berlin\/\" target=\"_blank\" rel=\"noopener noreferrer\"><span class=\"gb-button-text\"><em>Mehr lesen<\/em><\/span><span class=\"gb-icon\"><svg xmlns=\"http:\/\/www.w3.org\/2000\/svg\" aria-hidden=\"true\" role=\"img\" height=\"1em\" width=\"1em\" viewbox=\"0 0 256 512\"><path fill=\"currentColor\" d=\"M224.3 273l-136 136c-9.4 9.4-24.6 9.4-33.9 0l-22.6-22.6c-9.4-9.4-9.4-24.6 0-33.9l96.4-96.4-96.4-96.4c-9.4-9.4-9.4-24.6 0-33.9L54.3 103c9.4-9.4 24.6-9.4 33.9 0l136 136c9.5 9.4 9.5 24.6.1 34z\"><\/path><\/svg><\/span><\/a>\n\n<\/div>\n<\/div><\/div>\n\n<div class=\"gb-grid-column gb-grid-column-fef6cca8\"><div class=\"gb-container gb-container-fef6cca8\">\n\n<figure class=\"gb-block-image gb-block-image-98c0e4c6\"><img loading=\"lazy\" decoding=\"async\" width=\"1609\" height=\"1099\" class=\"gb-image gb-image-98c0e4c6\" src=\"https:\/\/offuniversity.org\/wp-content\/uploads\/2024\/05\/WJ-image.jpg\" alt=\"Illustration eines rosafarbenen Drachens, der mit einem Schwanz, der einem Filmstreifen \u00e4hnelt, fliegt. Die Schnur des Drachens ist mit Wellenlinien dargestellt, die eine Bewegung oder eine Signal\u00fcbertragung andeuten.\" title=\"WJ-image\" srcset=\"https:\/\/offuniversity.org\/wp-content\/uploads\/2024\/05\/WJ-image.jpg 1609w, https:\/\/offuniversity.org\/wp-content\/uploads\/2024\/05\/WJ-image-300x205.jpg 300w, https:\/\/offuniversity.org\/wp-content\/uploads\/2024\/05\/WJ-image-1024x699.jpg 1024w, https:\/\/offuniversity.org\/wp-content\/uploads\/2024\/05\/WJ-image-768x525.jpg 768w, https:\/\/offuniversity.org\/wp-content\/uploads\/2024\/05\/WJ-image-1536x1049.jpg 1536w\" sizes=\"auto, (max-width: 1609px) 100vw, 1609px\" \/><\/figure>\n\n\n<div class=\"gb-container gb-container-7fd2293a\">\n\n<h3 class=\"gb-headline gb-headline-8dcac12b gb-headline-text gbp-section__headline\"><a href=\"https:\/\/offuniversity.org\/de\/freedom-of-research\/\" target=\"_blank\" data-type=\"link\" data-id=\"https:\/\/offuniversity.org\/freedom-of-research\/\" rel=\"noreferrer noopener\">Dringend Gesucht:<br>Freiheit des Forschens<br>und Lernens<\/a><\/h3>\n\n\n\n<div class=\"gb-headline gb-headline-e3991c3f gb-headline-text gbp-section__text\">Mit unserer Forschung m\u00f6chten wir die Vorstellungen und Erwartungen von Freiheit von Neu-Berliner*innen erforschen, die politische Repression und Diskriminierung erlebt haben. In einem gemeinschaftlichen Prozess mit Kunstschaffenden mit eigener Migrationserfahrung erstellen zwei Gruppen von jeweils 15 Teilnehmenden ein Video und ein H\u00f6rspiel, in dem sie ihre Definition und ihre Erwartungen an Freiheit dokumentieren. Die Ergebnisse dieser k\u00fcnstlerischen Forschung wurden einem breiten Publikum zug\u00e4nglich gemacht, um Diskussionen \u00fcber den Wert freier und zug\u00e4nglicher Bildung anzuregen.   <\/div>\n\n\n\n<p class=\"gb-headline gb-headline-343b38b1 gb-headline-text gbp-section__text\"><em>Das Projekt wurde vom Bundesministerium f\u00fcr Bildung und Forschung (BMBF) gef\u00f6rdert.<\/em><\/p>\n\n\n\n<a class=\"gb-button gb-button-b1fba06c\" href=\"https:\/\/offuniversity.org\/de\/freedom-of-research\/\" target=\"_blank\" rel=\"nofollow noopener noreferrer\"><span class=\"gb-button-text\"><em>Mehr lesen<\/em><\/span><span class=\"gb-icon\"><svg xmlns=\"http:\/\/www.w3.org\/2000\/svg\" aria-hidden=\"true\" role=\"img\" height=\"1em\" width=\"1em\" viewbox=\"0 0 256 512\"><path fill=\"currentColor\" d=\"M224.3 273l-136 136c-9.4 9.4-24.6 9.4-33.9 0l-22.6-22.6c-9.4-9.4-9.4-24.6 0-33.9l96.4-96.4-96.4-96.4c-9.4-9.4-9.4-24.6 0-33.9L54.3 103c9.4-9.4 24.6-9.4 33.9 0l136 136c9.5 9.4 9.5 24.6.1 34z\"><\/path><\/svg><\/span><\/a>\n\n<\/div>\n<\/div><\/div>\n\n<div class=\"gb-grid-column gb-grid-column-b92da643\"><div class=\"gb-container gb-container-b92da643\">\n\n<figure class=\"gb-block-image gb-block-image-a838dff9\"><img loading=\"lazy\" decoding=\"async\" width=\"1920\" height=\"1280\" class=\"gb-image gb-image-a838dff9\" src=\"https:\/\/offuniversity.org\/wp-content\/uploads\/2024\/12\/CPS.jpg\" alt=\"Critical Peace Studies flyer in Turkish, Kurdish and English.\" title=\"CPS\" srcset=\"https:\/\/offuniversity.org\/wp-content\/uploads\/2024\/12\/CPS.jpg 1920w, https:\/\/offuniversity.org\/wp-content\/uploads\/2024\/12\/CPS-300x200.jpg 300w, https:\/\/offuniversity.org\/wp-content\/uploads\/2024\/12\/CPS-1024x683.jpg 1024w, https:\/\/offuniversity.org\/wp-content\/uploads\/2024\/12\/CPS-768x512.jpg 768w, https:\/\/offuniversity.org\/wp-content\/uploads\/2024\/12\/CPS-1536x1024.jpg 1536w\" sizes=\"auto, (max-width: 1920px) 100vw, 1920px\" \/><\/figure>\n\n\n<div class=\"gb-container gb-container-59343e29\">\n\n<h3 class=\"gb-headline gb-headline-c7db4a13 gb-headline-text gbp-section__headline\"><a href=\"https:\/\/off.pubpub.org\/-critical-peace-studies-in-turkey\" data-type=\"link\" data-id=\"https:\/\/off.pubpub.org\/-critical-peace-studies-in-turkey\" target=\"_blank\" rel=\"noreferrer noopener\">Kritische Friedensforschung<\/a><\/h3>\n\n\n\n<div class=\"gb-headline gb-headline-bd9fbb66 gb-headline-text gbp-section__text\">Die Geschichte von Off University begann mit der Unterzeichnung einer Friedenspetition und der darauf folgenden Massenentlassung von Wissenschaffenden in der T\u00fcrkei. Mit unserem Engagement f\u00fcr den Frieden hoffen wir, , mit wissenschaftlichen Erkenntnissen zur Friedensschaffung beizutragen und Allianzen zwischen Natur-, Ingenieur-, Sozial- und Geisteswissenschaften zu schmieden, um notwendige Impulse f\u00fcr die Kriegsbek\u00e4mpfung zu erhalten. Das Forschungsprojekt Kritische Friedensforschung in der T\u00fcrkei besteht seit 2021.   &nbsp;<\/div>\n\n\n\n<p class=\"gb-headline gb-headline-ee2e6ba5 gb-headline-text gbp-section__text\"><em>Das Projekt wurde von der Rosa-Luxemburg-Stiftung finanziert. Rosa-Luxemburg-Stiftung gef\u00f6rdert. <\/em><\/p>\n\n\n\n<a class=\"gb-button gb-button-6fef618b\" href=\"https:\/\/off.pubpub.org\/-critical-peace-studies-in-turkey\" target=\"_blank\" rel=\"noopener noreferrer\"><span class=\"gb-button-text\"><em>Mehr lesen<\/em><\/span><span class=\"gb-icon\"><svg xmlns=\"http:\/\/www.w3.org\/2000\/svg\" aria-hidden=\"true\" role=\"img\" height=\"1em\" width=\"1em\" viewbox=\"0 0 256 512\"><path fill=\"currentColor\" d=\"M224.3 273l-136 136c-9.4 9.4-24.6 9.4-33.9 0l-22.6-22.6c-9.4-9.4-9.4-24.6 0-33.9l96.4-96.4-96.4-96.4c-9.4-9.4-9.4-24.6 0-33.9L54.3 103c9.4-9.4 24.6-9.4 33.9 0l136 136c9.5 9.4 9.5 24.6.1 34z\"><\/path><\/svg><\/span><\/a>\n\n<\/div>\n<\/div><\/div>\n<\/div>\n<\/div>\n<\/div>\n<\/div>","protected":false},"excerpt":{"rendered":"<p>Forschung an der Off University An der Off University konzentriert sich unsere Forschung vor allem auf kritische Friedensforschung, Gender Studies &#8230; <a title=\"Forschung\" class=\"read-more\" href=\"https:\/\/offuniversity.org\/de\/research\/\" aria-label=\"Mehr Informationen \u00fcber Forschung\">Weiterlesen &#8230;<\/a><\/p>\n","protected":false},"author":1,"featured_media":5078,"parent":0,"menu_order":0,"comment_status":"closed","ping_status":"closed","template":"","meta":{"footnotes":""},"class_list":{"0":"post-5785","1":"page","2":"type-page","3":"status-publish","4":"has-post-thumbnail","6":"infinite-scroll-item"},"_links":{"self":[{"href":"https:\/\/offuniversity.org\/de\/wp-json\/wp\/v2\/pages\/5785","targetHints":{"allow":["GET"]}}],"collection":[{"href":"https:\/\/offuniversity.org\/de\/wp-json\/wp\/v2\/pages"}],"about":[{"href":"https:\/\/offuniversity.org\/de\/wp-json\/wp\/v2\/types\/page"}],"author":[{"embeddable":true,"href":"https:\/\/offuniversity.org\/de\/wp-json\/wp\/v2\/users\/1"}],"replies":[{"embeddable":true,"href":"https:\/\/offuniversity.org\/de\/wp-json\/wp\/v2\/comments?post=5785"}],"version-history":[{"count":27,"href":"https:\/\/offuniversity.org\/de\/wp-json\/wp\/v2\/pages\/5785\/revisions"}],"predecessor-version":[{"id":14843,"href":"https:\/\/offuniversity.org\/de\/wp-json\/wp\/v2\/pages\/5785\/revisions\/14843"}],"wp:featuredmedia":[{"embeddable":true,"href":"https:\/\/offuniversity.org\/de\/wp-json\/wp\/v2\/media\/5078"}],"wp:attachment":[{"href":"https:\/\/offuniversity.org\/de\/wp-json\/wp\/v2\/media?parent=5785"}],"curies":[{"name":"wp","href":"https:\/\/api.w.org\/{rel}","templated":true}]}}