{"id":6334,"date":"2024-06-06T09:31:58","date_gmt":"2024-06-06T09:31:58","guid":{"rendered":"https:\/\/offuniversity.org\/freedom-of-research\/anouschka-trocker\/"},"modified":"2024-06-11T14:06:39","modified_gmt":"2024-06-11T14:06:39","slug":"anouschka-trocker","status":"publish","type":"page","link":"https:\/\/offuniversity.org\/de\/anouschka-trocker\/","title":{"rendered":"Anouschka Trocker"},"content":{"rendered":"<div class=\"gb-container gb-container-3648a665\">\n<div class=\"gb-container gb-container-2fc5b5ef\">\n<div class=\"gb-grid-wrapper gb-grid-wrapper-3ce32d4f\">\n<div class=\"gb-grid-column gb-grid-column-f072f08a\"><div class=\"gb-container gb-container-f072f08a\">\n\n<figure class=\"gb-block-image gb-block-image-7256b09c\"><img loading=\"lazy\" decoding=\"async\" width=\"720\" height=\"720\" class=\"gb-image gb-image-7256b09c photo-shadow img\" src=\"https:\/\/offuniversity.org\/wp-content\/uploads\/2024\/06\/Anouschka.jpg\" alt=\"\" title=\"Anouschka\" srcset=\"https:\/\/offuniversity.org\/wp-content\/uploads\/2024\/06\/Anouschka.jpg 720w, https:\/\/offuniversity.org\/wp-content\/uploads\/2024\/06\/Anouschka-300x300.jpg 300w, https:\/\/offuniversity.org\/wp-content\/uploads\/2024\/06\/Anouschka-150x150.jpg 150w\" sizes=\"auto, (max-width: 720px) 100vw, 720px\" \/><\/figure>\n\n<\/div><\/div>\n\n<div class=\"gb-grid-column gb-grid-column-3621cf4a\"><div class=\"gb-container gb-container-3621cf4a\">\n\n<h4 class=\"gb-headline gb-headline-ba518d88 gb-headline-text\">Anouschka Trocker<\/h4>\n\n\n<div class=\"gb-container gb-container-af7a341c\">\n\n<p class=\"gb-headline gb-headline-f0c43e57 gb-headline-text\"><em><em>H\u00f6rspiel-Projektleiter <\/em>&#8211;<\/em><\/p>\n\n\n\n<p class=\"gb-headline gb-headline-65f9f1a5 gb-headline-text\"><em><a href=\"https:\/\/offuniversity.org\/de\/freedom-of-research\/\">Dringend Gesucht: Freiheit des Forschens und Lernens<\/a><\/em><\/p>\n\n<\/div>\n\n\n<p>Anouschka wurde 1970 in Italien geboren und studierte Literatur an der Freien Universit\u00e4t Berlin. Seit 1999 arbeitet sie an H\u00f6rspielen f\u00fcr den Deutschen Rundfunk, entwirft Sound f\u00fcr Theater, Film und Performance und kreiert Klanginstallationen. Sie liebt es, Geschichten zu erz\u00e4hlen, Stimmen zu sammeln und Kl\u00e4nge zu verwandeln, um neue M\u00f6glichkeiten und \u00fcberraschende Entdeckungen zu machen.<\/p>\n\n\n<div class=\"gb-container gb-container-57c24731\">\n<div class=\"gb-grid-wrapper gb-grid-wrapper-404fe91e\">\n<div class=\"gb-grid-column gb-grid-column-0b8a8e45\"><div class=\"gb-container gb-container-0b8a8e45\">\n\n<p class=\"gb-headline gb-headline-5862808d gb-headline-text\"><a href=\"https:\/\/soundcloud.com\/search?q=Anouschka%20Trocker\" target=\"_blank\" rel=\"noreferrer noopener\">Soundcloud<\/a><\/p>\n\n<\/div><\/div>\n\n<div class=\"gb-grid-column gb-grid-column-034f8015\"><div class=\"gb-container gb-container-034f8015\">\n\n<p class=\"gb-headline gb-headline-cfbcaec7 gb-headline-text\"><a href=\"https:\/\/aliaslass.exposure.co\/boh-boh-boh\" target=\"_blank\" rel=\"noreferrer noopener\">Rechercheprojekt<\/a><\/p>\n\n<\/div><\/div>\n\n<div class=\"gb-grid-column gb-grid-column-ac66b7e3\"><div class=\"gb-container gb-container-ac66b7e3\">\n\n<p class=\"gb-headline gb-headline-7dc03af9 gb-headline-text\"><a href=\"https:\/\/www.hoerspielundfeature.de\/die-tagebuecher-der-olga-bergholz-mit-allem-was-lebendig-in-100.html\" target=\"_blank\" rel=\"noreferrer noopener\">Feature<\/a><\/p>\n\n<\/div><\/div>\n\n<div class=\"gb-grid-column gb-grid-column-bed398d5\"><div class=\"gb-container gb-container-bed398d5\">\n\n<p class=\"gb-headline gb-headline-12b436c3 gb-headline-text\"><a href=\"https:\/\/www.hoerspielundfeature.de\/die-vielen-stimmen-meines-bruders-100.html\" target=\"_blank\" rel=\"noreferrer noopener\">H\u00f6rspiel<\/a><\/p>\n\n<\/div><\/div>\n<\/div>\n<\/div>\n<\/div><\/div>\n<\/div>\n<\/div>\n<\/div>\n<p><\/p>\n","protected":false},"excerpt":{"rendered":"","protected":false},"author":1,"featured_media":0,"parent":0,"menu_order":0,"comment_status":"closed","ping_status":"closed","template":"","meta":{"footnotes":""},"class_list":{"0":"post-6334","1":"page","2":"type-page","3":"status-publish","5":"infinite-scroll-item"},"_links":{"self":[{"href":"https:\/\/offuniversity.org\/de\/wp-json\/wp\/v2\/pages\/6334","targetHints":{"allow":["GET"]}}],"collection":[{"href":"https:\/\/offuniversity.org\/de\/wp-json\/wp\/v2\/pages"}],"about":[{"href":"https:\/\/offuniversity.org\/de\/wp-json\/wp\/v2\/types\/page"}],"author":[{"embeddable":true,"href":"https:\/\/offuniversity.org\/de\/wp-json\/wp\/v2\/users\/1"}],"replies":[{"embeddable":true,"href":"https:\/\/offuniversity.org\/de\/wp-json\/wp\/v2\/comments?post=6334"}],"version-history":[{"count":3,"href":"https:\/\/offuniversity.org\/de\/wp-json\/wp\/v2\/pages\/6334\/revisions"}],"predecessor-version":[{"id":6386,"href":"https:\/\/offuniversity.org\/de\/wp-json\/wp\/v2\/pages\/6334\/revisions\/6386"}],"wp:attachment":[{"href":"https:\/\/offuniversity.org\/de\/wp-json\/wp\/v2\/media?parent=6334"}],"curies":[{"name":"wp","href":"https:\/\/api.w.org\/{rel}","templated":true}]}}