{"id":6340,"date":"2024-06-06T09:39:30","date_gmt":"2024-06-06T09:39:30","guid":{"rendered":"https:\/\/offuniversity.org\/freedom-of-research\/nagehan-uskan\/"},"modified":"2024-06-11T14:05:20","modified_gmt":"2024-06-11T14:05:20","slug":"nagehan-uskan","status":"publish","type":"page","link":"https:\/\/offuniversity.org\/de\/nagehan-uskan\/","title":{"rendered":"Nagehan Uskan"},"content":{"rendered":"<div class=\"gb-container gb-container-3648a665\">\n<div class=\"gb-container gb-container-2fc5b5ef\">\n<div class=\"gb-grid-wrapper gb-grid-wrapper-3ce32d4f\">\n<div class=\"gb-grid-column gb-grid-column-f072f08a\"><div class=\"gb-container gb-container-f072f08a\">\n\n<figure class=\"gb-block-image gb-block-image-7256b09c\"><img loading=\"lazy\" decoding=\"async\" width=\"720\" height=\"720\" class=\"gb-image gb-image-7256b09c photo-shadow img\" src=\"https:\/\/offuniversity.org\/wp-content\/uploads\/2024\/02\/NU.jpg\" alt=\"\" title=\"NU\" srcset=\"https:\/\/offuniversity.org\/wp-content\/uploads\/2024\/02\/NU.jpg 720w, https:\/\/offuniversity.org\/wp-content\/uploads\/2024\/02\/NU-300x300.jpg 300w, https:\/\/offuniversity.org\/wp-content\/uploads\/2024\/02\/NU-150x150.jpg 150w\" sizes=\"auto, (max-width: 720px) 100vw, 720px\" \/><\/figure>\n\n<\/div><\/div>\n\n<div class=\"gb-grid-column gb-grid-column-3621cf4a\"><div class=\"gb-container gb-container-3621cf4a\">\n\n<h4 class=\"gb-headline gb-headline-ba518d88 gb-headline-text\">Nagehan Uskan<\/h4>\n\n\n<div class=\"gb-container gb-container-af7a341c\">\n\n<p class=\"gb-headline gb-headline-f0c43e57 gb-headline-text\"><em>Video Projektleiter &#8211;<\/em><\/p>\n\n\n\n<p class=\"gb-headline gb-headline-65f9f1a5 gb-headline-text\"><em><a href=\"https:\/\/offuniversity.org\/de\/freedom-of-research\/\">Dringend Gesucht: Freiheit des Forschens und Lernens<\/a><\/em><\/p>\n\n<\/div>\n\n\n<p>Nagehan ist Aktivistin, Filmwissenschaftlerin und Dokumentarfilmerin und lebt auf der griechischen Insel Lesbos, wo sie Kino, ein basisdemokratisches Videoaktivismus-Kollektiv, mitbegr\u00fcndet hat. Sie hat mehrere Kurse und Workshops zum visuellen Geschichtenerz\u00e4hlen mit der Humboldt-Universit\u00e4t Off University durchgef\u00fchrt und Fl\u00fcchtlingen und Aktivisten geholfen, aussagekr\u00e4ftige Videos zu erstellen, um ihre Geschichten zu erz\u00e4hlen.<\/p>\n\n\n<div class=\"gb-container gb-container-57c24731\">\n<div class=\"gb-grid-wrapper gb-grid-wrapper-404fe91e\">\n<div class=\"gb-grid-column gb-grid-column-0b8a8e45\"><div class=\"gb-container gb-container-0b8a8e45\">\n\n<p class=\"gb-headline gb-headline-5862808d gb-headline-text\"><a href=\"https:\/\/www.youtube.com\/watch?v=pnqKfvqr_Yk&amp;t=6s\" target=\"_blank\" rel=\"noreferrer noopener\">What is a Pushback?<\/a><\/p>\n\n<\/div><\/div>\n<\/div>\n<\/div>\n<\/div><\/div>\n<\/div>\n<\/div>\n<\/div>","protected":false},"excerpt":{"rendered":"","protected":false},"author":1,"featured_media":0,"parent":0,"menu_order":0,"comment_status":"closed","ping_status":"closed","template":"","meta":{"footnotes":""},"class_list":{"0":"post-6340","1":"page","2":"type-page","3":"status-publish","5":"infinite-scroll-item"},"_links":{"self":[{"href":"https:\/\/offuniversity.org\/de\/wp-json\/wp\/v2\/pages\/6340","targetHints":{"allow":["GET"]}}],"collection":[{"href":"https:\/\/offuniversity.org\/de\/wp-json\/wp\/v2\/pages"}],"about":[{"href":"https:\/\/offuniversity.org\/de\/wp-json\/wp\/v2\/types\/page"}],"author":[{"embeddable":true,"href":"https:\/\/offuniversity.org\/de\/wp-json\/wp\/v2\/users\/1"}],"replies":[{"embeddable":true,"href":"https:\/\/offuniversity.org\/de\/wp-json\/wp\/v2\/comments?post=6340"}],"version-history":[{"count":3,"href":"https:\/\/offuniversity.org\/de\/wp-json\/wp\/v2\/pages\/6340\/revisions"}],"predecessor-version":[{"id":6383,"href":"https:\/\/offuniversity.org\/de\/wp-json\/wp\/v2\/pages\/6340\/revisions\/6383"}],"wp:attachment":[{"href":"https:\/\/offuniversity.org\/de\/wp-json\/wp\/v2\/media?parent=6340"}],"curies":[{"name":"wp","href":"https:\/\/api.w.org\/{rel}","templated":true}]}}