{"id":6796,"date":"2024-09-04T10:40:54","date_gmt":"2024-09-04T10:40:54","guid":{"rendered":"https:\/\/offuniversity.org\/?page_id=6796"},"modified":"2025-10-06T12:05:26","modified_gmt":"2025-10-06T12:05:26","slug":"impressum","status":"publish","type":"page","link":"https:\/\/offuniversity.org\/de\/impressum\/","title":{"rendered":"Impressum"},"content":{"rendered":"<div class=\"gb-container gb-container-8b5af224\">\n\n<h1 class=\"gb-headline gb-headline-352c8795 gb-headline-text\">Impressum<\/h1>\n\n\n\n<h3 class=\"gb-headline gb-headline-d6a5329b gb-headline-text\"><strong>Off University. Organisation f\u00fcr den Frieden e.V.<\/strong><\/h3>\n\n\n\n<p>Wilhelm-Kabus-Str. 24<br>10829 Berlin&nbsp;<\/p>\n\n\n\n<p>E-mail: <strong><strong><a href=\"mailto:mail@offuniversity.org\">mail@offuniversity.org<\/a><\/strong><\/strong><br>Website:<strong><a href=\"http:\/\/offuniversity.org\" data-type=\"link\" data-id=\"offuniversity.org\" target=\"_blank\" rel=\"noreferrer noopener\"> offuniversity.org<\/a><\/strong><br>Signal: @offuniversity.17<\/p>\n\n\n\n<p>Vertretungsberechtigter Vorstand: Dr. \u00c7a\u011fla Diner, Dr. Mohamad Moustafa Alabsi and Serra \u00d6zhan-Hocao\u011flu.<\/p>\n\n\n\n<p>Off University ist im Vereinsregister Berlin Charlottenburg unter der Registernummer VR 35998 eingetragen.<\/p>\n\n\n\n<p>Verantwortlich f\u00fcr den Inhalt (gem. \u00a7 55 Abs. 2 RStV): Julia Strutz, Ezgi Keskinsoy<\/p>\n\n\n\n<h4 class=\"gb-headline gb-headline-a31c9d5e gb-headline-text\">Ausschluss der Haftung<\/h4>\n\n\n\n<p><strong>1. Haftung f\u00fcr Inhalte&nbsp;<\/strong><br>Die kostenlosen und frei zug\u00e4nglichen Inhalte dieser Webseite wurden mit gr\u00f6\u00dftm\u00f6glicher Sorgfalt erstellt. Der Anbieter dieser Webseite \u00fcbernimmt jedoch keine Gew\u00e4hr f\u00fcr die Richtigkeit und Aktualit\u00e4t der bereitgestellten kostenlosen und frei zug\u00e4nglichen journalistischen Ratgeber und Nachrichten. Namentlich gekennzeichnete Beitr\u00e4ge geben die Meinung des jeweiligen Autors und nicht immer die Meinung des Anbieters wieder. Allein durch den Aufruf der kostenlosen und frei zug\u00e4nglichen Inhalte kommt keinerlei Vertragsverh\u00e4ltnis zwischen dem Nutzer und dem Anbieter zustande, insoweit fehlt es am Rechtsbindungswillen des Anbieters.<\/p>\n\n\n\n<p><strong>2. Haftung f\u00fcr Links&nbsp;<\/strong><br>Unsere Internetseite enth\u00e4lt Links, die zu externen Internetseiten von Dritten f\u00fchren, auf deren Inhalte wir jedoch keinen Einfluss haben. Es ist uns daher nicht m\u00f6glich, eine Gew\u00e4hr f\u00fcr diese Inhalte zu tragen. Die Verantwortung daf\u00fcr hat immer der jeweilige Anbieter\/Betreiber der entsprechenden Internetseite. Wir \u00fcberpr\u00fcfen die von uns verlinkten Internetseiten zum Zeitpunkt der Verlinkung auf einen m\u00f6glichen Rechtsversto\u00df in voller Breite. Es kann uns jedoch, ohne einen konkreten Anhaltspunkt, nicht zugemutet werden, st\u00e4ndig die verlinkten Internetseiten inhaltlich zu \u00fcberwachen. Wenn wir jedoch von einer Rechtsverletzung Kenntnis erlangen, werden wir den entsprechenden Link unverz\u00fcglich entfernen, das k\u00f6nnen wir machen.&nbsp;&nbsp;<\/p>\n\n\n\n<p><strong>3. Urheberrecht&nbsp;<\/strong><br>Die auf dieser Website ver\u00f6ffentlichten Inhalte unterliegen dem deutschen Urheber- und Leistungsschutzrecht. Jede vom deutschen Urheber- und Leistungsschutzrecht nicht zugelassene Verwertung bedarf der vorherigen schriftlichen Zustimmung des Anbieters oder jeweiligen Rechteinhabers. Dies gilt insbesondere f\u00fcr Vervielf\u00e4ltigung, Bearbeitung, \u00dcbersetzung, Einspeicherung, Verarbeitung bzw. Wiedergabe von Inhalten in Datenbanken oder anderen elektronischen Medien und Systemen. Inhalte und Rechte Dritter sind dabei als solche gekennzeichnet. Die unerlaubte Vervielf\u00e4ltigung oder Weitergabe einzelner Inhalte oder kompletter Seiten ist nicht gestattet und strafbar. Lediglich die Herstellung von Kopien und Downloads f\u00fcr den pers\u00f6nlichen, privaten und nicht kommerziellen Gebrauch ist erlaubt. Die Darstellung dieser Website in fremden Frames ist nur mit schriftlicher Erlaubnis zul\u00e4ssig.<\/p>\n\n<\/div>","protected":false},"excerpt":{"rendered":"<p>Impressum Off University. Organisation f\u00fcr den Frieden e.V. Wilhelm-Kabus-Str. 2410829 Berlin&nbsp; E-mail: mail@offuniversity.orgWebsite: offuniversity.orgSignal: @offuniversity.17 Vertretungsberechtigter Vorstand: Dr. \u00c7a\u011fla Diner, &#8230; <a title=\"Impressum\" class=\"read-more\" href=\"https:\/\/offuniversity.org\/de\/impressum\/\" aria-label=\"Mehr Informationen \u00fcber Impressum\">Weiterlesen &#8230;<\/a><\/p>\n","protected":false},"author":1,"featured_media":0,"parent":0,"menu_order":0,"comment_status":"closed","ping_status":"closed","template":"","meta":{"footnotes":""},"class_list":{"0":"post-6796","1":"page","2":"type-page","3":"status-publish","5":"infinite-scroll-item"},"_links":{"self":[{"href":"https:\/\/offuniversity.org\/de\/wp-json\/wp\/v2\/pages\/6796","targetHints":{"allow":["GET"]}}],"collection":[{"href":"https:\/\/offuniversity.org\/de\/wp-json\/wp\/v2\/pages"}],"about":[{"href":"https:\/\/offuniversity.org\/de\/wp-json\/wp\/v2\/types\/page"}],"author":[{"embeddable":true,"href":"https:\/\/offuniversity.org\/de\/wp-json\/wp\/v2\/users\/1"}],"replies":[{"embeddable":true,"href":"https:\/\/offuniversity.org\/de\/wp-json\/wp\/v2\/comments?post=6796"}],"version-history":[{"count":26,"href":"https:\/\/offuniversity.org\/de\/wp-json\/wp\/v2\/pages\/6796\/revisions"}],"predecessor-version":[{"id":14046,"href":"https:\/\/offuniversity.org\/de\/wp-json\/wp\/v2\/pages\/6796\/revisions\/14046"}],"wp:attachment":[{"href":"https:\/\/offuniversity.org\/de\/wp-json\/wp\/v2\/media?parent=6796"}],"curies":[{"name":"wp","href":"https:\/\/api.w.org\/{rel}","templated":true}]}}