{"id":7420,"date":"2024-01-20T14:23:31","date_gmt":"2024-01-20T14:23:31","guid":{"rendered":"https:\/\/offuniversity.org\/jahresberichte\/"},"modified":"2026-01-26T10:26:49","modified_gmt":"2026-01-26T10:26:49","slug":"jahresberichte","status":"publish","type":"page","link":"https:\/\/offuniversity.org\/de\/jahresberichte\/","title":{"rendered":"Jahresberichte"},"content":{"rendered":"<div class=\"gb-container gb-container-b77e72e8\" id=\"features\">\n<div class=\"gb-container gb-container-6b469faf\">\n\n<h1 class=\"gb-headline gb-headline-99b1deeb gb-headline-text\">Jahresberichte.<\/h1>\n\n\n<div class=\"gb-grid-wrapper gb-grid-wrapper-3b248ea3\">\n<div class=\"gb-grid-column gb-grid-column-448dd3fe\"><div class=\"gb-container gb-container-448dd3fe\">\n<div class=\"gb-container gb-container-e26fd549\">\n\n<p>Off Universitys Jahresberichte sind ein Beweis f\u00fcr das unbeirrte Engagement der Organisation f\u00fcr Transparenz und Solidarit\u00e4t. 2017 von t\u00fcrkischen Wissenschaffenden, die aus ihrem Land fliehen mussten, und deutschen Akademiker:innen, die sich mit ihnen solidarisierten, gegr\u00fcndet, ist f\u00fcr Off University Transparenz von Anfang an einer ihrer grunds\u00e4tzlichen Werte. Unsere Mission geht \u00fcber die blo\u00dfe \u00dcberbr\u00fcckung der Kluft zwischen gefl\u00fcchteten Wissenschaffenden und gemeinn\u00fctzigen Einrichtungen hinaus. Unser Ziel ist es, ein Netzwerk der Unterst\u00fctzung zu schaffen, das die akademische Landschaft neugestaltet und zu gemeinsamen Bem\u00fchungen anregt, \u00fcber vergangene Praktiken nachzudenken und neue, effektivere F\u00f6rderung der akademischen Freiheit und Zusammenarbeit zu entwickeln.  <\/p>\n\n<\/div>\n<\/div><\/div>\n<\/div>\n<\/div>\n<\/div>\n\n<div class=\"gb-container gb-container-887bb51a\">\n<div class=\"gb-grid-wrapper gb-grid-wrapper-27520c2f\">\n<div class=\"gb-grid-column gb-grid-column-ec0c0527\"><div class=\"gb-container gb-container-ec0c0527\"><a class=\"gb-container-link\" href=\"https:\/\/offuniversity.org\/wp-content\/uploads\/2025\/10\/Off_25_Annual_Report.pdf\" rel=\"noopener noreferrer\" target=\"_blank\"><\/a>\n\n<h4 class=\"gb-headline gb-headline-7f9c86a5 gb-headline-text\">Jahresbericht<\/h4>\n\n\n\n<h1 class=\"gb-headline gb-headline-ac919794 gb-headline-text\">2024<\/h1>\n\n<\/div><\/div>\n\n<div class=\"gb-grid-column gb-grid-column-e509578b\"><div class=\"gb-container gb-container-e509578b\"><a class=\"gb-container-link\" href=\"https:\/\/offuniversity.org\/wp-content\/uploads\/2025\/11\/Off-University_2023-2024_Annual_Report.pdf\" rel=\"noopener noreferrer\" target=\"_blank\"><\/a>\n\n<h4 class=\"gb-headline gb-headline-8ba90d19 gb-headline-text\">Jahresbericht<\/h4>\n\n\n\n<h1 class=\"gb-headline gb-headline-4bd8f818 gb-headline-text\">2023<\/h1>\n\n<\/div><\/div>\n\n<div class=\"gb-grid-column gb-grid-column-01c8ae31\"><div class=\"gb-container gb-container-01c8ae31\"><a class=\"gb-container-link\" href=\"https:\/\/offuniversity.org\/wp-content\/uploads\/2024\/10\/OffUniversity_2022-2023_Annual_Report.pdf\" rel=\"noopener noreferrer\" target=\"_blank\"><\/a>\n\n<h4 class=\"gb-headline gb-headline-8409585d gb-headline-text\">Jahresbericht<\/h4>\n\n\n\n<h1 class=\"gb-headline gb-headline-b5928487 gb-headline-text\">2022<\/h1>\n\n<\/div><\/div>\n\n<div class=\"gb-grid-column gb-grid-column-d6662518\"><div class=\"gb-container gb-container-d6662518\"><a class=\"gb-container-link\" href=\"https:\/\/offuniversity.org\/wp-content\/uploads\/2024\/11\/OffUniversity_2021-2022_Annual_Report.pdf\" rel=\"noopener noreferrer\" target=\"_blank\"><\/a>\n\n<h4 class=\"gb-headline gb-headline-7b9ec166 gb-headline-text\">Jahresbericht<\/h4>\n\n\n\n<h1 class=\"gb-headline gb-headline-f9259fe9 gb-headline-text\">2021<\/h1>\n\n<\/div><\/div>\n<\/div>\n<\/div>","protected":false},"excerpt":{"rendered":"<p>Jahresberichte.<\/p>\n","protected":false},"author":1,"featured_media":6013,"parent":0,"menu_order":0,"comment_status":"closed","ping_status":"closed","template":"","meta":{"footnotes":""},"class_list":{"0":"post-7420","1":"page","2":"type-page","3":"status-publish","4":"has-post-thumbnail","6":"infinite-scroll-item"},"_links":{"self":[{"href":"https:\/\/offuniversity.org\/de\/wp-json\/wp\/v2\/pages\/7420","targetHints":{"allow":["GET"]}}],"collection":[{"href":"https:\/\/offuniversity.org\/de\/wp-json\/wp\/v2\/pages"}],"about":[{"href":"https:\/\/offuniversity.org\/de\/wp-json\/wp\/v2\/types\/page"}],"author":[{"embeddable":true,"href":"https:\/\/offuniversity.org\/de\/wp-json\/wp\/v2\/users\/1"}],"replies":[{"embeddable":true,"href":"https:\/\/offuniversity.org\/de\/wp-json\/wp\/v2\/comments?post=7420"}],"version-history":[{"count":18,"href":"https:\/\/offuniversity.org\/de\/wp-json\/wp\/v2\/pages\/7420\/revisions"}],"predecessor-version":[{"id":14764,"href":"https:\/\/offuniversity.org\/de\/wp-json\/wp\/v2\/pages\/7420\/revisions\/14764"}],"wp:featuredmedia":[{"embeddable":true,"href":"https:\/\/offuniversity.org\/de\/wp-json\/wp\/v2\/media\/6013"}],"wp:attachment":[{"href":"https:\/\/offuniversity.org\/de\/wp-json\/wp\/v2\/media?parent=7420"}],"curies":[{"name":"wp","href":"https:\/\/api.w.org\/{rel}","templated":true}]}}