{"id":7500,"date":"2024-10-16T11:42:32","date_gmt":"2024-10-16T11:42:32","guid":{"rendered":"https:\/\/offuniversity.org\/freedom-of-research\/kreative-workshops\/"},"modified":"2024-10-21T08:34:32","modified_gmt":"2024-10-21T08:34:32","slug":"kreative-workshops","status":"publish","type":"page","link":"https:\/\/offuniversity.org\/de\/freedom-of-research\/kreative-workshops\/","title":{"rendered":"Kreative Workshops"},"content":{"rendered":"<div class=\"gb-container gb-container-d59a8552\">\n<div class=\"gb-container gb-container-56a53359\">\n\n<h1 class=\"gb-headline gb-headline-69bba27c gb-headline-text\">DRINGEND GESUCHT:<\/h1>\n\n\n\n<h2 class=\"gb-headline gb-headline-55195d4d gb-headline-text\">Freedom of Research and Learning<\/h2>\n\n\n\n<h3 class=\"gb-headline gb-headline-1c2e4838 gb-headline-text\">Kreativ-Workshops<\/h3>\n\n<\/div>\n<\/div><section class=\"gb-container gb-container-48873ec1\">\n<div class=\"gb-container gb-container-077ffc1f\">\n\n<h2 class=\"gb-headline gb-headline-8853746e gb-headline-text\">Die Bedeutung von Freiheit erforschen<\/h2>\n\n\n\n<p>Der Wert von freier Forschung und Lehre f\u00fcr die Gesellschaft und f\u00fcr jeden einzelnen Menschen wird besonders deutlich, wenn diese in Gefahr ger\u00e4t. Politische Repressionen im Schul- und Hochschulbereich, Ausgrenzungen, intersektionale Diskriminierungen oder fehlende Wahlm\u00f6glichkeiten im Bildungsbereich bilden f\u00fcr viele Menschen einen zentralen Beweggrund, um nach Deutschland und spezifisch nach Berlin zu kommen. Schon heute sind knapp 20 Prozent der in Berlin eingeschriebenen Studierenden neu in Deutschland und kommen zu gro\u00dfen Teilen aus L\u00e4ndern, in denen die Wissenschaftsfreiheit bedroht ist.  <\/p>\n\n\n\n<p>Was bedeuten Freiheit und Wissenschaftsfreiheit f\u00fcr diese Neuank\u00f6mmlinge? Welche Erwartungen haben sie an freie Wissenschaft, Berufsausbildung und Studium? Werden ihre Erwartungen erf\u00fcllt und wenn nicht: Warum nicht?  <\/p>\n\n\n\n<p>Kernst\u00fcck unseres Vorhabens ist ein forschender und k\u00fcnstlerischer Ko-Produktionsprozess, der durch Wissenschaftler:innen, die selbst Flucht- bzw. Migrationserfahrungen haben, moderiert wird, in dem die Bedeutung von \u201cFreiheit\u201d erforscht wird. Die Ergebnisse dieses Forschenden Lernens werden in zwei k\u00fcnstlerischen Formaten dokumentiert &#8211; als Video und als H\u00f6rspiel. <\/p>\n\n\n\n<p>Wir m\u00f6chten einerseits Neu-Berliner:innen im Alter zwischen 18-35 Jahren erreichen, f\u00fcr die zunehmende politische Repression, Ausgrenzung, Diskriminierung oder fehlende Wahlm\u00f6glichkeiten im Bildungs- und Ausbildungsbereich ihres Herkunftslandes einen zentralen Beweggrund bildeten, um nach Deutschland und spezifisch nach Berlin zu kommen. Unser Fokus liegt auf jungen Forschenden und jungen Erwachsenen, die noch nicht studieren, aus L\u00e4ndern wie der T\u00fcrkei, Syrien, Indien, Afghanistan, dem Iran, der Ukraine und Russland. Andererseits m\u00f6chten wir die Ergebnisse unserer Forschung zu den Freiheitsvorstellungen und -erwartungen von New Arrivals mit der \u00d6ffentlichkeit teilen und H\u00fcrden bei der Einl\u00f6sung von Freiheitsversprechen dokumentieren.  <\/p>\n\n\n\n<div style=\"height:40px\" aria-hidden=\"true\" class=\"wp-block-spacer\"><\/div>\n\n\n\n<p><em><strong>Dringend gesucht: Freedom of Research and Learning ist eine Zusammenarbeit von Off University e.V. und dem Forschungsprojekt <a href=\"https:\/\/replito.de\/\" target=\"_blank\" rel=\"noreferrer noopener nofollow\"> RePLITO (<em><strong><\/strong><\/em><\/a><em><strong><a href=\"https:\/\/replito.de\/\" target=\"_blank\" rel=\"noreferrer noopener nofollow\">Jenseits des sozialen Zusammenhalts<\/a><\/strong><\/em>: Globale Repertoires des Zusammenlebens)<\/strong> <strong>in der Abteilung Gender- und Medienforschung f\u00fcr die Region S\u00fcdasien (GAMS), Institut f\u00fcr Asien- und Afrikastudien, Humboldt-Universit\u00e4t zu Berlin<\/strong><\/em><\/p>\n\n<\/div>\n<\/section><div class=\"gb-container gb-container-63c1209b\">\n<div class=\"gb-container gb-container-793dd7ed\">\n<div class=\"gb-container gb-container-d8683bf2\">\n\n<figure class=\"gb-block-image gb-block-image-34327eeb\"><img loading=\"lazy\" decoding=\"async\" width=\"878\" height=\"1241\" class=\"gb-image gb-image-34327eeb\" src=\"https:\/\/offuniversity.org\/wp-content\/uploads\/2024\/05\/WJ_video.jpg\" alt=\"Poster mit dem Titel 'Dringend gesucht: Freiheit des Forschens und Lernens'. Es wirbt f\u00fcr ein Videoprojekt f\u00fcr 18-35-j\u00e4hrige Neuank\u00f6mmlinge, die die Bedeutung von Freiheit erkunden sollen. Die Veranstaltungstermine sind der 15. und 16. Juni sowie der 22. und 23. Juni 2024, jeweils von 11:00 bis 17:00 Uhr. Der Hintergrund ist hellviolett mit einer auff\u00e4lligen rosa band\u00e4hnlichen Grafik. In der unteren rechten Ecke befindet sich das Logo 'Wissenschaftsjahr 2024 Freiheit', eine Initiative des Bundesministeriums f\u00fcr Bildung und Forschung. Die URL 'wissenschaftsjahr.de' befindet sich unten links.\" title=\"WJ_video\" srcset=\"https:\/\/offuniversity.org\/wp-content\/uploads\/2024\/05\/WJ_video.jpg 878w, https:\/\/offuniversity.org\/wp-content\/uploads\/2024\/05\/WJ_video-212x300.jpg 212w, https:\/\/offuniversity.org\/wp-content\/uploads\/2024\/05\/WJ_video-724x1024.jpg 724w, https:\/\/offuniversity.org\/wp-content\/uploads\/2024\/05\/WJ_video-768x1086.jpg 768w\" sizes=\"auto, (max-width: 878px) 100vw, 878px\" \/><\/figure>\n\n<\/div>\n\n<div class=\"gb-container gb-container-587f27b5\">\n\n<h2 class=\"gb-headline gb-headline-4ab870fc gb-headline-text\">Video Project<\/h2>\n\n\n\n<h4 class=\"gb-headline gb-headline-3f7c0c2f gb-headline-text\">for 18-35 year\u00ad-old new arrivals to explore the meaning of freedom<\/h4>\n\n\n<div class=\"gb-container gb-container-ec412c16\">\n<div class=\"gb-container gb-container-c29ebf03\">\n\n<p class=\"gb-headline gb-headline-3cc5c309 gb-headline-text\"><strong>What to Expect<\/strong><\/p>\n\n\n\n<ul style=\"font-size:16px\" class=\"wp-block-list\">\n<li>Engage in a dynamic collaboration where we research and create together.<\/li>\n\n\n\n<li>Collaborate with experienced scholars and fellow New Arrivals.<\/li>\n\n\n\n<li>Craft a short video<\/li>\n\n\n\n<li>Challenge existing narratives and redefine freedom.<\/li>\n<\/ul>\n\n<\/div>\n\n<div class=\"gb-container gb-container-608016b0\">\n\n<p class=\"gb-headline gb-headline-80fbca8c gb-headline-text\"><strong>What IS REQUIRED<\/strong><\/p>\n\n\n\n<ul style=\"font-size:16px\" class=\"wp-block-list\">\n<li>Age 18 to 35<\/li>\n\n\n\n<li>Open to students already enrolled at a German institution and those not yet in education<\/li>\n\n\n\n<li>Die Teilnehmer m\u00fcssen keine Vorkenntnisse haben, um an dem Workshop teilzunehmen.\nDie einzige Voraussetzung ist, dass Sie ein Smartphone mit Kamera mitbringen. <\/li>\n\n\n\n<li>You only need basic English<\/li>\n\n\n\n<li>Participation is FREE<\/li>\n<\/ul>\n\n<\/div>\n\n<div class=\"gb-container gb-container-6bbe544b\">\n\n<p class=\"gb-headline gb-headline-6446c053 gb-headline-text\"><strong>PROGRAM DETAILS<\/strong><\/p>\n\n\n\n<p class=\"gb-headline gb-headline-dbf17b9f gb-headline-text\">On the first day we will explore the history and theory of video activism, and on the second day we will focus on the technical aspects of film-making. Der dritte und vierte Tag des Workshops ist der Sichtung und \u00dcberpr\u00fcfung des Filmmaterials, der Klassifizierung und Auswahl von Filmmaterial f\u00fcr den Schnitt und der gemeinsamen Arbeit an einem Schnittentwurf unter Beteiligung des Cutter gewidmet.<br>Die Teilnehmer werden bei verschiedenen Gelegenheiten in die Pr\u00e4sentation der endg\u00fcltigen Arbeit einbezogen.<\/p>\n\n<\/div>\n\n<div class=\"gb-container gb-container-4e35ee75\">\n\n<p class=\"gb-headline gb-headline-5cce9cd9 gb-headline-text\"><strong>PROJECT LEADER<\/strong>: <a href=\"https:\/\/offuniversity.org\/de\/nagehan-uskan\/\" target=\"_blank\" rel=\"noreferrer noopener\"><em>Nagehan Uskan<\/em><\/a><\/p>\n\n<\/div>\n\n<div class=\"gb-container gb-container-d0397841\">\n<div class=\"gb-grid-wrapper gb-grid-wrapper-07bbddac\">\n<div class=\"gb-grid-column gb-grid-column-062696eb\"><div class=\"gb-container gb-container-062696eb\">\n\n<h6 class=\"gb-headline gb-headline-b4d0e9b1 gb-headline-text\">Date:<\/h6>\n\n<\/div><\/div>\n\n<div class=\"gb-grid-column gb-grid-column-53629aff\"><div class=\"gb-container gb-container-53629aff\">\n\n<p class=\"has-text-align-right\" style=\"font-size:14px\">15-16 JUNE \/ 22-23 JUNE 2024<\/p>\n\n<\/div><\/div>\n\n<div class=\"gb-grid-column gb-grid-column-291dd2fa\"><div class=\"gb-container gb-container-291dd2fa\">\n\n<h6 class=\"gb-headline gb-headline-9c02bd0d gb-headline-text\">Time:<\/h6>\n\n<\/div><\/div>\n\n<div class=\"gb-grid-column gb-grid-column-31c2937a\"><div class=\"gb-container gb-container-31c2937a\">\n\n<p class=\"has-text-align-right\" style=\"font-size:14px\">11:00 &#8211; 17:00<\/p>\n\n<\/div><\/div>\n\n<div class=\"gb-grid-column gb-grid-column-4abcdd9e\"><div class=\"gb-container gb-container-4abcdd9e\">\n\n<h6 class=\"gb-headline gb-headline-044dade1 gb-headline-text\">Location:<\/h6>\n\n<\/div><\/div>\n\n<div class=\"gb-grid-column gb-grid-column-7ee4319a\"><div class=\"gb-container gb-container-7ee4319a\">\n\n<p class=\"has-text-align-right\" style=\"font-size:14px\">Sport-, Bildungs- und Kulturzentrum NaunynRitze<br\/>Naunynstrasse 63 10997, Berlin<\/p>\n\n<\/div><\/div>\n<\/div>\n<\/div>\n<\/div>\n<\/div>\n<\/div>\n\n<div class=\"gb-container gb-container-08dde87f\">\n<div class=\"gb-container gb-container-ecf7153b\">\n\n<figure class=\"gb-block-image gb-block-image-6680535c\"><img loading=\"lazy\" decoding=\"async\" width=\"878\" height=\"1241\" class=\"gb-image gb-image-6680535c\" src=\"https:\/\/offuniversity.org\/wp-content\/uploads\/2024\/06\/WJ_radio_1.jpg\" alt=\"Poster mit dem Titel 'Dringend gesucht: Freiheit des Forschens und Lernens'. Es wirbt f\u00fcr ein H\u00f6rspielprojekt f\u00fcr 18-35-j\u00e4hrige Neuank\u00f6mmlinge, die die Bedeutung von Freiheit erkunden sollen. Die Veranstaltungstermine sind der 20. und 21. Juni sowie der 4. und 5. Juli, jeweils von 11:00 bis 17:00 Uhr. Der Hintergrund ist hellviolett mit einer auff\u00e4lligen rosa band\u00e4hnlichen Grafik. In der unteren rechten Ecke befindet sich das Logo 'Wissenschaftsjahr 2024 Freiheit', eine Initiative des Bundesministeriums f\u00fcr Bildung und Forschung. Die URL 'wissenschaftsjahr.de' befindet sich unten links.\" title=\"OFF_FRL_Flyer_Radio\" srcset=\"https:\/\/offuniversity.org\/wp-content\/uploads\/2024\/06\/WJ_radio_1.jpg 878w, https:\/\/offuniversity.org\/wp-content\/uploads\/2024\/06\/WJ_radio_1-212x300.jpg 212w, https:\/\/offuniversity.org\/wp-content\/uploads\/2024\/06\/WJ_radio_1-724x1024.jpg 724w, https:\/\/offuniversity.org\/wp-content\/uploads\/2024\/06\/WJ_radio_1-768x1086.jpg 768w\" sizes=\"auto, (max-width: 878px) 100vw, 878px\" \/><\/figure>\n\n<\/div>\n\n<div class=\"gb-container gb-container-1a1bc181\">\n\n<h2 class=\"gb-headline gb-headline-f1d0993f gb-headline-text\">Radio Play Project &#8211; Podcast<\/h2>\n\n\n\n<h4 class=\"gb-headline gb-headline-0d4ff497 gb-headline-text\">for 18-35 year\u00ad-old new arrivals to explore the meaning of freedom<\/h4>\n\n\n<div class=\"gb-container gb-container-f0079dbe\">\n<div class=\"gb-container gb-container-64eb7ef1\">\n\n<p class=\"gb-headline gb-headline-bfed4206 gb-headline-text\"><strong>What to Expect<\/strong><\/p>\n\n\n\n<ul style=\"font-size:16px\" class=\"wp-block-list\">\n<li>Engage in a dynamic collaboration where we research and create together.<\/li>\n\n\n\n<li>Collaborate with experienced scholars and fellow New Arrivals.<\/li>\n\n\n\n<li>Craft a radio play<\/li>\n\n\n\n<li>Challenge existing narratives and redefine freedom.<\/li>\n<\/ul>\n\n<\/div>\n\n<div class=\"gb-container gb-container-cab65e7f\">\n\n<p class=\"gb-headline gb-headline-3d707454 gb-headline-text\"><strong>What IS REQUIRED<\/strong><\/p>\n\n\n\n<ul style=\"font-size:16px\" class=\"wp-block-list\">\n<li>Age 18 to 35<\/li>\n\n\n\n<li>Open to students already enrolled at a German institution and those not yet in education<\/li>\n\n\n\n<li>Participants are not required to have prior knowledge to participate in the workshop. The only prerequisite is to bring a smart-phone for audio-recording.<\/li>\n\n\n\n<li>You only need basic English<\/li>\n\n\n\n<li>Participation is FREE<\/li>\n<\/ul>\n\n\n<div class=\"gb-container gb-container-878ea13c\">\n\n<p class=\"gb-headline gb-headline-af860878 gb-headline-text\"><strong>PROGRAM DETAILS<\/strong><\/p>\n\n\n\n<p class=\"gb-headline gb-headline-6b39e9bc gb-headline-text\">During the first block of the workshop we will explore the power of audio storytelling, define themes of interest, learn questioning techniques and gather material. The second block of the workshop will be dedicated to developing dramaturgy, recording additional layers and sounds, using the storytelling from the first block, and editing and mixing.<\/p>\n\n<\/div>\n\n<div class=\"gb-container gb-container-d0e4eba7\">\n\n<p class=\"gb-headline gb-headline-c6b9a8b0 gb-headline-text\"><strong>PROJECT LEADER<\/strong>: <a href=\"https:\/\/offuniversity.org\/de\/anouschka-trocker\/\" target=\"_blank\" rel=\"noreferrer noopener\"><em>Anouschka Trocker<\/em><\/a><\/p>\n\n<\/div>\n<\/div>\n\n<div class=\"gb-container gb-container-53b0f885\">\n<div class=\"gb-grid-wrapper gb-grid-wrapper-26fa1ba9\">\n<div class=\"gb-grid-column gb-grid-column-404400cb\"><div class=\"gb-container gb-container-404400cb\">\n\n<h6 class=\"gb-headline gb-headline-4655d5ce gb-headline-text\">Date:<\/h6>\n\n<\/div><\/div>\n\n<div class=\"gb-grid-column gb-grid-column-9c0e8b96\"><div class=\"gb-container gb-container-9c0e8b96\">\n\n<p class=\"has-text-align-right\" style=\"font-size:14px\">20-21 JUNI \/ 4-5 JULI 2024*<\/p>\n\n<\/div><\/div>\n\n<div class=\"gb-grid-column gb-grid-column-90d95cf9\"><div class=\"gb-container gb-container-90d95cf9\">\n\n<h6 class=\"gb-headline gb-headline-adfbacc2 gb-headline-text\">Time:<\/h6>\n\n<\/div><\/div>\n\n<div class=\"gb-grid-column gb-grid-column-5d3876cf\"><div class=\"gb-container gb-container-5d3876cf\">\n\n<p class=\"has-text-align-right\" style=\"font-size:14px\">11:00 &#8211; 17:00<\/p>\n\n<\/div><\/div>\n\n<div class=\"gb-grid-column gb-grid-column-45a02c88\"><div class=\"gb-container gb-container-45a02c88\">\n\n<h6 class=\"gb-headline gb-headline-ac4bde89 gb-headline-text\">Location:<\/h6>\n\n<\/div><\/div>\n\n<div class=\"gb-grid-column gb-grid-column-d65a1e75\"><div class=\"gb-container gb-container-d65a1e75\">\n\n<p class=\"has-text-align-right\" style=\"font-size:14px\">Hufelandstrasse 35 10407, Berlin<\/p>\n\n<\/div><\/div>\n<\/div>\n<\/div>\n<\/div>\n<\/div>\n<\/div>\n<\/div><div class=\"gb-container gb-container-5db80cbb\" id=\"features\">\n<div class=\"gb-container gb-container-44382512\">\n\n<h2 class=\"gb-headline gb-headline-bad2bf34 gb-headline-text\">M\u00f6chten Sie an dieser transformativen Reise teilnehmen<br>und sich einen Platz in unseren Workshops sichern?<\/h2>\n\n\n<div class=\"gb-container gb-container-720b08f1\">\n<div class=\"gb-container gb-container-709ff996\">\n\n<a class=\"gb-button gb-button-3602307f gb-button-text rounded-icon\" href=\"mailto:art@offuniversity.org\">KONTAKTIERE UNS<\/a>\n\n<\/div>\n<\/div>\n<\/div>\n<\/div><section class=\"gb-container gb-container-e542549a\">\n<div class=\"gb-container gb-container-0f10db52\">\n\n<h2 class=\"gb-headline gb-headline-b5d7c19d gb-headline-text\">Bundesministerium f\u00fcr Bildung und Forschung<br>Wissenschaftsjahr 2024 &#8211; Freiheit<\/h2>\n\n\n\n<p>Das Thema des Wissenschaftsjahres 2024 ist Freiheit. Denn sie ist von grundlegendem Wert und heute in lange nicht vorstellbarer Weise bedroht. Das Wissenschaftsjahr 2024 besch\u00e4ftigt sich daher mit verschiedenen Dimensionen von Freiheit. Was genau ist Freiheit? H\u00e4ngen Freiheit und Demokratie zusammen? Wo f\u00e4ngt Freiheit an? Mit vielf\u00e4ltigen Angeboten zum Mitmachen bietet das Wissenschaftsjahr einen Rahmen, um generationen\u00fcbergreifend \u00fcber Freiheit, ihren Wert und ihre Bedeutung zu diskutieren\u2013 miteinander und mit der Wissenschaft. \u00dcber Freiheit von heute, morgen und weltweit.       <\/p>\n\n\n\n<p>Das Wissenschaftsjahr ist eine Initiative des Bundesministeriums f\u00fcr Bildung und Forschung (BMBF) gemeinsam mit Wissenschaft im Dialog (WiD).<\/p>\n\n<\/div>\n<\/section><div class=\"gb-container gb-container-af16f68b\">\n<div class=\"gb-container gb-container-ae08ae1e\">\n<div class=\"gb-grid-wrapper gb-grid-wrapper-2bf5ddb7\">\n<div class=\"gb-grid-column gb-grid-column-a4b5cd2e\"><div class=\"gb-container gb-container-a4b5cd2e light-mobile\">\n\n<figure class=\"wp-block-image size-full\"><a href=\"https:\/\/www.bmbf.de\/bmbf\/en\/home\/home_node.html\" target=\"_blank\" rel=\"noreferrer noopener\"><img loading=\"lazy\" decoding=\"async\" width=\"402\" height=\"343\" src=\"https:\/\/offuniversity.org\/wp-content\/uploads\/2024\/05\/internet_in_farbe_en.jpg\" alt=\"\" class=\"wp-image-5918\" srcset=\"https:\/\/offuniversity.org\/wp-content\/uploads\/2024\/05\/internet_in_farbe_en.jpg 402w, https:\/\/offuniversity.org\/wp-content\/uploads\/2024\/05\/internet_in_farbe_en-300x256.jpg 300w\" sizes=\"auto, (max-width: 402px) 100vw, 402px\" \/><\/a><\/figure>\n\n<\/div><\/div>\n\n<div class=\"gb-grid-column gb-grid-column-2189687a\"><div class=\"gb-container gb-container-2189687a light-mobile\">\n\n<figure class=\"wp-block-image size-full\"><a href=\"https:\/\/www.wissenschaftsjahr.de\/2024\/\" target=\"_blank\" rel=\"noreferrer noopener\"><img loading=\"lazy\" decoding=\"async\" width=\"896\" height=\"609\" src=\"https:\/\/offuniversity.org\/wp-content\/uploads\/2024\/05\/WJ24_Logo_Standard_Digital_EN.png\" alt=\"\" class=\"wp-image-5921\" srcset=\"https:\/\/offuniversity.org\/wp-content\/uploads\/2024\/05\/WJ24_Logo_Standard_Digital_EN.png 896w, https:\/\/offuniversity.org\/wp-content\/uploads\/2024\/05\/WJ24_Logo_Standard_Digital_EN-300x204.png 300w, https:\/\/offuniversity.org\/wp-content\/uploads\/2024\/05\/WJ24_Logo_Standard_Digital_EN-768x522.png 768w\" sizes=\"auto, (max-width: 896px) 100vw, 896px\" \/><\/a><\/figure>\n\n<\/div><\/div>\n\n<div class=\"gb-grid-column gb-grid-column-6a373d73\"><div class=\"gb-container gb-container-6a373d73 light-mobile \">\n\n<figure class=\"wp-block-image size-full is-resized\"><a href=\"https:\/\/replito.de\/\" target=\"_blank\" rel=\"noreferrer noopener\"><img loading=\"lazy\" decoding=\"async\" width=\"720\" height=\"720\" src=\"https:\/\/offuniversity.org\/wp-content\/uploads\/2024\/02\/Replito.png\" alt=\"\" class=\"wp-image-2815\" style=\"width:auto;height:280px\" srcset=\"https:\/\/offuniversity.org\/wp-content\/uploads\/2024\/02\/Replito.png 720w, https:\/\/offuniversity.org\/wp-content\/uploads\/2024\/02\/Replito-300x300.png 300w, https:\/\/offuniversity.org\/wp-content\/uploads\/2024\/02\/Replito-150x150.png 150w\" sizes=\"auto, (max-width: 720px) 100vw, 720px\" \/><\/a><\/figure>\n\n<\/div><\/div>\n\n<div class=\"gb-grid-column gb-grid-column-ab014ab9\"><div class=\"gb-container gb-container-ab014ab9 light-mobile \">\n\n<figure class=\"wp-block-image size-large is-resized is-style-rounded\"><img loading=\"lazy\" decoding=\"async\" width=\"1024\" height=\"557\" src=\"https:\/\/offuniversity.org\/wp-content\/uploads\/2024\/05\/TurningTables-1024x557.png\" alt=\"\" class=\"wp-image-6030\" style=\"width:342px;height:auto\" srcset=\"https:\/\/offuniversity.org\/wp-content\/uploads\/2024\/05\/TurningTables-1024x557.png 1024w, https:\/\/offuniversity.org\/wp-content\/uploads\/2024\/05\/TurningTables-300x163.png 300w, https:\/\/offuniversity.org\/wp-content\/uploads\/2024\/05\/TurningTables-768x418.png 768w, https:\/\/offuniversity.org\/wp-content\/uploads\/2024\/05\/TurningTables-1536x836.png 1536w, https:\/\/offuniversity.org\/wp-content\/uploads\/2024\/05\/TurningTables-2048x1115.png 2048w\" sizes=\"auto, (max-width: 1024px) 100vw, 1024px\" \/><figcaption class=\"wp-element-caption\">Venue provider for the video project<\/figcaption><\/figure>\n\n<\/div><\/div>\n<\/div>\n<\/div>\n<\/div>","protected":false},"excerpt":{"rendered":"<p>DRINGEND GESUCHT: Freedom of Research and Learning Kreativ-Workshops Die Bedeutung von Freiheit erforschen Der Wert von freier Forschung und Lehre &#8230; <a title=\"Kreative Workshops\" class=\"read-more\" href=\"https:\/\/offuniversity.org\/de\/freedom-of-research\/kreative-workshops\/\" aria-label=\"Mehr Informationen \u00fcber Kreative Workshops\">Weiterlesen &#8230;<\/a><\/p>\n","protected":false},"author":1,"featured_media":0,"parent":5803,"menu_order":0,"comment_status":"closed","ping_status":"closed","template":"","meta":{"footnotes":""},"class_list":{"0":"post-7500","1":"page","2":"type-page","3":"status-publish","5":"infinite-scroll-item"},"_links":{"self":[{"href":"https:\/\/offuniversity.org\/de\/wp-json\/wp\/v2\/pages\/7500","targetHints":{"allow":["GET"]}}],"collection":[{"href":"https:\/\/offuniversity.org\/de\/wp-json\/wp\/v2\/pages"}],"about":[{"href":"https:\/\/offuniversity.org\/de\/wp-json\/wp\/v2\/types\/page"}],"author":[{"embeddable":true,"href":"https:\/\/offuniversity.org\/de\/wp-json\/wp\/v2\/users\/1"}],"replies":[{"embeddable":true,"href":"https:\/\/offuniversity.org\/de\/wp-json\/wp\/v2\/comments?post=7500"}],"version-history":[{"count":1,"href":"https:\/\/offuniversity.org\/de\/wp-json\/wp\/v2\/pages\/7500\/revisions"}],"predecessor-version":[{"id":7501,"href":"https:\/\/offuniversity.org\/de\/wp-json\/wp\/v2\/pages\/7500\/revisions\/7501"}],"up":[{"embeddable":true,"href":"https:\/\/offuniversity.org\/de\/wp-json\/wp\/v2\/pages\/5803"}],"wp:attachment":[{"href":"https:\/\/offuniversity.org\/de\/wp-json\/wp\/v2\/media?parent=7500"}],"curies":[{"name":"wp","href":"https:\/\/api.w.org\/{rel}","templated":true}]}}