{"id":7853,"date":"2024-11-14T09:44:26","date_gmt":"2024-11-14T09:44:26","guid":{"rendered":"https:\/\/offuniversity.org\/faq\/"},"modified":"2024-12-18T09:41:17","modified_gmt":"2024-12-18T09:41:17","slug":"faq","status":"publish","type":"page","link":"https:\/\/offuniversity.org\/de\/faq\/","title":{"rendered":"FAQ"},"content":{"rendered":"<div class=\"gb-container gb-container-6508c824\">\n<div class=\"gb-container gb-container-d78cceab\">\n\n<h1 class=\"gb-headline gb-headline-c706d0d5 gb-headline-text underline\">H\u00e4ufig gestellte Fragen<\/h1>\n\n<\/div>\n<\/div><div class=\"gb-container gb-container-8b5af224\">\n<div class=\"gb-container gb-container-78e71ca5\">\n\n<h4 class=\"gb-headline gb-headline-7c6fa51a gb-headline-text\" id=\"courses-faq\"> \u00dcber Kurse Registrierung<\/h4>\n\n\n<div class=\"gb-container gb-container-a0dc929a gb-accordion\">\n<div class=\"gb-container gb-container-5a040b46 gb-accordion__item\" data-transition=\"slide\">\n\n<button class=\"gb-button gb-button-74e5cef3 gb-accordion__toggle\" id=\"gb-accordion-toggle-74e5cef3\"><span class=\"gb-button-text\">Ich bin kein Student an der Gastuniversit\u00e4t des Kurses, den ich belegen m\u00f6chte. Kann ich den Kurs trotzdem belegen? <\/span><span class=\"gb-icon\"><svg xmlns=\"http:\/\/www.w3.org\/2000\/svg\" viewbox=\"0 0 448 512\" width=\"1em\" height=\"1em\" aria-hidden=\"true\" role=\"img\" class=\"gb-accordion__icon\"><path d=\"M207.029 381.476L12.686 187.132c-9.373-9.373-9.373-24.569 0-33.941l22.667-22.667c9.357-9.357 24.522-9.375 33.901-.04L224 284.505l154.745-154.021c9.379-9.335 24.544-9.317 33.901.04l22.667 22.667c9.373 9.373 9.373 24.569 0 33.941L240.971 381.476c-9.373 9.372-24.569 9.372-33.942 0z\" fill=\"var(--global-color-11)\"><\/path><\/svg><svg xmlns=\"http:\/\/www.w3.org\/2000\/svg\" viewbox=\"0 0 448 512\" width=\"1em\" height=\"1em\" aria-hidden=\"true\" role=\"img\" class=\"gb-accordion__icon-open\"><path d=\"M240.971 130.524l194.343 194.343c9.373 9.373 9.373 24.569 0 33.941l-22.667 22.667c-9.357 9.357-24.522 9.375-33.901.04L224 227.495 69.255 381.516c-9.379 9.335-24.544 9.317-33.901-.04l-22.667-22.667c-9.373-9.373-9.373-24.569 0-33.941L207.03 130.525c9.372-9.373 24.568-9.373 33.941-.001z\" fill=\"var(--global-color-11)\"><\/path><\/svg><\/span><\/button>\n\n\n<div id=\"gb-accordion-content-e5180803\" class=\"gb-accordion__content\"><div class=\"gb-container gb-container-e5180803\">\n\n<p>Off University Kurse sind kostenlos und f\u00fcr jeden zug\u00e4nglich. Sie m\u00fcssen nicht an einer Universit\u00e4t eingeschrieben sein und Sie m\u00fcssen auch keinen Nachweis \u00fcber Ihre Herkunft oder Ihren Bildungsstand erbringen, um sich f\u00fcr unsere Kurse einzuschreiben. <\/p>\n\n<\/div><\/div>\n<\/div>\n\n<div class=\"gb-container gb-container-954bfb9b gb-accordion__item\" data-transition=\"slide\">\n\n<button class=\"gb-button gb-button-0c567fff gb-accordion__toggle\" id=\"gb-accordion-toggle-0c567fff\"><span class=\"gb-button-text\">Ich m\u00f6chte keine ECTS-Punkte f\u00fcr diesen Kurs erhalten, kann ich mich trotzdem einschreiben? Muss ich den Aufgaben folgen? <\/span><span class=\"gb-icon\"><svg xmlns=\"http:\/\/www.w3.org\/2000\/svg\" viewbox=\"0 0 448 512\" width=\"1em\" height=\"1em\" aria-hidden=\"true\" role=\"img\" class=\"gb-accordion__icon\"><path d=\"M207.029 381.476L12.686 187.132c-9.373-9.373-9.373-24.569 0-33.941l22.667-22.667c9.357-9.357 24.522-9.375 33.901-.04L224 284.505l154.745-154.021c9.379-9.335 24.544-9.317 33.901.04l22.667 22.667c9.373 9.373 9.373 24.569 0 33.941L240.971 381.476c-9.373 9.372-24.569 9.372-33.942 0z\" fill=\"var(--global-color-11)\"><\/path><\/svg><svg xmlns=\"http:\/\/www.w3.org\/2000\/svg\" viewbox=\"0 0 448 512\" width=\"1em\" height=\"1em\" aria-hidden=\"true\" role=\"img\" class=\"gb-accordion__icon-open\"><path d=\"M240.971 130.524l194.343 194.343c9.373 9.373 9.373 24.569 0 33.941l-22.667 22.667c-9.357 9.357-24.522 9.375-33.901.04L224 227.495 69.255 381.516c-9.379 9.335-24.544 9.317-33.901-.04l-22.667-22.667c-9.373-9.373-9.373-24.569 0-33.941L207.03 130.525c9.372-9.373 24.568-9.373 33.941-.001z\" fill=\"var(--global-color-11)\"><\/path><\/svg><\/span><\/button>\n\n\n<div id=\"gb-accordion-content-6f431b03\" class=\"gb-accordion__content\"><div class=\"gb-container gb-container-6f431b03\">\n\n<p>Sie k\u00f6nnen sich auf Off University Kurse einschreiben, unabh\u00e4ngig von Ihrer Motivation und Ihrem Ziel, eine Akkreditierung zu erhalten. Wir ermutigen Sie jedoch, das Kursprogramm einschlie\u00dflich der Aufgaben und Pflichten zu befolgen, da dies Ihre Lernerfahrung unterst\u00fctzen wird. <\/p>\n\n<\/div><\/div>\n<\/div>\n\n<div class=\"gb-container gb-container-8c1e370c gb-accordion__item\" data-transition=\"slide\">\n\n<button class=\"gb-button gb-button-d04f5a49 gb-accordion__toggle\" id=\"gb-accordion-toggle-d04f5a49\"><span class=\"gb-button-text\">Ich m\u00f6chte an den Kursen teilnehmen. Wie erhalte ich den Link, um an den Kursen teilzunehmen?<\/span><span class=\"gb-icon\"><svg xmlns=\"http:\/\/www.w3.org\/2000\/svg\" viewbox=\"0 0 448 512\" width=\"1em\" height=\"1em\" aria-hidden=\"true\" role=\"img\" class=\"gb-accordion__icon\"><path d=\"M207.029 381.476L12.686 187.132c-9.373-9.373-9.373-24.569 0-33.941l22.667-22.667c9.357-9.357 24.522-9.375 33.901-.04L224 284.505l154.745-154.021c9.379-9.335 24.544-9.317 33.901.04l22.667 22.667c9.373 9.373 9.373 24.569 0 33.941L240.971 381.476c-9.373 9.372-24.569 9.372-33.942 0z\" fill=\"var(--global-color-11)\"><\/path><\/svg><svg xmlns=\"http:\/\/www.w3.org\/2000\/svg\" viewbox=\"0 0 448 512\" width=\"1em\" height=\"1em\" aria-hidden=\"true\" role=\"img\" class=\"gb-accordion__icon-open\"><path d=\"M240.971 130.524l194.343 194.343c9.373 9.373 9.373 24.569 0 33.941l-22.667 22.667c-9.357 9.357-24.522 9.375-33.901.04L224 227.495 69.255 381.516c-9.379 9.335-24.544 9.317-33.901-.04l-22.667-22.667c-9.373-9.373-9.373-24.569 0-33.941L207.03 130.525c9.372-9.373 24.568-9.373 33.941-.001z\" fill=\"var(--global-color-11)\"><\/path><\/svg><\/span><\/button>\n\n\n<div id=\"gb-accordion-content-2a01110a\" class=\"gb-accordion__content\"><div class=\"gb-container gb-container-2a01110a\">\n\n<p>Wir geben keine Links f\u00fcr w\u00f6chentliche Sitzungen weiter. Off University Kurse findet auf Off University Moodle statt, wo Ihre digitale Sicherheit Priorit\u00e4t hat. Sie ben\u00f6tigen ein Konto, um sich einzuschreiben, auf die w\u00f6chentlichen Sitzungen zuzugreifen, das von den Dozenten zur Verf\u00fcgung gestellte Kursmaterial abzurufen und nach erfolgreichem Abschluss ein Zertifikat anzufordern.  <\/p>\n\n<\/div><\/div>\n<\/div>\n\n<div class=\"gb-container gb-container-6a6058cb gb-accordion__item\" data-transition=\"slide\">\n\n<button class=\"gb-button gb-button-948b264a gb-accordion__toggle\" id=\"gb-accordion-toggle-948b264a\"><span class=\"gb-button-text\">Ich habe die Aktivierungs-E-Mail nicht erhalten. Wie kann ich mein Off University Moodle-Konto aktivieren? <\/span><span class=\"gb-icon\"><svg xmlns=\"http:\/\/www.w3.org\/2000\/svg\" viewbox=\"0 0 448 512\" width=\"1em\" height=\"1em\" aria-hidden=\"true\" role=\"img\" class=\"gb-accordion__icon\"><path d=\"M207.029 381.476L12.686 187.132c-9.373-9.373-9.373-24.569 0-33.941l22.667-22.667c9.357-9.357 24.522-9.375 33.901-.04L224 284.505l154.745-154.021c9.379-9.335 24.544-9.317 33.901.04l22.667 22.667c9.373 9.373 9.373 24.569 0 33.941L240.971 381.476c-9.373 9.372-24.569 9.372-33.942 0z\" fill=\"var(--global-color-11)\"><\/path><\/svg><svg xmlns=\"http:\/\/www.w3.org\/2000\/svg\" viewbox=\"0 0 448 512\" width=\"1em\" height=\"1em\" aria-hidden=\"true\" role=\"img\" class=\"gb-accordion__icon-open\"><path d=\"M240.971 130.524l194.343 194.343c9.373 9.373 9.373 24.569 0 33.941l-22.667 22.667c-9.357 9.357-24.522 9.375-33.901.04L224 227.495 69.255 381.516c-9.379 9.335-24.544 9.317-33.901-.04l-22.667-22.667c-9.373-9.373-9.373-24.569 0-33.941L207.03 130.525c9.372-9.373 24.568-9.373 33.941-.001z\" fill=\"var(--global-color-11)\"><\/path><\/svg><\/span><\/button>\n\n\n<div id=\"gb-accordion-content-50f955a3\" class=\"gb-accordion__content\"><div class=\"gb-container gb-container-50f955a3\">\n\n<p>Wir raten Ihnen, eine gef\u00e4lschte E-Mail-Adresse zu verwenden, um Ihr Off University Moodle-Konto zu erstellen. Wir aktivieren die neuen Konten regelm\u00e4\u00dfig selbst. Auch wenn Sie Ihre echte E-Mail-Adresse verwenden und die Aktivierungs-E-Mail nicht erhalten, wird Ihr Konto werktags innerhalb von 24 Stunden aktiviert. Bitte notieren Sie sich Ihren Benutzernamen und Ihr Passwort an einem sicheren Ort und versuchen Sie sp\u00e4ter, sich erneut anzumelden.   <\/p>\n\n<\/div><\/div>\n<\/div>\n\n<div class=\"gb-container gb-container-33c4e543 gb-accordion__item\" id=\"privacy-five\" data-transition=\"slide\">\n\n<button class=\"gb-button gb-button-83d5cf1c gb-accordion__toggle\" id=\"gb-accordion-toggle-83d5cf1c\"><span class=\"gb-button-text\">Ich habe Bedenken bez\u00fcglich meiner digitalen Sicherheit. Stellt die Nutzung von Kurse mit Off University ein Risiko f\u00fcr mich dar? <\/span><span class=\"gb-icon\"><svg xmlns=\"http:\/\/www.w3.org\/2000\/svg\" viewbox=\"0 0 448 512\" width=\"1em\" height=\"1em\" aria-hidden=\"true\" role=\"img\" class=\"gb-accordion__icon\"><path d=\"M207.029 381.476L12.686 187.132c-9.373-9.373-9.373-24.569 0-33.941l22.667-22.667c9.357-9.357 24.522-9.375 33.901-.04L224 284.505l154.745-154.021c9.379-9.335 24.544-9.317 33.901.04l22.667 22.667c9.373 9.373 9.373 24.569 0 33.941L240.971 381.476c-9.373 9.372-24.569 9.372-33.942 0z\" fill=\"var(--global-color-11)\"><\/path><\/svg><svg xmlns=\"http:\/\/www.w3.org\/2000\/svg\" viewbox=\"0 0 448 512\" width=\"1em\" height=\"1em\" aria-hidden=\"true\" role=\"img\" class=\"gb-accordion__icon-open\"><path d=\"M240.971 130.524l194.343 194.343c9.373 9.373 9.373 24.569 0 33.941l-22.667 22.667c-9.357 9.357-24.522 9.375-33.901.04L224 227.495 69.255 381.516c-9.379 9.335-24.544 9.317-33.901-.04l-22.667-22.667c-9.373-9.373-9.373-24.569 0-33.941L207.03 130.525c9.372-9.373 24.568-9.373 33.941-.001z\" fill=\"var(--global-color-11)\"><\/path><\/svg><\/span><\/button>\n\n\n<div id=\"gb-accordion-content-d5570b78\" class=\"gb-accordion__content\"><div class=\"gb-container gb-container-d5570b78\">\n\n<p>Off University versteht sich als ein Raum des Widerstands gegen autorit\u00e4re Regime. In unseren Online-Kursen versuchen wir, eine Lernumgebung zu schaffen, die so sicher wie m\u00f6glich f\u00fcr unsere verletzlichsten Kursteilnehmende ist. <\/p>\n\n\n\n<p>Bitte erstellen Sie Ihr Off University Moodle-Konto mit einem falschen Namen und einer falschen E-Mail-Adresse. Sie sind nicht verpflichtet, Ihre pers\u00f6nlichen Daten weiterzugeben, und E-Mail-Kommunikation ist nicht erw\u00fcnscht, da die Kommunikation per E-Mail nicht privat ist. W\u00e4hrend des Zertifikatsprozesses wird der Lerndesigner Sie direkt auf Off University Moodle kontaktieren, um Ihre pers\u00f6nlichen Daten zur Vorbereitung Ihres Zertifikats zu erfragen. Bitte \u00fcbermitteln Sie Ihre Informationen nur auf Off University Moodle. Wenn Sie mehr \u00fcber digitale Selbstverteidigung erfahren m\u00f6chten, k\u00f6nnen Sie sich mit Ihren Fragen und Anliegen an den Lerndesigner wenden.    <\/p>\n\n<\/div><\/div>\n<\/div>\n<\/div>\n<\/div>\n<\/div><div class=\"gb-container gb-container-5a0664f7\">\n<div class=\"gb-container gb-container-12abf257\">\n\n<h4 class=\"gb-headline gb-headline-ce6e3aa3 gb-headline-text\" id=\"courses-faq\"> \u00dcber Teaching A Kurse<\/h4>\n\n\n<div class=\"gb-container gb-container-8d72be81 gb-accordion\">\n<div class=\"gb-container gb-container-6f562b87 gb-accordion__item\" data-transition=\"slide\">\n\n<button class=\"gb-button gb-button-8781547c gb-accordion__toggle\" id=\"gb-accordion-toggle-8781547c\"><span class=\"gb-button-text\">Ich mache mir Sorgen um meine Sicherheit oder die Sicherheit meiner Familie. Kann ich einen Kurs unterrichten? <\/span><span class=\"gb-icon\"><svg xmlns=\"http:\/\/www.w3.org\/2000\/svg\" viewbox=\"0 0 448 512\" width=\"1em\" height=\"1em\" aria-hidden=\"true\" role=\"img\" class=\"gb-accordion__icon\"><path d=\"M207.029 381.476L12.686 187.132c-9.373-9.373-9.373-24.569 0-33.941l22.667-22.667c9.357-9.357 24.522-9.375 33.901-.04L224 284.505l154.745-154.021c9.379-9.335 24.544-9.317 33.901.04l22.667 22.667c9.373 9.373 9.373 24.569 0 33.941L240.971 381.476c-9.373 9.372-24.569 9.372-33.942 0z\" fill=\"var(--global-color-11)\"><\/path><\/svg><svg xmlns=\"http:\/\/www.w3.org\/2000\/svg\" viewbox=\"0 0 448 512\" width=\"1em\" height=\"1em\" aria-hidden=\"true\" role=\"img\" class=\"gb-accordion__icon-open\"><path d=\"M240.971 130.524l194.343 194.343c9.373 9.373 9.373 24.569 0 33.941l-22.667 22.667c-9.357 9.357-24.522 9.375-33.901.04L224 227.495 69.255 381.516c-9.379 9.335-24.544 9.317-33.901-.04l-22.667-22.667c-9.373-9.373-9.373-24.569 0-33.941L207.03 130.525c9.372-9.373 24.568-9.373 33.941-.001z\" fill=\"var(--global-color-11)\"><\/path><\/svg><\/span><\/button>\n\n\n<div id=\"gb-accordion-content-16e68df3\" class=\"gb-accordion__content\"><div class=\"gb-container gb-container-16e68df3\">\n\n<p>Unsere Sicherheitsstrategie sieht vor, dass niemand mit seinem echten Namen am Seminar teilnehmen muss. Wenn wir uns entschlie\u00dfen w\u00fcrden, ein Online-Seminar mit Ihnen zu veranstalten, w\u00fcrden wir vor dem Seminar eine Bewertung der individuellen Risikosituation vornehmen und Ma\u00dfnahmen vereinbaren, um die Sicherheit der Stipendiaten zu gew\u00e4hrleisten. Dazu k\u00f6nnte auch das Unterrichten unter einem Pseudonym geh\u00f6ren.  <\/p>\n\n<\/div><\/div>\n<\/div>\n\n<div class=\"gb-container gb-container-96d984ae gb-accordion__item\" data-transition=\"slide\">\n\n<button class=\"gb-button gb-button-aa5d0484 gb-accordion__toggle\" id=\"gb-accordion-toggle-aa5d0484\"><span class=\"gb-button-text\">Ich habe an meinem Wohnort kein stabiles Internet. Kann ich einen Kurs unterrichten? <\/span><span class=\"gb-icon\"><svg xmlns=\"http:\/\/www.w3.org\/2000\/svg\" viewbox=\"0 0 448 512\" width=\"1em\" height=\"1em\" aria-hidden=\"true\" role=\"img\" class=\"gb-accordion__icon\"><path d=\"M207.029 381.476L12.686 187.132c-9.373-9.373-9.373-24.569 0-33.941l22.667-22.667c9.357-9.357 24.522-9.375 33.901-.04L224 284.505l154.745-154.021c9.379-9.335 24.544-9.317 33.901.04l22.667 22.667c9.373 9.373 9.373 24.569 0 33.941L240.971 381.476c-9.373 9.372-24.569 9.372-33.942 0z\" fill=\"var(--global-color-11)\"><\/path><\/svg><svg xmlns=\"http:\/\/www.w3.org\/2000\/svg\" viewbox=\"0 0 448 512\" width=\"1em\" height=\"1em\" aria-hidden=\"true\" role=\"img\" class=\"gb-accordion__icon-open\"><path d=\"M240.971 130.524l194.343 194.343c9.373 9.373 9.373 24.569 0 33.941l-22.667 22.667c-9.357 9.357-24.522 9.375-33.901.04L224 227.495 69.255 381.516c-9.379 9.335-24.544 9.317-33.901-.04l-22.667-22.667c-9.373-9.373-9.373-24.569 0-33.941L207.03 130.525c9.372-9.373 24.568-9.373 33.941-.001z\" fill=\"var(--global-color-11)\"><\/path><\/svg><\/span><\/button>\n\n\n<div id=\"gb-accordion-content-8a3118bc\" class=\"gb-accordion__content\"><div class=\"gb-container gb-container-8a3118bc\">\n\n<p>Unsere Seminare zielen darauf ab, den Austausch zwischen Wissenschaftlern und Kursteilnehmende zu f\u00f6rdern. Wenn Sie ein Verbindungsproblem haben, hat wahrscheinlich auch Kursteilnehmende ein solches. In diesem Fall w\u00fcrden wir das Format des Seminars entsprechend anpassen, die Online-Synchronzeit reduzieren und Lernaktivit\u00e4ten erfinden, die den Bed\u00fcrfnissen der Wissenschaftler und Kursteilnehmende entsprechen.  <\/p>\n\n<\/div><\/div>\n<\/div>\n<\/div>\n<\/div>\n<\/div>","protected":false},"excerpt":{"rendered":"<p>H\u00e4ufig gestellte Fragen \u00dcber Kurse Registrierung Off University Kurse sind kostenlos und f\u00fcr jeden zug\u00e4nglich. Sie m\u00fcssen nicht an einer &#8230; <a title=\"FAQ\" class=\"read-more\" href=\"https:\/\/offuniversity.org\/de\/faq\/\" aria-label=\"Mehr Informationen \u00fcber FAQ\">Weiterlesen &#8230;<\/a><\/p>\n","protected":false},"author":1,"featured_media":0,"parent":0,"menu_order":0,"comment_status":"closed","ping_status":"closed","template":"","meta":{"footnotes":""},"class_list":{"0":"post-7853","1":"page","2":"type-page","3":"status-publish","5":"infinite-scroll-item"},"_links":{"self":[{"href":"https:\/\/offuniversity.org\/de\/wp-json\/wp\/v2\/pages\/7853","targetHints":{"allow":["GET"]}}],"collection":[{"href":"https:\/\/offuniversity.org\/de\/wp-json\/wp\/v2\/pages"}],"about":[{"href":"https:\/\/offuniversity.org\/de\/wp-json\/wp\/v2\/types\/page"}],"author":[{"embeddable":true,"href":"https:\/\/offuniversity.org\/de\/wp-json\/wp\/v2\/users\/1"}],"replies":[{"embeddable":true,"href":"https:\/\/offuniversity.org\/de\/wp-json\/wp\/v2\/comments?post=7853"}],"version-history":[{"count":3,"href":"https:\/\/offuniversity.org\/de\/wp-json\/wp\/v2\/pages\/7853\/revisions"}],"predecessor-version":[{"id":8076,"href":"https:\/\/offuniversity.org\/de\/wp-json\/wp\/v2\/pages\/7853\/revisions\/8076"}],"wp:attachment":[{"href":"https:\/\/offuniversity.org\/de\/wp-json\/wp\/v2\/media?parent=7853"}],"curies":[{"name":"wp","href":"https:\/\/api.w.org\/{rel}","templated":true}]}}