{"id":13723,"date":"2025-09-24T08:10:23","date_gmt":"2025-09-24T08:10:23","guid":{"rendered":"https:\/\/offuniversity.org\/?page_id=13723"},"modified":"2026-03-13T14:43:03","modified_gmt":"2026-03-13T14:43:03","slug":"media-communication-in-the-21st-century","status":"publish","type":"page","link":"https:\/\/offuniversity.org\/tr\/courses\/media-communication-in-the-21st-century\/","title":{"rendered":"Media Communication in the 21st Century"},"content":{"rendered":"<div class=\"gb-container gb-container-a662079b\">\n<div class=\"gb-grid-wrapper gb-grid-wrapper-7b60fd04\">\n<div class=\"gb-grid-column gb-grid-column-e0d64d06\"><div class=\"gb-container gb-container-e0d64d06\">\n\n<h2 class=\"gb-headline gb-headline-1f2875eb gb-headline-text\">Media Communication in the 21st Century<\/h2>\n\n\n\n<h4 class=\"gb-headline gb-headline-b1648cf9 gb-headline-text\"><em>The Backbone of Democracy or a Tool of Social Oppression<\/em><\/h4>\n\n\n\n<p class=\"gb-headline gb-headline-f91c37b5 gb-headline-text\">Aksana&nbsp;Ulanovich, Andrii Kostyriev<\/p>\n\n\n<div class=\"gb-container gb-container-3a30ea48 gb-tabs\" data-opened-tab=\"1\">\n<div class=\"gb-container gb-container-84f8d681 gb-tabs__buttons\">\n\n<button class=\"gb-button gb-button-a79c01e0 gb-button-text gb-tabs__button gb-block-is-current\" id=\"gb-tab-button-a79c01e0\">Overview<\/button>\n\n\n\n<button class=\"gb-button gb-button-727c53ee gb-button-text gb-tabs__button\" id=\"gb-tab-button-727c53ee\">Learning Outcomes<\/button>\n\n\n\n<button class=\"gb-button gb-button-bfd101b8 gb-button-text gb-tabs__button\" id=\"gb-tab-button-bfd101b8\">Course Syllabus<\/button>\n\n\n\n<button class=\"gb-button gb-button-409f8afd gb-button-text gb-tabs__button\" id=\"gb-tab-button-409f8afd\">Instructors<\/button>\n\n\n\n<button class=\"gb-button gb-button-3b444de6 gb-button-text gb-tabs__button\" id=\"gb-tab-button-3b444de6\">Certification<\/button>\n\n\n\n<button class=\"gb-button gb-button-b350bafb gb-button-text gb-tabs__button\" id=\"gb-tab-button-b350bafb\">Registration<\/button>\n\n<\/div>\n\n<div class=\"gb-container gb-container-7f59097b gb-tabs__items\">\n<div class=\"gb-container gb-container-f5c5f721 gb-tabs__item gb-tabs__item-open\" id=\"gb-tab-item-f5c5f721\">\n\n<h4 class=\"gb-headline gb-headline-68c7fb24 gb-headline-text\">Overview<\/h4>\n\n\n\n<p class=\"gb-text gb-text-c1956806\">In the current world, where information appears as the main value, the discourse about the media\u2019s role and place in socio-political processes is a cornerstone both for theorists <em><strong>\u2013<\/strong><\/em> political scientists, sociologists, legal scholars, psychologists <em><strong>\u2013<\/strong><\/em> and for practitioners <em><strong>\u2013<\/strong><\/em> politicians, editors, journalists, bloggers \u2013 as well as for an engaged public. The question of how media can support democratic processes and foster communicative discourse, while avoiding manipulation and oppression, has become urgent due to the rapid evolution of online platforms.<\/p>\n\n\n\n<p class=\"gb-text gb-text-769eb2b5\">The optimistic 1990s vision of the Internet as a catalyst for direct democracy has, since 2016, given way to warnings that social media \u201csteal elections\u201d and create distorted realities through fake news and emotionally charged propaganda. These challenges are particularly acute for societies in democratic transition, striving for liberation, sovereignty, and sustainable public trust.<\/p>\n\n\n\n<p class=\"gb-text gb-text-e691057d\">This 14-week seminar course is designed as an interdisciplinary dialogue between scholarship and practice. Students will engage critically with theory and current events, exploring themes such as the essence of political communication, media power, the watchdog\u2013chain dog dilemma, post-truth networks, and the aesthetics and rhetoric of political media. Through discussion, debate, and collaborative research, we will uncover the techniques, tactics, and means by which media shape <em><strong>\u2013<\/strong><\/em> and are shaped by <em><strong>\u2013<\/strong><\/em> democratic and authoritarian contexts.<\/p>\n\n\n\n<p class=\"gb-text gb-text-6cdba210\">The course moves from foundational theories of information and communication to advanced explorations of network society, post-politics, and post-truth realities, culminating in student-led presentations that synthesize and apply the insights gained.<\/p>\n\n<\/div>\n\n<div class=\"gb-container gb-container-1d112162 gb-tabs__item\" id=\"gb-tab-item-1d112162\">\n\n<h4 class=\"gb-headline gb-headline-59db816a gb-headline-text\">Learning Outcomes<\/h4>\n\n\n\n<div>\n<ul class=\"wp-block-list\">\n<li>Interpret and compare key theories of information, communication, and political<br>media systems.<\/li>\n\n\n\n<li>Analyze mechanisms through which media influence political agendas, public<br>opinion, and social cohesion.<\/li>\n\n\n\n<li>Identify and critique forms of manipulative, oppressive, and aestheticized media<br>communication.<\/li>\n\n\n\n<li>Debate the roles of media within different political systems, from liberal<br>democracies to authoritarian regimes.<\/li>\n\n\n\n<li>Evaluate the impact of network society, post-truth communication, and algorithmic<br>governance.<\/li>\n\n\n\n<li>Propose value-based countermeasures against misinformation and polarization.<\/li>\n\n\n\n<li>Analyzing the agency of the public in the formation of this media landscape and the<br>counterstrategies to authoritarian and manipulative practices.<\/li>\n<\/ul>\n<\/div>\n\n<\/div>\n\n<div class=\"gb-container gb-container-79414423 gb-tabs__item\" id=\"gb-tab-item-79414423\">\n\n<h4 class=\"gb-headline gb-headline-28db6432 gb-headline-text\">Course Syllabus<\/h4>\n\n\n\n<p class=\"gb-text\">You can see and download the course syllabus below.<\/p>\n\n\n\n<div class=\"gb-element-3120ace5\">\n<div data-wp-interactive=\"core\/file\" class=\"wp-block-file\"><object data-wp-bind--hidden=\"!state.hasPdfPreview\" hidden class=\"wp-block-file__embed\" data=\"https:\/\/offuniversity.org\/wp-content\/uploads\/2025\/10\/Syllabus-MC-25WS-NUIEC.pdf\" type=\"application\/pdf\" style=\"width:100%;height:813px\" aria-label=\"Syllabus-MC-25WS-NUIEC g\u00f6m\u00fcs\u00fc.\"><\/object><a id=\"wp-block-file--media-62c37a64-2438-44f2-acc7-8961ed4e2bb4\" href=\"https:\/\/offuniversity.org\/wp-content\/uploads\/2025\/10\/Syllabus-MC-25WS-NUIEC.pdf\" target=\"_blank\" rel=\"noreferrer noopener\">Syllabus-MC-25WS-NUIEC<\/a><\/div>\n<\/div>\n\n<\/div>\n\n<div class=\"gb-container gb-container-76c32fff gb-tabs__item\" id=\"gb-tab-item-76c32fff\">\n<div class=\"gb-container gb-container-e16d3ebf\">\n\n<h4 class=\"gb-headline gb-headline-69822906 gb-headline-text\">Instructors<\/h4>\n\n\n\n<div class=\"gb-element-eeb0b3eb\" id=\"Aksana-Ulanovich\"><div class=\"gb-grid-wrapper gb-grid-wrapper-3ce32d4f\">\n<div class=\"gb-grid-column gb-grid-column-f072f08a\"><div class=\"gb-container gb-container-f072f08a\">\n\n<figure class=\"gb-block-image gb-block-image-7256b09c\"><img loading=\"lazy\" decoding=\"async\" width=\"720\" height=\"720\" class=\"gb-image gb-image-7256b09c photo-shadow img\" src=\"https:\/\/offuniversity.org\/wp-content\/uploads\/2025\/09\/Aksana-Ulanovich.webp\" alt=\"\" title=\"Aksana-Ulanovich\" srcset=\"https:\/\/offuniversity.org\/wp-content\/uploads\/2025\/09\/Aksana-Ulanovich.webp 720w, https:\/\/offuniversity.org\/wp-content\/uploads\/2025\/09\/Aksana-Ulanovich-300x300.webp 300w, https:\/\/offuniversity.org\/wp-content\/uploads\/2025\/09\/Aksana-Ulanovich-150x150.webp 150w\" sizes=\"auto, (max-width: 720px) 100vw, 720px\" \/><\/figure>\n\n<\/div><\/div>\n\n<div class=\"gb-grid-column gb-grid-column-3621cf4a\"><div class=\"gb-container gb-container-3621cf4a\">\n\n<h4 class=\"gb-headline gb-headline-ba518d88 gb-headline-text\">Aksana Ulanovich<\/h4>\n\n\n\n<p style=\"font-size:16px\">Aksana&nbsp;Ulanovich is an academic scholar, a linguist and a cognitive psychologist from Belarus. PhD in Psychology (2003), associate professor with significant experience in teaching and research. Her research interests lie in the spheres of socio- and psycholinguistics, cognitive psychology, media rhetoric and political media communication. Scientific reflection integrating cognitive, linguistic, psychological and social projections shaped her vision of modern media communication as a phenomenon of social ontology rather than a means of culture. Thanks to her strong commitment to advancing knowledge and a passion for discovery, she has conducted research on a number of issues in the domain: pragmatics of verbal humor in media rhetoric, oppressive features of media communication in autocracies, aestheticization as a social phenomenon \u2013 a few to mention. The author of 190 scientific works (articles, coursebooks). Since 2023, she has been affiliated with European Humanities University (Lithuania), Kazimieras Simonavi\u010diaus&nbsp;universitetas (Lithuania), Universit\u00e9 de Bordeaux (France).<\/p>\n\n<\/div><\/div>\n<\/div><\/div>\n\n\n\n<div class=\"gb-element-f9b98309\" id=\"Andrii-Kostyriev\"><div class=\"gb-grid-wrapper gb-grid-wrapper-376ad516\">\n<div class=\"gb-grid-column gb-grid-column-ea8a31a4\"><div class=\"gb-container gb-container-ea8a31a4\">\n\n<figure class=\"gb-block-image gb-block-image-b752bbb1\"><img loading=\"lazy\" decoding=\"async\" width=\"720\" height=\"720\" class=\"gb-image gb-image-b752bbb1 photo-shadow img\" src=\"https:\/\/offuniversity.org\/wp-content\/uploads\/2025\/09\/Andrii-Kostyriev.webp\" alt=\"\" title=\"Andrii-Kostyriev\" srcset=\"https:\/\/offuniversity.org\/wp-content\/uploads\/2025\/09\/Andrii-Kostyriev.webp 720w, https:\/\/offuniversity.org\/wp-content\/uploads\/2025\/09\/Andrii-Kostyriev-300x300.webp 300w, https:\/\/offuniversity.org\/wp-content\/uploads\/2025\/09\/Andrii-Kostyriev-150x150.webp 150w\" sizes=\"auto, (max-width: 720px) 100vw, 720px\" \/><\/figure>\n\n<\/div><\/div>\n\n<div class=\"gb-grid-column gb-grid-column-5eb3bd42\"><div class=\"gb-container gb-container-5eb3bd42\">\n\n<h4 class=\"gb-headline gb-headline-395b5766 gb-headline-text\">Andrii Kostyriev<\/h4>\n\n\n\n<p style=\"font-size:16px\">Andrii Kostyriev, PhD in Political Sciences, defended his doctoral dissertation \u201cMass Media\u2019s Role in the Process of Democratic Development of Society\u201d at Taras Shevchenko National University of Kyiv in 2003. Following his doctorate, he served as Associate Professor at Kyiv Slavonic University (2003\u20132012) and later at T. H. Shevchenko National University \u2018Chernihiv Collegium\u2019 (2012\u20132022) in Ukraine. After Russia\u2019s full-scale invasion and the resulting threat to his life, Dr. Kostyriev and his family relocated to the Baltics as refugees. In 2022 he joined the University of Latvia as a Visiting Researcher, and in 2023 he became a Senior Researcher at the Institute of International Relations and Political Science, Vilnius University. Since 2024 he has been Associate Professor and Head of the Political Sciences Committee at the European Humanities University in Vilnius, Lithuania.<\/p>\n\n\n\n<p style=\"font-size:16px\">His current research examines how contemporary political communication \u2013 particularly through social media \u2013 shapes democratic processes, and how strategic communications affect international security, and geopolitical dynamics. He is the author of the textbooks Mediatization of Politics: Historical and Systems Analysis (2025) and Political Communication: Theoretical Background (2024), the monograph Ukraine: Buffer or Forum? Intercivilizational Communication as a Geopolitical Function of Ukraine (2013), and more than 30 scholarly articles on political communication in mass media and social networks.<\/p>\n\n\n\n<p style=\"font-size:16px\">Dr. Kostyriev is an academician of the Academy of Political and Law Sciences of Ukraine, a member of the International Political Science Association (IPSA) and the National Union of Journalists of Ukraine (NUJU), a reviewer for the journal Political Sciences &amp; International Relations, and regional representative of the scientific journal Hileya.<\/p>\n\n<\/div><\/div>\n<\/div><\/div>\n\n<\/div>\n<\/div>\n\n<div class=\"gb-container gb-container-aeb47937 gb-tabs__item\" id=\"gb-tab-item-aeb47937\">\n<div class=\"gb-container gb-container-ead45f5d\">\n\n<h4 class=\"gb-headline gb-headline-bb62c5d8 gb-headline-text\">Certification<\/h4>\n\n\n\n<p class=\"gb-text gb-text-971b54bc\">This course is hosted by <strong>LMU M\u00fcnchen, The Geschwister-Scholl-Institute of Political Science <\/strong>and certified with<strong> 6 ECTS<\/strong> upon successful completion.<\/p>\n\n\n\n<p class=\"gb-text gb-text-c5d838af\">Please check the course requirements from the course syllabus and inform your instructor(s) about your request to receive a certificate for this course. <\/p>\n\n\n\n<p class=\"gb-text gb-text-d32043e6\">You will find the full syllabus on<a href=\"https:\/\/moodle.offuniversity.org\/\" target=\"_blank\" rel=\"noreferrer noopener\"> <strong>Moodle<\/strong><\/a> course page. <\/p>\n\n\n\n<p class=\"gb-text gb-text-1aa7fe3a\">At the end of the semester, the instructors will inform the learning designer about your request and grade. The certificate will be prepared with the university secretariat and it may take up to 8 weeks.<\/p>\n\n<\/div>\n<\/div>\n\n<div class=\"gb-container gb-container-ca0f3555 gb-tabs__item\" id=\"gb-tab-item-ca0f3555\">\n<div class=\"gb-container gb-container-405640a6\">\n\n<h4 class=\"gb-headline gb-headline-491fe663 gb-headline-text\">Registration<\/h4>\n\n\n\n<p class=\"gb-text gb-text-02360dd3\">Our courses are held on a digital learning platform, <strong><a href=\"https:\/\/moodle.offuniversity.org\/\" data-type=\"link\" data-id=\"https:\/\/moodle.offuniversity.org\/\" target=\"_blank\" rel=\"noreferrer noopener\">Moodle<\/a><\/strong>. Before you create your account on <strong><a href=\"https:\/\/moodle.offuniversity.org\/\" data-type=\"link\" data-id=\"https:\/\/moodle.offuniversity.org\/\" target=\"_blank\" rel=\"noreferrer noopener\">Moodle<\/a><\/strong>, we have some notes for your and others\u2019 digital security.<\/p>\n\n\n\n<ul class=\"wp-block-list\">\n<li>When you register, you can use a nickname. Nicknames with offensive, racist or sexist undertones will not be accepted.&nbsp;<\/li>\n\n\n\n<li>Communication outside of the platform is not private. It is a solidarity action with people who would like to stay anonymous for different reasons. Please use our secure platform to communicate with others and respect their choices of communication channels.<\/li>\n\n\n\n<li>We aim to create an inclusive learning environment with our participants&nbsp;and educate ourselves in a more inclusive language. Be eager and tolerant to learn from each other and challenge any discriminating language. You can have a look at it <a href=\"https:\/\/nasaa-arts.org\/nasaa_research\/inclusive-language-guide\/\" target=\"_blank\" rel=\"noreferrer noopener\"><strong>here<\/strong><\/a>.<\/li>\n<\/ul>\n\n\n\n<hr class=\"wp-block-separator has-text-color has-accent-3-color has-alpha-channel-opacity has-accent-3-background-color has-background is-style-wide\"\/>\n\n\n<div class=\"gb-container gb-container-1b648ecd\">\n\n<h5 class=\"gb-headline gb-headline-3b8eb288 gb-headline-text\">Creating a new account and registering to a course on Moodle<\/h5>\n\n\n\n<p class=\"gb-text gb-text-b21fd5bc\"><strong>1. <\/strong>The link will take you to the<a href=\"https:\/\/moodle.offuniversity.org\/\" target=\"_blank\" rel=\"noreferrer noopener\"> <strong>Off University Moodle<\/strong><\/a> homepage.<\/p>\n\n\n\n<p class=\"gb-text gb-text-48daf666\"><strong>2.<\/strong> Click the \u201cLog in\u201d button on the top right side of the page.<br><em>If you have an account on <\/em><a href=\"https:\/\/moodle.offuniversity.org\/\" target=\"_blank\" rel=\"noreferrer noopener\"><strong>Off University Moodle<\/strong><\/a><em>, please login and continue from <\/em><strong><a href=\"#ckm-register-seven\" data-type=\"internal\" data-id=\"#ckm-register-seven\">step 7<\/a><\/strong><em> below.<\/em><\/p>\n\n\n\n<p class=\"gb-text gb-text-23e30dbc\"><strong>3. <\/strong>Scroll down to see \u201c<strong>Create new account<\/strong>\u201d and click the button.<\/p>\n\n\n\n<p class=\"gb-text gb-text-b44cb5f2\"><strong>4.<\/strong> Please fill in the fields marked as <strong>*required<\/strong>. <br><em>You can use false information to protect your identity and increase your safety. You can enter a nickname, a false email address that resembles the format, such as <strong>name@example.org<\/strong> etc. Please note down your user name and password in a safe place.<\/em><\/p>\n\n\n\n<p class=\"gb-text gb-text-1d705e04\"><strong>5.<\/strong> Once you created your account, please wait until the next working day to continue.<br><em>Your account needs activation which will be done by Off University. We will need some time to activate your account. This can take up to 24 hours on weekdays and longer on weekends.<\/em><\/p>\n\n\n\n<p class=\"gb-text gb-text-d340bb23\"><strong>6.<\/strong> Please login to check whether your account it active. Once you can login, you will find the available courses on the home page of Moodle and will be able to register by clicking the course title.<\/p>\n\n\n\n<p class=\"gb-text gb-text-c75b8ccc\" id=\"ckm-register-seven\"><strong>7. <\/strong>You can now discover the course page. The first item on the page, General, contains the syllabus and the announcements. Please follow these announcements to stay up to date about your course.<\/p>\n\n<\/div>\n<\/div>\n<\/div>\n<\/div>\n<\/div>\n<\/div><\/div>\n\n<div class=\"gb-grid-column gb-grid-column-bc3fa32e\"><div class=\"gb-container gb-container-bc3fa32e\">\n<div class=\"gb-container gb-container-fca37e75\">\n\n<figure class=\"wp-block-image size-large\"><img loading=\"lazy\" decoding=\"async\" width=\"1024\" height=\"576\" src=\"https:\/\/offuniversity.org\/wp-content\/uploads\/2025\/09\/WS25-MC_LMU_NUIEC-1024x576.webp\" alt=\"\" class=\"wp-image-13812\" srcset=\"https:\/\/offuniversity.org\/wp-content\/uploads\/2025\/09\/WS25-MC_LMU_NUIEC-1024x576.webp 1024w, https:\/\/offuniversity.org\/wp-content\/uploads\/2025\/09\/WS25-MC_LMU_NUIEC-300x169.webp 300w, https:\/\/offuniversity.org\/wp-content\/uploads\/2025\/09\/WS25-MC_LMU_NUIEC-768x432.webp 768w, https:\/\/offuniversity.org\/wp-content\/uploads\/2025\/09\/WS25-MC_LMU_NUIEC-1536x864.webp 1536w, https:\/\/offuniversity.org\/wp-content\/uploads\/2025\/09\/WS25-MC_LMU_NUIEC.webp 1600w\" sizes=\"auto, (max-width: 1024px) 100vw, 1024px\" \/><\/figure>\n\n<\/div>\n\n<div class=\"gb-container gb-container-233f353f\">\n\n<h4 class=\"gb-headline gb-headline-e4125b44 gb-headline-text\">Course Details<\/h4>\n\n\n<div class=\"gb-container gb-container-b921c8c1\">\n<div class=\"gb-grid-wrapper gb-grid-wrapper-70b4f9b1\">\n<div class=\"gb-grid-column gb-grid-column-203abde0\"><div class=\"gb-container gb-container-203abde0\">\n\n<p style=\"font-size:14px\"><strong>Duration<\/strong><\/p>\n\n<\/div><\/div>\n\n<div class=\"gb-grid-column gb-grid-column-7f61003f\"><div class=\"gb-container gb-container-7f61003f\">\n\n<p class=\"has-text-align-right\">15.10.25 &#8211; 06.02.26<\/p>\n\n<\/div><\/div>\n<\/div>\n<\/div>\n\n<div class=\"gb-container gb-container-99f50e98\">\n<div class=\"gb-grid-wrapper gb-grid-wrapper-85d6d763\">\n<div class=\"gb-grid-column gb-grid-column-2b30e5ad\"><div class=\"gb-container gb-container-2b30e5ad\">\n\n<p style=\"font-size:14px\"><strong>Time<\/strong><\/p>\n\n<\/div><\/div>\n\n<div class=\"gb-grid-column gb-grid-column-820a096d\"><div class=\"gb-container gb-container-820a096d\">\n\n<p class=\"has-text-align-right\">Wednesdays, 14:00 CET<\/p>\n\n<\/div><\/div>\n<\/div>\n<\/div>\n\n<div class=\"gb-container gb-container-b8d7d00c\">\n<div class=\"gb-grid-wrapper gb-grid-wrapper-739a6fda\">\n<div class=\"gb-grid-column gb-grid-column-c4cc3766\"><div class=\"gb-container gb-container-c4cc3766\">\n\n<p style=\"font-size:14px\"><strong>Credits<\/strong><\/p>\n\n<\/div><\/div>\n\n<div class=\"gb-grid-column gb-grid-column-94e52802\"><div class=\"gb-container gb-container-94e52802\">\n\n<p class=\"has-text-align-right\">6 ECTS<\/p>\n\n<\/div><\/div>\n<\/div>\n<\/div>\n\n<div class=\"gb-container gb-container-9c3909d0\">\n<div class=\"gb-grid-wrapper gb-grid-wrapper-408c2bcf\">\n<div class=\"gb-grid-column gb-grid-column-2c1ae340\"><div class=\"gb-container gb-container-2c1ae340\">\n\n<p class=\"has-text-align-left\" style=\"font-size:14px\"><strong>Language<\/strong><\/p>\n\n<\/div><\/div>\n\n<div class=\"gb-grid-column gb-grid-column-0019c195\"><div class=\"gb-container gb-container-0019c195\">\n\n<p class=\"has-text-align-right\">English<\/p>\n\n<\/div><\/div>\n<\/div>\n<\/div>\n\n<div class=\"gb-container gb-container-3d9507df\">\n<div class=\"gb-grid-wrapper gb-grid-wrapper-a417a67f\">\n<div class=\"gb-grid-column gb-grid-column-a6d4a3be\"><div class=\"gb-container gb-container-a6d4a3be\">\n\n<p style=\"font-size:14px\"><strong>Host Institution<\/strong><\/p>\n\n<\/div><\/div>\n\n<div class=\"gb-grid-column gb-grid-column-58e92727\"><div class=\"gb-container gb-container-58e92727\">\n\n<p class=\"has-text-align-right\">LMU M\u00fcnchen,<br>The Geschwister-Scholl-Institute of Political Science<\/p>\n\n<\/div><\/div>\n<\/div>\n<\/div>\n\n<div class=\"gb-container gb-container-7e6a18a0\">\n\n<div class=\"wp-block-group is-nowrap is-layout-flex wp-container-core-group-is-layout-ad2f72ca wp-block-group-is-layout-flex\">\n<p class=\"wp-container-content-9cfa9a5a\" style=\"font-size:14px\"><strong>Registration<\/strong>:<\/p>\n\n\n\n<div class=\"wp-block-buttons course-button is-layout-flex wp-block-buttons-is-layout-flex\">\n<div class=\"wp-block-button\"><a class=\"wp-block-button__link has-custom-font-size wp-element-button\" href=\"https:\/\/moodle.offuniversity.org\/enrol\/index.php?id=24\" style=\"border-radius:0px;font-size:16px;font-style:normal;font-weight:600\" target=\"_blank\" rel=\"noreferrer noopener\">Register Now<\/a><\/div>\n<\/div>\n<\/div>\n\n<\/div>\n\n<div class=\"gb-container gb-container-6a8e4c20\">\n\n<p style=\"font-size:14px\"><strong>Supported by<\/strong>:<\/p>\n\n\n<div class=\"gb-grid-wrapper gb-grid-wrapper-92584467\">\n<div class=\"gb-grid-column gb-grid-column-68a988d7\"><div class=\"gb-container gb-container-68a988d7\">\n\n<figure class=\"gb-block-image gb-block-image-c143014e\"><img loading=\"lazy\" decoding=\"async\" width=\"2000\" height=\"901\" class=\"gb-image gb-image-c143014e\" src=\"https:\/\/offuniversity.org\/wp-content\/uploads\/2024\/03\/NUIEC_1-2.png\" alt=\"\" title=\"NUIEC_1\" srcset=\"https:\/\/offuniversity.org\/wp-content\/uploads\/2024\/03\/NUIEC_1-2.png 2000w, https:\/\/offuniversity.org\/wp-content\/uploads\/2024\/03\/NUIEC_1-2-300x135.png 300w, https:\/\/offuniversity.org\/wp-content\/uploads\/2024\/03\/NUIEC_1-2-1024x461.png 1024w, https:\/\/offuniversity.org\/wp-content\/uploads\/2024\/03\/NUIEC_1-2-768x346.png 768w, https:\/\/offuniversity.org\/wp-content\/uploads\/2024\/03\/NUIEC_1-2-1536x692.png 1536w\" sizes=\"auto, (max-width: 2000px) 100vw, 2000px\" \/><\/figure>\n\n<\/div><\/div>\n\n<div class=\"gb-grid-column gb-grid-column-638276b6\"><div class=\"gb-container gb-container-638276b6\">\n\n<figure class=\"gb-block-image gb-block-image-6cc230d2\"><img loading=\"lazy\" decoding=\"async\" width=\"661\" height=\"320\" class=\"gb-image gb-image-6cc230d2\" src=\"https:\/\/offuniversity.org\/wp-content\/uploads\/2025\/06\/LMU-crop.png\" alt=\"\" title=\"LMU-crop\" srcset=\"https:\/\/offuniversity.org\/wp-content\/uploads\/2025\/06\/LMU-crop.png 661w, https:\/\/offuniversity.org\/wp-content\/uploads\/2025\/06\/LMU-crop-300x145.png 300w\" sizes=\"auto, (max-width: 661px) 100vw, 661px\" \/><\/figure>\n\n<\/div><\/div>\n<\/div>\n<\/div>\n\n<div class=\"gb-container gb-container-dda0f156\">\n\n<p class=\"has-text-align-center\" style=\"font-size:16px\"><strong><a href=\"\/current-courses\/\" data-type=\"page\" data-id=\"1416\" target=\"_blank\" rel=\"noreferrer noopener\">View All Current Courses<\/a><\/strong><\/p>\n\n<\/div>\n<\/div>\n<\/div><\/div>\n<\/div>\n\n\n<p class=\"gb-headline gb-headline-7c7f87cd\"><span class=\"gb-icon\"><svg xmlns=\"http:\/\/www.w3.org\/2000\/svg\" aria-hidden=\"true\" role=\"img\" height=\"1em\" width=\"1em\" viewbox=\"0 0 256 512\"><path fill=\"currentColor\" d=\"M31.7 239l136-136c9.4-9.4 24.6-9.4 33.9 0l22.6 22.6c9.4 9.4 9.4 24.6 0 33.9L127.9 256l96.4 96.4c9.4 9.4 9.4 24.6 0 33.9L201.7 409c-9.4 9.4-24.6 9.4-33.9 0l-136-136c-9.5-9.4-9.5-24.6-.1-34z\"><\/path><\/svg><\/span><span class=\"gb-headline-text\"><a href=\"https:\/\/offuniversity.org\/tr\/current-courses\/\" data-type=\"page\" data-id=\"1416\"><strong>G\u00fcncel Derslere Geri D\u00f6n<\/strong><\/a><\/span><\/p>\n\n<\/div>","protected":false},"excerpt":{"rendered":"<p>This course is designed as an interdisciplinary dialogue between scholarship and practice. We will uncover the techniques, tactics, and means by which media shape \u2013 and are shaped by \u2013 democratic and authoritarian contexts<\/p>\n","protected":false},"author":1,"featured_media":13812,"parent":1401,"menu_order":0,"comment_status":"closed","ping_status":"closed","template":"","meta":{"footnotes":""},"class_list":{"0":"post-13723","1":"page","2":"type-page","3":"status-publish","4":"has-post-thumbnail","6":"infinite-scroll-item"},"_links":{"self":[{"href":"https:\/\/offuniversity.org\/tr\/wp-json\/wp\/v2\/pages\/13723","targetHints":{"allow":["GET"]}}],"collection":[{"href":"https:\/\/offuniversity.org\/tr\/wp-json\/wp\/v2\/pages"}],"about":[{"href":"https:\/\/offuniversity.org\/tr\/wp-json\/wp\/v2\/types\/page"}],"author":[{"embeddable":true,"href":"https:\/\/offuniversity.org\/tr\/wp-json\/wp\/v2\/users\/1"}],"replies":[{"embeddable":true,"href":"https:\/\/offuniversity.org\/tr\/wp-json\/wp\/v2\/comments?post=13723"}],"version-history":[{"count":14,"href":"https:\/\/offuniversity.org\/tr\/wp-json\/wp\/v2\/pages\/13723\/revisions"}],"predecessor-version":[{"id":14137,"href":"https:\/\/offuniversity.org\/tr\/wp-json\/wp\/v2\/pages\/13723\/revisions\/14137"}],"up":[{"embeddable":true,"href":"https:\/\/offuniversity.org\/tr\/wp-json\/wp\/v2\/pages\/1401"}],"wp:featuredmedia":[{"embeddable":true,"href":"https:\/\/offuniversity.org\/tr\/wp-json\/wp\/v2\/media\/13812"}],"wp:attachment":[{"href":"https:\/\/offuniversity.org\/tr\/wp-json\/wp\/v2\/media?parent=13723"}],"curies":[{"name":"wp","href":"https:\/\/api.w.org\/{rel}","templated":true}]}}