{"id":13741,"date":"2025-09-24T08:14:08","date_gmt":"2025-09-24T08:14:08","guid":{"rendered":"https:\/\/offuniversity.org\/?page_id=13741"},"modified":"2026-03-03T09:55:13","modified_gmt":"2026-03-03T09:55:13","slug":"cinsiyet-iktidar-ve-toplumsal-donusum","status":"publish","type":"page","link":"https:\/\/offuniversity.org\/tr\/current-courses\/cinsiyet-iktidar-ve-toplumsal-donusum\/","title":{"rendered":"Cinsiyet, \u0130ktidar ve Toplumsal D\u00f6n\u00fc\u015f\u00fcm"},"content":{"rendered":"<div class=\"gb-container gb-container-a662079b\">\n<div class=\"gb-grid-wrapper gb-grid-wrapper-7b60fd04\">\n<div class=\"gb-grid-column gb-grid-column-e0d64d06\"><div class=\"gb-container gb-container-e0d64d06\">\n\n<h2 class=\"gb-headline gb-headline-1f2875eb gb-headline-text\">Cinsiyet, \u0130ktidar ve Toplumsal D\u00f6n\u00fc\u015f\u00fcm<\/h2>\n\n\n\n<h4 class=\"gb-headline gb-headline-b1648cf9 gb-headline-text\"><em>T\u00fcrkiye ve \u00d6tesinden Ele\u015ftirel Yakla\u015f\u0131mlar<\/em><\/h4>\n\n\n<div class=\"gb-container gb-container-3a30ea48 gb-tabs\" data-opened-tab=\"1\">\n<div class=\"gb-container gb-container-84f8d681 gb-tabs__buttons\">\n\n<button class=\"gb-button gb-button-a79c01e0 gb-button-text gb-tabs__button gb-block-is-current\" id=\"gb-tab-button-a79c01e0\">Genel Bak\u0131\u015f<\/button>\n\n\n\n<button class=\"gb-button gb-button-727c53ee gb-button-text gb-tabs__button\" id=\"gb-tab-button-727c53ee\">\u00d6\u011frenme \u00c7\u0131kt\u0131lar\u0131<\/button>\n\n\n\n<button class=\"gb-button gb-button-bfd101b8 gb-button-text gb-tabs__button\" id=\"gb-tab-button-bfd101b8\">Ders \u0130zlencesi<\/button>\n\n\n\n<button class=\"gb-button gb-button-409f8afd gb-button-text gb-tabs__button\" id=\"gb-tab-button-409f8afd\">E\u011fitmen<\/button>\n\n\n\n<button class=\"gb-button gb-button-3b444de6 gb-button-text gb-tabs__button\" id=\"gb-tab-button-3b444de6\">Sertifikasyon<\/button>\n\n\n\n<button class=\"gb-button gb-button-b350bafb gb-button-text gb-tabs__button\" id=\"gb-tab-button-b350bafb\">Kay\u0131t<\/button>\n\n<\/div>\n\n<div class=\"gb-container gb-container-7f59097b gb-tabs__items\">\n<div class=\"gb-container gb-container-f5c5f721 gb-tabs__item gb-tabs__item-open\" id=\"gb-tab-item-f5c5f721\">\n\n<h4 class=\"gb-headline gb-headline-68c7fb24 gb-headline-text\">Genel Bak\u0131\u015f<\/h4>\n\n\n\n<p class=\"gb-text gb-text-c1956806\">Cinsiyet e\u015fitsizli\u011fi; e\u011fitim politikalar\u0131ndan devlet y\u00f6netimine, \u00e7ocuk bak\u0131m sistemlerinden kentsel tasar\u0131ma, spor etkinliklerinden askeri teknolojilerin geli\u015fimine kadar uzanan geni\u015f bir s\u00f6ylem ve uygulama yelpazesinde kendini g\u00f6stermeye devam ediyor. Cinsel y\u00f6nelim, cinsiyet kimli\u011fi, \u0131rk, etnisite, inan\u00e7, engellilik ve ya\u015f temelinde ortaya \u00e7\u0131kan ayr\u0131mc\u0131l\u0131\u011f\u0131n kesi\u015fimsel do\u011fas\u0131, hetero-patriyarkal tahakk\u00fcm\u00fcn katmanl\u0131 ve s\u00fcrekli yap\u0131s\u0131n\u0131 daha da g\u00f6r\u00fcn\u00fcr k\u0131l\u0131yor. Bu duruma kar\u015f\u0131l\u0131k, farkl\u0131 sosyo-politik ba\u011flamlarda faaliyet g\u00f6steren taban \u00f6rg\u00fctlenmeleri, sivil toplum akt\u00f6rleri ve dayan\u0131\u015fma a\u011flar\u0131; bar\u0131\u015f\u00e7\u0131l, yarat\u0131c\u0131 ve kolektif stratejiler geli\u015ftirerek daha adil ve kapsay\u0131c\u0131 bir toplumsal d\u00f6n\u00fc\u015f\u00fcm hayal ediyor, hayata ge\u00e7iriyor. Bu \u00e7er\u00e7eveden hareketle bu ders, T\u00fcrkiye ve \u00f6tesinden se\u00e7ilmi\u015f toplumsal cinsiyet odakl\u0131 akademik ara\u015ft\u0131rmalar\u0131, sivil toplum giri\u015fimlerini, aktivist m\u00fcdahaleleri ve sanatsal pratikleri bir araya getirir. K\u00fcresel \u00f6l\u00e7ekte y\u00fckseli\u015fe ge\u00e7en toplumsal cinsiyet kar\u015f\u0131t\u0131 ideolojileri ele\u015ftirel bir bak\u0131\u015f a\u00e7\u0131s\u0131yla analiz etmeyi ama\u00e7layarak; farkl\u0131 k\u00fclt\u00fcrel ve siyasal ba\u011flamlarda direni\u015f, dayan\u0131kl\u0131l\u0131k ve d\u00f6n\u00fc\u015ft\u00fcr\u00fcc\u00fc politikalar\u0131n imk\u00e2nlar\u0131n\u0131 ke\u015ffetmeye alan a\u00e7ar.<\/p>\n\n<\/div>\n\n<div class=\"gb-container gb-container-1d112162 gb-tabs__item\" id=\"gb-tab-item-1d112162\">\n\n<h4 class=\"gb-headline gb-headline-59db816a gb-headline-text\">\u00d6\u011frenme \u00c7\u0131kt\u0131lar\u0131<\/h4>\n\n\n\n<p>A\u015fa\u011f\u0131daki konulara genel bir bak\u0131\u015f sa\u011flamak:<\/p>\n\n\n\n<ul class=\"wp-block-list\">\n<li>Cinsiyet e\u015fitli\u011fi, kad\u0131n ve LGBT\u0130+ haklar\u0131,<\/li>\n\n\n\n<li>Toplumsal cinsiyet kar\u015f\u0131t\u0131 politikalar,<\/li>\n\n\n\n<li>Cinsiyet temelli sosyal hareketler,<\/li>\n\n\n\n<li>Ulus devlet in\u015fas\u0131, militarizm ve kad\u0131n haklar\u0131,<\/li>\n\n\n\n<li>Kesi\u015fimsellik ve katmanl\u0131l\u0131k,<\/li>\n\n\n\n<li>Tu\u0308rkiye\u2019deki kad\u0131n ve LGBT\u0130+\u2019lar\u0131n hak talepleri,<\/li>\n\n\n\n<li>Kuir kuram perspeftifiyle beden ve sakatl\u0131k \u00e7al\u0131\u015fmalar\u0131<\/li>\n\n\n\n<li>Sanat endu\u0308strisi ve mu\u0308zecilik alan\u0131nda cinsiyet e\u015fitsizli\u011fi,<\/li>\n\n\n\n<li>Diyasporada feminist dayan\u0131\u015fma halleri,<\/li>\n\n\n\n<li>Cinsiyet performativitesi,<\/li>\n\n\n\n<li>Cinsiyet temelli \u015fiddet ve ayr\u0131mc\u0131l\u0131\u011fa kar\u015f\u0131 yarat\u0131c\u0131 ve bar\u0131\u015f\u00e7\u0131l mu\u0308cadele y\u00f6ntemleri<\/li>\n<\/ul>\n\n\n\n<p>Dersi ba\u015far\u0131yla tamamlayan kat\u0131l\u0131mc\u0131lar\u0131n kazan\u0131mlar\u0131:<\/p>\n\n\n\n<ul class=\"wp-block-list\">\n<li>(Toplumsal) Cinsiyet \u00e7al\u0131\u015fmalar\u0131na dair genel bir bak\u0131\u015fa\u00e7\u0131s\u0131 kazanmak<\/li>\n\n\n\n<li>(Toplumsal) Cinsiyet \u00e7al\u0131\u015fmalar\u0131n\u0131n kesi\u015fti\u011fi farkl\u0131 alanlara dair fark\u0131ndal\u0131k<br>kazanmak<\/li>\n\n\n\n<li>Tu\u0308rkiye\u2019de (toplumsal) cinsiyete dair farkl\u0131 alanlarda yap\u0131lan \u00e7al\u0131\u015fmalara ve<br>u\u0308retimlere dair bilgi sahibi olmak<\/li>\n\n\n\n<li>Gu\u0308ndelik hayatta cinsiyet temelli \u015fiddet ve ayr\u0131mc\u0131l\u0131k konusunda fark\u0131ndal\u0131k<br>kazanmak<\/li>\n\n\n\n<li>Cinsiyet temelli \u015fiddet ve ayr\u0131mc\u0131l\u0131\u011fa kar\u015f\u0131 yarat\u0131c\u0131 ve bar\u0131\u015f\u00e7\u0131l direni\u015f ve mu\u0308cadele<br>y\u00f6ntemlerine dair bilgi edinmek<\/li>\n<\/ul>\n\n<\/div>\n\n<div class=\"gb-container gb-container-79414423 gb-tabs__item\" id=\"gb-tab-item-79414423\">\n\n<h4 class=\"gb-headline gb-headline-28db6432 gb-headline-text\">Ders \u0130zlencesi (Syllabus)<\/h4>\n\n\n\n<p>Bu dersin plan\u0131n\u0131 a\u015fa\u011f\u0131da g\u00f6rebilir ve indirebilirsiniz.<\/p>\n\n\n\n<div class=\"gb-element-3120ace5\">\n<div data-wp-interactive=\"core\/file\" class=\"wp-block-file\"><object data-wp-bind--hidden=\"!state.hasPdfPreview\" hidden class=\"wp-block-file__embed\" data=\"https:\/\/offuniversity.org\/wp-content\/uploads\/2026\/03\/cinsiyet-iktidar-ve-toplumsal-donusum-syllabus-WS25-26.pdf\" type=\"application\/pdf\" style=\"width:100%;height:813px\" aria-label=\"cinsiyet-iktidar-ve-toplumsal-donusum-syllabus-WS25-26 g\u00f6m\u00fcs\u00fc.\"><\/object><a id=\"wp-block-file--media-1f5b8fd2-c600-41a6-9f02-99dffb45ef87\" href=\"https:\/\/offuniversity.org\/wp-content\/uploads\/2026\/03\/cinsiyet-iktidar-ve-toplumsal-donusum-syllabus-WS25-26.pdf\" target=\"_blank\" rel=\"noreferrer noopener\">cinsiyet-iktidar-ve-toplumsal-donusum-syllabus-WS25-26<\/a><\/div>\n<\/div>\n\n<\/div>\n\n<div class=\"gb-container gb-container-76c32fff gb-tabs__item\" id=\"gb-tab-item-76c32fff\">\n<div class=\"gb-container gb-container-e16d3ebf\">\n\n<h4 class=\"gb-headline gb-headline-69822906 gb-headline-text\">E\u011fitmen<\/h4>\n\n\n\n<div class=\"gb-element-eeb0b3eb\" id=\"Sema-Semih\"><div class=\"gb-grid-wrapper gb-grid-wrapper-3ce32d4f\">\n<div class=\"gb-grid-column gb-grid-column-f072f08a\"><div class=\"gb-container gb-container-f072f08a\">\n\n<figure class=\"gb-block-image gb-block-image-7256b09c\"><img decoding=\"async\" class=\"gb-image gb-image-7256b09c photo-shadow img\" src=\"https:\/\/offuniversity.org\/wp-content\/uploads\/2025\/07\/sema-semih.jpg\" alt=\"\" title=\"sema-semih\"\/><\/figure>\n\n<\/div><\/div>\n\n<div class=\"gb-grid-column gb-grid-column-3621cf4a\"><div class=\"gb-container gb-container-3621cf4a\">\n\n<h4 class=\"gb-headline gb-headline-ba518d88 gb-headline-text\">Sema Semih<\/h4>\n\n\n\n<p class=\"gb-text gb-text-8df936af\">Sema Semih, felsefe ve k\u00fclt\u00fcrel \u00e7al\u0131\u015fmalar alan\u0131nda e\u011fitim alm\u0131\u015f bir k\u00fclt\u00fcr \u00e7al\u0131\u015fan\u0131d\u0131r ve \u015fu anda Berlin&#8217;de Off University bursiyeri olarak ya\u015famaktad\u0131r. Akademik kurumlar ve sivil toplum kurulu\u015flar\u0131nda cinsiyet odakl\u0131 programlar geli\u015ftirip y\u00f6netmektedir. \u00c7al\u0131\u015fmalar\u0131, cinsiyete duyarl\u0131 yakla\u015f\u0131mlar, travma bilgisine dayal\u0131 kolayla\u015ft\u0131rma ve sosyal a\u00e7\u0131dan kat\u0131l\u0131mc\u0131 sanat \u00fczerine odaklanmaktad\u0131r. Ara\u015ft\u0131rma, e\u011fitim ve yarat\u0131c\u0131 ifadeyi bir araya getirerek kapsay\u0131c\u0131, yans\u0131t\u0131c\u0131 ve d\u00f6n\u00fc\u015ft\u00fcr\u00fcc\u00fc alanlar yaratmaktad\u0131r.<\/p>\n\n<\/div><\/div>\n<\/div><\/div>\n\n<\/div>\n<\/div>\n\n<div class=\"gb-container gb-container-aeb47937 gb-tabs__item\" id=\"gb-tab-item-aeb47937\">\n<div class=\"gb-container gb-container-8fdd03bc\">\n\n<h4 class=\"gb-headline gb-headline-2f18814f gb-headline-text\">Sertifikasyon<\/h4>\n\n\n\n<p>Bu ders <strong>Marburg University, Center for Conflict Studies <\/strong> taraf\u0131ndan d\u00fczenlenmekte ve ba\u015far\u0131yla tamamland\u0131\u011f\u0131nda <strong> 6 AKTS<\/strong> ile sertifikaland\u0131r\u0131lmaktad\u0131r<\/p>\n\n\n\n<p>L\u00fctfen ders program\u0131n\u0131 ve ders gerekliliklerini kontrol edin ve bu ders i\u00e7in sertifika alma talebinizi e\u011fitmen(ler)inize bildirin. <\/p>\n\n\n\n<p>Ders program\u0131n\u0131 <a href=\"https:\/\/moodle.offuniversity.org\/\" target=\"_blank\" rel=\"noreferrer noopener\"><strong>Moodle<\/strong><\/a> ders sayfas\u0131nda bulabilirsiniz. <\/p>\n\n\n\n<p>D\u00f6nem sonunda, e\u011fitmenler \u00f6\u011frenme tasar\u0131mc\u0131s\u0131n\u0131 talebiniz ve notunuz hakk\u0131nda bilgilendirecektir. \u00dcniversite sekreteryas\u0131 ile birlikte d\u00fczenlenen sertifikan\u0131n haz\u0131rlanmas\u0131 8 haftay\u0131 bulabilmektedir.<\/p>\n\n<\/div>\n<\/div>\n\n<div class=\"gb-container gb-container-ca0f3555 gb-tabs__item\" id=\"gb-tab-item-ca0f3555\">\n<div class=\"gb-container gb-container-1fa64334\">\n\n<h4 class=\"gb-headline gb-headline-8dce4609 gb-headline-text\">Kay\u0131t<\/h4>\n\n\n\n<p>Derslerimiz <strong><a href=\"https:\/\/moodle.offuniversity.org\/\" data-type=\"link\" data-id=\"https:\/\/moodle.offuniversity.org\/\" target=\"_blank\" rel=\"noreferrer noopener\">Moodle<\/a><\/strong> dijital \u00f6\u011frenme platformunda ger\u00e7ekle\u015fiyor. <strong><a href=\"https:\/\/moodle.offuniversity.org\/\" data-type=\"link\" data-id=\"https:\/\/moodle.offuniversity.org\/\" target=\"_blank\" rel=\"noreferrer noopener\">Moodle<\/a><\/strong>da hesab\u0131n\u0131z\u0131 olu\u015fturmadan \u00f6nce kendinizin ve ba\u015fkalar\u0131n\u0131n dijital g\u00fcvenli\u011fi i\u00e7in baz\u0131 notlar\u0131m\u0131z var:<\/p>\n\n\n\n<ul class=\"wp-block-list\">\n<li>Kay\u0131t olurken rumuz kullanabilirsiniz. Sald\u0131rgan, \u0131rk\u00e7\u0131 veya cinsiyet\u00e7i imalar i\u00e7eren rumuzlar kabul edilmeyecektir.  <\/li>\n\n\n\n<li>Platform d\u0131\u015f\u0131ndaki ileti\u015fim \u00f6zel de\u011fildir. Farkl\u0131 nedenlerle anonim kalmak isteyen ki\u015filerle bir dayan\u0131\u015fma eylemidir. L\u00fctfen ba\u015fkalar\u0131yla ileti\u015fim kurmak i\u00e7in g\u00fcvenli platformumuzu kullan\u0131n ve onlar\u0131n ileti\u015fim kanal\u0131 se\u00e7imlerine sayg\u0131 g\u00f6sterin.  <\/li>\n\n\n\n<li>Kat\u0131l\u0131mc\u0131lar birlikte kapsay\u0131c\u0131 bir \u00f6\u011frenme ortam\u0131 yaratmay\u0131 ve kendimizi daha kapsay\u0131c\u0131 bir dille e\u011fitmeyi hedefliyoruz. Birbirinizden bir \u015feyler \u00f6\u011frenmek i\u00e7in istekli ve ho\u015fg\u00f6r\u00fcl\u00fc olun ve her t\u00fcrl\u00fc ayr\u0131mc\u0131 dile meydan okuyun. Daha fazla bilgi i\u00e7in <a href=\"https:\/\/nasaa-arts.org\/nasaa_research\/inclusive-language-guide\/\" target=\"_blank\" rel=\"noreferrer noopener\"><strong>buraya<\/strong><\/a> g\u00f6z atabilirsiniz.  <\/li>\n<\/ul>\n\n\n\n<hr class=\"wp-block-separator has-text-color has-accent-3-color has-alpha-channel-opacity has-accent-3-background-color has-background is-style-wide\"\/>\n\n\n<div class=\"gb-container gb-container-4c22b1d5\">\n\n<h5 class=\"gb-headline gb-headline-1a36ae12 gb-headline-text\">Moodle&#8217;da yeni bir hesap olu\u015fturma ve bir derse kaydolmak<\/h5>\n\n\n\n<p class=\"has-base-background-color has-background\">1. Ba\u011flant\u0131 sizi <a href=\"https:\/\/moodle.offuniversity.org\/\" target=\"_blank\" rel=\"noreferrer noopener\"> <strong>Off University Moodle<\/strong><\/a> anasayfas\u0131na g\u00f6t\u00fcrecek.<\/p>\n\n\n\n<p class=\"has-base-background-color has-background\">2. Sayfan\u0131n sa\u011f \u00fcst taraf\u0131ndaki &#8220;Oturum A\u00e7&#8221; d\u00fc\u011fmesine t\u0131klay\u0131n.<br><a href=\"https:\/\/moodle.offuniversity.org\/\" target=\"_blank\" rel=\"noreferrer noopener\"><strong>Off University Moodle<\/strong><\/a> <em>adresinde bir hesab\u0131n\u0131z varsa<\/em> <em>l\u00fctfen giri\u015f yap\u0131n ve<\/em> <strong><a href=\"#ckm-register-seven\" data-type=\"internal\" data-id=\"#ckm-register-seven\">7. ad\u0131mdan<\/a><\/strong><em> devam edin.<\/em><\/p>\n\n\n\n<p class=\"has-base-background-color has-background\">3. \u201c<strong>Yeni hesap olu\u015fturmak<\/strong>\u201d i\u00e7in a\u015fa\u011f\u0131 kayd\u0131r\u0131n ve butona t\u0131klay\u0131n.<\/p>\n\n\n\n<p class=\"has-base-background-color has-background\">4. L\u00fctfen <strong>*gerekli <\/strong>alanlar\u0131 doldurun. <br><em>Kimli\u011finizi korumak ve g\u00fcvenli\u011finizi art\u0131rmak i\u00e7in ger\u00e7ek isminizi kullanmak zorunda olmad\u0131\u011f\u0131n\u0131z\u0131 hat\u0131rlatmak isteriz. Bir takma ad, <strong>name@example.org<\/strong> gibi do\u011fru olmayan bir e-posta adresi girebilirsiniz. L\u00fctfen kullan\u0131c\u0131 ad\u0131n\u0131z\u0131 ve \u015fifrenizi g\u00fcvenli bir yere not edin.  <\/em><\/p>\n\n\n\n<p class=\"has-base-background-color has-background\">5. Hesab\u0131n\u0131z\u0131 olu\u015fturduktan sonra, devam etmek i\u00e7in l\u00fctfen bir sonraki i\u015f g\u00fcn\u00fcne kadar bekleyin.<br><em>Hesab\u0131n\u0131z\u0131n Off University taraf\u0131ndan etkinle\u015ftirilmesi gerekiyor. Hesab\u0131n\u0131z\u0131 etkinle\u015ftirmek i\u00e7in biraz zamana ihtiyac\u0131m\u0131z olacak. Bu i\u015flem hafta i\u00e7i 24 saate kadar, hafta sonu ise daha uzun s\u00fcrebilir.  <\/em><\/p>\n\n\n\n<p class=\"has-base-background-color has-background\">6. Hesab\u0131n\u0131z\u0131n etkinle\u015ftirildi\u011fini teyit etmek i\u00e7in l\u00fctfen giri\u015f yap\u0131n. Giri\u015f yapt\u0131ktan sonra, Moodle&#8217;\u0131n ana sayfas\u0131nda g\u00fcncel derslerimizi g\u00f6rebilecek ve ders ba\u015fl\u0131\u011f\u0131na t\u0131klayarak kay\u0131t olabileceksiniz. <\/p>\n\n\n\n<p class=\"has-base-background-color has-background\" id=\"ckm-register-seven\">7. Art\u0131k ders sayfas\u0131n\u0131 ke\u015ffedebilirsiniz. Sayfadaki ilk \u00f6\u011fe olan Genel, ders program\u0131n\u0131 ve duyurular\u0131 i\u00e7erir. Dersinizle ilgili g\u00fcncel bilgileri takip etmek i\u00e7in l\u00fctfen bu duyurular\u0131 takip edin.  <\/p>\n\n<\/div>\n<\/div>\n<\/div>\n<\/div>\n<\/div>\n<\/div><\/div>\n\n<div class=\"gb-grid-column gb-grid-column-bc3fa32e\"><div class=\"gb-container gb-container-bc3fa32e\">\n<div class=\"gb-container gb-container-fca37e75\">\n\n<figure class=\"wp-block-image size-large\"><img loading=\"lazy\" decoding=\"async\" width=\"1024\" height=\"576\" src=\"https:\/\/offuniversity.org\/wp-content\/uploads\/2025\/09\/WS25-GPST_MU-1024x576.webp\" alt=\"\" class=\"wp-image-13789\" srcset=\"https:\/\/offuniversity.org\/wp-content\/uploads\/2025\/09\/WS25-GPST_MU-1024x576.webp 1024w, https:\/\/offuniversity.org\/wp-content\/uploads\/2025\/09\/WS25-GPST_MU-300x169.webp 300w, https:\/\/offuniversity.org\/wp-content\/uploads\/2025\/09\/WS25-GPST_MU-768x432.webp 768w, https:\/\/offuniversity.org\/wp-content\/uploads\/2025\/09\/WS25-GPST_MU-1536x864.webp 1536w, https:\/\/offuniversity.org\/wp-content\/uploads\/2025\/09\/WS25-GPST_MU.webp 1600w\" sizes=\"auto, (max-width: 1024px) 100vw, 1024px\" \/><\/figure>\n\n<\/div>\n\n<div class=\"gb-container gb-container-233f353f\">\n\n<h4 class=\"gb-headline gb-headline-e4125b44 gb-headline-text\">Ders Detaylar\u0131<\/h4>\n\n\n<div class=\"gb-container gb-container-b921c8c1\">\n<div class=\"gb-grid-wrapper gb-grid-wrapper-70b4f9b1\">\n<div class=\"gb-grid-column gb-grid-column-203abde0\"><div class=\"gb-container gb-container-203abde0\">\n\n<p style=\"font-size:14px\"><strong>S\u00fcre<\/strong><\/p>\n\n<\/div><\/div>\n\n<div class=\"gb-grid-column gb-grid-column-7f61003f\"><div class=\"gb-container gb-container-7f61003f\">\n\n<p class=\"has-text-align-right\">14.10.25 &#8211; 13.02.26<\/p>\n\n<\/div><\/div>\n<\/div>\n<\/div>\n\n<div class=\"gb-container gb-container-99f50e98\">\n<div class=\"gb-grid-wrapper gb-grid-wrapper-85d6d763\">\n<div class=\"gb-grid-column gb-grid-column-2b30e5ad\"><div class=\"gb-container gb-container-2b30e5ad\">\n\n<p style=\"font-size:14px\"><strong>G\u00fcn ve Saat<\/strong><\/p>\n\n<\/div><\/div>\n\n<div class=\"gb-grid-column gb-grid-column-820a096d\"><div class=\"gb-container gb-container-820a096d\">\n\n<p class=\"has-text-align-right\">Sal\u0131, 15:00 CET<\/p>\n\n<\/div><\/div>\n<\/div>\n<\/div>\n\n<div class=\"gb-container gb-container-b8d7d00c\">\n<div class=\"gb-grid-wrapper gb-grid-wrapper-739a6fda\">\n<div class=\"gb-grid-column gb-grid-column-c4cc3766\"><div class=\"gb-container gb-container-c4cc3766\">\n\n<p style=\"font-size:14px\"><strong>Kredi<\/strong><\/p>\n\n<\/div><\/div>\n\n<div class=\"gb-grid-column gb-grid-column-94e52802\"><div class=\"gb-container gb-container-94e52802\">\n\n<p class=\"has-text-align-right\">6 AKTS<\/p>\n\n<\/div><\/div>\n<\/div>\n<\/div>\n\n<div class=\"gb-container gb-container-9c3909d0\">\n<div class=\"gb-grid-wrapper gb-grid-wrapper-408c2bcf\">\n<div class=\"gb-grid-column gb-grid-column-2c1ae340\"><div class=\"gb-container gb-container-2c1ae340\">\n\n<p class=\"has-text-align-left\" style=\"font-size:14px\"><strong>Dil<\/strong><\/p>\n\n<\/div><\/div>\n\n<div class=\"gb-grid-column gb-grid-column-0019c195\"><div class=\"gb-container gb-container-0019c195\">\n\n<p class=\"has-text-align-right\">T\u00fcrk\u00e7e<\/p>\n\n<\/div><\/div>\n<\/div>\n<\/div>\n\n<div class=\"gb-container gb-container-3d9507df\">\n<div class=\"gb-grid-wrapper gb-grid-wrapper-a417a67f\">\n<div class=\"gb-grid-column gb-grid-column-a6d4a3be\"><div class=\"gb-container gb-container-a6d4a3be\">\n\n<p style=\"font-size:14px\"><strong>Ev Sahibi Kurum<\/strong><\/p>\n\n<\/div><\/div>\n\n<div class=\"gb-grid-column gb-grid-column-58e92727\"><div class=\"gb-container gb-container-58e92727\">\n\n<p class=\"has-text-align-right\">Marburg University, Center for Conflict Studies<\/p>\n\n<\/div><\/div>\n<\/div>\n<\/div>\n\n<div class=\"gb-container gb-container-7e6a18a0\">\n\n<div class=\"wp-block-group is-nowrap is-layout-flex wp-container-core-group-is-layout-ad2f72ca wp-block-group-is-layout-flex\">\n<p class=\"wp-container-content-9cfa9a5a\" style=\"font-size:14px\"><strong>Kay\u0131t<\/strong><\/p>\n\n\n\n<div class=\"wp-block-buttons course-button is-layout-flex wp-block-buttons-is-layout-flex\">\n<div class=\"wp-block-button\"><a class=\"wp-block-button__link has-custom-font-size wp-element-button\" href=\"https:\/\/moodle.offuniversity.org\/enrol\/index.php?id=27\" style=\"border-radius:0px;font-size:16px;font-style:normal;font-weight:600\" target=\"_blank\" rel=\"noreferrer noopener\">\u015eimdi Kay\u0131t Ol<\/a><\/div>\n<\/div>\n<\/div>\n\n<\/div>\n\n<div class=\"gb-container gb-container-6a8e4c20\">\n<div class=\"gb-grid-wrapper gb-grid-wrapper-92584467\">\n<div class=\"gb-grid-column gb-grid-column-68a988d7\"><div class=\"gb-container gb-container-68a988d7\"><\/div><\/div>\n\n<div class=\"gb-grid-column gb-grid-column-638276b6\"><div class=\"gb-container gb-container-638276b6\">\n\n<figure class=\"gb-block-image gb-block-image-6cc230d2\"><img decoding=\"async\" class=\"gb-image gb-image-6cc230d2\" src=\"https:\/\/offuniversity.org\/wp-content\/uploads\/2025\/06\/PU_Marburg-crop.png\" alt=\"\" title=\"PU_Marburg-crop\"\/><\/figure>\n\n<\/div><\/div>\n<\/div>\n<\/div>\n\n<div class=\"gb-container gb-container-dda0f156\">\n\n<p class=\"has-text-align-center\" style=\"font-size:16px\"><strong><a href=\"\/current-courses\/\" data-type=\"page\" data-id=\"1416\" target=\"_blank\" rel=\"noreferrer noopener\">T\u00fcm G\u00fcncel Dersleri G\u00f6r\u00fcnt\u00fcle<\/a><\/strong><\/p>\n\n<\/div>\n<\/div>\n<\/div><\/div>\n<\/div>\n\n\n<p class=\"gb-headline gb-headline-7c7f87cd\"><span class=\"gb-icon\"><svg xmlns=\"http:\/\/www.w3.org\/2000\/svg\" aria-hidden=\"true\" role=\"img\" height=\"1em\" width=\"1em\" viewbox=\"0 0 256 512\"><path fill=\"currentColor\" d=\"M31.7 239l136-136c9.4-9.4 24.6-9.4 33.9 0l22.6 22.6c9.4 9.4 9.4 24.6 0 33.9L127.9 256l96.4 96.4c9.4 9.4 9.4 24.6 0 33.9L201.7 409c-9.4 9.4-24.6 9.4-33.9 0l-136-136c-9.5-9.4-9.5-24.6-.1-34z\"><\/path><\/svg><\/span><span class=\"gb-headline-text\"><a href=\"https:\/\/offuniversity.org\/tr\/current-courses\/\" data-type=\"page\" data-id=\"1416\"><strong>G\u00fcncel Derslere Geri D\u00f6n<\/strong><\/a><\/span><\/p>\n\n<\/div>","protected":false},"excerpt":{"rendered":"<p>Bu ders, T\u00fcrkiye ve \u00f6tesinden se\u00e7ilmi\u015f toplumsal cinsiyet odakl\u0131 akademik ara\u015ft\u0131rmalar\u0131, sivil toplum giri\u015fimlerini, aktivist m\u00fcdahaleleri ve sanatsal pratikleri bir araya getirir. K\u00fcresel \u00f6l\u00e7ekte y\u00fckseli\u015fe ge\u00e7en toplumsal cinsiyet kar\u015f\u0131t\u0131 ideolojileri ele\u015ftirel bir bak\u0131\u015f a\u00e7\u0131s\u0131yla analiz etmeyi ama\u00e7layarak; farkl\u0131 k\u00fclt\u00fcrel ve siyasal ba\u011flamlarda direni\u015f, dayan\u0131kl\u0131l\u0131k ve d\u00f6n\u00fc\u015ft\u00fcr\u00fcc\u00fc politikalar\u0131n imk\u00e2nlar\u0131n\u0131 ke\u015ffetmeye alan a\u00e7ar.<\/p>\n","protected":false},"author":1,"featured_media":13789,"parent":5143,"menu_order":0,"comment_status":"closed","ping_status":"closed","template":"","meta":{"footnotes":""},"class_list":{"0":"post-13741","1":"page","2":"type-page","3":"status-publish","4":"has-post-thumbnail","6":"infinite-scroll-item"},"_links":{"self":[{"href":"https:\/\/offuniversity.org\/tr\/wp-json\/wp\/v2\/pages\/13741","targetHints":{"allow":["GET"]}}],"collection":[{"href":"https:\/\/offuniversity.org\/tr\/wp-json\/wp\/v2\/pages"}],"about":[{"href":"https:\/\/offuniversity.org\/tr\/wp-json\/wp\/v2\/types\/page"}],"author":[{"embeddable":true,"href":"https:\/\/offuniversity.org\/tr\/wp-json\/wp\/v2\/users\/1"}],"replies":[{"embeddable":true,"href":"https:\/\/offuniversity.org\/tr\/wp-json\/wp\/v2\/comments?post=13741"}],"version-history":[{"count":15,"href":"https:\/\/offuniversity.org\/tr\/wp-json\/wp\/v2\/pages\/13741\/revisions"}],"predecessor-version":[{"id":14856,"href":"https:\/\/offuniversity.org\/tr\/wp-json\/wp\/v2\/pages\/13741\/revisions\/14856"}],"up":[{"embeddable":true,"href":"https:\/\/offuniversity.org\/tr\/wp-json\/wp\/v2\/pages\/5143"}],"wp:featuredmedia":[{"embeddable":true,"href":"https:\/\/offuniversity.org\/tr\/wp-json\/wp\/v2\/media\/13789"}],"wp:attachment":[{"href":"https:\/\/offuniversity.org\/tr\/wp-json\/wp\/v2\/media?parent=13741"}],"curies":[{"name":"wp","href":"https:\/\/api.w.org\/{rel}","templated":true}]}}