{"id":5098,"date":"2022-01-21T21:53:36","date_gmt":"2022-01-21T21:53:36","guid":{"rendered":"https:\/\/offuniversity.org\/ne-yapiyoruz\/"},"modified":"2024-06-10T07:00:50","modified_gmt":"2024-06-10T07:00:50","slug":"what-we-do","status":"publish","type":"page","link":"https:\/\/offuniversity.org\/tr\/what-we-do\/","title":{"rendered":"Ne Yap\u0131yoruz"},"content":{"rendered":"<section class=\"gb-container gb-container-66df2f2b\">\n<div class=\"gb-container gb-container-b83d4d5a\">\n\n<h1 class=\"gb-headline gb-headline-83932c17 gb-headline-text underline\"><mark style=\"background-color:rgba(0, 0, 0, 0)\" class=\"has-inline-color has-base-2-color\">Ortak \u00f6\u011frenmeye ve ara\u015ft\u0131rmaya dayal\u0131 bilgi al\u0131\u015fveri\u015fine adanm\u0131\u015f<\/mark> k\u00fcresel bir topluluk.<\/h1>\n\n<\/div>\n<\/section><section class=\"gb-container gb-container-48873ec1\">\n<div class=\"gb-container gb-container-077ffc1f\">\n\n<h2 class=\"gb-headline gb-headline-8853746e gb-headline-text\">Off University ele\u015ftirel bilgiye<br>alan yarat\u0131yor<\/h2>\n\n\n\n<p>Off University&#8217;de dijital alan, risk alt\u0131ndaki akademisyenlerin, geleneksel \u00fcniversitelerdeki \u00f6\u011fretim g\u00f6revlilerinin ve ders kat\u0131l\u0131mc\u0131lar\u0131n\u0131n g\u00fcvenli bir \u00e7evrimi\u00e7i altyap\u0131 ile korunan, \u00f6zg\u00fcrce ele\u015ftirel bilgi al\u0131\u015fveri\u015finde bulunabilecekleri ve \u00fcretebilecekleri bir alana d\u00f6n\u00fc\u015f\u00fcyor. Bu ba\u011flamda amac\u0131m\u0131z, geleneksel s\u0131n\u0131f hiyerar\u015filerinin \u00fcstesinden gelen ve kat\u0131l\u0131mc\u0131lar\u0131n ve e\u011fitmenlerin birlikte ve birbirlerinden \u00f6\u011frenmelerini sa\u011flayan bir e\u011fitim alan\u0131 yaratmak.<\/p>\n\n<\/div>\n<\/section><div class=\"gb-container gb-container-5db80cbb\" id=\"features\">\n<div class=\"gb-container gb-container-1872280a\">\n\n<h3 class=\"gb-headline gb-headline-195b886f gb-headline-text\"><strong>Temel faaliyetlerimiz \u00f6\u011fretim ve ara\u015ft\u0131rmaya dayal\u0131 \u00f6\u011frenmeye g\u00fc\u00e7l\u00fc bir vurgu ile<br>\u015fu \u00fc\u00e7 hayati ba\u011flant\u0131y\u0131 kurmaya odaklanmaktad\u0131r:<\/strong><br><strong>Bireyler aras\u0131, bireyler ve kurumlar aras\u0131, kurumlar aras\u0131.<\/strong><\/h3>\n\n<\/div>\n<\/div><div class=\"gb-container gb-container-25759edb\">\n<div class=\"gb-container gb-container-f773e0ec\">\n\n<figure class=\"wp-block-image size-full\"><img loading=\"lazy\" decoding=\"async\" width=\"2560\" height=\"897\" src=\"https:\/\/offuniversity.org\/wp-content\/uploads\/2024\/03\/Off_Networks-scaled.jpg\" alt=\"\" class=\"wp-image-4137\" style=\"aspect-ratio:16\/9;object-fit:cover\" srcset=\"https:\/\/offuniversity.org\/wp-content\/uploads\/2024\/03\/Off_Networks-scaled.jpg 2560w, https:\/\/offuniversity.org\/wp-content\/uploads\/2024\/03\/Off_Networks-300x105.jpg 300w, https:\/\/offuniversity.org\/wp-content\/uploads\/2024\/03\/Off_Networks-1024x359.jpg 1024w, https:\/\/offuniversity.org\/wp-content\/uploads\/2024\/03\/Off_Networks-768x269.jpg 768w, https:\/\/offuniversity.org\/wp-content\/uploads\/2024\/03\/Off_Networks-1536x538.jpg 1536w, https:\/\/offuniversity.org\/wp-content\/uploads\/2024\/03\/Off_Networks-2048x718.jpg 2048w\" sizes=\"auto, (max-width: 2560px) 100vw, 2560px\" \/><\/figure>\n\n<\/div>\n<\/div><div class=\"gb-container gb-container-b77e72e8\" id=\"features\">\n<div class=\"gb-container gb-container-1af80904\">\n<div class=\"gb-grid-wrapper gb-grid-wrapper-c758c505\">\n<div class=\"gb-grid-column gb-grid-column-621430e0\"><div class=\"gb-container gb-container-621430e0\">\n\n<h1 class=\"gb-headline gb-headline-26f4f60e gb-headline-text\">\u00d6ncelikli Hedefimiz.<\/h1>\n\n<\/div><\/div>\n\n<div class=\"gb-grid-column gb-grid-column-8cef7fa5\"><div class=\"gb-container gb-container-8cef7fa5\">\n<div class=\"gb-container gb-container-05100a72\">\n<div class=\"gb-container gb-container-57e1a485\">\n<div class=\"gb-container gb-container-3954b869\">\n\n<h4 class=\"gb-headline gb-headline-b577b55b gb-headline-text\">Risk alt\u0131ndaki akademisyenleri k\u00fcresel olarak birbirine ba\u011flamak, ara\u015ft\u0131rmaya dayal\u0131 \u00f6\u011frenme deneyimlerini te\u015fvik eden i\u015fbirli\u011fi ve \u00e7evrimi\u00e7i ortak \u00f6\u011fretim f\u0131rsatlar\u0131n\u0131 kolayla\u015ft\u0131rmak.<\/h4>\n\n<\/div>\n<\/div>\n\n<div class=\"gb-container gb-container-bb341835\">\n\n<p>Bireyden kuruma a\u011flar arac\u0131l\u0131\u011f\u0131yla, risk alt\u0131ndaki akademisyenleri yurtd\u0131\u015f\u0131ndaki \u00fcniversitelerle bulu\u015fturuyor, hem \u00f6\u011fretime hem de ara\u015ft\u0131rmaya olanak tan\u0131yan kaynaklara ve \u00e7evrimi\u00e7i olanaklara eri\u015fim sa\u011fl\u0131yoruz. Ayr\u0131ca, risk alt\u0131ndaki akademisyenler taraf\u0131ndan veya onlar i\u00e7in kurulan kurumlarla da hem \u00f6\u011fretimi hem de ara\u015ft\u0131rmay\u0131 ilerletmek i\u00e7in ortak giri\u015fimlerde i\u015fbirli\u011fi yap\u0131yoruz.<\/p>\n\n<\/div>\n<\/div>\n<\/div><\/div>\n<\/div>\n<\/div>\n<div class=\"gb-shapes\"><div class=\"gb-shape gb-shape-1\"><svg viewBox=\"0 0 1440 60\" id=\"torn-edge-3_Image\" xmlns:xlink=\"http:\/\/www.w3.org\/1999\/xlink\" xmlns=\"http:\/\/www.w3.org\/2000\/svg\" preserveAspectRatio=\"none\"><image xlink:href=\"data:image\/png;base64,iVBORw0KGgoAAAANSUhEUgAABaAAAAA8CAYAAACQPB1XAAAACXBIWXMAAAsSAAALEgHS3X78AAAgAElEQVR4nO2dWYxlx3nff9Xd0z0rZ8jhzJCiuIkSF9Gypch7bEuKF9lxYieGlQSBDeQlQPIQBMlD8pIHIy9G3vKQFQgSIAsCG45teTcC2Za12JIVUaa4iJsokuI2nOFwtu6enu5befiqeKqrq86ps92l+\/sBjb733DpVdepU1an6f1\/VAUVRFEVRFEVR5hpr7bK1dnnW+VAURVEURVGUtizNOgOKoiiKsghYaw9Zaw\/NOh+KohxYDDp2VxRFURRFURaQlVlnQFEURVEWBBV+FEWZGcaY7VnnQVEURVEURVG6YGadAUVRFEVRFGUxcFtALAHbxhg76\/woiqIoiqIoiqIoiqIoiqIoiqIoiqIoiqIoiqIoiqIoiqIoBwFrrbHW6mpIRVEURVEURVEURVEURVEURVEURVEURVEURVEURVEURVEURVEURVEURVEURVEURVEURVEURVEURVEURVEURVEURVEURVEURVEURVEURVEURVEURVEURVEURVEURVEURVEURVEURVEURVEURVEURVEURVEURVEURVEURVEURVEURVEURVEU5UBgrTXWWjPrfCiKoiiKoijziw4WFUVRFEVRFEVRlLnCWrsEWGOMnXVeFEUpx1q7Ahxxfwa4BqxrW1aUg83KrDOgKIqiKIqiKIqi7D+staaL6GStXTLGTKy1J6y1jwDnEDHrJnA38FeA7wC+7f4+CNwBPAn8HnAZeBS4z537K8aY\/9H\/ihSljANuQLkb+DngA4jm9ArwX91\/oHvfoCjK4qIe0IqiKIqiKIqiKEonnLfjxBgzcd\/fFZastYfcbzs15y8Dy8AOMAGW3E\/HgY8DTwAvAj8GfAj4fuC7EWF5LTjHp7GNeFwuA4cRAexN4CXgWeB24GHgvyHC9IsuH59yYX8luJazxpjzbpuZjwGvGmOea1E2h4wxN0vDzwvuvlljzPYU0tqXQqSrM0t1dX8RsNYeNcasN4RZAR5ADEQ7wM8D\/wJpa749\/2vg193nVeAi8CqwhbRVplHfFEWZHSpAK4qiKIqiKIqiKK2w1q4Ch4DTwBXgOiI+3Y6IwhuIGLyNCMUGtwzfiXMriDj148CngC8BfwH8CPDTwDrwXe78m4iH8xIiXnlRywuXS8Fnf9y6NJeo5r03EbFrCRGpLyAC2MvALcBJRKy+jHhcv8ddiwVOuWu6gHhdrwEvAH8A\/KSL8\/eBi8aYr1prPwD8K2ATEdE\/AzwNHDbGbBSU790uP+vGmG+6Y2uufE8hgt8R4HPGmNcK4ksKvf5eGGNuWmtPIF6r9wBfdOL7ijFm23n0ngZuGGOuRIaG08CdwDuIsHjDebAb4KwrK18fbgC3us9H3ecLLjs7SD3yQuYqYkS45s5bduEm7m9QD2Nr7fsQw8cTLv8ngfcidcOLow8C34fUqRcRr\/sPAz+I1IdfA\/48MGIs+c9BOj8M3AV8J1LHNoHzSD285uJ5G2lfW+7\/ncBjxpjL1lp\/7jHgt40xNzpc6xH38aYXfl39us\/l7T2IJ\/PjwPPACZePY8BV5L7e5fK7BvwMcn+2gR9yZbaF3MNt5D5ect8vAJ8GvoD0HUeR+vEUcl8PubD+\/JPu96sujZvA1iwMF85gdsJ9Pec+n0dWZTxI1SfehrTPO5DrW0fyvYl4gn8beD9SnteQ630VuT4f59eQa37U\/X8BKZP1kjavKPOGCtCKoigdOODL6hRFURRFWVDaeJzGYcPxj7X2I8BDiJi0jQhklxDB5V5EfHkZ+CYiKB8F\/h3wLeB9wPcAjyCC873u97U4C+6\/oRKCvdgc\/nmhOcS4vzAMwbFwLjxBBM+VzO85toDX3LUvIaLSJuJpfQr4AUSQuoKIeOdduNeBZ9w1n0NEqC2k\/HaQ8vwQIs6+hghWN13YWxBx6z3u\/28Av4WU5QYidt9GJeodR+7FjovjKiIUr7rfz7q\/deS+\/IQ7538i9\/Y48JZL98Pu2J8AZ1x+vaf6Pe4an0Hu++vu2D9EhLanEGH\/SRf+tIvrw4h3+mFXps8gQtwlpG6cA34V+Doi\/N4LfMWl8YqLdxMgFHpdXV1y4vk54Lox5pq19p8j9\/Y\/GWOuW2v\/JnA\/Ugd+DhERL1AZIY4j9XIZqRe+jhxz9\/KC+\/0MIpJfQur4y+67r7OHXbhbEeHWGzyOurRvIOL7potjw90v6+7VmiunK0gbu8vl7wuurL0xxIu8p11ReA\/ssy7Pp5C6c59L86r7O4+05x9y9+ted94fIQKpb6PHESODNzrg8mxdfjzes9kEefDfQ4PQdXf955G661c2fA6pdx9AVj08C3zRpfsK8GUqY9EOlfi96eKfBAYSb7iwVP1XziBzyOXnUeSePujSfxm5Jx92ZWeQe+rv3yl3\/dtImw\/ry7ILA1X79gYYv3rjJtIGveFlB2mnN5E6s+W+77jPl91\/6\/J1w8V1k8og+DbSli4gdeRFY8x1d52ryD19yRizFZeDooyBCtCKoigdcAMZG3s0KIqiKIqizCPW2juBa8aYq87T8y4qMQNkbriMCBl+r+XDiOh1yIW9ExE7\/JYY34lsTfFoYTZuIOJKah6aEorj33OEYfs4BzSl2Xb+XCdk32Cv4N6FHUSoO+vSe9GleSsiiB1GxK\/rVB7E15B7eh0Rrc64\/0O8I2qHtEGgDdvsNj5A5RnrBc1lRGj7OiKgvoRczzlEzDSIAP4S8MOICHcYERNBBLnrSJ0+EsTvxWC\/hcuE3W3De0J78XA7yJOhEg+33G9bLtya+\/Nl7I0euN9DT\/1Swvq1DvyZK5NlRBC17BagjyD14rYgDj+XuYaI4p4t99thyvFGIsgbesJVC12u2bPh8vgV5F5+EFlh8O8RkfpF93ca+CkqQ8JnkXL6ccRr2VDdyxvAj7rj\/j6F9W+JSkRP9VWT4LP\/PbzH8XmTIKw3rE1cGkO0RW\/UukIlRnux+jpiAHmWSji\/HWknzyLbFN2CGDauIGL\/Y8D5QNi\/DdgoWdGhKKACtKIoiqIoiqIoykJhrf1B4OvGmKs1Yd6LCIsbiMfkzyLiwmPAPwE+iYgO6+zeL3kDERzOIvPF0LNulcpr8jAicsFe72SP\/56bd4Zhu4hvqXPbCtBeFCoNW5qf8LrrhOy6MojjiD+He2YPRexZniLeAsVGx4mOQ1k5++vxYb3Q7M9PCXxhHrejMKm0l6LjBqnbcdr+9\/BavDDut3EhyONOkKdwq5BYgPXifOy578s8JPT2jz34if4forwueNHch4\/L0Kddt4JgKHJtJBe2yUjlVzK8hfRP3qjg458gYvuq+\/Oe2l4oXmNvPUjlIVdHYnye\/HYiq1RCcyzIh\/HF6cfpxnkK8flv6lPXkft9S3T8GiLYh9fwGuJt\/xLwDff\/OGLIfB7x+l9DjBvvAE\/qnt5KjArQiqIoiqIoiqIoc4J\/AZz780v7NxBPze9AloR\/Ctl64QuIeHYGWV5\/zoV9HfgE4sU2QZaMH0eEhiE86yAtsNaJSX3nnk0CVRshq5QS4bxLnLGoV7rlR5\/0PLGhICeUh2JpSvSE4e9p0z0sEfT995wYGBJeYxwujjMWk1PlEJdlXO6haB6K7P6z934N4\/J5S92P2OM4TCsUIXeCMHGcIalyTF1vG0ruZd3Kg5I6ERpkQoOFNwqE9T0W\/HP3OQyfq0tN\/UOY99DAEeZ96NW0qbRTor33QPdh4m1SQjE\/ZhMRpJ9CvMVxn48iz5rXgf8I\/CHw5iK+iFUZBxWgFUVRFEVRFEVRBsAtST6CbEmxjey5+WIU5iPI9hYbLuwHXdiriJB8O5Wn5REXdh3Zr\/MHoiT9PqBnWmbVix6xKFEnKpMI00STUFgXNj5nSGF5lgztQZqKP6TuPjbF0ZTPXNyltBWg+zKG\/lFSx+uuJ+XVnYovLOuUd2xpenH4WMTu00bryJ3bVD\/b3rNUHWqKOyVG9zEKdcl7nzqfutamfiYW2HPlFa8I8CsAmq7tIrJ\/+JPIVijPIwbV64h3uj\/\/kjHmUkNcyj5BBWhFURRFURRFUZQeuO0u3kZerPcp4K8hE\/s3kaXKIILzOvBXkS0xNhGB+b1Ue8UeYTiv0qZ4mgSWnCAxbQE6ZmwBdwxywuoYnuKLwFD3r7Qulgjbbb3d24rlpd7bJeSuu225przjx6p\/KYG3KTzsLreSbSVy8fi4cvmI06vLa0kfWyduN+UzzGsJuX6k7WqFOs\/zuOzrrs\/vpx7yGtUe04+73y3iOf1V5CWPzyPbP60iW3ncQvWC1k3k+em9tq+67zddXKvAO7of9XxzEB5uypyiL3FTFEWpyL2NW1EURZkvnNh8G\/AzwHcjc6qjyAT5dsSjOd5TszFadk\/kh97Xty9dhLsh4h6CEvG8aXl\/Kq4Uba5lTLFvWnQVU7sIpV3PrYtnqHhTaZTENy1jyjSNNqX1elZe7l3SDcuvpD+IV5KUiOd9PNpz6ceeyzlK0ksJ803neEo8pgE+jbwA8TSy2ueR6Pe3kGfvMvCXwBPAG8g+1B8AfhXZmuoy1ct0\/fN0i2qbEYvqUDNh0R94yoJhrT2KLCO8HXi87sUpiqIoBwlr7RIyGFIRWlEUZc6w1p4Ffgz4KWQP5jX3\/0jmlHBZfUq8iJfR5\/ai3Q\/M+rnWJDKO6Zm432njRR+S2+al7dYFbbfw6Opt3IZFEKDH3OpkLMNKU90Y05O7qbxK8+b7\/Un0PXw+hHnPCcOxwN3Gwz9OO0edIN7H+z4XbiURr39Ro09z2Z0f7vUds4MI048DzyFi9u3AVxAva4MI1OuIV\/abiFAdGoHR+dg4qAC94FhrTwIfAr4T8bT4HPCYMWZ9phkLcHvhvRfxEPlZ5G20nwN+C3jBGHNxhtlTFEVRFEVRlD1Ya08jHljvAX4BednSXXEw97\/PFhX7fU62yBP5lEA4DdEw5Z0763qSuu5UvkqF1zBsVwG6TZpd4m0Td1dm4S08pgA9Fl2NCqVe+iXi7RACdBN1bT0lCvuXG1rK0gm9sadl\/PDphv\/j34eixNvaIh7S3wb+H\/KyxKuIeP0qsprpGvIyxRskHITUcagbs36IKTVYa9+9P4kKfy\/wT4EfBe5Blv1ZZAnCt4AvAp82xnwpEe9dyOD5CS9UW2tvRzw4vt2lEVlrT7jzV5BG+gDwt5GXpWwiHcE9wP3u87cQi9PzwO8jDf1O4Kox5uuJ+E8C14wxO\/Fvmbxc1yUViqIoiqIoSoi1ds0Yc8Naeyfwd4GTyN7NdyATzpeA97u\/+93xI+wVnqF8a4YhvTHnkbG2qGiii5DUJY15EaDDtGdZd9oIWNOq+2ML0H22RFhEsXc\/0Ha1Q9f7kzKijNU+68Tb1CqbkhUIYVsu8aYe8traPDu64FcWpcrJi\/YrUfhNZLuOdeTdDP\/X\/W0hGtfDyJjgJNV7Hlbc5z9FtgZ5wxjzrRGuZ+HZL4OefYOzpPildw8i21V8H7Js4AxilbkF+H5k\/xvY28lMkMayg+yT8ypwHFkqeAMRqydIY\/m8i\/s7XPgryFKFXzHGfNnl6SPAWWT5whrS+M65vJ12+TmHbP5ukI3lV5D9744D7yDLGkAatHXXcgyxND0HnHf5egv4OvJ21DPACXct\/m3gG8gG85vu+3XkDauXEc\/qu11+ngW+5uJ8yKXzBmLl+lpC0D\/m8u47E4NMRt4xxuxYaw+7a9oCdkqEcEVRFEVRlP2KtfYQMAnHRM55Ygk4jIz3biLjptGcApzjwU64+s\/lw4TpWmsfBv4xMn6+FXgf4vxgkDHwmsvvBjJGPUG7uVKJ6DC259esGFtEaEvuXowlfnfdaqFEwA2Fobp4dFsQoasHdVOcKQF6GgaQHCpqd6etsBq2Px8uJTrHx3JGi7q6VCIwh+fEwnG8nUdJPxXHA+V9U1\/GfnY0lXnqvsaCdbjVxzYyTvBjC6\/dhVuF+BcK\/zHwe8BvGmMu97qKfcQ8DBAOPNbaFUS8PYN4W\/x94OPIAHnV\/eZF5S1ECPVvyA5FZ6gaQWzZWUIG10tBXD6+JSpheRlpVFcQ0da6Y4dcmFV3\/hoyuVhlt9XI4xvmhN0Ne9t99+f53w0iKvs9oQ+564\/fnppjg9178G0ie\/z4ScZNd33PAr+LeGAbd+wEYs0CEZ\/vcfn6MvANF+Z9iJh+EfGOeRl4AbhgjLlWmMcDi3vhpEEmiJ0GSvqCNkWpx6+a6dHGdCmZoijFWGs\/jjgZPIOMC29FxlR3ICvgfgAx\/n\/GhbmGjKm2gW1jzMT1W6uIWLzZMv27kW3o3kD2ZX4P8EeI1\/L3UI1fryDju3OI59JhKqcJpTtttlkojSMnrg5FyRL7OFyJ52sbMXoI4To+t60APU0v9XllCOGrixd0Lp62BpO29agts\/L8H5KU+Fhaprm4fLjYWzgXrik\/\/nhfg1lKOE15RIe\/pc5pylMuvja\/zwtN9bs0\/7FBItTmthFd6lngT4Df8E6eB5V5rxRTx03AjyCD0xvApjFmOxHGUA1svcu9t4j4Br3jvGe9NwjueHjOYeCTwL9EvJA9Ps0d9g4qwo6iyfJFENb\/vs1ewToVZxtii1lTZ+wbZrgswiITE4OUj\/eoWXbfwzjC8gzTCs+J0257TeddOkcQT5iQt5D9gr6EbHL\/GtK53ES8sq8jorh\/26rP15K7lhuhyOMEWn\/NS4hH0XZQd\/z17vEi6is6DYm1drnJO9xd60eQyeoRZG+ll1TIVw4ybhXGErDh2r432ngD4jIi7FxDnk1HkDa0g\/QzIKs\/DrH7Lc83qQx\/3vg4SawCWTgDzyLmeZZYa5ec4LeC1KedoK4tI+ORm1TjDosYJG5mI1X2Na5urCL9hh9XnXDHrgP\/DKkrzwA\/AfwNxFg\/QcY03kHB76P4BjJ+ugVZLfc14GlkjPXDyKq8P0ecBy4jK\/juRhwDvgd4CnEAOA38pDvnfpeHQy5fG+77GtULjfzLinIvLOrDvHn+TpM+154TmccWLqYp6O03D9U6QWqa15ryPA2\/tz2\/SxxDU1e2ufCelPg1BIsuQLcVe7vE7ePPGYhK0i4Vc8P0cufmRPEuafv5R6jx1OUzFW\/JOW3j7lveubR93PHLg+OwbQ0Fvhy98f084sR4ERmvrCFbdvwFojvu2T53v2Gstb8MfBb4rDFmo09kbgncuhegrLUfQLx6LyMDVRAPhEPIy+cu9UmvIS\/HkMnUcWTAOUH2Ykl6VwT7Ivv93s4i2zV8E3gF8cydIAPhk8gg9wjibeG3ingLGWBvub9vI4Pnw4hXyApwCfgR4GPAB5BB9y1Ug+RQTIbKc9l\/jsXk+E3ZdQMAL0AsRWGn+bbtNp1AHL7UoyBnodymMhzEHUvcYbe1BHq2kC1Fnkb2t34D8Q664tI\/injgPI14V\/tJ0YeQunUe2W7koguz5I6\/D6lvXwSedOn4Cd69SP27hNSVQy6eS8YYa609iiwxPeV+Owy8box5puFaqgsXkfuE+zuDTAQfcNd3AfgzY8wLLuwvItuvHKJ6cBkX9k2kfX03MsE8jbStb7hy2kHa3HWkDV5zZfFNY8yfleZXUaZFKIK6rXpM+Cy11p5F+v9jVP38KffdC8sryLPEIMasC0g\/EQo\/x5B28xgiwHwQuA9pK88h+5SdQQYyH0Ha17YL61+m8RrS1i64z15Y9G113R17d3CXEqrdNY6ynN698GvVGPN65veT8TI2ZxR+FOkvriLldRtyPVfqxhpOjH0QebHYh5E+bgfpX0PR7ARSRm+7U5eQPusaUn7nkHv0hgtzGnmnwuNOxDuBvCwY4C\/i8Za1diU2dg+FG5vdg4xvrlCNWa4gA95H3bFHXf6vIM+bifv8WXdNfhsvL1JDNa5Qz\/kp4erTIffnt4lYBp4vqUNhG3bv1ziMvDfjmvv9FNJ+1pB68QDSf5xF+pR\/gPRFv+vS\/xj1E+cST8vQKcFv1baN1DffTx5y3yfIpO0Wd+1rTdesDE5OAAwpue8phhIA+4pMKkA3UydGDi3mh4wpFk+jXg4R\/zTr1CLU47HuW04cLTFkhUJmfF7orGfZ7ZDXNi+pcHUibSqO2GvXBH9t73uX50HqvLYGpdQ5Qxgb+hLfj9AB0+8EsIWMrc8jc7YvUW1h++vGmNemnOdRMdba68jE4lvIJPZN5IIvI4PS2xER96j7fgkpnDWqAarfjuFWZODoJ2jvp\/LY2kAK+Dgy2f4m4kH6BZfexBjzVNsLsNauIgPkU8hg9GFEbDvt0j5LNYn\/KiLe+b3dvIB3HPGk+DEXh2czuJ5ryCD4Icq3hSjBe6TFlkvfWLx4HndKuY4q7hx9fH5C7T1wZ90Y25B78DV1inFZhB7iqfj8ObFXdiq9JrG6hLeQunSq4\/ne297X76suL1eQieFjwA+5Py+e+O1WLgK\/A\/xv4EWknbwPEbvvQEStdXfeQ4jQdZJKRDvi0r2BtKe\/RIStM1Tbx3iDiS\/PG0h78isMVoNr8VvCQPUG2iNIh3wD6XOedtf0m8gLgu5E+pg7kX7qpAt\/2eVp2V3Dq+5874lukP7sOCL6HXdl5sWrLSpPwJeBt1RYUZpwe6GeRuqkF4\/PAY8gRpf3IPVqQvXM2hUFUgd9+xqabcRL8U2k77mEtOcjiMfh55E2fBvwXchz722q\/u2ou77LyMBoBfgoIqo+7M67igi2hmp\/fv9881suvYC0zweAX0D6o6eQfucRpE\/8z8BXkPLYdr99FBG93o\/0Ny+7OO5x5xx3aV5B+p5bkL7DC8g7yFjjOtWLce9HDHh3u\/\/nMuX2NpUx+zKV8dcb10MB+kWkv7nf5fGz7vdbkb5xgvS9X0X6setI\/3onMg7z8e1Q9WOvGGNeSuStEWvtOeAfAb\/U5XzHO0gZHHX5ewJ5V8Mxd+xxxJP1LxEnBG+QWUGu60Eqz\/01ZKz5jr4ouD3W2vuAv4X0H0eQZ\/e9SJ38NeQZ+SRSf9adyHwcuVcW6XsedN8vAp9w5z+FtOsdF\/8vIs\/\/WRCOr3Jj3a4T1bGZh8nuNGnyuhyyLPoITLMQo3Nzhv1EF3GqhLFF4CEZwuuShvBtWaQ5S53xctFpuoY6Q15JuXQRdVPHQy\/nWCBv23fldJM6T2Kf1oTmZ0oqrrZtLRVP6pwh2mQu\/aUojJ9XeJ1ik0q7u4jMnb5K5XT0OOJYO5oz75gYa21YMJvIhMcLr4eQAagXi3xl2EQmk32F2Aky6L2CFPLjwOeoPB6uIhPlC8BlY8xVa+0RRBB7CJlgPoBM9LwI9UjPPHnPC8Pu5YOecDDhK0ZoMVpm95YWcQOKvY0teytnarlDSNhgSxpJqqHvh469q0W2zcOuTQeYs2qGhoCUaD2JPsf1Ju6g4zyH3kNQ1dl44LsUhDNUb3f1561ReYdPovP8ljEpq65B2sI20k+ULHENy8uye0uVsP7H7WUdmWCfRybgd1LtOek99ryH3hLSnl9H+pB3tx9ARJNbkFUPpxBx5BqVtfEo0hd+DZnMe9HqG4j3ohdYGrcc6YLzcENfdtkeJ7Y8gNznO4BnjDEvj5COXw1wu0vvQeSZ+BDw05SJyP5lsd7DL67vsUAXGtHiNu+fzTtU7TAM45d\/bbgwJ5E275\/1Je3We776NrqBiLBbSFv5KvI8\/gSVB7Z\/vp9EyuQVl1\/\/Ut3nEAH4ThfXi+7cw1TP2FWkjXvD8XWqPdUeR7yX7wjKzK92OUTVdg3VuwC81\/kR9ops\/lzf943JK4iw643mN5BrPux+f8fl9f8A\/wUZhPptnm4iYvxFxKhwFrmW19zno8g9+iXgZ0e+jpBvAP8LWeH1k0j\/6uum79c3kL7cv0z468jYbwMxKHwF6Wc7DayttaeNMRdrfl926ZxCVqpd67sCsCYtAyS3yHJGq13ballr1xAD0DLSFt5BjB\/nEGPP3wN+pibJC8B\/R8rydcTo9DGkjYF4uX+U+RRylMVjFgL0WKJAyXg\/\/r1tnkrFnD7CUl2cKfGqz3xQBehuAnQunhQlZdxkoGsTVxN11zZEnVpEcmXSVoDO0adcbeJzysCbM+qWtsU6oTk8J3fNcXrT1qr6tuMh8xrPP7wwfY3KOeU8Mn94Ctlb+jrw58aYpwfMx2gYa60f+KYeqqHglCMUkUJRKVb2ScSVmty9hUysVpGCftP9XUQG1seQwfP31uQtd02elEWn5KFc1+GGgl1oySH4nqKtJastcfz76eHQV4AuOa+0A2zrgdF2kNtmMBrGMcSkIBTBcvWppH7vsLdfiR9GsWgenj9h2NUHbfAC+xPAf0A8xTaRrVOuIWLPWeRh8G3gOS+eBMulAW7GorLbLshvx+BXktzr0nzBxelfGOpf7unL0BvCbOIvt30Cqd\/GwBkMV5F9jbeC4yeAlVhgstY+6I4Xr4Zx53wcEZTOIGLeXUg5nUQEuWeRh7QXaI9RbVfxjMvjReAPEcH0mDv3qAvnVwrdjoijE+Q59FHgPkSAPu2yNKHay96X9zLNzwHL3j46ZcyCve0wNOBM2B1fuJe0\/y18Y7OPI5WnON14G6PQoOWvfSk45venXkHqtqFa6eDj89sGea\/fdaT8DwVx+vQ3kDbgX4h7HfFu9ltKgIi41p2\/4X4\/RbVNgaXyxt52n1eDMgzLKB6471AZCuL2Ex+LxxelBuOYCVKHX0PK5iqyquMK4tn8FeAPkP13H0TE6r+DtIFZ0jRwj58NW1TlvoW01cuIZ77f3uwGcq\/96piryP09j7zs7sPI1ld\/ihgk7kfa5VGkL910nx9GBPI1pExvIOPMV6j2U7+A9O3eqHkWqcMbSP+8ihhP7kS2xvoCstrIe9pvA18yxmxaa88govKXjTFX9hSE\/P5BF+8jyGq8VcSo8xrS7zzs4o\/LMDWeVZT9yDwK0Kl4m\/q9WQrQXc5bBIasG33oM6cfUzQO42qT9ryS05vmkTZGn5I2mtISUuPNVPqQd3RLrTaqy0c8\/+8rjnehTRvL6Re5ME1x5PKS0lP79EvhPRe7s4gAABKQSURBVPJ1PZyv3KTagvUN4N8CnzHGvNEjzdEx1to6D7vUJCsknpzFQlJK8IxFWn\/cT1zbdiSh8Bve5FAAjikZZHhKHybhi+biCWpsyShhP08sSju33Hnz9qDscn\/GGCzlHkQhs6xLdeJMfCx1Ti4O30ZiMa3JOpt7YDe1vRuIF\/ZlROA4h4iVnvPI1iZfdnF4D+0dRMR8nt3egJ9EhOzjiLhyL9VWAC+6v0uI6OT3l\/VbI11zxzap9qn3W4msB58niKh3zF3TSUQgectdj\/cm3fZ7iFprPwb8G8Rz7pvuuv4AEVseRkSSLUQYmiACzWmX7mH3\/Q6q\/cmvIuKP3x7Br3K54D6fcNeFO3bR\/b6BiISvumMnXRm+Dvw8sh\/5fe7avOdoCr+1i6XaBgYqA8JF4LeR+3ra\/R1x13AVMSycc+Wx5Mr\/FJVHqheu\/PsBQlEzJDSQxvWryaDjB4ihoaHu+ZJrAynjaNMkp7TvSA1oPfHKivicOG+wuz2GRixvhIlXDO0Ev20j9XGV3au44rILvb9Dj3GPic5peobFY5E+k9K+xGnPy0S9FP9CTb+VS2j82KHyavce8utIf7NGZcjw2zF5A8LxTFrhdmibVG16B+mzVqkMID78CrLVytOIyGypvP4\/jWw19xGXv1\/2kwJr7Xe54\/cihoPvRTza+zDP93Y\/jmWV6dC2XjeFn+UcIvWcbTMnDWl7zn4UrNvMHzxD90NN5dO23o5JncbRJo5FrRPTpk4MrrsXKZE5dU5pHuqO1wmzqef2EM\/yPvWn7v6W9n2hBjn02KS0PyjVV+u0jJQo\/SrVVovfQrZm++y8vUy8SYBuPD\/4HDccP\/EMPfVg78Q3d+NThR9WljhcypqTiytudD6f4WQ5Z8FICevhNYTCs2X3S578+bO01s2yY24rPMd1Y14HQ\/MiQMfxD\/XwWhTGnuBOcwLt94Dq0lfcRERlv4+339f6VkTgXaUSdQ67vyuIoLvkzj2GePatsbse+Res+i0MwudH+HJP3O\/LwbkTyrZ5yOH3EF9FROJrpAWb+BkB+XLse08tlXf6CntfhtVl8Fk64eyT97oB51iU9nl1gmmfiXso\/IfP4ZwxLHzeN5X1EMJ9HW3utQp988M2Ytg6jqy0+Dyy7\/ca8NcRr+1UnzhPE+ih0Ho5DvuxrsSMJSiXzD3Hmm+MOZ9RAXrctPpSd3+GEIinyTzWkXnqE1N6U0iT5hT\/1mYcmhrbhvkIHVrq8pYbe9c5eaby1cWAGM7nQmeTXFy5tEPtLjWnaFNXcuWau5e5OUQbATqnXYbx+zTCleI7iHPE04hT3OeRlXvXjDE3atIfnbotOIrjCD6nrCmpZaxNcdU1olwcdZUnbCRxhctNPlO0mbT7dELBPbW386w7yHl8eHjmZcKSG6S2zVtJGQ91vaUWuDEoFYSmxTSEaU\/uIdGnrtRNkvpeV+phXvIm5pCmAVGJ4DgNQ0zbcCXGURrCxAbLuvTraDOoCs+pG8i1Iawns+yT+z47U2219N6Ez8o2E0hlHLSsFUWBfvOXuF9vI0CX9EFNBugmQUXZyzzNoaG7sJ+KZ9oCdN\/0SjSEMQ05807TdbeZy7V1hGjS50r7nfgep76Xzlnr4o3PjefTJdeeSzt3fmlew\/BdBOgUdVpJ03yOmu9hfvxqUUu1fd8lqlXTX0McutaB3zHGvJbJ0+DkPKCbOpS2k+k24nAJdTczVwlDMTj0yiuNu21+4gn\/PDwklXb0FdZS5\/RJcwjqBjhaR4djaKFsGugkqB1tBoNtBzkhsXEgFV\/JMzmVn9JBb7gthdYRRVEWEX3GHVzajr\/jujKkk1Z4vI3jkyIMNXfvklafdJoEpDb5aArbNp9Dz2dLnSZy4nSdqLlIbaLJS7jv\/LtJr4uPW\/au1E\/NMZYSv8dOVSX3LUy37h7GcbZx\/EiFb0q\/DW3vUa7P6FtvS\/uJlMOQQVbpxtxAVvCuI9vFPQn8MbKtnH830gZSL44D68aYt7pfQkXfLTj2xDdQPF06\/JzVus6aQhQuted1187hIFv89it9Bx5t6vHQg6kSMUwnZsqs2G\/1r8SA4N970HR+CV2NHPEgJfV7aElXFEVRlDbMm5NDm+frUOJBF3QeuZeujnFd4p+GQ1BpWn3EvhLxdloGkK4C9Cyccoag1Mu1az+T85aN0895K+d+ayrj2MnSH6vz1M2J2dMg3GK3Lo+pPJXUvZI2V6ptdm2jcZq5eXVYFitU2qdBtux4HtlDehXZR3oT2U5uDdmu8znkhd2vAo8ZYy7tyoy1t8bHkhfjBOhpqPNtrWVD0caK3fTSxUWlTUOf5oBn7LTGHDjOywOwS4emArSiTIc27aqun+oqMGubVhRFUZSKkgn+fpwL7keGFrKmIXSOIb6Vjh9LBdHcsVy6Y441F9kQ09TX1AmhXeLPOV2G8cfCf4n3sP+9yTBQJ3iOIUCXehunnG3q8tNl\/hTHEZd5nMc2ceaODTU3DPOce1eTRe7lFvA28t6oF4AXEe\/otxGB+h5EwH4C2e5jHRGwbwIPubDvDC1A5+gqinWli3X7IFDS4Mfq6KdRx9p6zvfJy9gDk2mlpyiKoiiKoiizZhqG00UVs\/qyyEJejnnzrp8VsZ5S6rXZldScvkvbrauTOWep\/cC0ryMWVlNeuSVeuz5cW3E15QyaC1tiMClt96U6Y6kI35auAnHqe8pJtkufnit7fyzUhZfZXRcM1b7SKW4Ev78BvIPsNe1F6I8CtwJvzlqALqXEstdWfFTKmZZXQJ\/Bkd5vRemHeswqiqIoynRREa1CBejxGHuur\/RzrEvV\/ab2kBMIm37L\/d6XLtcwK2bZ75Z6RtdRp5n0Xe2f846OPYnbePf6\/DaFb9tPpYwvJfd0aA\/ovoR5qBOaU57WJZ70Q\/b\/cdlZRKxeohKwwz2n\/bHr7vNS15cQDsWYwvRQaex3mu71rLZrGLLuaR0YjrFWLSiKoiiKohw0VIAenrp5ypArDVXMVUoZ01GujeiWysPQ9Ti3HUFTWtNyeEsxzX64zbVZdr8UMDze5Z63JRYbmzyX6\/rXWIAOzyvNQx1Nq+H7lkWpd3apt3d8nk9jCAG67XXX5buNoSPX5kO92ZS+hDBlzSqhy03vuzdKn\/japtV1i4f9PMgcs7y7MisrVi7tebUGl6ACtKIoiqIoijIUXeZY8bmzGpMOMS5uO+fJeT\/ux2025pWuc7kx6mudN2cqbaIwY9eZXBuZR8F5GvPcWbVRX09iIRvKt8\/whN7GTd7EQ9AUzzTqVVcBOvV5qJfQD0mqLhhk7+fwe6oehUyors8EYZeQvaAn8yhAd2VMS3ddZVIRbn4YyqNe72kerfuKoiiKoijKUAzh5FMqeIwxdi1Ns+2ctMmbsPR4HaVbNtTlZ79TV0Zt545dw+fy1BQudc6QnqAleShJN\/bk7Fq\/pyWqj0GTp+kQOkeJYaINsXduygN2iHRS5Lx2m\/TH2Js4PC\/lUZxKqzRPqXR93F00FS8Gh17xcT67eF2H+ZmQLo9cXuvKOHneSuLHpgymEs4lFl9YSebmibBiLrLXaltmaZGcBw6i53opWgaKoiiKoijKUPQZW6aWdg\/tCdx2XhCLYGMIL22Od6FpKXjXOGkRR0l6JfPzvs4zTcJpm3TmZR7VxZvTn9e2DpSEz3mKpsIsssicoum6hvaW93EOITx7sRKa20KbtlJXBjlP3bYOsilv8JJ2Gz5vchpnGDYXru199V7E\/rNJfO5aV1L3o648U2Xly2WJ+v7FGmvthDxjua2PEX+bdEspaaTz8iAZkoMiQO\/HezePqGe5oiiKoiiK0sSQ862hhJw+np11DO0Zvcjsh7nnmKtEh5hL5fLX5Jk5xv3oGm8sws2aLsaJunBt0ugjFNZ5+tYRhp0Ex0z0PZd+mOeudbpNf9lkoCoxsuU8fpvaSh\/9sI+Rrs+zMnd\/S+MI22fWEOu34JiXB9yYFq15EL8WRYib50FAidt\/17gURVEURVEURZkOpQJB3zH72HOwLvMRFaAr5nnuWUqJV+es554lQug8CdV1tCnPWWswYwjQbdMdSuj1cTUJzjlP5ZK421xzV5F3kgnT1hM9FlibvLVL8jYtAbqNR3zb\/isO+2598VtwlNy4eXwYTKMTSV1313Rn\/dApZR7vdY55r6NDcZA88BVFURRFURRlURhjPL6o8\/Mu7IfrWIQ5WZPQtGe5fHDevNFG2BxjG4u+lDrVlYiVoedpTlhtS6pMU0aHunzH3ta5sKVbYZSk68PEccd1uWnbirZl2NeRNt5KIy6T8P7WlVEXr\/yme9iGXHm\/G0\/THtCzsGR56ixu+52xOvv9OGAJ2c91Yz9f21DMg2eBoiiKoiiKUk+dqEHN96b46uY6JZNpHUfuf+q2JegaHwXnj7F9RhymyYs5lacST+a2WxnUMcSK92l5XOfKs8v2FaVpdT23zuM4pknANIVhch7ElvJ4QMTVULhM1d8mT9+U0O2F2zgPuXx10RxzHt+pNFOUeB6n0mtqj7lVGG3oqsGm8vzu+SUvIRyigQ+5bUKOsUXbXEejAxVFURRFURRFUZQydP5UMYbwBOPMt2fNEE5pQ5dTl3yU6hY5MTiXdlP4HEN6zDalP0S9LIlzCJ2mjVdy03YIJXluI4i2LccS4T8l4OaE25xIHNbtNp7pOVE4JbjmysXHkXpZX\/w9Fqa7ev\/nymSJ7nU952lugr9c3ifs3Yc5FW9fcuWzROWlnaxHfg\/oUrparHIX39USUJKGstiU1LWhLbHzzNDW+oPGQVtFoSiKoiiKclBp4+l8EMbTQ4vRQ3ixhsxynD6WE9sQaeaWsTdpKDkxNCWU5cKXcpAMH22vta2H9BBlWaKv5fLVth3m6mdJnkJBNRa+42Ox8NqUp6ZyrPP093sVLyV+8+fWUeqxnSK1fUqdZ3vuGuK8N9FFb5tkjoeCeSp+k3sJ4dACcZt42nSAizJYOAgDm6EZ0jjRNa15QgXo\/sxigKkoiqIoiqJMlzZCyLzSVrBq433Zly6C6JB5WUTHkjpvzLpz6HBeeG58flPYJvoaH4bYGmCe6aKjdTEA5OpB27rRhz4CtD+eEp\/jNMaoM6n22BQ+JOfh3fa+l9LG2NGWLgJ0LDDHZeDPm0Th9ryEMOXiPgRthJ+cZY7E8UV8+MDiDorGHMh0yQN0syYuIgfBujw2+6EeKIqiKIqiKPWMMW7u6viR8uoLhYuxhIOuokiffHRJp4v4Ns0xfR\/vYE9X8SknMJZoCaWiXSgWNYVV8vQpr64rt4duB3V1K+5PYk0uVY98GC9CloqZTavch7junJdw0wqBUKtMia5j1IOuhobSNJrKu4n42RbGF26HAsge0EN0qqV0cUUfKw+L9uBS0uw3UbGk49G6pCiKoiiKoihC0\/xuiPlCPJ+rE1PGFoni9IaIa2jP5P1CyTXViWLTLJMuznm5tlO61UAq7fh4yoM7pwv19cacF4ZyOOwTT4mXdM65M5WH8B6VCMGmIVyJ2B1+D\/\/HLy4cqlxTx0OxOeew21QmpQanLnW5r76ZapNt23+873TK8LoEYKy1uf07mjI5BNMUD0vzvN8EzXnhIJZrl6VPB7GcFEVRFEVRFKUr0xpHL+Lq23kU58akSdgc4751FaCH9GIcKu6hKBWkPX239uhCSlglOpYSBduu7k\/R10BQ58naxsu1bXnHYnBdOZXkK3Vun7w2Obz2rV99hP+S88L\/bUXgXHxN4UsMCk0CfFPauzygp9HI66xcyv5irPvademSoiiKoiiKoijDMI9OE\/OUlzraiCwlIkzbbRzGmPfP60rfeJl8W8EkjCcXvk58KxHmuralWdb3UhHRH4vPzXnFDlGHSupifN\/i81PhU+nMC7FX8tDE3rFx2fnfS+q5p6uxocQYUCJ2p84L42tTN1Ph+zoehtdiyL\/wr4kSQTkVts4w44+3vafvnrOSCTAUYy4\/KrUszOMDUTkYtKnz8\/QgUxRFURRFUZQU+2nM2lYA7HvtdZP80jTCyf88eMLO81x7iLlYG8G16byhtglIMbQ39RD1Zsy4U0xGjBu6rYBou7VB6vw2xz1N3t1t6lYYlxdEY8E3VfalQmsun3E8uThSxqbSlQ85ATslsIfhx+j3wv2SxzIodKWrAS\/83QB7tuBoUre7PqRT53VZqtJGxW9z3n4aSC0abZefzCLtOA9aXxRFURRFURRlf7BoW2uUzov6igal9FkyPzSznK81Xe+Qom6JMaNNfH3JeaeWeJD3YQwtp0m7alveQ\/QvbbeWKPEM7tpum7S6Ug\/nvqsT4jD+HoVC7qz6pr79UKkxpaTsfF7CfbPrwtcZTXrX\/f8PhNjpFgplpUsAAAAASUVORK5CYII=\" height=\"60\" width=\"1440\" id=\"torn-edge-3_Image-2\"><\/image><\/svg> <\/div><\/div><\/div>","protected":false},"excerpt":{"rendered":"<p>Ortak \u00f6\u011frenmeye ve ara\u015ft\u0131rmaya dayal\u0131 bilgi al\u0131\u015fveri\u015fine adanm\u0131\u015f k\u00fcresel bir topluluk. Off University ele\u015ftirel bilgiyealan yarat\u0131yor Off University&#8217;de dijital alan, &#8230; <a title=\"Ne Yap\u0131yoruz\" class=\"read-more\" href=\"https:\/\/offuniversity.org\/tr\/what-we-do\/\" aria-label=\"Read more about Ne Yap\u0131yoruz\">Read more<\/a><\/p>\n","protected":false},"author":1,"featured_media":0,"parent":0,"menu_order":0,"comment_status":"closed","ping_status":"closed","template":"","meta":{"footnotes":""},"class_list":{"0":"post-5098","1":"page","2":"type-page","3":"status-publish","5":"infinite-scroll-item"},"_links":{"self":[{"href":"https:\/\/offuniversity.org\/tr\/wp-json\/wp\/v2\/pages\/5098","targetHints":{"allow":["GET"]}}],"collection":[{"href":"https:\/\/offuniversity.org\/tr\/wp-json\/wp\/v2\/pages"}],"about":[{"href":"https:\/\/offuniversity.org\/tr\/wp-json\/wp\/v2\/types\/page"}],"author":[{"embeddable":true,"href":"https:\/\/offuniversity.org\/tr\/wp-json\/wp\/v2\/users\/1"}],"replies":[{"embeddable":true,"href":"https:\/\/offuniversity.org\/tr\/wp-json\/wp\/v2\/comments?post=5098"}],"version-history":[{"count":14,"href":"https:\/\/offuniversity.org\/tr\/wp-json\/wp\/v2\/pages\/5098\/revisions"}],"predecessor-version":[{"id":6297,"href":"https:\/\/offuniversity.org\/tr\/wp-json\/wp\/v2\/pages\/5098\/revisions\/6297"}],"wp:attachment":[{"href":"https:\/\/offuniversity.org\/tr\/wp-json\/wp\/v2\/media?parent=5098"}],"curies":[{"name":"wp","href":"https:\/\/api.w.org\/{rel}","templated":true}]}}