{"id":5105,"date":"2024-01-24T11:36:38","date_gmt":"2024-01-24T11:36:38","guid":{"rendered":"https:\/\/offuniversity.org\/biz-kimiz\/"},"modified":"2024-06-10T07:04:33","modified_gmt":"2024-06-10T07:04:33","slug":"who-we-are","status":"publish","type":"page","link":"https:\/\/offuniversity.org\/tr\/who-we-are\/","title":{"rendered":"Biz Kimiz"},"content":{"rendered":"<div class=\"gb-container gb-container-6508c824\">\n<div class=\"gb-container gb-container-d78cceab\">\n\n<h1 class=\"gb-headline gb-headline-c706d0d5 gb-headline-text underline\">Anti-demokratik ve otoriter rejimler taraf\u0131ndan tehdit edilen <mark style=\"background-color:rgba(0, 0, 0, 0)\" class=\"has-inline-color has-base-2-color\">akademik ya\u015fam\u0131 ve bilgiyi s\u00fcrd\u00fcrmek i\u00e7in<\/mark> yeni stratejiler ar\u0131yoruz.<\/h1>\n\n<\/div>\n<\/div><section class=\"gb-container gb-container-48873ec1\">\n<div class=\"gb-container gb-container-077ffc1f\">\n\n<h2 class=\"gb-headline gb-headline-f52f7743 gb-headline-text\">Off University risk alt\u0131ndaki akademisyenler taraf\u0131ndan kuruldu<\/h2>\n\n\n\n<p>Anti-demokratik ve otoriter rejimler taraf\u0131ndan tehdit edilen akademik ya\u015fam\u0131 ve bilgiyi s\u00fcrd\u00fcrmek i\u00e7in yeni stratejiler ar\u0131yoruz. <\/p>\n\n\n\n<p>Bu \u00e7abam\u0131z, d\u00fcnyan\u0131n her yerinden, g\u00f6r\u00fc\u015fleri ve ara\u015ft\u0131rmalar\u0131 nedeniyle kurumlar\u0131ndan uzakla\u015ft\u0131r\u0131lan, istifaya zorlanan, siyasi zulme u\u011frayan, hatta hapse at\u0131lan akademisyenler i\u00e7in.<\/p>\n\n<\/div>\n<\/section><section class=\"gb-container gb-container-66df2f2b\">\n\n<video loop=\"\" muted=\"\" autoplay=\"\" poster=\"URL\/TO\/poster.jpg\" class=\"background-video\">\n    <source src=\"http:\/\/offuniversity.org\/wp-content\/uploads\/2024\/01\/Off_Vid.mp4\" type=\"video\/mp4\" media=\"(min-width: 768px)\">\n<\/source><\/video>\n\n\n<div class=\"gb-container gb-container-b83d4d5a\">\n<div class=\"gb-container gb-container-33872957 background-video-content\">\n\n<h2 class=\"gb-headline gb-headline-83932c17 gb-headline-text\"><em>Otoriter rejimler<\/em><br><em>\u00fcniversiteyi<\/em> <em>\u00e7evrimd\u0131\u015f\u0131 b\u0131rakt\u0131\u011f\u0131nda<\/em><br><em>yeniden \u00e7evrimi\u00e7i hale getiriyoruz.<\/em><\/h2>\n\n\n\n<a class=\"gb-button gb-button-d2849cab gb-button-text\" href=\"https:\/\/youtu.be\/XnYwa54pD0U?si=Y7Xbnb_SsKkpf7Jo\" target=\"_blank\" rel=\"noopener noreferrer\">V\u0130DEOMUZU izleyin<\/a>\n\n<\/div>\n<\/div>\n<\/section><div class=\"gb-container gb-container-b77e72e8\" id=\"features\">\n<div class=\"gb-container gb-container-6b469faf\">\n<div class=\"gb-grid-wrapper gb-grid-wrapper-3b248ea3\">\n<div class=\"gb-grid-column gb-grid-column-f07f8797\"><div class=\"gb-container gb-container-f07f8797\">\n\n<h1 class=\"gb-headline gb-headline-99b1deeb gb-headline-text\">Misyonumuz.<\/h1>\n\n<\/div><\/div>\n\n<div class=\"gb-grid-column gb-grid-column-448dd3fe\"><div class=\"gb-container gb-container-448dd3fe\">\n<div class=\"gb-grid-wrapper gb-grid-wrapper-6e5ef146\">\n<div class=\"gb-grid-column gb-grid-column-0487c64a\"><div class=\"gb-container gb-container-0487c64a\">\n<div class=\"gb-container gb-container-bb341835\">\n<div class=\"gb-container gb-container-05544c7a\">\n\n<div class=\"gb-headline gb-headline-941f25c5\"><span class=\"gb-icon\"><svg xmlns=\"http:\/\/www.w3.org\/2000\/svg\" aria-hidden=\"true\" role=\"img\" height=\"1em\" width=\"1em\" viewbox=\"0 0 512 512\"><path fill=\"currentColor\" d=\"M256 8C119 8 8 119 8 256s111 248 248 248 248-111 248-248S393 8 256 8z\"><\/path><\/svg><\/span><\/div>\n\n<\/div>\n\n<div class=\"gb-container gb-container-e26fd549\">\n\n<p>D\u00fc\u015f\u00fcnce, ara\u015ft\u0131rma ve \u00f6\u011fretme\/\u00f6\u011frenme \u00f6zg\u00fcrl\u00fc\u011f\u00fcn\u00fc savunmak ve akademisyenleri akademiyi ve evlerini terk etmeye zorlayan maddi ko\u015fullar\u0131 ortadan kald\u0131rmak i\u00e7in verilen m\u00fccadeleye dahil olmak.<\/p>\n\n<\/div>\n<\/div>\n<\/div><\/div>\n\n<div class=\"gb-grid-column gb-grid-column-3234e1e8\"><div class=\"gb-container gb-container-3234e1e8\">\n<div class=\"gb-container gb-container-ca49b9c7\">\n<div class=\"gb-container gb-container-ea85405e\">\n\n<div class=\"gb-headline gb-headline-f143a75c\"><span class=\"gb-icon\"><svg xmlns=\"http:\/\/www.w3.org\/2000\/svg\" aria-hidden=\"true\" role=\"img\" height=\"1em\" width=\"1em\" viewbox=\"0 0 512 512\"><path fill=\"currentColor\" d=\"M256 8C119 8 8 119 8 256s111 248 248 248 248-111 248-248S393 8 256 8z\"><\/path><\/svg><\/span><\/div>\n\n<\/div>\n\n<div class=\"gb-container gb-container-b3698456\">\n\n<p>Akademisyenlerin akademik \u00e7al\u0131\u015fmalar\u0131n\u0131 s\u00fcrd\u00fcrebilmeleri i\u00e7in g\u00fcvenli bir alan yaratmak. Bunu ba\u015farmak i\u00e7in \u00e7evrimi\u00e7i teknolojilerin sa\u011flad\u0131\u011f\u0131 yeni ve geli\u015fen ara\u00e7lar\u0131 kullan\u0131yoruz. <\/p>\n\n<\/div>\n<\/div>\n<\/div><\/div>\n\n<div class=\"gb-grid-column gb-grid-column-05ce7f36\"><div class=\"gb-container gb-container-05ce7f36\">\n<div class=\"gb-container gb-container-97b50e79\">\n<div class=\"gb-container gb-container-2644f39e\">\n\n<div class=\"gb-headline gb-headline-974a6b9b\"><span class=\"gb-icon\"><svg xmlns=\"http:\/\/www.w3.org\/2000\/svg\" aria-hidden=\"true\" role=\"img\" height=\"1em\" width=\"1em\" viewbox=\"0 0 512 512\"><path fill=\"currentColor\" d=\"M256 8C119 8 8 119 8 256s111 248 248 248 248-111 248-248S393 8 256 8z\"><\/path><\/svg><\/span><\/div>\n\n<\/div>\n\n<div class=\"gb-container gb-container-e00a9ac3\">\n\n<p>Risk alt\u0131ndaki akademisyenlere profesyonel yollar a\u00e7mak ve akademisyenler aras\u0131nda dayan\u0131\u015fma ve i\u015fbirli\u011fi f\u0131rsatlar\u0131n\u0131 te\u015fvik etmek i\u00e7in \u00fcniversiteler ve e\u011fitim kurumlar\u0131yla g\u00fc\u00e7l\u00fc ba\u011flar kurmak.<\/p>\n\n<\/div>\n<\/div>\n<\/div><\/div>\n\n<div class=\"gb-grid-column gb-grid-column-dbf3c18b\"><div class=\"gb-container gb-container-dbf3c18b\">\n<div class=\"gb-container gb-container-2c5dab34\">\n<div class=\"gb-container gb-container-9bce743f\">\n\n<div class=\"gb-headline gb-headline-fd3a1733\"><span class=\"gb-icon\"><svg xmlns=\"http:\/\/www.w3.org\/2000\/svg\" aria-hidden=\"true\" role=\"img\" height=\"1em\" width=\"1em\" viewbox=\"0 0 512 512\"><path fill=\"currentColor\" d=\"M256 8C119 8 8 119 8 256s111 248 248 248 248-111 248-248S393 8 256 8z\"><\/path><\/svg><\/span><\/div>\n\n<\/div>\n\n<div class=\"gb-container gb-container-4d53845e\">\n\n<p>D\u00fc\u015f\u00fcnce, ara\u015ft\u0131rma ve e\u011fitim-\u00f6\u011fretim \u00f6zg\u00fcrl\u00fc\u011f\u00fcn\u00fcn tehdit oldu\u011fu her yerde, d\u00fcnyan\u0131n d\u00f6rt bir yan\u0131ndan yerinden edilmi\u015f akademisyenleri de dahil ederek, a\u011f\u0131m\u0131z\u0131 ulusal s\u0131n\u0131rlar\u0131n \u00f6tesine geni\u015fletmek.<\/p>\n\n<\/div>\n<\/div>\n<\/div><\/div>\n\n<div class=\"gb-grid-column gb-grid-column-f2277cad\"><div class=\"gb-container gb-container-f2277cad\">\n<div class=\"gb-container gb-container-38a5de48\">\n<div class=\"gb-container gb-container-4e47fa3f\">\n\n<div class=\"gb-headline gb-headline-915b6b55\"><span class=\"gb-icon\"><svg xmlns=\"http:\/\/www.w3.org\/2000\/svg\" aria-hidden=\"true\" role=\"img\" height=\"1em\" width=\"1em\" viewbox=\"0 0 512 512\"><path fill=\"currentColor\" d=\"M256 8C119 8 8 119 8 256s111 248 248 248 248-111 248-248S393 8 256 8z\"><\/path><\/svg><\/span><\/div>\n\n<\/div>\n\n<div class=\"gb-container gb-container-eedda969\">\n\n<p>Daha \u00f6nce \u00f6\u011frenciler ve akademisyenler i\u00e7in mevcut olmayan dersler ve ara\u015ft\u0131rma f\u0131rsatlar\u0131 yaratmak.<\/p>\n\n<\/div>\n<\/div>\n<\/div><\/div>\n\n<div class=\"gb-grid-column gb-grid-column-fc881a7b\"><div class=\"gb-container gb-container-fc881a7b\">\n<div class=\"gb-container gb-container-e7b6ae46\">\n<div class=\"gb-container gb-container-c615e86b\">\n\n<div class=\"gb-headline gb-headline-6a306f04\"><span class=\"gb-icon\"><svg xmlns=\"http:\/\/www.w3.org\/2000\/svg\" aria-hidden=\"true\" role=\"img\" height=\"1em\" width=\"1em\" viewbox=\"0 0 512 512\"><path fill=\"currentColor\" d=\"M256 8C119 8 8 119 8 256s111 248 248 248 248-111 248-248S393 8 256 8z\"><\/path><\/svg><\/span><\/div>\n\n<\/div>\n\n<div class=\"gb-container gb-container-147854a9\">\n\n<p>Y\u00fcksek\u00f6\u011fretimin \u00f6n\u00fcm\u00fczdeki on y\u0131llarda neye d\u00f6n\u00fc\u015febilece\u011fini yeniden d\u00fc\u015f\u00fcnmek.<\/p>\n\n<\/div>\n<\/div>\n<\/div><\/div>\n<\/div>\n<\/div><\/div>\n<\/div>\n<\/div>\n<\/div>","protected":false},"excerpt":{"rendered":"<p>Anti-demokratik ve otoriter rejimler taraf\u0131ndan tehdit edilen akademik ya\u015fam\u0131 ve bilgiyi s\u00fcrd\u00fcrmek i\u00e7in yeni stratejiler ar\u0131yoruz. Off University risk alt\u0131ndaki &#8230; <a title=\"Biz Kimiz\" class=\"read-more\" href=\"https:\/\/offuniversity.org\/tr\/who-we-are\/\" aria-label=\"Read more about Biz Kimiz\">Read more<\/a><\/p>\n","protected":false},"author":1,"featured_media":0,"parent":0,"menu_order":0,"comment_status":"closed","ping_status":"closed","template":"","meta":{"footnotes":""},"class_list":{"0":"post-5105","1":"page","2":"type-page","3":"status-publish","5":"infinite-scroll-item"},"_links":{"self":[{"href":"https:\/\/offuniversity.org\/tr\/wp-json\/wp\/v2\/pages\/5105","targetHints":{"allow":["GET"]}}],"collection":[{"href":"https:\/\/offuniversity.org\/tr\/wp-json\/wp\/v2\/pages"}],"about":[{"href":"https:\/\/offuniversity.org\/tr\/wp-json\/wp\/v2\/types\/page"}],"author":[{"embeddable":true,"href":"https:\/\/offuniversity.org\/tr\/wp-json\/wp\/v2\/users\/1"}],"replies":[{"embeddable":true,"href":"https:\/\/offuniversity.org\/tr\/wp-json\/wp\/v2\/comments?post=5105"}],"version-history":[{"count":23,"href":"https:\/\/offuniversity.org\/tr\/wp-json\/wp\/v2\/pages\/5105\/revisions"}],"predecessor-version":[{"id":6019,"href":"https:\/\/offuniversity.org\/tr\/wp-json\/wp\/v2\/pages\/5105\/revisions\/6019"}],"wp:attachment":[{"href":"https:\/\/offuniversity.org\/tr\/wp-json\/wp\/v2\/media?parent=5105"}],"curies":[{"name":"wp","href":"https:\/\/api.w.org\/{rel}","templated":true}]}}