{"id":5108,"date":"2022-01-21T21:53:18","date_gmt":"2022-01-21T21:53:18","guid":{"rendered":"https:\/\/offuniversity.org\/hakkimizda\/"},"modified":"2025-11-10T14:26:12","modified_gmt":"2025-11-10T14:26:12","slug":"about","status":"publish","type":"page","link":"https:\/\/offuniversity.org\/tr\/about\/","title":{"rendered":"Hakk\u0131m\u0131zda"},"content":{"rendered":"<section class=\"gb-container gb-container-48873ec1\">\n<div class=\"gb-container gb-container-077ffc1f\">\n\n<h2 class=\"gb-headline gb-headline-165113a7 gb-headline-text\">Hikayemiz<\/h2>\n\n\n\n<h2 class=\"gb-headline gb-headline-bd490912 gb-headline-text\">S\u0131n\u0131rlar\u0131 Olmayan Bir \u00dcniversite<\/h2>\n\n\n\n<p>\u00c7al\u0131\u015fmalar\u0131m\u0131z, bask\u0131ya alternatif bir yan\u0131t olarak ele\u015ftirel d\u00fc\u015f\u00fcnme, ara\u015ft\u0131rma ve e\u011fitimi te\u015fvik eden (dijital) bir s\u0131\u011f\u0131nak yaratmaya odaklan\u0131yor. Siyasi bask\u0131 ve entelekt\u00fcel \u00f6zg\u00fcrl\u00fcklerin k\u0131s\u0131tlanmas\u0131yla pen\u00e7ele\u015fen bir d\u00fcnyada misyonumuz \u00fc\u00e7 y\u00f6nl\u00fc: <\/p>\n\n\n<div class=\"gb-container gb-container-30c3bd0a\">\n\n<p class=\"gb-headline gb-headline-87b6cbf9\"><span class=\"gb-icon\"><svg xmlns=\"http:\/\/www.w3.org\/2000\/svg\" aria-hidden=\"true\" role=\"img\" height=\"1em\" width=\"1em\" viewbox=\"0 0 512 512\"><path fill=\"currentColor\" d=\"M256 8C119 8 8 119 8 256s111 248 248 248 248-111 248-248S393 8 256 8z\"><\/path><\/svg><\/span><span class=\"gb-headline-text\"><em>Tehlike alt\u0131ndaki akademisyenler ve \u00f6\u011frenciler i\u00e7in g\u00fcvenli bir s\u0131\u011f\u0131nak sa\u011flamak,<\/em><\/span><\/p>\n\n\n\n<p class=\"gb-headline gb-headline-bc056966\"><span class=\"gb-icon\"><svg xmlns=\"http:\/\/www.w3.org\/2000\/svg\" aria-hidden=\"true\" role=\"img\" height=\"1em\" width=\"1em\" viewbox=\"0 0 512 512\"><path fill=\"currentColor\" d=\"M256 8C119 8 8 119 8 256s111 248 248 248 248-111 248-248S393 8 256 8z\"><\/path><\/svg><\/span><span class=\"gb-headline-text\"><em>Zorluklar kar\u015f\u0131s\u0131nda bilgi birikimini geli\u015ftirmek,<\/em><\/span><\/p>\n\n\n\n<p class=\"gb-headline gb-headline-d233a59f\"><span class=\"gb-icon\"><svg xmlns=\"http:\/\/www.w3.org\/2000\/svg\" aria-hidden=\"true\" role=\"img\" height=\"1em\" width=\"1em\" viewbox=\"0 0 512 512\"><path fill=\"currentColor\" d=\"M256 8C119 8 8 119 8 256s111 248 248 248 248-111 248-248S393 8 256 8z\"><\/path><\/svg><\/span><span class=\"gb-headline-text\"><em>Sosyal adalet taahh\u00fcd\u00fcne ba\u011fl\u0131 k\u00fcresel bir toplulu\u011fu b\u00fcy\u00fctmek.<\/em><\/span><\/p>\n\n<\/div>\n<\/div>\n<\/section><div class=\"gb-container gb-container-af16f68b\">\n<div class=\"gb-container gb-container-ae08ae1e\">\n\n<h2 class=\"gb-headline gb-headline-163c694d gb-headline-text\">\u0130LK BAKI\u015eTA<\/h2>\n\n\n<div class=\"gb-grid-wrapper gb-grid-wrapper-2bf5ddb7\">\n<div class=\"gb-grid-column gb-grid-column-a4b5cd2e\"><div class=\"gb-container gb-container-a4b5cd2e light-mobile\">\n<div class=\"gb-container gb-container-61c45264\">\n<div class=\"gb-container gb-container-06321ce6\">\n\n<h1 class=\"gb-headline gb-headline-eabc517b gb-headline-text\">83<\/h1>\n\n<\/div>\n<\/div>\n\n\n<h4 class=\"gb-headline gb-headline-b75bc76f gb-headline-text\">Dersler<\/h4>\n\n\n\n<p class=\"gb-headline gb-headline-e20c70c7 gb-headline-text\">Bar\u0131\u015f \u00e7al\u0131\u015fmalar\u0131, toplumsal cinsiyet, sanat\/k\u00fclt\u00fcr ve sosyoloji alanlar\u0131nda ele\u015ftirel d\u00fc\u015f\u00fcnceyi te\u015fvik eden \u00e7e\u015fitli \u00e7evrimi\u00e7i ve hibrid dersler.<\/p>\n\n<\/div><\/div>\n\n<div class=\"gb-grid-column gb-grid-column-2189687a\"><div class=\"gb-container gb-container-2189687a light-mobile\">\n<div class=\"gb-container gb-container-17ecd676\">\n<div class=\"gb-container gb-container-e6a47345\">\n\n<h1 class=\"gb-headline gb-headline-6c0ec649 gb-headline-text\">5600+<\/h1>\n\n<\/div>\n<\/div>\n\n\n<h4 class=\"gb-headline gb-headline-f2d0278e gb-headline-text\">Kat\u0131l\u0131mc\u0131<\/h4>\n\n\n\n<p class=\"gb-headline gb-headline-a132ff58 gb-headline-text\">Akademik kat\u0131l\u0131m yoluyla gelece\u011fi \u015fekillendiren canl\u0131 bir \u00f6\u011frenci toplulu\u011fu.<\/p>\n\n<\/div><\/div>\n\n<div class=\"gb-grid-column gb-grid-column-6a373d73\"><div class=\"gb-container gb-container-6a373d73 light-mobile \">\n<div class=\"gb-container gb-container-aedd9dfb\">\n<div class=\"gb-container gb-container-ad6e5a9e\">\n\n<h1 class=\"gb-headline gb-headline-401e2f4d gb-headline-text\">269<\/h1>\n\n<\/div>\n<\/div>\n\n\n<h4 class=\"gb-headline gb-headline-d43d1e6c gb-headline-text\">E\u011fitmen<\/h4>\n\n\n\n<p class=\"gb-headline gb-headline-69cc0e91 gb-headline-text\">Hindistan, Azerbaycan, Macaristan, Suriye, T\u00fcrkiye, Libya, Meksika, \u0130ran, Yemen, Belarus, Afganistan, Rusya ve Ukrayna&#8217;dan akademisyenler.<\/p>\n\n<\/div><\/div>\n\n<div class=\"gb-grid-column gb-grid-column-da1e1a18\"><div class=\"gb-container gb-container-da1e1a18 light-mobile \">\n<div class=\"gb-container gb-container-65866a87\">\n<div class=\"gb-container gb-container-2cffc771\">\n\n<h1 class=\"gb-headline gb-headline-ccc04492 gb-headline-text\">15<\/h1>\n\n<\/div>\n<\/div>\n\n\n<h4 class=\"gb-headline gb-headline-42e28d95 gb-headline-text\">Fellow<\/h4>\n\n\n\n<p class=\"gb-headline gb-headline-8b7cfc18 gb-headline-text\">Bilgi al\u0131\u015fveri\u015fi i\u00e7in g\u00fcvenli \u00e7evrimi\u00e7i ve \u00e7evrimd\u0131\u015f\u0131 alanlar sa\u011flayarak d\u00fcnya \u00e7ap\u0131ndaki akademisyenlere do\u011frudan destek.<\/p>\n\n<\/div><\/div>\n\n<div class=\"gb-grid-column gb-grid-column-71b0d441\"><div class=\"gb-container gb-container-71b0d441 light-mobile \">\n<div class=\"gb-container gb-container-2697d2ab\">\n<div class=\"gb-container gb-container-080e0724\">\n\n<h1 class=\"gb-headline gb-headline-f6ccd505 gb-headline-text\">5<\/h1>\n\n<\/div>\n<\/div>\n\n\n<h4 class=\"gb-headline gb-headline-2d516ace gb-headline-text\">Ara\u015ft\u0131rma Projesi<\/h4>\n\n\n\n<p class=\"gb-headline gb-headline-eb73b063 gb-headline-text\">Toplumsal cinsiyet \u00e7al\u0131\u015fmalar\u0131, ele\u015ftirel bar\u0131\u015f \u00e7al\u0131\u015fmalar\u0131 ve \u00fcniversite yap\u0131lar\u0131n\u0131 yeniden d\u00fc\u015f\u00fcnmek.<\/p>\n\n<\/div><\/div>\n\n<div class=\"gb-grid-column gb-grid-column-51bbd91d\"><div class=\"gb-container gb-container-51bbd91d light-mobile \">\n<div class=\"gb-container gb-container-ee1797cd\">\n<div class=\"gb-container gb-container-dfd62574\">\n\n<h1 class=\"gb-headline gb-headline-7c9be2f9 gb-headline-text\">96<\/h1>\n\n<\/div>\n<\/div>\n\n\n<h4 class=\"gb-headline gb-headline-b8d93b26 gb-headline-text\">Yay\u0131n<\/h4>\n\n\n\n<p class=\"gb-headline gb-headline-940b6b59 gb-headline-text\">Risk alt\u0131ndaki bilginin yay\u0131lmas\u0131na katk\u0131da bulunan a\u00e7\u0131k eri\u015fimli yay\u0131nlar.<\/p>\n\n<\/div><\/div>\n<\/div>\n<\/div>\n<\/div><div class=\"gb-container gb-container-40788a94\">\n<div class=\"gb-container gb-container-1fa2a0d9\">\n<div class=\"gb-container gb-container-8360006c\">\n<div class=\"gb-grid-wrapper gb-grid-wrapper-348258f2\">\n<div class=\"gb-grid-column gb-grid-column-762a3e62\"><div class=\"gb-container gb-container-762a3e62\">\n<div class=\"gb-container gb-container-6f9f7624\">\n<div class=\"gb-grid-wrapper gb-grid-wrapper-72face47\">\n<div class=\"gb-grid-column gb-grid-column-2238f324\"><div class=\"gb-container gb-container-2238f324\">\n\n<h1 class=\"gb-headline gb-headline-7bab19bd gb-headline-text\"><sup>&#8220;<\/sup><\/h1>\n\n<\/div><\/div>\n\n<div class=\"gb-grid-column gb-grid-column-6b3a6a55\"><div class=\"gb-container gb-container-6b3a6a55\">\n\n<h4 class=\"gb-headline gb-headline-7fb5ee73 gb-headline-text\">Ba\u015fkalar\u0131n\u0131n cesaretinden g\u00fc\u00e7 kazand\u0131m.<\/h4>\n\n<\/div><\/div>\n<\/div>\n<\/div>\n\n<div class=\"gb-container gb-container-19d0d2a8\">\n\n<p style=\"font-style:normal;font-weight:500\"><em>Ders s\u0131ras\u0131nda, \u00f6zellikle \u0130ngilizce konu\u015fmakla ilgili korkular\u0131m\u0131n ve yabanc\u0131larla ileti\u015fim i\u00e7in \u00e7evrimi\u00e7i alana y\u00f6nelik ilk isteksizli\u011fimin \u00fcstesinden gelmeme yard\u0131mc\u0131 olan g\u00fc\u00e7lendirici duygular ve deneyimler ya\u015fad\u0131m. Ba\u015fkalar\u0131n\u0131 dinleyerek, d\u00fc\u015f\u00fcncelerine ve \u00e7al\u0131\u015fmalar\u0131na geri bildirimde bulunarak onlara yard\u0131mc\u0131 olabilece\u011fimi g\u00f6rmek bana g\u00fc\u00e7 verdi. Ba\u015fkalar\u0131n\u0131n cesaretinden g\u00fc\u00e7 kazand\u0131m.<\/em><\/p>\n\n\n\n<h5 class=\"gb-headline gb-headline-68e559aa gb-headline-text\"><em>Bir kat\u0131l\u0131mc\u0131<\/em><\/h5>\n\n<\/div>\n<\/div><\/div>\n\n<div class=\"gb-grid-column gb-grid-column-19339d24\"><div class=\"gb-container gb-container-19339d24\"><\/div><\/div>\n<\/div>\n<\/div>\n<\/div>\n<\/div><div class=\"gb-container gb-container-48834ace\">\n<div class=\"gb-container gb-container-987da81c\">\n<div class=\"gb-grid-wrapper gb-grid-wrapper-76a97751\">\n<div class=\"gb-grid-column gb-grid-column-090b8335\"><div class=\"gb-container gb-container-090b8335\"><\/div><\/div>\n\n<div class=\"gb-grid-column gb-grid-column-ad49a775\"><div class=\"gb-container gb-container-ad49a775\">\n<div class=\"gb-container gb-container-e3349761\">\n<div class=\"gb-grid-wrapper gb-grid-wrapper-bc96f389\">\n<div class=\"gb-grid-column gb-grid-column-fe901279\"><div class=\"gb-container gb-container-fe901279\">\n\n<h1 class=\"gb-headline gb-headline-dd57e6a0 gb-headline-text\"><sup>&#8220;<\/sup><\/h1>\n\n<\/div><\/div>\n\n<div class=\"gb-grid-column gb-grid-column-aadca0c5\"><div class=\"gb-container gb-container-aadca0c5\">\n\n<h4 class=\"gb-headline gb-headline-929f99b1 gb-headline-text\">Off \u00dcniversitesi bana kendi ad\u0131mla tam bir ders verme f\u0131rsat\u0131 verdi.<\/h4>\n\n<\/div><\/div>\n<\/div>\n<\/div>\n\n<div class=\"gb-container gb-container-2c9ef92d\">\n\n<p style=\"font-style:normal;font-weight:500\">Doktoral\u0131 bir ara\u015ft\u0131rma g\u00f6revlisi olarak \u00fcniversiteden at\u0131ld\u0131m. Off \u00dcniversitesi bana kendi ad\u0131mla tam bir ders verme f\u0131rsat\u0131 verdi. Bu y\u00fczden Off&#8217;a minnettar\u0131m. \u00c7evrimi\u00e7i ve \u0130ngilizce olmas\u0131 a\u00e7\u0131s\u0131ndan zorlay\u0131c\u0131yd\u0131, ancak daha iyi bir e\u011fitmen olmak i\u00e7in kendimi zorlamama yard\u0131mc\u0131 oldu ve bu keyfin her zerresinden keyif ald\u0131\u011f\u0131m\u0131 s\u00f6yleyebilirim. E\u015fim de bunu do\u011fruluyor; asl\u0131nda d\u00f6nem ba\u015flad\u0131ktan sonra daha mutlu bir insan oldu\u011fumu fark eden ilk ki\u015fi oydu.<\/p>\n\n\n\n<h5 class=\"gb-headline gb-headline-a882af24 gb-headline-text\"><em>Ali Yal\u00e7\u0131n G\u00f6ymen<\/em><\/h5>\n\n\n\n<p class=\"has-text-color has-link-color wp-elements-555a3fdaa6ecac2890b03716b2174872\" style=\"color:#666666;font-size:16px;font-style:normal;font-weight:400\"><em>Off University\u2019de \u00e7evrimi\u00e7i dersler verdikten sonra <\/em><em>Off University y\u00f6netim kuruluna kat\u0131ld\u0131.<\/em> <\/p>\n\n<\/div>\n<\/div><\/div>\n<\/div>\n<\/div>\n<\/div>","protected":false},"excerpt":{"rendered":"<p>Hikayemiz S\u0131n\u0131rlar\u0131 Olmayan Bir \u00dcniversite \u00c7al\u0131\u015fmalar\u0131m\u0131z, bask\u0131ya alternatif bir yan\u0131t olarak ele\u015ftirel d\u00fc\u015f\u00fcnme, ara\u015ft\u0131rma ve e\u011fitimi te\u015fvik eden (dijital) bir &#8230; <a title=\"Hakk\u0131m\u0131zda\" class=\"read-more\" href=\"https:\/\/offuniversity.org\/tr\/about\/\" aria-label=\"Read more about Hakk\u0131m\u0131zda\">Read more<\/a><\/p>\n","protected":false},"author":1,"featured_media":0,"parent":0,"menu_order":0,"comment_status":"closed","ping_status":"closed","template":"","meta":{"footnotes":""},"class_list":{"0":"post-5108","1":"page","2":"type-page","3":"status-publish","5":"infinite-scroll-item"},"_links":{"self":[{"href":"https:\/\/offuniversity.org\/tr\/wp-json\/wp\/v2\/pages\/5108","targetHints":{"allow":["GET"]}}],"collection":[{"href":"https:\/\/offuniversity.org\/tr\/wp-json\/wp\/v2\/pages"}],"about":[{"href":"https:\/\/offuniversity.org\/tr\/wp-json\/wp\/v2\/types\/page"}],"author":[{"embeddable":true,"href":"https:\/\/offuniversity.org\/tr\/wp-json\/wp\/v2\/users\/1"}],"replies":[{"embeddable":true,"href":"https:\/\/offuniversity.org\/tr\/wp-json\/wp\/v2\/comments?post=5108"}],"version-history":[{"count":20,"href":"https:\/\/offuniversity.org\/tr\/wp-json\/wp\/v2\/pages\/5108\/revisions"}],"predecessor-version":[{"id":14541,"href":"https:\/\/offuniversity.org\/tr\/wp-json\/wp\/v2\/pages\/5108\/revisions\/14541"}],"wp:attachment":[{"href":"https:\/\/offuniversity.org\/tr\/wp-json\/wp\/v2\/media?parent=5108"}],"curies":[{"name":"wp","href":"https:\/\/api.w.org\/{rel}","templated":true}]}}