{"id":5188,"date":"2024-01-20T14:22:26","date_gmt":"2024-01-20T14:22:26","guid":{"rendered":"https:\/\/offuniversity.org\/universiteyi-yeniden-dusunmek\/"},"modified":"2024-04-05T09:35:47","modified_gmt":"2024-04-05T09:35:47","slug":"universiteyi-yeniden-dusunmek","status":"publish","type":"page","link":"https:\/\/offuniversity.org\/tr\/universiteyi-yeniden-dusunmek\/","title":{"rendered":"\u00dcniversiteyi Yeniden D\u00fc\u015f\u00fcnmek"},"content":{"rendered":"","protected":false},"excerpt":{"rendered":"","protected":false},"author":1,"featured_media":0,"parent":0,"menu_order":0,"comment_status":"closed","ping_status":"closed","template":"","meta":{"footnotes":""},"class_list":{"0":"post-5188","1":"page","2":"type-page","3":"status-publish","5":"infinite-scroll-item"},"_links":{"self":[{"href":"https:\/\/offuniversity.org\/tr\/wp-json\/wp\/v2\/pages\/5188","targetHints":{"allow":["GET"]}}],"collection":[{"href":"https:\/\/offuniversity.org\/tr\/wp-json\/wp\/v2\/pages"}],"about":[{"href":"https:\/\/offuniversity.org\/tr\/wp-json\/wp\/v2\/types\/page"}],"author":[{"embeddable":true,"href":"https:\/\/offuniversity.org\/tr\/wp-json\/wp\/v2\/users\/1"}],"replies":[{"embeddable":true,"href":"https:\/\/offuniversity.org\/tr\/wp-json\/wp\/v2\/comments?post=5188"}],"version-history":[{"count":1,"href":"https:\/\/offuniversity.org\/tr\/wp-json\/wp\/v2\/pages\/5188\/revisions"}],"predecessor-version":[{"id":5192,"href":"https:\/\/offuniversity.org\/tr\/wp-json\/wp\/v2\/pages\/5188\/revisions\/5192"}],"wp:attachment":[{"href":"https:\/\/offuniversity.org\/tr\/wp-json\/wp\/v2\/media?parent=5188"}],"curies":[{"name":"wp","href":"https:\/\/api.w.org\/{rel}","templated":true}]}}