{"id":5228,"date":"2024-01-20T14:12:47","date_gmt":"2024-01-20T14:12:47","guid":{"rendered":"https:\/\/offuniversity.org\/bizim-etkimiz\/"},"modified":"2025-11-10T14:27:50","modified_gmt":"2025-11-10T14:27:50","slug":"our-impact","status":"publish","type":"page","link":"https:\/\/offuniversity.org\/tr\/our-impact\/","title":{"rendered":"Etkimiz"},"content":{"rendered":"<div class=\"gb-container gb-container-b77e72e8\" id=\"features\">\n<div class=\"gb-container gb-container-6b469faf\">\n<div class=\"gb-grid-wrapper gb-grid-wrapper-3b248ea3\">\n<div class=\"gb-grid-column gb-grid-column-f07f8797\"><div class=\"gb-container gb-container-f07f8797\">\n\n<h1 class=\"gb-headline gb-headline-99b1deeb gb-headline-text\">Etkimiz.<\/h1>\n\n<\/div><\/div>\n\n<div class=\"gb-grid-column gb-grid-column-448dd3fe\"><div class=\"gb-container gb-container-448dd3fe\">\n<div class=\"gb-grid-wrapper gb-grid-wrapper-6e5ef146\">\n<div class=\"gb-grid-column gb-grid-column-c86488c9\"><div class=\"gb-container gb-container-c86488c9\">\n<div class=\"gb-container gb-container-2d6f3f8d\">\n\n<figure class=\"gb-block-image gb-block-image-cdc1a539\"><img loading=\"lazy\" decoding=\"async\" width=\"4321\" height=\"4321\" class=\"gb-image gb-image-cdc1a539 alignwide\" src=\"https:\/\/offuniversity.org\/wp-content\/uploads\/2024\/02\/Part_icon.png\" alt=\"kat\u0131l\u0131mc\u0131lar adresini temsil eden ve \u00fc\u00e7 eli havaya kald\u0131ran simge.\" title=\"Participants_icon\" srcset=\"https:\/\/offuniversity.org\/wp-content\/uploads\/2024\/02\/Part_icon.png 4321w, https:\/\/offuniversity.org\/wp-content\/uploads\/2024\/02\/Part_icon-300x300.png 300w, https:\/\/offuniversity.org\/wp-content\/uploads\/2024\/02\/Part_icon-1024x1024.png 1024w, https:\/\/offuniversity.org\/wp-content\/uploads\/2024\/02\/Part_icon-150x150.png 150w, https:\/\/offuniversity.org\/wp-content\/uploads\/2024\/02\/Part_icon-768x768.png 768w, https:\/\/offuniversity.org\/wp-content\/uploads\/2024\/02\/Part_icon-1536x1536.png 1536w, https:\/\/offuniversity.org\/wp-content\/uploads\/2024\/02\/Part_icon-2048x2048.png 2048w\" sizes=\"auto, (max-width: 4321px) 100vw, 4321px\" \/><\/figure>\n\n<\/div>\n\n\n<h1 class=\"gb-headline gb-headline-30d05dbf gb-headline-text\">5600+<\/h1>\n\n\n\n<h4 class=\"gb-headline gb-headline-6ded1953 gb-headline-text\">Kat\u0131l\u0131mc\u0131<\/h4>\n\n<\/div><\/div>\n\n<div class=\"gb-grid-column gb-grid-column-3e7e0bad\"><div class=\"gb-container gb-container-3e7e0bad\">\n<div class=\"gb-container gb-container-bff907e8\">\n\n<figure class=\"gb-block-image gb-block-image-1d2c4c9f\"><img loading=\"lazy\" decoding=\"async\" width=\"4321\" height=\"4321\" class=\"gb-image gb-image-1d2c4c9f alignwide\" src=\"https:\/\/offuniversity.org\/wp-content\/uploads\/2024\/02\/Inst_icon.png\" alt=\"E\u011fitmenleri temsil eden, \u00fc\u00e7 yapboz par\u00e7as\u0131n\u0131 tutan veya bunlarla oynayan bir el i\u00e7eren ikon.\" title=\"Instrustors_icon.\" srcset=\"https:\/\/offuniversity.org\/wp-content\/uploads\/2024\/02\/Inst_icon.png 4321w, https:\/\/offuniversity.org\/wp-content\/uploads\/2024\/02\/Inst_icon-300x300.png 300w, https:\/\/offuniversity.org\/wp-content\/uploads\/2024\/02\/Inst_icon-1024x1024.png 1024w, https:\/\/offuniversity.org\/wp-content\/uploads\/2024\/02\/Inst_icon-150x150.png 150w, https:\/\/offuniversity.org\/wp-content\/uploads\/2024\/02\/Inst_icon-768x768.png 768w, https:\/\/offuniversity.org\/wp-content\/uploads\/2024\/02\/Inst_icon-1536x1536.png 1536w, https:\/\/offuniversity.org\/wp-content\/uploads\/2024\/02\/Inst_icon-2048x2048.png 2048w\" sizes=\"auto, (max-width: 4321px) 100vw, 4321px\" \/><\/figure>\n\n<\/div>\n\n\n<h1 class=\"gb-headline gb-headline-5eda6c54 gb-headline-text\">269<\/h1>\n\n\n\n<h4 class=\"gb-headline gb-headline-c5e1a618 gb-headline-text\">E\u011fitmen<\/h4>\n\n<\/div><\/div>\n\n<div class=\"gb-grid-column gb-grid-column-0487c64a\"><div class=\"gb-container gb-container-0487c64a\">\n<div class=\"gb-container gb-container-d1b55790\">\n\n<figure class=\"gb-block-image gb-block-image-d5da3ace\"><img loading=\"lazy\" decoding=\"async\" width=\"4321\" height=\"4321\" class=\"gb-image gb-image-d5da3ace alignwide\" src=\"https:\/\/offuniversity.org\/wp-content\/uploads\/2024\/01\/Courses_icon_1.png\" alt=\"Bir kitap ve bilgisayar faresi simgesi. Kitap soldad\u0131r ve yatay \u00e7izgiler metni temsil etmektedir. Fare sa\u011fdad\u0131r ve \u00fczerinde kitap ile fare aras\u0131nda bir ba\u011flant\u0131 veya etkile\u015fim oldu\u011funu d\u00fc\u015f\u00fcnd\u00fcren k\u00fc\u00e7\u00fck turuncu noktalardan olu\u015fan bir yay vard\u0131r.\" title=\"Courses_icon_1\"><\/figure>\n\n<\/div>\n\n\n<h1 class=\"gb-headline gb-headline-6c0ec649 gb-headline-text\">83<\/h1>\n\n\n\n<h4 class=\"gb-headline gb-headline-f2d0278e gb-headline-text\">Dersler<\/h4>\n\n<\/div><\/div>\n\n<div class=\"gb-grid-column gb-grid-column-c88e87e7\"><div class=\"gb-container gb-container-c88e87e7\">\n<div class=\"gb-container gb-container-3b536c2a\">\n\n<figure class=\"gb-block-image gb-block-image-42e8301b\"><img loading=\"lazy\" decoding=\"async\" width=\"4321\" height=\"4321\" class=\"gb-image gb-image-42e8301b alignwide\" src=\"https:\/\/offuniversity.org\/wp-content\/uploads\/2024\/01\/Publications_icon_1.png\" alt=\"Solda metni temsil eden \u00e7izgilerle belge yer almaktad\u0131r. Megafon sa\u011fda, belgeyle \u00f6rt\u00fc\u015f\u00fcyor ve yan\u0131nda yaz\u0131l\u0131 veya sesli yay\u0131nlara i\u015faret eden k\u00fc\u00e7\u00fck turuncu noktalardan olu\u015fan bir yay var.\" title=\"Publications_icon_1\"><\/figure>\n\n<\/div>\n\n\n<h1 class=\"gb-headline gb-headline-05d8d859 gb-headline-text\">96<\/h1>\n\n\n\n<h4 class=\"gb-headline gb-headline-01e5b0d5 gb-headline-text\">Yay\u0131n<\/h4>\n\n<\/div><\/div>\n\n<div class=\"gb-grid-column gb-grid-column-ea4f0c4d\"><div class=\"gb-container gb-container-ea4f0c4d\">\n<div class=\"gb-container gb-container-105a9eec\">\n\n<figure class=\"gb-block-image gb-block-image-650a5417\"><img loading=\"lazy\" decoding=\"async\" width=\"4321\" height=\"4321\" class=\"gb-image gb-image-650a5417 alignwide\" src=\"https:\/\/offuniversity.org\/wp-content\/uploads\/2024\/02\/Fellows_icon.png\" alt=\"Birbirine ba\u011fl\u0131 d\u00f6rt el ve noktalar i\u00e7eren, dostlar\u0131 temsil eden ikon.\" title=\"Fellows_icon\" srcset=\"https:\/\/offuniversity.org\/wp-content\/uploads\/2024\/02\/Fellows_icon.png 4321w, https:\/\/offuniversity.org\/wp-content\/uploads\/2024\/02\/Fellows_icon-300x300.png 300w, https:\/\/offuniversity.org\/wp-content\/uploads\/2024\/02\/Fellows_icon-1024x1024.png 1024w, https:\/\/offuniversity.org\/wp-content\/uploads\/2024\/02\/Fellows_icon-150x150.png 150w, https:\/\/offuniversity.org\/wp-content\/uploads\/2024\/02\/Fellows_icon-768x768.png 768w, https:\/\/offuniversity.org\/wp-content\/uploads\/2024\/02\/Fellows_icon-1536x1536.png 1536w, https:\/\/offuniversity.org\/wp-content\/uploads\/2024\/02\/Fellows_icon-2048x2048.png 2048w\" sizes=\"auto, (max-width: 4321px) 100vw, 4321px\" \/><\/figure>\n\n<\/div>\n\n\n<h1 class=\"gb-headline gb-headline-0cf0ead7 gb-headline-text\">15<\/h1>\n\n\n\n<h4 class=\"gb-headline gb-headline-984d0900 gb-headline-text\">Fellow<\/h4>\n\n<\/div><\/div>\n\n<div class=\"gb-grid-column gb-grid-column-91dcd1d8\"><div class=\"gb-container gb-container-91dcd1d8\">\n<div class=\"gb-container gb-container-a0a9f9ea\">\n\n<figure class=\"gb-block-image gb-block-image-d9e31f91\"><img loading=\"lazy\" decoding=\"async\" width=\"4321\" height=\"4321\" class=\"gb-image gb-image-d9e31f91 alignwide\" src=\"https:\/\/offuniversity.org\/wp-content\/uploads\/2024\/01\/Research_icon_1.png\" alt=\"Bir belge ve b\u00fcy\u00fcte\u00e7 simgesi. Belge solda, metni g\u00f6steren \u00e7izgiler ve bir g\u00f6r\u00fcnt\u00fc veya grafi\u011fi temsil eden bir kare ile g\u00f6sterilir. B\u00fcy\u00fcte\u00e7 sa\u011fda, belgeyle k\u0131smen \u00f6rt\u00fc\u015f\u00fcyor ve yan\u0131nda inceleme veya analiz anlam\u0131na gelen k\u00fc\u00e7\u00fck turuncu noktalardan olu\u015fan bir yay bulunuyor.\" title=\"Ara\u015ft\u0131rma_ikonu_1\"><\/figure>\n\n<\/div>\n\n\n<h1 class=\"gb-headline gb-headline-0c9e8527 gb-headline-text\">5<\/h1>\n\n\n\n<h4 class=\"gb-headline gb-headline-4df62b64 gb-headline-text\">Ara\u015ft\u0131rma Projesi<\/h4>\n\n<\/div><\/div>\n<\/div>\n<\/div><\/div>\n<\/div>\n<\/div>\n<\/div><div class=\"gb-container gb-container-5b104b1a\">\n<div class=\"gb-container gb-container-ac80f92f\">\n\n<h4 class=\"gb-headline gb-headline-f095fb23 gb-headline-text\">Off University&#8217;nin \u00e7evrimi\u00e7i dersleri,&nbsp;d\u00fcnyan\u0131n d\u00f6rt bir yan\u0131nda risk alt\u0131ndaki akademisyenleri ve \u00f6\u011frencileri&nbsp;akademik \u00f6\u011frenme, \u00f6\u011fretme ve bilgi \u00fcretimine yeniden ba\u011fl\u0131yor. Yaratt\u0131\u011f\u0131m\u0131z g\u00fcvenli \u00e7evrimi\u00e7i alan, akademisyenlerin mesleklerini ve akademik ya\u015famlar\u0131n\u0131 s\u00fcrd\u00fcrmelerini sa\u011flamakla kalm\u0131yor, dersler ayn\u0131 zamanda ele\u015ftirel bilgilerine g\u00fcvenli bir \u015fekilde eri\u015fmelerini de sa\u011fl\u0131yor. K\u00fc\u00e7\u00fck gruplar halinde yo\u011fun bilgi al\u0131\u015fveri\u015finde bulunarak birlikte \u00f6\u011frenmek i\u00e7in \u00e7evrimi\u00e7i pedagojiler geli\u015ftirirken, kat\u0131l\u0131mc\u0131lar\u0131n g\u00fcvenlikleri i\u00e7in gerekti\u011finde&nbsp;tamamen anonim kalmalar\u0131n\u0131 sa\u011fl\u0131yoruz.  <\/h4>\n\n<\/div>\n<\/div><div class=\"gb-container gb-container-47c4bf84\">\n<div class=\"gb-container gb-container-6453c58d\">\n<div class=\"gb-grid-wrapper gb-grid-wrapper-f3281b31\">\n<div class=\"gb-grid-column gb-grid-column-f4f95654\"><div class=\"gb-container gb-container-f4f95654\"><\/div><\/div>\n\n<div class=\"gb-grid-column gb-grid-column-510f97d4\"><div class=\"gb-container gb-container-510f97d4\">\n<div class=\"gb-container gb-container-1981e790\">\n<div class=\"gb-grid-wrapper gb-grid-wrapper-d2cb4023\">\n<div class=\"gb-grid-column gb-grid-column-0afee8c7\"><div class=\"gb-container gb-container-0afee8c7\">\n\n<h1 class=\"gb-headline gb-headline-c19c218c gb-headline-text\"><sup>&#8220;<\/sup><\/h1>\n\n<\/div><\/div>\n\n<div class=\"gb-grid-column gb-grid-column-f002090b\"><div class=\"gb-container gb-container-f002090b\">\n\n<h4 class=\"gb-headline gb-headline-5387c670 gb-headline-text\">Akademik \u00fcretim \u00fcniversite binas\u0131n\u0131n d\u00f6rt duvar\u0131ndan kurtar\u0131labilir.&nbsp;<\/h4>\n\n<\/div><\/div>\n<\/div>\n<\/div>\n\n<div class=\"gb-container gb-container-f4fabf28\">\n\n<p style=\"font-style:normal;font-weight:500\"><em>S\u0131kl\u0131kla akademisyenlerin \u00e7evrimi\u00e7i alan\u0131 kullanma konusunda isteksiz olduklar\u0131 izlenimine kap\u0131ld\u0131m, ancak bu alan otoriterlik, d\u00fc\u015f\u00fcnce \u00f6zg\u00fcrl\u00fc\u011f\u00fc ve \u00f6zg\u00fcr akademi \u00fczerindeki s\u0131n\u0131rlamalar\u0131 m\u00fczakere etmek ve sosyal ve siyasi hareketleri \u00f6rg\u00fctlemek i\u00e7in kullan\u0131labilir. (\u00e7evrimi\u00e7i bir seminerde bir kat\u0131l\u0131mc\u0131n\u0131n sesi)<\/em><\/p>\n\n\n\n<h5 class=\"gb-headline gb-headline-e2149400 gb-headline-text\"><em>Ders kat\u0131l\u0131mc\u0131s\u0131<\/em><\/h5>\n\n<\/div>\n<\/div><\/div>\n<\/div>\n<\/div>\n<\/div><div class=\"gb-container gb-container-f919cd1b\">\n<div class=\"gb-container gb-container-40a52608\">\n<div class=\"gb-grid-wrapper gb-grid-wrapper-3c87cdc9\">\n<div class=\"gb-grid-column gb-grid-column-12124c33\"><div class=\"gb-container gb-container-12124c33\">\n<div class=\"gb-container gb-container-49c31ebd\">\n<div class=\"gb-grid-wrapper gb-grid-wrapper-8229a794\">\n<div class=\"gb-grid-column gb-grid-column-423789d2\"><div class=\"gb-container gb-container-423789d2\">\n\n<h1 class=\"gb-headline gb-headline-82eae485 gb-headline-text\"><sup>&#8220;<\/sup><\/h1>\n\n<\/div><\/div>\n\n<div class=\"gb-grid-column gb-grid-column-7f6f2d40\"><div class=\"gb-container gb-container-7f6f2d40\">\n\n<h4 class=\"gb-headline gb-headline-5063276f gb-headline-text\">E\u015fitlik\u00e7i, halka a\u00e7\u0131k bir ev.<\/h4>\n\n<\/div><\/div>\n<\/div>\n<\/div>\n\n<div class=\"gb-container gb-container-441f9466\">\n\n<p style=\"font-style:normal;font-weight:500\"><em>Diyebilirim ki Off University benim i\u00e7in e\u015fitlik\u00e7i, kamusal bir yuva haline gelmi\u015ftir.<\/em><em> g\u00fcven, karde\u015flik ve dayan\u0131\u015fma \u00fczerine kurulu ili\u015fkilerle olu\u015fan bir yuva.<\/em><\/p>\n\n\n\n<h5 class=\"gb-headline gb-headline-adc9c520 gb-headline-text\"><em>Ay\u015fe \u0130clal K\u00fc\u00e7\u00fckk\u0131rca<\/em><\/h5>\n\n\n\n<p class=\"has-text-color has-link-color wp-elements-d32ccb915d3e302ff93938f67cf537f9\" style=\"color:#666666;font-size:15px;font-style:normal;font-weight:400\"><em>2016&#8217;da T\u00fcrkiye&#8217;de Bar\u0131\u015f \u0130\u00e7in Akademisyenler taraf\u0131ndan haz\u0131rlanan <\/em><em>haz\u0131rlanan<\/em> <em>&#8220;Bu su\u00e7a ortak de\u011filiz&#8221; bildirisini imzalad\u0131\u011f\u0131 i\u00e7in Mardin \u00dcniversitesin&#8217;den<\/em> <em>tasfiye edildikten sonra Off University&#8217;de \u00fc\u00e7 \u00e7evrimi\u00e7i ders verdi.<\/em><\/p>\n\n<\/div>\n<\/div><\/div>\n\n<div class=\"gb-grid-column gb-grid-column-606d3efd\"><div class=\"gb-container gb-container-606d3efd\"><\/div><\/div>\n<\/div>\n<\/div>\n<\/div>","protected":false},"excerpt":{"rendered":"<p>Off University&#8217;nin \u00e7evrimi\u00e7i dersleri,&nbsp;d\u00fcnyan\u0131n d\u00f6rt bir yan\u0131nda risk alt\u0131ndaki akademisyenleri ve \u00f6\u011frencileri&nbsp;akademik \u00f6\u011frenme, \u00f6\u011fretme ve bilgi \u00fcretimine yeniden ba\u011fl\u0131yor. Yaratt\u0131\u011f\u0131m\u0131z &#8230; <a title=\"Etkimiz\" class=\"read-more\" href=\"https:\/\/offuniversity.org\/tr\/our-impact\/\" aria-label=\"Read more about Etkimiz\">Read more<\/a><\/p>\n","protected":false},"author":1,"featured_media":0,"parent":0,"menu_order":0,"comment_status":"closed","ping_status":"closed","template":"","meta":{"footnotes":""},"class_list":{"0":"post-5228","1":"page","2":"type-page","3":"status-publish","5":"infinite-scroll-item"},"_links":{"self":[{"href":"https:\/\/offuniversity.org\/tr\/wp-json\/wp\/v2\/pages\/5228","targetHints":{"allow":["GET"]}}],"collection":[{"href":"https:\/\/offuniversity.org\/tr\/wp-json\/wp\/v2\/pages"}],"about":[{"href":"https:\/\/offuniversity.org\/tr\/wp-json\/wp\/v2\/types\/page"}],"author":[{"embeddable":true,"href":"https:\/\/offuniversity.org\/tr\/wp-json\/wp\/v2\/users\/1"}],"replies":[{"embeddable":true,"href":"https:\/\/offuniversity.org\/tr\/wp-json\/wp\/v2\/comments?post=5228"}],"version-history":[{"count":13,"href":"https:\/\/offuniversity.org\/tr\/wp-json\/wp\/v2\/pages\/5228\/revisions"}],"predecessor-version":[{"id":14544,"href":"https:\/\/offuniversity.org\/tr\/wp-json\/wp\/v2\/pages\/5228\/revisions\/14544"}],"wp:attachment":[{"href":"https:\/\/offuniversity.org\/tr\/wp-json\/wp\/v2\/media?parent=5228"}],"curies":[{"name":"wp","href":"https:\/\/api.w.org\/{rel}","templated":true}]}}