{"id":5230,"date":"2024-01-20T14:20:36","date_gmt":"2024-01-20T14:20:36","guid":{"rendered":"https:\/\/offuniversity.org\/ortaklarimiz\/"},"modified":"2026-03-24T08:08:24","modified_gmt":"2026-03-24T08:08:24","slug":"our-partners","status":"publish","type":"page","link":"https:\/\/offuniversity.org\/tr\/our-partners\/","title":{"rendered":"Ortaklar\u0131m\u0131z"},"content":{"rendered":"<div class=\"gb-container gb-container-5217f33f\">\n<div class=\"gb-grid-wrapper gb-grid-wrapper-08649524 partners-grid\">\n<div class=\"gb-grid-column gb-grid-column-e0d53181\"><div class=\"gb-container gb-container-e0d53181\">\n<div class=\"gb-container gb-container-30b3b95e overlay\">\n\n<p class=\"gb-headline gb-headline-7bf8034c gb-headline-text\">Akademisches Netzwerk Osteuropa (AKNO), Ukrayna&#8217;daki sava\u015ftan ve Belarus ve Rusya&#8217;daki siyasi bask\u0131lardan etkilenen akademisyenlere dan\u0131\u015fmanl\u0131k ve acil yard\u0131m sa\u011flayan bir Alman derne\u011fidir. 2022&#8217;nin k\u0131\u015f d\u00f6neminde d\u00f6rt \u00e7evrimi\u00e7i semineri birlikte d\u00fczenledik. &nbsp;<\/p>\n\n<\/div>\n<\/div><\/div>\n\n<div class=\"gb-grid-column gb-grid-column-b1692a52\"><div class=\"gb-container gb-container-b1692a52\">\n<div class=\"gb-container gb-container-9d26e766 overlay\">\n\n<p class=\"gb-headline gb-headline-621712c3 gb-headline-text\">The Beirut Urban Lab Beyrut Amerikan \u00dcniversitesi&#8217;nde yer alan, i\u015f birli\u011fine dayal\u0131 ve disiplinler aras\u0131 bir ara\u015ft\u0131rma alan\u0131d\u0131r. &nbsp;<br>2025 y\u0131l\u0131nda \u201cCities at War\u201d ba\u015fl\u0131kl\u0131 seminer serisini birlikte organize ettik.<\/p>\n\n<\/div>\n<\/div><\/div>\n\n<div class=\"gb-grid-column gb-grid-column-6a164d5c\"><div class=\"gb-container gb-container-6a164d5c\">\n<div class=\"gb-container gb-container-b0ca6bb5 overlay\">\n\n<p class=\"gb-headline gb-headline-d776744f gb-headline-text\">Alice-Salomon Hochschule Off University&#8217;nin 2017&#8217;deki a\u00e7\u0131l\u0131\u015f\u0131n\u0131 ger\u00e7ekle\u015ftirmemiz i\u00e7in bize etkinlik alanlar\u0131n\u0131 a\u00e7t\u0131lar.<\/p>\n\n<\/div>\n<\/div><\/div>\n\n<div class=\"gb-grid-column gb-grid-column-38d0dd74\"><div class=\"gb-container gb-container-38d0dd74\">\n<div class=\"gb-container gb-container-a22366a4 overlay\">\n\n<p class=\"gb-headline gb-headline-648c49a8 gb-headline-text\">Bielefeld \u00dcniversitesi Tarih, Felsefe ve Teoloji Fak\u00fcltesi ile i\u015fbirli\u011fiyle 2025 yaz d\u00f6neminde \u201cHistory and Memory in Contemporary Russia\u201d dersini d\u00fczenledik.<\/p>\n\n<\/div>\n<\/div><\/div>\n\n<div class=\"gb-grid-column gb-grid-column-1c7837cb\"><div class=\"gb-container gb-container-1c7837cb\">\n<div class=\"gb-container gb-container-64d9f383 overlay\"><\/div>\n<\/div><\/div>\n\n<div class=\"gb-grid-column gb-grid-column-7dc1e8cf\"><div class=\"gb-container gb-container-7dc1e8cf partners-grid-item\">\n<div class=\"gb-container gb-container-8a834b5c overlay\">\n\n<p class=\"gb-headline gb-headline-397d3b6f gb-headline-text\">Bir devlet \u00fcniversitesi olan University of Bremen \u015fimdiye kadar yedi dersimize ev sahipli\u011fi yapt\u0131. <\/p>\n\n<\/div>\n<\/div><\/div>\n\n<div class=\"gb-grid-column gb-grid-column-99d39f06\"><div class=\"gb-container gb-container-99d39f06 partners-grid-item\">\n<div class=\"gb-container gb-container-facd498d overlay\">\n\n<p class=\"gb-headline gb-headline-782e1580 gb-headline-text\">Humboldt \u00dcniversitesi\u2019ndeki <strong><a href=\"https:\/\/ccrd-berlin.de\/\" target=\"_blank\" rel=\"noreferrer noopener\">Centre of Comparative Research on Democracy<\/a><\/strong> ile akademik Freedom Network\u2019\u00fcn bir par\u00e7as\u0131 olarak ortakla\u015fa \u00e7evrimi\u00e7i dersler d\u00fczenledik.<\/p>\n\n<\/div>\n<\/div><\/div>\n\n<div class=\"gb-grid-column gb-grid-column-61097d29\"><div class=\"gb-container gb-container-61097d29 partners-grid-item\">\n<div class=\"gb-container gb-container-9be081b5 overlay\">\n\n<p class=\"gb-headline gb-headline-31a236ab gb-headline-text\">CircleU, Avrupa&#8217;n\u0131n d\u00f6rt bir yan\u0131ndan dokuz ara\u015ft\u0131rma odakl\u0131 \u00fcniversitenin olu\u015fturdu\u011fu bir ittifakt\u0131r. HU Berlin ve UC Louvain ile birlikte \u201cCIRCLE U.-COIL \u2013 \u0130\u015fbirli\u011fine Dayal\u0131 \u00c7evrimi\u00e7i Uluslararas\u0131 \u00d6\u011frenme Yoluyla Avrupa&#8217;da \u00d6\u011fretimi Yenilik\u00e7i Hale Getirmek\u201d \u00e7a\u011fr\u0131s\u0131na ba\u015fvurduk ve \u00e7evrimi\u00e7i derslerimizden birinin dijital g\u00fcvenli\u011fini sa\u011flamak ve CircleU \u00fcyeleri i\u00e7in \u201c\u0130\u015fbirli\u011fine Dayal\u0131 \u00c7evrimi\u00e7i \u00d6\u011frenme: En \u0130yi Uygulamalar \u00c7al\u0131\u015ftay\u0131\u201d ba\u015fl\u0131kl\u0131 bir \u00e7al\u0131\u015ftay d\u00fczenlemek \u00fczere fon ald\u0131k. <\/p>\n\n<\/div>\n<\/div><\/div>\n\n<div class=\"gb-grid-column gb-grid-column-8ef7d10a\"><div class=\"gb-container gb-container-8ef7d10a partners-grid-item\">\n<div class=\"gb-container gb-container-7b75fa74 overlay\">\n\n<p class=\"gb-headline gb-headline-5ba3d061 gb-headline-text\">Diyarbak\u0131r K\u00fclt\u00fcr ve Tabiat Varl\u0131klar\u0131 Koruma Derne\u011fi (DKVD), \u015fehrin somut ve soyut k\u00fclt\u00fcr ve do\u011fal varl\u0131klar\u0131n\u0131 korumay\u0131, belgelemeyi, tan\u0131tmay\u0131 ve gelecek nesillere aktarmay\u0131 ama\u00e7lamaktad\u0131r. 2025 y\u0131l\u0131nda \u201cCities at War\u201d ba\u015fl\u0131kl\u0131 seminer serisi birlikte d\u00fcznledik. <\/p>\n\n<\/div>\n<\/div><\/div>\n\n<div class=\"gb-grid-column gb-grid-column-6793e126\"><div class=\"gb-container gb-container-6793e126 partners-grid-item\">\n<div class=\"gb-container gb-container-fc5c58e3 overlay\">\n\n<p class=\"gb-headline gb-headline-8912c364 gb-headline-text\">The Elisabeth-Selbert-Initiative (ESI) ev sahibi kurumlar\u0131 ve tehdit alt\u0131ndaki insan haklar\u0131 savunucular\u0131n\u0131 ge\u00e7ici bir yer de\u011fi\u015ftirme i\u00e7in bir araya getiriyor. Off University&#8217;de alt\u0131 ayl\u0131\u011f\u0131na iki bursiyere ev sahipli\u011fi yapt\u0131k.<\/p>\n\n<\/div>\n<\/div><\/div>\n\n<div class=\"gb-grid-column gb-grid-column-3f4b3f80\"><div class=\"gb-container gb-container-3f4b3f80 partners-grid-item\">\n<div class=\"gb-container gb-container-167792d5 overlay\">\n\n<p class=\"gb-headline gb-headline-f8fee2e5 gb-headline-text\">Frankfurt\/Oder kentindeki bu devlet \u00fcniversitesi, &#8220;T\u00fcrkiye&#8217;de Toplumsal Cinsiyet \u00c7al\u0131\u015fmalar\u0131&#8221; ba\u015fl\u0131kl\u0131 T\u00fcrk\u00e7e \u00e7evrimi\u00e7i dersimize ev sahipli\u011fi yapt\u0131.<\/p>\n\n<\/div>\n<\/div><\/div>\n\n<div class=\"gb-grid-column gb-grid-column-04aa10c3\"><div class=\"gb-container gb-container-04aa10c3 partners-grid-item\">\n<div class=\"gb-container gb-container-a7595fd5 overlay\">\n\n<p class=\"gb-headline gb-headline-ceb6755e gb-headline-text\">Federal E\u011fitim ve Ara\u015ft\u0131rma Bakanl\u0131\u011f\u0131, 2024 y\u0131l\u0131n\u0131 \u201c\u00d6zg\u00fcrl\u00fck\u201d Bilim Y\u0131l\u0131 ilan etti. <a href=\"https:\/\/offuniversity.org\/tr\/freedom-of-research\/\" data-type=\"link\" data-id=\"https:\/\/offuniversity.org\/freedom-of-research\/\" target=\"_blank\" rel=\"noreferrer noopener\">Acilen Aran\u0131yor: Ara\u015ft\u0131rma ve \u00d6\u011frenim \u00d6zg\u00fcrl\u00fc\u011f\u00fc<\/a> ba\u015fl\u0131kl\u0131 katk\u0131m\u0131zda, Yeni Berlinlilerin akademik \u00f6zg\u00fcrl\u00fck, mesleki e\u011fitim ve y\u00fcksek \u00f6\u011frenim konusundaki beklentileri konusunda bir sanat ara\u015ft\u0131rmas\u0131 yapt\u0131k <\/p>\n\n<\/div>\n<\/div><\/div>\n\n<div class=\"gb-grid-column gb-grid-column-25b52129\"><div class=\"gb-container gb-container-25b52129 partners-grid-item\">\n<div class=\"gb-container gb-container-66508e66 overlay\">\n\n<p class=\"gb-headline gb-headline-7fd59a07 gb-headline-text\"><strong><a href=\"https:\/\/www.fu-berlin.de\/en\/index.html\" target=\"_blank\" rel=\"noreferrer noopener\"><strong>Freie Universitat Berlin<\/strong> <\/a><\/strong>Berlin&#8217;deki devlet \u00fcniversitelerinden biridir. 2020&#8217;de&nbsp; Akademik \u00d6zg\u00fcrl\u00fck A\u011f\u0131&#8217;n\u0131n bir par\u00e7as\u0131yd\u0131k.  &nbsp;<\/p>\n\n<\/div>\n<\/div><\/div>\n\n<div class=\"gb-grid-column gb-grid-column-b41859d4\"><div class=\"gb-container gb-container-b41859d4 partners-grid-item\">\n<div class=\"gb-container gb-container-3a39e073 overlay\">\n\n<p class=\"gb-headline gb-headline-7a9aa25f gb-headline-text\"><a href=\"https:\/\/www.hu-berlin.de\/\" data-type=\"link\" data-id=\"https:\/\/www.hu-berlin.de\/\" target=\"_blank\" rel=\"noreferrer noopener\">Humboldt-Universit\u00e4t<\/a> ev sahipli\u011finde 16 \u00e7evrimi\u00e7i ders d\u00fczenledik. Off University, Berlin University Alliance ile birlikte RePLITO \u2013 Global Repertoires of Living Together adl\u0131 bir ara\u015ft\u0131rmaya destek verdi.  2020&#8217;de Academic Freedom Network&#8217;\u00fcn bir par\u00e7as\u0131yd\u0131k.<\/p>\n\n<\/div>\n<\/div><\/div>\n\n<div class=\"gb-grid-column gb-grid-column-a8b0910b\"><div class=\"gb-container gb-container-a8b0910b partners-grid-item\">\n<div class=\"gb-container gb-container-e3e97ea9 overlay\">\n\n<p class=\"gb-headline gb-headline-2a857364 gb-headline-text\">Alexander von Humboldt Vakf\u0131&#8217;n\u0131n Philipp Schwartz Initiative&#8217;i, risk alt\u0131ndaki ara\u015ft\u0131rmac\u0131lar\u0131 Alman \u00fcniversitelerinde burslarla destekliyor. Giri\u015fimle i\u015fbirli\u011fi i\u00e7inde, PSI bursiyerleri ve uzaktaki meslekta\u015flar\u0131 aras\u0131nda ortak \u00e7evrimi\u00e7i dersler d\u00fczenledik. &nbsp;<\/p>\n\n<\/div>\n<\/div><\/div>\n\n<div class=\"gb-grid-column gb-grid-column-d61a7799\"><div class=\"gb-container gb-container-d61a7799\">\n<div class=\"gb-container gb-container-6681d5e9 overlay\">\n\n<p class=\"gb-headline gb-headline-160ab5c9 gb-headline-text\"><strong><a href=\"https:\/\/www.uni-kassel.de\/forschung\/icdd\/international-center-for-development-and-decent-work-icdd\" data-type=\"link\" data-id=\"https:\/\/www.uni-kassel.de\/forschung\/icdd\/international-center-for-development-and-decent-work-icdd\" target=\"_blank\" rel=\"noreferrer noopener\">Centre for Development and Decent Work<\/a><\/strong> ile birlikte, Politik Ekonomi \u00fczerine \u00fc\u00e7 \u00e7evrimi\u00e7i ders ve gelece\u011fin \u00fcniversitesinin rol\u00fc \u00fczerine bir ders d\u00fczenledik.<\/p>\n\n<\/div>\n<\/div><\/div>\n\n<div class=\"gb-grid-column gb-grid-column-ba3f1d27\"><div class=\"gb-container gb-container-ba3f1d27\">\n<div class=\"gb-container gb-container-35b1288c overlay\">\n\n<p class=\"gb-headline gb-headline-2b649e85 gb-headline-text\">M\u00fclteci \u00f6\u011frencilerle birlikte &#8220;Direni\u015f Olarak Hikaye Anlat\u0131m\u0131&#8221; konulu \u00e7evrimi\u00e7i bir ders ve at\u00f6lye \u00e7al\u0131\u015fmas\u0131n\u0131 Lesvos&#8217;taki Mosaik Support Center&#8217;la birlikte d\u00fczenledik.<\/p>\n\n<\/div>\n<\/div><\/div>\n\n<div class=\"gb-grid-column gb-grid-column-a65f2c44\"><div class=\"gb-container gb-container-a65f2c44\">\n<div class=\"gb-container gb-container-80917062 overlay\">\n\n<p class=\"gb-headline gb-headline-4f619810 gb-headline-text\"><strong><a href=\"https:\/\/www.lmu.de\/en\/\" target=\"_blank\" rel=\"noreferrer noopener\">M\u00fcnih Ludwig Maximilians \u00dcniversitesi <\/a><\/strong>Yak\u0131n ve Orta Do\u011fu Enstit\u00fcs\u00fc, Sosyoloji Enstit\u00fcs\u00fc ve Sosyal ve K\u00fclt\u00fcrel Antropoloji Enstit\u00fcs\u00fc 11 \u00e7evrimi\u00e7i derse ev sahipli\u011fi yapt\u0131.<\/p>\n\n<\/div>\n<\/div><\/div>\n\n<div class=\"gb-grid-column gb-grid-column-b65f2480\"><div class=\"gb-container gb-container-b65f2480\">\n<div class=\"gb-container gb-container-da0501b2 overlay\">\n\n<p class=\"gb-headline gb-headline-1c3d69e5 gb-headline-text\">Institut f\u00fcr Auslandsbeziehungen (ifa) ve Goethe-Institut&#8217;un ortak giri\u015fimi olan Martin Roth-Initiative&#8217;in amac\u0131&nbsp;sanat\u00e7\u0131lar\u0131 ve k\u00fclt\u00fcrel akt\u00f6rleri ge\u00e7ici olarak yer de\u011fi\u015ftirmelerini sa\u011flayarak korumak ve \u00e7al\u0131\u015fmalar\u0131na devam etmelerine olanak tan\u0131makt\u0131r. \u015eu anda be\u015finci bursiyere ev sahipli\u011fi yap\u0131yoruz. <\/p>\n\n<\/div>\n<\/div><\/div>\n\n<div class=\"gb-grid-column gb-grid-column-1baa4a8e\"><div class=\"gb-container gb-container-1baa4a8e\">\n<div class=\"gb-container gb-container-c4715d23 overlay\">\n\n<p class=\"gb-headline gb-headline-93c2c16e gb-headline-text\"><a href=\"https:\/\/www.memorystudiesassociation.org\/\" data-type=\"link\" data-id=\"https:\/\/www.memorystudiesassociation.org\/\" target=\"_blank\" rel=\"noreferrer noopener\"><strong>Haf\u0131za \u00c7al\u0131\u015fmalar\u0131 Derne\u011fi (MSA)<\/strong><\/a>, m\u00fczeler, haf\u0131za kurumlar\u0131, ar\u015fivler, sanat ve ge\u00e7mi\u015fin hat\u0131rlanmas\u0131yla ilgili di\u011fer alanlarda \u00e7al\u0131\u015fan akademisyen ve uygulay\u0131c\u0131lardan olu\u015fan profesyonel bir dernektir. <strong><a href=\"https:\/\/www.memorystudiesassociation.org\/msa-fellowship-memory-scholars-at-risk-last-call\/\" target=\"_blank\" data-type=\"link\" data-id=\"https:\/\/www.memorystudiesassociation.org\/msa-fellowship-memory-scholars-at-risk-last-call\/\" rel=\"noreferrer noopener\">MSA Risk Alt\u0131ndaki Akademisyenler Bursu<\/a><\/strong>, d\u00fcnya \u00e7ap\u0131nda ev sahibi kurumlarda akademik yerle\u015ftirmeler d\u00fczenler ve hayatlar\u0131 ve kariyerleri risk alt\u0131nda olan bellek akademisyenlerine finansal destek sa\u011flar.<\/p>\n\n<\/div>\n<\/div><\/div>\n\n<div class=\"gb-grid-column gb-grid-column-7e5ac534\"><div class=\"gb-container gb-container-7e5ac534\">\n<div class=\"gb-container gb-container-09a9f804 overlay\">\n\n<p class=\"gb-headline gb-headline-464e06fa gb-headline-text\">M\u00fclteci \u00f6\u011frencilerle birlikte &#8220;Direni\u015f Olarak Hikaye Anlat\u0131m\u0131&#8221; konulu \u00e7evrimi\u00e7i bir ders ve at\u00f6lye \u00e7al\u0131\u015fmas\u0131n\u0131 Lesvos&#8217;taki <strong><a href=\"https:\/\/www.lesvossolidarity.org\/en\/what-we-do\/mosaik-support-center\" data-type=\"link\" data-id=\"https:\/\/www.lesvossolidarity.org\/en\/what-we-do\/mosaik-support-center\" target=\"_blank\" rel=\"noreferrer noopener\">Mosaik Support Centre<\/a><\/strong>&#8216;la birlikte d\u00fczenledik.<\/p>\n\n<\/div>\n<\/div><\/div>\n\n<div class=\"gb-grid-column gb-grid-column-790d02fd\"><div class=\"gb-container gb-container-790d02fd\">\n<div class=\"gb-container gb-container-1bbddfe4 overlay\">\n\n<p class=\"gb-headline gb-headline-d14edc8d gb-headline-text\"><strong><a href=\"https:\/\/newuniversityinexileconsortium.org\/\" data-type=\"link\" data-id=\"https:\/\/newuniversityinexileconsortium.org\/\" target=\"_blank\" rel=\"noreferrer noopener\">The New University in Exile Consortium<\/a><\/strong> s\u00fcrg\u00fcndeki akademisyenlere ev sahipli\u011fi yapan 66 y\u00fcksekokul ve \u00fcniversiteden olu\u015fan k\u00fcresel bir a\u011fd\u0131r. S\u00fcrg\u00fcndeki bir Konsorsiyum akademisyeni ve&nbsp; \u00fclkelerinde mahsur kalan bir meslekta\u015f\u0131m\u0131z taraf\u0131ndan ortakla\u015fa y\u00f6netilen 15 \u00e7evrimi\u00e7i ders d\u00fczenledik. <\/p>\n\n<\/div>\n<\/div><\/div>\n\n<div class=\"gb-grid-column gb-grid-column-57e1b247\"><div class=\"gb-container gb-container-57e1b247\">\n<div class=\"gb-container gb-container-dd3ea6e7 overlay\">\n\n<p class=\"gb-headline gb-headline-1dec21dc gb-headline-text\"><strong><a href=\"https:\/\/www.imis.uni-osnabrueck.de\/startseite.html\" data-type=\"link\" data-id=\"https:\/\/www.imis.uni-osnabrueck.de\/startseite.html\" target=\"_blank\" rel=\"noreferrer noopener\">Osnabr\u00fcck \u00dcniversitesi G\u00f6\u00e7 Ara\u015ft\u0131rmalar\u0131 ve K\u00fclt\u00fcrleraras\u0131 \u00c7al\u0131\u015fmalar Enstit\u00fcs\u00fc <\/a><\/strong>ile 2018&#8217;de bir konferans dizisi ve iki \u00e7evrimi\u00e7i ders d\u00fczenledik.<\/p>\n\n<\/div>\n<\/div><\/div>\n\n<div class=\"gb-grid-column gb-grid-column-600499d0\"><div class=\"gb-container gb-container-600499d0\">\n<div class=\"gb-container gb-container-331662ae overlay\">\n\n<p class=\"gb-headline gb-headline-99630e92 gb-headline-text\"><strong><a href=\"https:\/\/www.uni-potsdam.de\/en\/university-of-potsdam\" data-type=\"link\" data-id=\"https:\/\/www.uni-potsdam.de\/en\/university-of-potsdam\" target=\"_blank\" rel=\"noreferrer noopener\">Potsdam \u00dcniversitesi<\/a><\/strong> 2018&#8217;de d\u00fczenledi\u011fimiz \u00e7evrimi\u00e7i bir dersi akredite eden ilk kurum oldu. O zamandan beri \u00e7e\u015fitli enstit\u00fc ve b\u00f6l\u00fcmlerle sekiz \u00e7evrimi\u00e7i ders d\u00fczenledik. &nbsp;<\/p>\n\n<\/div>\n<\/div><\/div>\n\n<div class=\"gb-grid-column gb-grid-column-c6f51c13\"><div class=\"gb-container gb-container-c6f51c13\">\n<div class=\"gb-container gb-container-209beb2c overlay\">\n\n<p class=\"gb-headline gb-headline-5be158ea gb-headline-text\"><strong><a href=\"https:\/\/www.uni-marburg.de\/en\/conflict-studies\" data-type=\"link\" data-id=\"https:\/\/www.uni-marburg.de\/en\/conflict-studies\" target=\"_blank\" rel=\"noreferrer noopener\">Marburg Philipps \u00dcniversitesi \u00c7at\u0131\u015fma \u00c7al\u0131\u015fmalar\u0131 Merkezi<\/a><\/strong> d\u00f6rt \u00e7evrimi\u00e7i dersimize ev sahipli\u011fi yapt\u0131.<\/p>\n\n<\/div>\n<\/div><\/div>\n\n<div class=\"gb-grid-column gb-grid-column-a448d683\"><div class=\"gb-container gb-container-a448d683\">\n<div class=\"gb-container gb-container-07c7e18e overlay\">\n\n<p class=\"gb-headline gb-headline-d1c1fe10 gb-headline-text\">&nbsp;&#8220;Beyond Social Cohesion: Global Repertoires of Living Together&#8221; (RePLITO)&nbsp;, Berlin University Alliance&#8217;\u0131n par\u00e7as\u0131 olan bir&nbsp;ke\u015fif projesidir. &nbsp;Birlikte ya\u015faman\u0131n k\u00fcresel repertuarlar\u0131n\u0131 bir araya getiren ve kavramsalla\u015ft\u0131ran dinamik ve kolay eri\u015filebilir bir&nbsp;Dijital Bilgi Ar\u015fivi&#8217;ni &nbsp;birlikte olu\u015fturuyoruz. <strong><a href=\"http:\/\/replito.de\" data-type=\"link\" data-id=\"replito.de\" target=\"_blank\" rel=\"noreferrer noopener\">replito.de&nbsp;<\/a><\/strong><\/p>\n\n<\/div>\n<\/div><\/div>\n\n<div class=\"gb-grid-column gb-grid-column-5e70d37d\"><div class=\"gb-container gb-container-5e70d37d\">\n<div class=\"gb-container gb-container-74424241 overlay\">\n\n<p class=\"gb-headline gb-headline-c2b5dc6c gb-headline-text\">2025&#8217;teki \u201cCities at War\u201d seminer serisindeki ortaklar\u0131m\u0131zdan biri de Rojava \u00dcniversitesi&#8217;ydi. <\/p>\n\n<\/div>\n<\/div><\/div>\n\n<div class=\"gb-grid-column gb-grid-column-6b37f7b2\"><div class=\"gb-container gb-container-6b37f7b2\">\n<div class=\"gb-container gb-container-4df249e9 overlay\">\n\n<p class=\"gb-headline gb-headline-4eec2920 gb-headline-text\"><strong><a href=\"https:\/\/www.rosalux.de\/en\/\" data-type=\"link\" data-id=\"https:\/\/www.rosalux.de\/en\/\" target=\"_blank\" rel=\"noreferrer noopener\">Rosa Luxemburg Foundation<\/a><\/strong>Alman &#8220;Die Linke&#8221; partisine ba\u011fl\u0131 bir siyasi parti vakf\u0131d\u0131r. 2017 y\u0131l\u0131nda vakf\u0131n sa\u011flad\u0131\u011f\u0131 ilk destek Off University&#8217;i kurmam\u0131za \u00f6n ayak oldu. O zamandan bu yana onlarca ders d\u00fczenledik ve son zamanlarda T\u00fcrkiye&#8217;deki bar\u0131\u015f in\u015fa s\u00fcre\u00e7leri alan\u0131nda \u00e7al\u0131\u015fmalar yapt\u0131k. &nbsp;<\/p>\n\n<\/div>\n<\/div><\/div>\n\n<div class=\"gb-grid-column gb-grid-column-2cb11f9d\"><div class=\"gb-container gb-container-2cb11f9d\">\n<div class=\"gb-container gb-container-60838bf5 overlay\">\n\n<p class=\"gb-headline gb-headline-7e391ab5 gb-headline-text\"><strong><a href=\"https:\/\/habitat-unit.de\/en\/about\/\" target=\"_blank\" rel=\"noreferrer noopener\">Technische Universit\u00e4t Berlin&#8217;deki Habitat Unit <\/a><\/strong> ile birlikte Kent \u00c7al\u0131\u015fmalar\u0131 alan\u0131nda iki \u00e7evrimi\u00e7i ders d\u00fczenledik.<\/p>\n\n<\/div>\n<\/div><\/div>\n\n<div class=\"gb-grid-column gb-grid-column-58cc0bb0\"><div class=\"gb-container gb-container-58cc0bb0\">\n<div class=\"gb-container gb-container-661c5d3c overlay\">\n\n<p class=\"gb-headline gb-headline-e523b9d8 gb-headline-text\"><strong><a href=\"https:\/\/neweurope.university\/\" target=\"_blank\" rel=\"noreferrer noopener\">University of New Europe<\/a><\/strong> ile birlikte 2022&#8217;deki \u201cRethinking War, the Military and Gender Through the Russian War on Ukraine (Rusya&#8217;n\u0131n Ukrayna Sava\u015f\u0131 \u00dczerinden Sava\u015f, Ordu ve Toplumsal Cinsiyeti Yeniden D\u00fc\u015f\u00fcnmek) ba\u015fl\u0131kl\u0131 \u00e7evrimi\u00e7i konferans serisinin organize ettik.<\/p>\n\n<\/div>\n<\/div><\/div>\n\n<div class=\"gb-grid-column gb-grid-column-30e6ec04\"><div class=\"gb-container gb-container-30e6ec04\">\n<div class=\"gb-container gb-container-3f3d02c7 overlay\">\n\n<p class=\"gb-headline gb-headline-4e45fa8a gb-headline-text\"><strong><a href=\"https:\/\/www.urbanstudiesfoundation.org\" data-type=\"link\" data-id=\"https:\/\/www.urbanstudiesfoundation.org\" target=\"_blank\" rel=\"noreferrer noopener\">Urban Studies Foundation<\/a><\/strong> &#8216;dan ald\u0131\u011f\u0131m\u0131z \u00f6d\u00fcl sayesinde sava\u015f alt\u0131ndaki kentlerden 16 akademisyenle birlikte &#8220;Cities at War\u201c seminer serisini hayata ge\u00e7irdik.<\/p>\n\n<\/div>\n<\/div><\/div>\n\n<div class=\"gb-grid-column gb-grid-column-91e7f16f\"><div class=\"gb-container gb-container-91e7f16f\">\n<div class=\"gb-container gb-container-5ad867c3 overlay\">\n\n<p class=\"gb-headline gb-headline-152b9116 gb-headline-text\">VAHA&nbsp;<a href=\"https:\/\/www.anadolukultur.org\/EN\/33-about-us\/\" target=\"_blank\" rel=\"noreferrer noopener\">Anadolu K\u00fclt\u00fcr<\/a> ve <a href=\"https:\/\/zusaculture.org\/about-zusa\/\" target=\"_blank\" rel=\"noreferrer noopener\">zusa&#8217;<\/a>n\u0131n bir giri\u015fimi olup, <a href=\"https:\/\/www.stiftung-mercator.de\/en\/who-we-are\/\" target=\"_blank\" rel=\"noreferrer noopener\">Stiftung Mercator<\/a> ve <a href=\"https:\/\/culturalfoundation.eu\/about\/\" target=\"_blank\" rel=\"noreferrer noopener\">European Cultural Foundation<\/a> taraf\u0131ndan finanse edilmektedir. Onlar\u0131n deste\u011fiyle, Mezopotamya Vakf\u0131, Orta Do\u011fu Sinema Akademisi Derne\u011fi ve Amed \u015eehir Tiyatrosu ile &#8220;K\u00fcrt Kad\u0131nlar\u0131n\u0131n Berlin Yolculu\u011fu&#8221; projesinde i\u015f birli\u011fi yapt\u0131k. <\/p>\n\n<\/div>\n<\/div><\/div>\n\n<div class=\"gb-grid-column gb-grid-column-7e9a4907\"><div class=\"gb-container gb-container-7e9a4907\">\n<div class=\"gb-container gb-container-089f277f overlay\"><\/div>\n<\/div><\/div>\n\n<div class=\"gb-grid-column gb-grid-column-def23d31\"><div class=\"gb-container gb-container-def23d31\">\n<div class=\"gb-container gb-container-190a746a overlay\"><\/div>\n<\/div><\/div>\n<\/div>\n<\/div>","protected":false},"excerpt":{"rendered":"","protected":false},"author":1,"featured_media":6014,"parent":0,"menu_order":0,"comment_status":"closed","ping_status":"closed","template":"","meta":{"footnotes":""},"class_list":{"0":"post-5230","1":"page","2":"type-page","3":"status-publish","4":"has-post-thumbnail","6":"infinite-scroll-item"},"_links":{"self":[{"href":"https:\/\/offuniversity.org\/tr\/wp-json\/wp\/v2\/pages\/5230","targetHints":{"allow":["GET"]}}],"collection":[{"href":"https:\/\/offuniversity.org\/tr\/wp-json\/wp\/v2\/pages"}],"about":[{"href":"https:\/\/offuniversity.org\/tr\/wp-json\/wp\/v2\/types\/page"}],"author":[{"embeddable":true,"href":"https:\/\/offuniversity.org\/tr\/wp-json\/wp\/v2\/users\/1"}],"replies":[{"embeddable":true,"href":"https:\/\/offuniversity.org\/tr\/wp-json\/wp\/v2\/comments?post=5230"}],"version-history":[{"count":33,"href":"https:\/\/offuniversity.org\/tr\/wp-json\/wp\/v2\/pages\/5230\/revisions"}],"predecessor-version":[{"id":15806,"href":"https:\/\/offuniversity.org\/tr\/wp-json\/wp\/v2\/pages\/5230\/revisions\/15806"}],"wp:featuredmedia":[{"embeddable":true,"href":"https:\/\/offuniversity.org\/tr\/wp-json\/wp\/v2\/media\/6014"}],"wp:attachment":[{"href":"https:\/\/offuniversity.org\/tr\/wp-json\/wp\/v2\/media?parent=5230"}],"curies":[{"name":"wp","href":"https:\/\/api.w.org\/{rel}","templated":true}]}}