{"id":5793,"date":"2024-01-20T13:15:27","date_gmt":"2024-01-20T13:15:27","guid":{"rendered":"https:\/\/offuniversity.org\/arastirma\/"},"modified":"2024-12-09T10:35:41","modified_gmt":"2024-12-09T10:35:41","slug":"research","status":"publish","type":"page","link":"https:\/\/offuniversity.org\/tr\/research\/","title":{"rendered":"Ara\u015ft\u0131rma"},"content":{"rendered":"<div class=\"gb-container gb-container-efce50d9\">\n<div class=\"gb-container gb-container-b83d4d5a\">\n\n<figure class=\"gb-block-image gb-block-image-8d71a163\"><img loading=\"lazy\" decoding=\"async\" width=\"2560\" height=\"793\" class=\"gb-image gb-image-8d71a163\" src=\"https:\/\/offuniversity.org\/wp-content\/uploads\/2024\/03\/Research-scaled.jpg\" alt=\"Sar\u0131 bir fosforlu kalem tutan ve bir belge \u00fczerinde metin i\u015faretleyen bir ki\u015finin el \u00e7izimi. Belgede sar\u0131, mor ve mavi renklerde bir \u00e7ubuk grafik de dahil olmak \u00fczere \u00e7e\u015fitli grafikler ve ek a\u00e7\u0131klamalar bulunmaktad\u0131r. Ki\u015finin kolunda mor kollu bir k\u0131yafet ve bile\u011finde alt\u0131n rengi bir bilezik var. Metnin bir k\u0131sm\u0131 vurgulanm\u0131\u015f \u00e7izgiler ve dairelerle belirtilmi\u015ftir.\" title=\"Ara\u015ft\u0131rma\" srcset=\"https:\/\/offuniversity.org\/wp-content\/uploads\/2024\/03\/Research-scaled.jpg 2560w, https:\/\/offuniversity.org\/wp-content\/uploads\/2024\/03\/Research-300x93.jpg 300w, https:\/\/offuniversity.org\/wp-content\/uploads\/2024\/03\/Research-1024x317.jpg 1024w, https:\/\/offuniversity.org\/wp-content\/uploads\/2024\/03\/Research-768x238.jpg 768w, https:\/\/offuniversity.org\/wp-content\/uploads\/2024\/03\/Research-1536x476.jpg 1536w, https:\/\/offuniversity.org\/wp-content\/uploads\/2024\/03\/Research-2048x635.jpg 2048w\" sizes=\"auto, (max-width: 2560px) 100vw, 2560px\" \/><\/figure>\n\n<\/div>\n<\/div>\n\n<section class=\"gb-container gb-container-48873ec1\">\n<div class=\"gb-container gb-container-077ffc1f\">\n\n<h2 class=\"gb-headline gb-headline-bd490912 gb-headline-text\">Off University&#8217;de Ara\u015ft\u0131rma<\/h2>\n\n\n\n<p>Off University&#8217;de ara\u015ft\u0131rmalar\u0131m\u0131z temel olarak ele\u015ftirel bar\u0131\u015f \u00e7al\u0131\u015fmalar\u0131, toplumsal cinsiyet \u00e7al\u0131\u015fmalar\u0131 ve akademik \u00f6zg\u00fcrl\u00fck konular\u0131na odaklanmaktad\u0131r. \u00dcniversitelerin toplumdaki rol\u00fcn\u00fc yeniden d\u00fc\u015f\u00fcnmeyi ve yeniden tan\u0131mlamay\u0131 ama\u00e7l\u0131yoruz. Geleneksel akademik normlara meydan okuyan ve \u00f6zg\u00fcrle\u015ftirici e\u011fitimi te\u015fvik eden disiplinler aras\u0131 projeleri destekliyoruz. Ayr\u0131ca sanat\u0131 bilimsel ara\u015ft\u0131rma ve bilgi \u00fcretiminin bir arac\u0131 olarak destekliyor ve yay\u0131n platformumuz arac\u0131l\u0131\u011f\u0131yla ara\u015ft\u0131rmalar\u0131n yayg\u0131nla\u015ft\u0131r\u0131lmas\u0131n\u0131 kolayla\u015ft\u0131r\u0131yoruz.   <\/p>\n\n<\/div>\n<\/section>\n\n<div class=\"gb-container gb-container-2f665b7a\">\n\n<h1 class=\"gb-headline gb-headline-352c8795 gb-headline-text\">Devam Eden Ara\u015ft\u0131rmalar\u0131m\u0131z<\/h1>\n\n\n<div class=\"gb-container gb-container-a4e94208 gbp-section\">\n<div class=\"gb-container gb-container-bb82407b\">\n<div class=\"gb-grid-wrapper gb-grid-wrapper-de47f944\">\n<div class=\"gb-grid-column gb-grid-column-087878bb\"><div class=\"gb-container gb-container-087878bb\">\n\n<figure class=\"gb-block-image gb-block-image-a26e2a86\"><img loading=\"lazy\" decoding=\"async\" width=\"1609\" height=\"1099\" class=\"gb-image gb-image-a26e2a86\" src=\"https:\/\/offuniversity.org\/wp-content\/uploads\/2024\/05\/WJ-image.jpg\" alt=\"Film \u015feridini and\u0131ran kuyru\u011fuyla u\u00e7an pembe bir u\u00e7urtma ill\u00fcstrasyonu. U\u00e7urtman\u0131n ipi, hareketi veya bir sinyal iletimini g\u00f6steren dalgal\u0131 \u00e7izgilerle tasvir edilmi\u015ftir.\" title=\"WJ-image\" srcset=\"https:\/\/offuniversity.org\/wp-content\/uploads\/2024\/05\/WJ-image.jpg 1609w, https:\/\/offuniversity.org\/wp-content\/uploads\/2024\/05\/WJ-image-300x205.jpg 300w, https:\/\/offuniversity.org\/wp-content\/uploads\/2024\/05\/WJ-image-1024x699.jpg 1024w, https:\/\/offuniversity.org\/wp-content\/uploads\/2024\/05\/WJ-image-768x525.jpg 768w, https:\/\/offuniversity.org\/wp-content\/uploads\/2024\/05\/WJ-image-1536x1049.jpg 1536w\" sizes=\"auto, (max-width: 1609px) 100vw, 1609px\" \/><\/figure>\n\n\n\n<h3 class=\"gb-headline gb-headline-a4f201f2 gb-headline-text gbp-section__headline\">Acil Aran\u0131yor:<br>Ara\u015ft\u0131rma ve<br>\u00d6\u011frenme \u00d6zg\u00fcrl\u00fc\u011f\u00fc<\/h3>\n\n\n\n<div class=\"gb-headline gb-headline-f3a46bff gb-headline-text gbp-section__text\">Ara\u015ft\u0131rmam\u0131zla, siyasi bask\u0131 ve ayr\u0131mc\u0131l\u0131\u011fa maruz kalm\u0131\u015f Yeni-Berlinlilerin \u201c\u00f6zg\u00fcrl\u00fck\u201d tahayy\u00fcllerini ve beklentilerini ke\u015ffetmek istiyoruz. G\u00f6\u00e7menlik deneyimi olan sanat\u00e7\u0131-e\u011fitimcilerle&nbsp; i\u015fbirli\u011fi yaparak, 15 kat\u0131l\u0131mc\u0131dan olu\u015fan iki k\u00fcme, \u00f6zg\u00fcrl\u00fck tan\u0131mlar\u0131n\u0131 ve beklentilerini belgeleyen bir video ve bir radyo oyunu haz\u0131rlayacak. \u00d6zg\u00fcr ve eri\u015filebilir e\u011fitimin de\u011feri \u00fczerine tart\u0131\u015fmalar\u0131 tetiklemek i\u00e7in bu sanatsal \u00fcretim \u00e7\u0131kt\u0131lar\u0131n\u0131 kapsaml\u0131 bir \u015fekilde payla\u015faca\u011f\u0131z.   <\/div>\n\n\n\n<p class=\"gb-headline gb-headline-19ea6538 gb-headline-text gbp-section__text\"><em>Bu proje Alman E\u011fitim ve Ara\u015ft\u0131rma Bakanl\u0131\u011f\u0131 (BMBF) taraf\u0131ndan desteklenmektedir.<\/em>.<\/p>\n\n\n\n<a class=\"gb-button gb-button-1f317d1d\" href=\"en\/freedom-of-research\/\" target=\"_blank\" rel=\"nofollow noopener noreferrer\"><span class=\"gb-button-text\"><em>Daha fazla<\/em><\/span><span class=\"gb-icon\"><svg xmlns=\"http:\/\/www.w3.org\/2000\/svg\" aria-hidden=\"true\" role=\"img\" height=\"1em\" width=\"1em\" viewBox=\"0 0 256 512\"><path fill=\"currentColor\" d=\"M224.3 273l-136 136c-9.4 9.4-24.6 9.4-33.9 0l-22.6-22.6c-9.4-9.4-9.4-24.6 0-33.9l96.4-96.4-96.4-96.4c-9.4-9.4-9.4-24.6 0-33.9L54.3 103c9.4-9.4 24.6-9.4 33.9 0l136 136c9.5 9.4 9.5 24.6.1 34z\"><\/path><\/svg><\/span><\/a>\n\n<\/div><\/div>\n\n<div class=\"gb-grid-column gb-grid-column-cf8f061b\"><div class=\"gb-container gb-container-cf8f061b\">\n\n<figure class=\"gb-block-image gb-block-image-5639c9de\"><img loading=\"lazy\" decoding=\"async\" width=\"1609\" height=\"1070\" class=\"gb-image gb-image-5639c9de\" src=\"https:\/\/offuniversity.org\/wp-content\/uploads\/2024\/03\/CPS_image.jpg\" alt=\"Bir halatla d\u00fc\u011f\u00fcm \u00e7\u00f6zen iki el \u00e7izimi. Halat ilmeklenmi\u015f ve ortada \u00e7aprazlanm\u0131\u015f, u\u00e7lar\u0131 eller taraf\u0131ndan \u00e7ekiliyor. \u0130pin bir ucunda basit bir el \u00fcst\u00fc d\u00fc\u011f\u00fcm\u00fc vard\u0131r. Eller ba\u011flama i\u015flemini tamamlamak \u00fczere konumland\u0131r\u0131lm\u0131\u015ft\u0131r.\" title=\"CPS_image\" srcset=\"https:\/\/offuniversity.org\/wp-content\/uploads\/2024\/03\/CPS_image.jpg 1609w, https:\/\/offuniversity.org\/wp-content\/uploads\/2024\/03\/CPS_image-300x200.jpg 300w, https:\/\/offuniversity.org\/wp-content\/uploads\/2024\/03\/CPS_image-1024x681.jpg 1024w, https:\/\/offuniversity.org\/wp-content\/uploads\/2024\/03\/CPS_image-768x511.jpg 768w, https:\/\/offuniversity.org\/wp-content\/uploads\/2024\/03\/CPS_image-1536x1021.jpg 1536w\" sizes=\"auto, (max-width: 1609px) 100vw, 1609px\" \/><\/figure>\n\n\n\n<h3 class=\"gb-headline gb-headline-990827f7 gb-headline-text gbp-section__headline\"><a href=\"https:\/\/off.pubpub.org\/-critical-peace-studies-in-turkey\" target=\"_blank\" data-type=\"link\" data-id=\"https:\/\/off.pubpub.org\/-critical-peace-studies-in-turkey\" rel=\"noreferrer noopener\">Ele\u015ftirel Bar\u0131\u015f \u00c7al\u0131\u015fmalar\u0131<\/a><\/h3>\n\n\n\n<div class=\"gb-headline gb-headline-9f646065 gb-headline-text gbp-section__text\">Off University\u2019nin hikayesi bir bar\u0131\u015f dilek\u00e7esine at\u0131lan imzalar ve ard\u0131ndan T\u00fcrkiye\u2019de akademisyenlerin toplu olarak i\u015ften \u00e7\u0131kar\u0131lmas\u0131yla ba\u015flad\u0131. Bar\u0131\u015fa olan ba\u011fl\u0131l\u0131\u011f\u0131m\u0131z, bar\u0131\u015f\u0131n sa\u011flanmas\u0131na bilimsel bilgiyle katk\u0131da bulunma ve sava\u015fla m\u00fccadelede gerekli ivmeyi kazanmak i\u00e7in do\u011fa bilimleri, m\u00fchendislik, sosyal bilimler ve be\u015feri bilimler aras\u0131nda ittifaklar kurma umudumuzdur. 2021 y\u0131l\u0131nda <em><strong><a href=\"https:\/\/off.pubpub.org\/-critical-peace-studies-in-turkey\" target=\"_blank\" data-type=\"link\" data-id=\"https:\/\/off.pubpub.org\/-critical-peace-studies-in-turkey\" rel=\"noreferrer noopener\">T\u00fcrkiye&#8217;de Ele\u015ftirel Bar\u0131\u015f \u00c7al\u0131\u015fmalar\u0131<\/a><\/strong><\/em> projesini koordine ettik.  <\/div>\n\n\n\n<a class=\"gb-button gb-button-6d858bb3\" href=\"https:\/\/off.pubpub.org\/-critical-peace-studies-in-turkey\" target=\"_blank\" rel=\"noopener noreferrer\"><span class=\"gb-button-text\"><em>Daha fazla<\/em><\/span><span class=\"gb-icon\"><svg xmlns=\"http:\/\/www.w3.org\/2000\/svg\" aria-hidden=\"true\" role=\"img\" height=\"1em\" width=\"1em\" viewBox=\"0 0 256 512\"><path fill=\"currentColor\" d=\"M224.3 273l-136 136c-9.4 9.4-24.6 9.4-33.9 0l-22.6-22.6c-9.4-9.4-9.4-24.6 0-33.9l96.4-96.4-96.4-96.4c-9.4-9.4-9.4-24.6 0-33.9L54.3 103c9.4-9.4 24.6-9.4 33.9 0l136 136c9.5 9.4 9.5 24.6.1 34z\"><\/path><\/svg><\/span><\/a>\n\n<\/div><\/div>\n\n<div class=\"gb-grid-column gb-grid-column-aef18fd5\"><div class=\"gb-container gb-container-aef18fd5\">\n\n<figure class=\"gb-block-image gb-block-image-167273cf\"><img loading=\"lazy\" decoding=\"async\" width=\"2000\" height=\"1319\" class=\"gb-image gb-image-167273cf\" src=\"https:\/\/offuniversity.org\/wp-content\/uploads\/2024\/03\/Gender_image.jpg\" alt=\"Lenslerinde cinsiyet sembolleri bulunan bir \u00e7ift mor g\u00f6zl\u00fck resmi. Sol camda birle\u015fik bir erkek ve kad\u0131n sembol\u00fc bulunurken, sa\u011f camda benzer ancak biraz farkl\u0131 birle\u015fik bir cinsiyet sembol\u00fc bulunmaktad\u0131r.\" title=\"Gender_image\" srcset=\"https:\/\/offuniversity.org\/wp-content\/uploads\/2024\/03\/Gender_image.jpg 2000w, https:\/\/offuniversity.org\/wp-content\/uploads\/2024\/03\/Gender_image-300x198.jpg 300w, https:\/\/offuniversity.org\/wp-content\/uploads\/2024\/03\/Gender_image-1024x675.jpg 1024w, https:\/\/offuniversity.org\/wp-content\/uploads\/2024\/03\/Gender_image-768x506.jpg 768w, https:\/\/offuniversity.org\/wp-content\/uploads\/2024\/03\/Gender_image-1536x1013.jpg 1536w\" sizes=\"auto, (max-width: 2000px) 100vw, 2000px\" \/><\/figure>\n\n\n\n<h3 class=\"gb-headline gb-headline-747be98e gb-headline-text gbp-section__headline\">Toplumsal Cinsiyet \u00c7al\u0131\u015fmalar\u0131<\/h3>\n\n\n\n<div class=\"gb-headline gb-headline-67db4b9c gb-headline-text gbp-section__text\">Toplumsal Cinsiyet&nbsp;\u00c7al\u0131\u015fmalar\u0131&nbsp;k\u00fcresel olarak tart\u0131\u015fmal\u0131 bir akademik&nbsp;aland\u0131r ve&nbsp;akademisyenlerinin ve \u00f6\u011frencilerinin&nbsp;fonlar\u0131n\u0131n kesilmesine,&nbsp;karalanmas\u0131na ve&nbsp;ki\u015fisel&nbsp;sindirilmesine maruz kalmaktad\u0131r.\nBu bilginin dola\u015f\u0131mda kalmas\u0131n\u0131 sa\u011flamak i\u00e7in Toplumsal Cinsiyet \u00c7al\u0131\u015fmalar\u0131 alan\u0131nda \u00f6zellikle \u0130ngilizce d\u0131\u015f\u0131ndaki dillerde sunulan e\u011fitime katk\u0131da bulunmaya \u00e7al\u0131\u015f\u0131yoruz.\nToplumsal Cinsiyet \u00c7al\u0131\u015fmalar\u0131 alan\u0131nda risk alt\u0131ndaki akademisyenlerle birlikte, herkese a\u00e7\u0131k ve \u00fccretsiz 13 \u00e7evrimi\u00e7i seminer sunduk.  <\/div>\n\n\n\n<span class=\"gb-button gb-button-046b8cd8\" target=\"_blank\" rel=\"noopener noreferrer\"><span class=\"gb-button-text\"><em>Daha fazla<\/em><\/span><span class=\"gb-icon\"><svg xmlns=\"http:\/\/www.w3.org\/2000\/svg\" aria-hidden=\"true\" role=\"img\" height=\"1em\" width=\"1em\" viewBox=\"0 0 256 512\"><path fill=\"currentColor\" d=\"M224.3 273l-136 136c-9.4 9.4-24.6 9.4-33.9 0l-22.6-22.6c-9.4-9.4-9.4-24.6 0-33.9l96.4-96.4-96.4-96.4c-9.4-9.4-9.4-24.6 0-33.9L54.3 103c9.4-9.4 24.6-9.4 33.9 0l136 136c9.5 9.4 9.5 24.6.1 34z\"><\/path><\/svg><\/span><\/span>\n\n<\/div><\/div>\n\n<div class=\"gb-grid-column gb-grid-column-046fe7ff\"><div class=\"gb-container gb-container-046fe7ff\">\n\n<figure class=\"gb-block-image gb-block-image-1afa2359\"><img loading=\"lazy\" decoding=\"async\" width=\"1500\" height=\"991\" class=\"gb-image gb-image-1afa2359\" src=\"https:\/\/offuniversity.org\/wp-content\/uploads\/2024\/02\/RU.jpg\" alt=\"Dairesel bir d\u00fczende oturmu\u015f bir grup insan ill\u00fcstrasyonu. Ba\u015flar\u0131n\u0131n \u00fczerinde deniz mavisinin \u00e7e\u015fitli tonlar\u0131nda tasvir edilmi\u015f konu\u015fma baloncuklar\u0131 ile bir tart\u0131\u015fmaya kat\u0131l\u0131yorlar ve bir i\u015fbirli\u011fi veya topluluk toplant\u0131s\u0131 izlenimi veriyorlar.\" title=\"RU\" srcset=\"https:\/\/offuniversity.org\/wp-content\/uploads\/2024\/02\/RU.jpg 1500w, https:\/\/offuniversity.org\/wp-content\/uploads\/2024\/02\/RU-300x198.jpg 300w, https:\/\/offuniversity.org\/wp-content\/uploads\/2024\/02\/RU-1024x677.jpg 1024w, https:\/\/offuniversity.org\/wp-content\/uploads\/2024\/02\/RU-768x507.jpg 768w\" sizes=\"auto, (max-width: 1500px) 100vw, 1500px\" \/><\/figure>\n\n\n\n<h3 class=\"gb-headline gb-headline-7195590e gb-headline-text gbp-section__headline\">\u00dcniversiteyi Yeniden D\u00fc\u015f\u00fcnmek<\/h3>\n\n\n\n<div class=\"gb-headline gb-headline-2111f50a gb-headline-text gbp-section__text\">\u00dcniversiteyi hem seviyoruz hem de nefret ediyoruz! \u00dcniversiteyi daha az hiyerar\u015fik, daha kapsay\u0131c\u0131 ve demokratik bir yer haline getirmek ve t\u00fcm akademisyenler i\u00e7in daha iyi \u00e7al\u0131\u015fma ko\u015fullar\u0131 sa\u011flamak i\u00e7in \u00fcniversiteyi bir kurum olarak analiz ediyor ve kolektif olarak yeniden d\u00fc\u015f\u00fcn\u00fcyoruz. Bu kurumun d\u0131\u015f\u0131ndan, ancak kurumla her zaman yak\u0131n i\u015fbirli\u011fi i\u00e7inde y\u00fcr\u00fctt\u00fc\u011f\u00fcm\u00fcz faaliyetlerimizle geli\u015fime katk\u0131da bulunmaya \u00e7al\u0131\u015f\u0131yoruz.<\/div>\n\n\n\n<span class=\"gb-button gb-button-69833dff\" target=\"_blank\" rel=\"noopener noreferrer\"><span class=\"gb-button-text\"><em>Daha fazla<\/em><\/span><span class=\"gb-icon\"><svg xmlns=\"http:\/\/www.w3.org\/2000\/svg\" aria-hidden=\"true\" role=\"img\" height=\"1em\" width=\"1em\" viewBox=\"0 0 256 512\"><path fill=\"currentColor\" d=\"M224.3 273l-136 136c-9.4 9.4-24.6 9.4-33.9 0l-22.6-22.6c-9.4-9.4-9.4-24.6 0-33.9l96.4-96.4-96.4-96.4c-9.4-9.4-9.4-24.6 0-33.9L54.3 103c9.4-9.4 24.6-9.4 33.9 0l136 136c9.5 9.4 9.5 24.6.1 34z\"><\/path><\/svg><\/span><\/span>\n\n<\/div><\/div>\n<\/div>\n<\/div>\n<\/div>\n<\/div>","protected":false},"excerpt":{"rendered":"<p>Off University&#8217;de Ara\u015ft\u0131rma Off University&#8217;de ara\u015ft\u0131rmalar\u0131m\u0131z temel olarak ele\u015ftirel bar\u0131\u015f \u00e7al\u0131\u015fmalar\u0131, toplumsal cinsiyet \u00e7al\u0131\u015fmalar\u0131 ve akademik \u00f6zg\u00fcrl\u00fck konular\u0131na odaklanmaktad\u0131r. \u00dcniversitelerin &#8230; <a title=\"Ara\u015ft\u0131rma\" class=\"read-more\" href=\"https:\/\/offuniversity.org\/tr\/research\/\" aria-label=\"Read more about Ara\u015ft\u0131rma\">Read more<\/a><\/p>\n","protected":false},"author":1,"featured_media":0,"parent":0,"menu_order":0,"comment_status":"closed","ping_status":"closed","template":"","meta":{"footnotes":""},"class_list":{"0":"post-5793","1":"page","2":"type-page","3":"status-publish","5":"infinite-scroll-item"},"_links":{"self":[{"href":"https:\/\/offuniversity.org\/tr\/wp-json\/wp\/v2\/pages\/5793","targetHints":{"allow":["GET"]}}],"collection":[{"href":"https:\/\/offuniversity.org\/tr\/wp-json\/wp\/v2\/pages"}],"about":[{"href":"https:\/\/offuniversity.org\/tr\/wp-json\/wp\/v2\/types\/page"}],"author":[{"embeddable":true,"href":"https:\/\/offuniversity.org\/tr\/wp-json\/wp\/v2\/users\/1"}],"replies":[{"embeddable":true,"href":"https:\/\/offuniversity.org\/tr\/wp-json\/wp\/v2\/comments?post=5793"}],"version-history":[{"count":29,"href":"https:\/\/offuniversity.org\/tr\/wp-json\/wp\/v2\/pages\/5793\/revisions"}],"predecessor-version":[{"id":8047,"href":"https:\/\/offuniversity.org\/tr\/wp-json\/wp\/v2\/pages\/5793\/revisions\/8047"}],"wp:attachment":[{"href":"https:\/\/offuniversity.org\/tr\/wp-json\/wp\/v2\/media?parent=5793"}],"curies":[{"name":"wp","href":"https:\/\/api.w.org\/{rel}","templated":true}]}}