{"id":5804,"date":"2024-05-13T12:29:22","date_gmt":"2024-05-13T12:29:22","guid":{"rendered":"https:\/\/offuniversity.org\/arastirma-ozgurlugu\/"},"modified":"2025-06-09T07:27:59","modified_gmt":"2025-06-09T07:27:59","slug":"freedom-of-research","status":"publish","type":"page","link":"https:\/\/offuniversity.org\/tr\/freedom-of-research\/","title":{"rendered":"Freedom of Research and Learning"},"content":{"rendered":"<div class=\"gb-container gb-container-d59a8552\">\n<div class=\"gb-container gb-container-56a53359\">\n\n<h1 class=\"gb-headline gb-headline-69bba27c gb-headline-text\">URGENTLY WANTED:<\/h1>\n\n\n\n<h2 class=\"gb-headline gb-headline-55195d4d gb-headline-text\">Freedom of Research and Learning<\/h2>\n\n<\/div>\n<\/div><section class=\"gb-container gb-container-48873ec1\">\n<div class=\"gb-container gb-container-077ffc1f\">\n\n<h2 class=\"gb-headline gb-headline-8853746e gb-headline-text\">Yeni Berlinliler i\u00e7in e\u011fitim, \u00f6\u011fretim ve ara\u015ft\u0131rmaya eri\u015fimin \u00f6n\u00fcndeki engellerin sanatsal bir ke\u015ffi<\/h2>\n\n\n\n<p>\u00d6zg\u00fcr ara\u015ft\u0131rma ve \u00f6\u011fretimin toplum ve her bir birey i\u00e7in ta\u015f\u0131d\u0131\u011f\u0131 de\u011fer, bunun tehlikeye girdi\u011fi durumlarda daha da belirginle\u015fmektedir. Okul ve \u00fcniversite sekt\u00f6r\u00fcndeki siyasi bask\u0131, \u00f6tekile\u015ftirme, kesi\u015fimsel ayr\u0131mc\u0131l\u0131k veya e\u011fitimde se\u00e7enek eksikli\u011fi, bir\u00e7ok insan\u0131n Almanya&#8217;ya, \u00f6zellikle de Berlin&#8217;e gelmesinin temel nedenleridir. Bug\u00fcn bile Berlin&#8217;de e\u011fitim g\u00f6ren \u00f6\u011frencilerin neredeyse y\u00fczde 20&#8217;si Almanya&#8217;ya yeni gelmi\u015f ve bir\u00e7o\u011fu akademik \u00f6zg\u00fcrl\u00fc\u011f\u00fcn tehdit alt\u0131nda oldu\u011fu \u00fclkelerden geliyor.  <\/p>\n\n\n\n<p>Bu yeni gelenler i\u00e7in \u00f6zg\u00fcrl\u00fck ve akademik \u00f6zg\u00fcrl\u00fck ne anlama geliyor? Akademik \u00f6zg\u00fcrl\u00fck, mesleki e\u011fitim ve y\u00fcksek\u00f6\u011fretimden beklentileri nelerdir? Beklentileri kar\u015f\u0131lan\u0131yor mu, kar\u015f\u0131lanm\u0131yorsa neden kar\u015f\u0131lanm\u0131yor?  <\/p>\n\n\n\n<p>Bu sorular\u0131 gen\u00e7 ve yeni Berlinlilere sorduk. Film yap\u0131mc\u0131s\u0131 taraf\u0131ndan <strong><em><a href=\"https:\/\/offuniversity.org\/tr\/nagehan-uskan\/\" target=\"_blank\" data-type=\"link\" data-id=\"https:\/\/offuniversity.org\/nagehan-uskan\/\" rel=\"noreferrer noopener\">Nagehan Uskan<\/a><\/em><\/strong> ve radyo oyunu y\u00f6netmeni <strong><em><a href=\"https:\/\/offuniversity.org\/tr\/anouschka-trocker\/\" target=\"_blank\" data-type=\"link\" data-id=\"https:\/\/offuniversity.org\/anouschka-trocker\/\" rel=\"noreferrer noopener\">Anouschka Trocker<\/a><\/em><\/strong>cevaplar\u0131n\u0131 ve ara\u015ft\u0131rma s\u00fcre\u00e7lerini sanatsal yollarla belgelediler. <\/p>\n\n\n\n<p>Pakistan, Cezayir, T\u00fcrkiye ve Afganistan&#8217;dan halihaz\u0131rda y\u00fcksek\u00f6\u011frenim g\u00f6ren veya \u00fcniversite e\u011fitimlerine Berlin&#8217;de devam etmeye haz\u0131rlanan yeni Berlinliler <strong><a href=\"https:\/\/offuniversity.org\/tr\/freedom-of-research\/yaratici-atolyeler\/\" target=\"_blank\" rel=\"noreferrer noopener\"><em>yarat\u0131c\u0131 at\u00f6lyeler<\/em><\/a><\/strong> radyo ya da video prod\u00fcksiyonu \u00fczerine \u00e7al\u0131\u015fm\u0131\u015ft\u0131r. D\u00f6rt g\u00fcnl\u00fck yo\u011fun i\u015fbirli\u011fi, ses ve video kay\u0131t tekniklerine giri\u015f, ara\u015ft\u0131rma sorular\u0131n\u0131n tan\u0131mlanmas\u0131, (i\u015fitsel ve g\u00f6rsel) verilerin toplanmas\u0131, dramaturjinin kolektif olarak olu\u015fturulmas\u0131 ve son olarak belgesellerin kurgu s\u00fcrecini i\u00e7eriyordu. <\/p>\n\n<\/div>\n<\/section><div class=\"gb-container gb-container-920db8b8\">\n<div class=\"gb-container gb-container-24446ac6\">\n<div class=\"gb-grid-wrapper gb-grid-wrapper-e923becd\">\n<div class=\"gb-grid-column gb-grid-column-3166f26c\"><div class=\"gb-container gb-container-3166f26c\">\n\n<h4 class=\"gb-headline gb-headline-ba8b3b29 gb-headline-text\">The Situation or the Freedom to be Loud<\/h4>\n\n\n<div class=\"gb-grid-wrapper gb-grid-wrapper-8d1ba94a\">\n<div class=\"gb-grid-column gb-grid-column-c77406b4\"><div class=\"gb-container gb-container-c77406b4\">\n\n<figure class=\"gb-block-image gb-block-image-2c4870d6\"><img loading=\"lazy\" decoding=\"async\" width=\"2560\" height=\"2560\" class=\"gb-image gb-image-2c4870d6\" src=\"https:\/\/offuniversity.org\/wp-content\/uploads\/2024\/10\/RadioPlay_1x1-scaled.webp\" alt=\"\" title=\"RadioPlay_1x1\" srcset=\"https:\/\/offuniversity.org\/wp-content\/uploads\/2024\/10\/RadioPlay_1x1-scaled.webp 2560w, https:\/\/offuniversity.org\/wp-content\/uploads\/2024\/10\/RadioPlay_1x1-300x300.webp 300w, https:\/\/offuniversity.org\/wp-content\/uploads\/2024\/10\/RadioPlay_1x1-1024x1024.webp 1024w, https:\/\/offuniversity.org\/wp-content\/uploads\/2024\/10\/RadioPlay_1x1-150x150.webp 150w, https:\/\/offuniversity.org\/wp-content\/uploads\/2024\/10\/RadioPlay_1x1-768x768.webp 768w, https:\/\/offuniversity.org\/wp-content\/uploads\/2024\/10\/RadioPlay_1x1-1536x1536.webp 1536w, https:\/\/offuniversity.org\/wp-content\/uploads\/2024\/10\/RadioPlay_1x1-2048x2048.webp 2048w\" sizes=\"auto, (max-width: 2560px) 100vw, 2560px\" \/><\/figure>\n\n<\/div><\/div>\n\n<div class=\"gb-grid-column gb-grid-column-3a23c3a2\"><div class=\"gb-container gb-container-3a23c3a2\">\n\n<p class=\"gb-headline gb-headline-7f589f9a gb-headline-text\">Anouschka Trocker ve Eunike Kramer&#8217;in Alize, Pelagia, Sana, Zack ve Bilimin Uzun Gecesi&#8217;nin ziyaret\u00e7ileriyle birlikte haz\u0131rlad\u0131\u011f\u0131 bir radyo oyunu.<\/p>\n\n\n\n<p style=\"font-size:16px\"><em>Dinledikten sonra <\/em><strong><a href=\"https:\/\/nc.offuniversity.org\/index.php\/apps\/forms\/embed\/zEgJLeSRrfpokMccTJJysjm4\" data-type=\"link\" data-id=\"https:\/\/nc.offuniversity.org\/index.php\/apps\/forms\/embed\/zEgJLeSRrfpokMccTJJysjm4\" target=\"_blank\" rel=\"noreferrer noopener\">bu ankete<\/a><\/strong> <em>kat\u0131ld\u0131\u011f\u0131n\u0131z i\u00e7in te\u015fekk\u00fcr ederiz.<\/em><\/p>\n\n\n<div class=\"gb-container gb-container-8e23b7c7\">\n<div class=\"gb-container gb-container-e44ebd15\">\n\n<p class=\"gb-headline gb-headline-cfc587b3 gb-headline-text\"><strong>Buradan dinleyin:<\/strong><\/p>\n\n<\/div>\n\n<div class=\"gb-container gb-container-341601d4\">\n<div class=\"gb-grid-wrapper gb-grid-wrapper-93a2f6e9\">\n<div class=\"gb-grid-column gb-grid-column-19d07237\"><div class=\"gb-container gb-container-19d07237\"><a class=\"gb-container-link\" href=\"https:\/\/soundcloud.com\/user-484618178\/the-situation-or-the-freedom-to-be-loud?utm_source=clipboard&#038;utm_medium=text&#038;utm_campaign=social_sharing\" rel=\"noopener noreferrer\" target=\"_blank\"><\/a>\n\n<h1 class=\"gb-headline gb-headline-32f86e1d\"><span class=\"gb-icon\"><svg xmlns=\"http:\/\/www.w3.org\/2000\/svg\" aria-hidden=\"true\" role=\"img\" height=\"1em\" width=\"1em\" viewbox=\"0 0 640 512\"><path fill=\"currentColor\" d=\"M111.4 256.3l5.8 65-5.8 68.3c-.3 2.5-2.2 4.4-4.4 4.4s-4.2-1.9-4.2-4.4l-5.6-68.3 5.6-65c0-2.2 1.9-4.2 4.2-4.2 2.2 0 4.1 2 4.4 4.2zm21.4-45.6c-2.8 0-4.7 2.2-5 5l-5 105.6 5 68.3c.3 2.8 2.2 5 5 5 2.5 0 4.7-2.2 4.7-5l5.8-68.3-5.8-105.6c0-2.8-2.2-5-4.7-5zm25.5-24.1c-3.1 0-5.3 2.2-5.6 5.3l-4.4 130 4.4 67.8c.3 3.1 2.5 5.3 5.6 5.3 2.8 0 5.3-2.2 5.3-5.3l5.3-67.8-5.3-130c0-3.1-2.5-5.3-5.3-5.3zM7.2 283.2c-1.4 0-2.2 1.1-2.5 2.5L0 321.3l4.7 35c.3 1.4 1.1 2.5 2.5 2.5s2.2-1.1 2.5-2.5l5.6-35-5.6-35.6c-.3-1.4-1.1-2.5-2.5-2.5zm23.6-21.9c-1.4 0-2.5 1.1-2.5 2.5l-6.4 57.5 6.4 56.1c0 1.7 1.1 2.8 2.5 2.8s2.5-1.1 2.8-2.5l7.2-56.4-7.2-57.5c-.3-1.4-1.4-2.5-2.8-2.5zm25.3-11.4c-1.7 0-3.1 1.4-3.3 3.3L47 321.3l5.8 65.8c.3 1.7 1.7 3.1 3.3 3.1 1.7 0 3.1-1.4 3.1-3.1l6.9-65.8-6.9-68.1c0-1.9-1.4-3.3-3.1-3.3zm25.3-2.2c-1.9 0-3.6 1.4-3.6 3.6l-5.8 70 5.8 67.8c0 2.2 1.7 3.6 3.6 3.6s3.6-1.4 3.9-3.6l6.4-67.8-6.4-70c-.3-2.2-2-3.6-3.9-3.6zm241.4-110.9c-1.1-.8-2.8-1.4-4.2-1.4-2.2 0-4.2.8-5.6 1.9-1.9 1.7-3.1 4.2-3.3 6.7v.8l-3.3 176.7 1.7 32.5 1.7 31.7c.3 4.7 4.2 8.6 8.9 8.6s8.6-3.9 8.6-8.6l3.9-64.2-3.9-177.5c-.4-3-2-5.8-4.5-7.2zm-26.7 15.3c-1.4-.8-2.8-1.4-4.4-1.4s-3.1.6-4.4 1.4c-2.2 1.4-3.6 3.9-3.6 6.7l-.3 1.7-2.8 160.8s0 .3 3.1 65.6v.3c0 1.7.6 3.3 1.7 4.7 1.7 1.9 3.9 3.1 6.4 3.1 2.2 0 4.2-1.1 5.6-2.5 1.7-1.4 2.5-3.3 2.5-5.6l.3-6.7 3.1-58.6-3.3-162.8c-.3-2.8-1.7-5.3-3.9-6.7zm-111.4 22.5c-3.1 0-5.8 2.8-5.8 6.1l-4.4 140.6 4.4 67.2c.3 3.3 2.8 5.8 5.8 5.8 3.3 0 5.8-2.5 6.1-5.8l5-67.2-5-140.6c-.2-3.3-2.7-6.1-6.1-6.1zm376.7 62.8c-10.8 0-21.1 2.2-30.6 6.1-6.4-70.8-65.8-126.4-138.3-126.4-17.8 0-35 3.3-50.3 9.4-6.1 2.2-7.8 4.4-7.8 9.2v249.7c0 5 3.9 8.6 8.6 9.2h218.3c43.3 0 78.6-35 78.6-78.3.1-43.6-35.2-78.9-78.5-78.9zm-296.7-60.3c-4.2 0-7.5 3.3-7.8 7.8l-3.3 136.7 3.3 65.6c.3 4.2 3.6 7.5 7.8 7.5 4.2 0 7.5-3.3 7.5-7.5l3.9-65.6-3.9-136.7c-.3-4.5-3.3-7.8-7.5-7.8zm-53.6-7.8c-3.3 0-6.4 3.1-6.4 6.7l-3.9 145.3 3.9 66.9c.3 3.6 3.1 6.4 6.4 6.4 3.6 0 6.4-2.8 6.7-6.4l4.4-66.9-4.4-145.3c-.3-3.6-3.1-6.7-6.7-6.7zm26.7 3.4c-3.9 0-6.9 3.1-6.9 6.9L227 321.3l3.9 66.4c.3 3.9 3.1 6.9 6.9 6.9s6.9-3.1 6.9-6.9l4.2-66.4-4.2-141.7c0-3.9-3-6.9-6.9-6.9z\"><\/path><\/svg><\/span><\/h1>\n\n<\/div><\/div>\n\n<div class=\"gb-grid-column gb-grid-column-5d5b60c7\"><div class=\"gb-container gb-container-5d5b60c7\"><a class=\"gb-container-link\" href=\"https:\/\/www.youtube.com\/watch?v=7pzHmE5NGf8\" rel=\"noopener noreferrer\" target=\"_blank\"><\/a>\n\n<h1 class=\"gb-headline gb-headline-a625c23b\"><span class=\"gb-icon\"><svg xmlns=\"http:\/\/www.w3.org\/2000\/svg\" aria-hidden=\"true\" role=\"img\" height=\"1em\" width=\"1em\" viewbox=\"0 0 576 512\"><path fill=\"currentColor\" d=\"M549.655 124.083c-6.281-23.65-24.787-42.276-48.284-48.597C458.781 64 288 64 288 64S117.22 64 74.629 75.486c-23.497 6.322-42.003 24.947-48.284 48.597-11.412 42.867-11.412 132.305-11.412 132.305s0 89.438 11.412 132.305c6.281 23.65 24.787 41.5 48.284 47.821C117.22 448 288 448 288 448s170.78 0 213.371-11.486c23.497-6.321 42.003-24.171 48.284-47.821 11.412-42.867 11.412-132.305 11.412-132.305s0-89.438-11.412-132.305zm-317.51 213.508V175.185l142.739 81.205-142.739 81.201z\"><\/path><\/svg><\/span><\/h1>\n\n<\/div><\/div>\n\n<div class=\"gb-grid-column gb-grid-column-1be579ae\"><div class=\"gb-container gb-container-1be579ae\"><a class=\"gb-container-link\" href=\"https:\/\/open.spotify.com\/track\/2jcAGr1bhzYbKKUHExb3oB?si=7972ef2b4e0f47a8&#038;nd=1&#038;dlsi=c5f31d7795c448c3\" rel=\"noopener noreferrer\" target=\"_blank\"><\/a>\n\n<h1 class=\"gb-headline gb-headline-b1ce88cc\"><span class=\"gb-icon\"><svg xmlns=\"http:\/\/www.w3.org\/2000\/svg\" viewbox=\"0 0 496 512\"><path d=\"M248 8C111.1 8 0 119.1 0 256s111.1 248 248 248 248-111.1 248-248S384.9 8 248 8zm100.7 364.9c-4.2 0-6.8-1.3-10.7-3.6-62.4-37.6-135-39.2-206.7-24.5-3.9 1-9 2.6-11.9 2.6-9.7 0-15.8-7.7-15.8-15.8 0-10.3 6.1-15.2 13.6-16.8 81.9-18.1 165.6-16.5 237 26.2 6.1 3.9 9.7 7.4 9.7 16.5s-7.1 15.4-15.2 15.4zm26.9-65.6c-5.2 0-8.7-2.3-12.3-4.2-62.5-37-155.7-51.9-238.6-29.4-4.8 1.3-7.4 2.6-11.9 2.6-10.7 0-19.4-8.7-19.4-19.4s5.2-17.8 15.5-20.7c27.8-7.8 56.2-13.6 97.8-13.6 64.9 0 127.6 16.1 177 45.5 8.1 4.8 11.3 11 11.3 19.7-.1 10.8-8.5 19.5-19.4 19.5zm31-76.2c-5.2 0-8.4-1.3-12.9-3.9-71.2-42.5-198.5-52.7-280.9-29.7-3.6 1-8.1 2.6-12.9 2.6-13.2 0-23.3-10.3-23.3-23.6 0-13.6 8.4-21.3 17.4-23.9 35.2-10.3 74.6-15.2 117.5-15.2 73 0 149.5 15.2 205.4 47.8 7.8 4.5 12.9 10.7 12.9 22.6 0 13.6-11 23.3-23.2 23.3z\"><\/path><\/svg><\/span><\/h1>\n\n<\/div><\/div>\n\n<div class=\"gb-grid-column gb-grid-column-9cb0dbea\"><div class=\"gb-container gb-container-9cb0dbea\"><a class=\"gb-container-link\" href=\"https:\/\/music.apple.com\/us\/album\/the-situation-or-the-freedom-to-be-loud-ep\/1777552227\" rel=\"noopener noreferrer\" target=\"_blank\"><\/a>\n\n<h1 class=\"gb-headline gb-headline-0a97d352\"><span class=\"gb-icon\"><svg xmlns=\"http:\/\/www.w3.org\/2000\/svg\" viewbox=\"0 0 512 512\"><path d=\"M499.1 6.3c8.1 6 12.9 15.6 12.9 25.7l0 72 0 264c0 44.2-43 80-96 80s-96-35.8-96-80s43-80 96-80c11.2 0 22 1.6 32 4.6L448 147 192 223.8 192 432c0 44.2-43 80-96 80s-96-35.8-96-80s43-80 96-80c11.2 0 22 1.6 32 4.6L128 200l0-72c0-14.1 9.3-26.6 22.8-30.7l320-96c9.7-2.9 20.2-1.1 28.3 5z\"><\/path><\/svg><\/span><\/h1>\n\n<\/div><\/div>\n<\/div>\n<\/div>\n<\/div>\n<\/div><\/div>\n<\/div>\n<\/div><\/div>\n\n<div class=\"gb-grid-column gb-grid-column-be7fe520\"><div class=\"gb-container gb-container-be7fe520\">\n\n<h4 class=\"gb-headline gb-headline-bab37e17 gb-headline-text\">An Anonymous Request!<\/h4>\n\n\n<div class=\"gb-grid-wrapper gb-grid-wrapper-bf74bbd1\">\n<div class=\"gb-grid-column gb-grid-column-b4e76626\"><div class=\"gb-container gb-container-b4e76626\">\n\n<figure class=\"gb-block-image gb-block-image-5e075219\"><img loading=\"lazy\" decoding=\"async\" width=\"2560\" height=\"2560\" class=\"gb-image gb-image-5e075219\" src=\"https:\/\/offuniversity.org\/wp-content\/uploads\/2025\/05\/Anonymous_Request-scaled.jpg\" alt=\"\" title=\"Anonymous_Request\" srcset=\"https:\/\/offuniversity.org\/wp-content\/uploads\/2025\/05\/Anonymous_Request-scaled.jpg 2560w, https:\/\/offuniversity.org\/wp-content\/uploads\/2025\/05\/Anonymous_Request-300x300.jpg 300w, https:\/\/offuniversity.org\/wp-content\/uploads\/2025\/05\/Anonymous_Request-1024x1024.jpg 1024w, https:\/\/offuniversity.org\/wp-content\/uploads\/2025\/05\/Anonymous_Request-150x150.jpg 150w, https:\/\/offuniversity.org\/wp-content\/uploads\/2025\/05\/Anonymous_Request-768x768.jpg 768w, https:\/\/offuniversity.org\/wp-content\/uploads\/2025\/05\/Anonymous_Request-1536x1536.jpg 1536w, https:\/\/offuniversity.org\/wp-content\/uploads\/2025\/05\/Anonymous_Request-2048x2048.jpg 2048w\" sizes=\"auto, (max-width: 2560px) 100vw, 2560px\" \/><\/figure>\n\n<\/div><\/div>\n\n<div class=\"gb-grid-column gb-grid-column-35da9ed3\"><div class=\"gb-container gb-container-35da9ed3\">\n\n<p class=\"gb-headline gb-headline-4c02675f gb-headline-text\">G\u00f6rsel Hikaye Anlat\u0131m\u0131 At\u00f6lyesi&#8217;nin kat\u0131l\u0131mc\u0131lar\u0131n\u0131n kolektif \u00e7al\u0131\u015fmas\u0131.<\/p>\n\n\n<div class=\"gb-container gb-container-a5e808e5\">\n<div class=\"gb-container gb-container-a4afaf83\">\n\n<p class=\"gb-headline gb-headline-ae2f67c6 gb-headline-text\"><strong><a href=\"https:\/\/off.pubpub.org\/pub\/tlwd24bh\" target=\"_blank\" data-type=\"link\" data-id=\"https:\/\/off.pubpub.org\/pub\/tlwd24bh\" rel=\"noreferrer noopener\">PUBPUB&#8217;da \u0130ZLE<\/a><\/strong><\/p>\n\n<\/div>\n<\/div>\n<\/div><\/div>\n<\/div>\n<\/div><\/div>\n<\/div>\n<\/div>\n<\/div><section class=\"gb-container gb-container-7b329875\">\n\n<h4 class=\"gb-headline gb-headline-5679da98 gb-headline-text\">Bu sanatsal ara\u015ft\u0131rmay\u0131 bir a\u015fama daha ileri g\u00f6t\u00fcrmek ve sanatsal dok\u00fcmantasyonu tart\u0131\u015fmak \u00fczere Berlin ve d\u0131\u015f\u0131ndaki \u00e7e\u015fitli izleyicilerle bir diyalo\u011fa girmek istiyoruz.<\/h4>\n\n<\/section><div class=\"gb-container gb-container-b082f02a\">\n<div class=\"gb-container gb-container-9b1931ed\">\n\n<h2 class=\"gb-headline gb-headline-35ef0a49 gb-headline-text\"><strong>Etkinlikler<\/strong><\/h2>\n\n\n<div class=\"gb-container gb-container-055b81f9\">\n<div class=\"gb-grid-wrapper gb-grid-wrapper-cefb3c2b\">\n<div class=\"gb-grid-column gb-grid-column-428e1569\"><div class=\"gb-container gb-container-428e1569\">\n<div class=\"gb-container gb-container-af5bb12a\">\n\n<figure class=\"gb-block-image gb-block-image-fd030630\"><img loading=\"lazy\" decoding=\"async\" width=\"1080\" height=\"1080\" class=\"gb-image gb-image-fd030630\" src=\"https:\/\/offuniversity.org\/wp-content\/uploads\/2024\/11\/WJ_SM_Event_3_Bard.jpg\" alt=\"\" title=\"WJ_SM\" srcset=\"https:\/\/offuniversity.org\/wp-content\/uploads\/2024\/11\/WJ_SM_Event_3_Bard.jpg 1080w, https:\/\/offuniversity.org\/wp-content\/uploads\/2024\/11\/WJ_SM_Event_3_Bard-300x300.jpg 300w, https:\/\/offuniversity.org\/wp-content\/uploads\/2024\/11\/WJ_SM_Event_3_Bard-1024x1024.jpg 1024w, https:\/\/offuniversity.org\/wp-content\/uploads\/2024\/11\/WJ_SM_Event_3_Bard-150x150.jpg 150w, https:\/\/offuniversity.org\/wp-content\/uploads\/2024\/11\/WJ_SM_Event_3_Bard-768x768.jpg 768w\" sizes=\"auto, (max-width: 1080px) 100vw, 1080px\" \/><\/figure>\n\n<\/div>\n<\/div><\/div>\n\n<div class=\"gb-grid-column gb-grid-column-052b6710\"><div class=\"gb-container gb-container-052b6710\">\n<div class=\"gb-container gb-container-fcd512ca\">\n\n<figure class=\"gb-block-image gb-block-image-743f80c5\"><img loading=\"lazy\" decoding=\"async\" width=\"1080\" height=\"1080\" class=\"gb-image gb-image-743f80c5\" src=\"https:\/\/offuniversity.org\/wp-content\/uploads\/2024\/11\/WJ_SM_Event_2_roam.jpg\" alt=\"\" title=\"WJ_SM\" srcset=\"https:\/\/offuniversity.org\/wp-content\/uploads\/2024\/11\/WJ_SM_Event_2_roam.jpg 1080w, https:\/\/offuniversity.org\/wp-content\/uploads\/2024\/11\/WJ_SM_Event_2_roam-300x300.jpg 300w, https:\/\/offuniversity.org\/wp-content\/uploads\/2024\/11\/WJ_SM_Event_2_roam-1024x1024.jpg 1024w, https:\/\/offuniversity.org\/wp-content\/uploads\/2024\/11\/WJ_SM_Event_2_roam-150x150.jpg 150w, https:\/\/offuniversity.org\/wp-content\/uploads\/2024\/11\/WJ_SM_Event_2_roam-768x768.jpg 768w\" sizes=\"auto, (max-width: 1080px) 100vw, 1080px\" \/><\/figure>\n\n<\/div>\n<\/div><\/div>\n\n<div class=\"gb-grid-column gb-grid-column-59606c61\"><div class=\"gb-container gb-container-59606c61\">\n<div class=\"gb-container gb-container-1c908b45\">\n\n<figure class=\"gb-block-image gb-block-image-7332c00a\"><img loading=\"lazy\" decoding=\"async\" width=\"1080\" height=\"1080\" class=\"gb-image gb-image-7332c00a\" src=\"https:\/\/offuniversity.org\/wp-content\/uploads\/2024\/11\/WJ_SM_Event_1_engelnest.jpg\" alt=\"\" title=\"WJ_SM\" srcset=\"https:\/\/offuniversity.org\/wp-content\/uploads\/2024\/11\/WJ_SM_Event_1_engelnest.jpg 1080w, https:\/\/offuniversity.org\/wp-content\/uploads\/2024\/11\/WJ_SM_Event_1_engelnest-300x300.jpg 300w, https:\/\/offuniversity.org\/wp-content\/uploads\/2024\/11\/WJ_SM_Event_1_engelnest-1024x1024.jpg 1024w, https:\/\/offuniversity.org\/wp-content\/uploads\/2024\/11\/WJ_SM_Event_1_engelnest-150x150.jpg 150w, https:\/\/offuniversity.org\/wp-content\/uploads\/2024\/11\/WJ_SM_Event_1_engelnest-768x768.jpg 768w\" sizes=\"auto, (max-width: 1080px) 100vw, 1080px\" \/><\/figure>\n\n<\/div>\n<\/div><\/div>\n<\/div>\n<\/div>\n<\/div>\n<\/div><section class=\"gb-container gb-container-176db6cc\">\n<div class=\"gb-container gb-container-3669946f\">\n\n<p><em><strong>Urgently Wanted: Freedom of Research and Learning Off University e.V. ve <a href=\"https:\/\/replito.de\/\" target=\"_blank\" rel=\"noreferrer noopener nofollow\"> RePLITO (<em><strong><\/strong><\/em><\/a><em><strong><a href=\"https:\/\/replito.de\/\" target=\"_blank\" rel=\"noreferrer noopener nofollow\">Beyond Social Cohesion<\/a><\/strong><\/em>: Global Repertoires of Living Together)<\/strong> ,<strong> Department of Gender and Media Studies for the South Asian Region (GAMS), Institute for Asian and African Studies, Humboldt-Universit\u00e4t zu Berlin&#8217;in ortak bir projesidir.<br\/><\/strong><\/em><\/p>\n\n<\/div>\n<\/section><section class=\"gb-container gb-container-e542549a\">\n<div class=\"gb-container gb-container-0f10db52\">\n\n<h2 class=\"gb-headline gb-headline-b5d7c19d gb-headline-text\">Federal E\u011fitim ve Ara\u015ft\u0131rma Bakanl\u0131\u011f\u0131<br>Bilim Y\u0131l\u0131 2024 &#8211; \u00d6zg\u00fcrl\u00fck<\/h2>\n\n\n\n<p>Bilim Y\u0131l\u0131 2024&#8217;\u00fcn temas\u0131 \u00f6zg\u00fcrl\u00fckt\u00fcr. Bunun nedeni \u00f6zg\u00fcrl\u00fc\u011f\u00fcn temel bir de\u011fer olmas\u0131 ve g\u00fcn\u00fcm\u00fczde uzun zamand\u0131r hayal bile edilemeyecek \u015fekilde tehdit alt\u0131nda olmas\u0131d\u0131r. Bu nedenle 2024 Bilim Y\u0131l\u0131 \u00f6zg\u00fcrl\u00fc\u011f\u00fcn \u00e7e\u015fitli boyutlar\u0131na odaklanmaktad\u0131r. \u00d6zg\u00fcrl\u00fck tam olarak nedir? \u00d6zg\u00fcrl\u00fck ve demokrasi birbiriyle ba\u011flant\u0131l\u0131 m\u0131d\u0131r? \u00d6zg\u00fcrl\u00fck nerede ba\u015flar? Bilim Y\u0131l\u0131, dahil olmak i\u00e7in \u00e7ok \u00e7e\u015fitli f\u0131rsatlarla, \u00f6zg\u00fcrl\u00fck, de\u011feri ve anlam\u0131 hakk\u0131nda nesiller aras\u0131 tart\u0131\u015fmalar i\u00e7in bir \u00e7er\u00e7eve sunuyor &#8211; birbirimizle ve bilimle. Bug\u00fcn, yar\u0131n ve d\u00fcnya \u00e7ap\u0131nda \u00f6zg\u00fcrl\u00fck hakk\u0131nda.       <\/p>\n\n\n\n<p>Bilim Y\u0131l\u0131, Federal E\u011fitim ve Ara\u015ft\u0131rma Bakanl\u0131\u011f\u0131&#8217;n\u0131n (BMBF) Wissenschaft im Dialog (WiD) ile birlikte y\u00fcr\u00fctt\u00fc\u011f\u00fc bir giri\u015fimdir.<\/p>\n\n<\/div>\n<\/section><div class=\"gb-container gb-container-af16f68b\">\n<div class=\"gb-container gb-container-ae08ae1e\">\n<div class=\"gb-grid-wrapper gb-grid-wrapper-2bf5ddb7\">\n<div class=\"gb-grid-column gb-grid-column-a4b5cd2e\"><div class=\"gb-container gb-container-a4b5cd2e light-mobile\">\n\n<figure class=\"wp-block-image size-full\"><a href=\"https:\/\/www.bmbf.de\/bmbf\/en\/home\/home_node.html\" target=\"_blank\" rel=\"noreferrer noopener\"><img loading=\"lazy\" decoding=\"async\" width=\"402\" height=\"343\" src=\"https:\/\/offuniversity.org\/wp-content\/uploads\/2024\/05\/internet_in_farbe_en.jpg\" alt=\"\" class=\"wp-image-5918\" srcset=\"https:\/\/offuniversity.org\/wp-content\/uploads\/2024\/05\/internet_in_farbe_en.jpg 402w, https:\/\/offuniversity.org\/wp-content\/uploads\/2024\/05\/internet_in_farbe_en-300x256.jpg 300w\" sizes=\"auto, (max-width: 402px) 100vw, 402px\" \/><\/a><\/figure>\n\n<\/div><\/div>\n\n<div class=\"gb-grid-column gb-grid-column-2189687a\"><div class=\"gb-container gb-container-2189687a light-mobile\">\n\n<figure class=\"wp-block-image size-full\"><a href=\"https:\/\/www.wissenschaftsjahr.de\/2024\/\" target=\"_blank\" rel=\"noreferrer noopener\"><img loading=\"lazy\" decoding=\"async\" width=\"896\" height=\"609\" src=\"https:\/\/offuniversity.org\/wp-content\/uploads\/2024\/05\/WJ24_Logo_Standard_Digital_EN.png\" alt=\"\" class=\"wp-image-5921\" srcset=\"https:\/\/offuniversity.org\/wp-content\/uploads\/2024\/05\/WJ24_Logo_Standard_Digital_EN.png 896w, https:\/\/offuniversity.org\/wp-content\/uploads\/2024\/05\/WJ24_Logo_Standard_Digital_EN-300x204.png 300w, https:\/\/offuniversity.org\/wp-content\/uploads\/2024\/05\/WJ24_Logo_Standard_Digital_EN-768x522.png 768w\" sizes=\"auto, (max-width: 896px) 100vw, 896px\" \/><\/a><\/figure>\n\n<\/div><\/div>\n\n<div class=\"gb-grid-column gb-grid-column-6a373d73\"><div class=\"gb-container gb-container-6a373d73 light-mobile \">\n\n<figure class=\"wp-block-image size-full is-resized\"><a href=\"https:\/\/replito.de\/\" target=\"_blank\" rel=\"noreferrer noopener\"><img loading=\"lazy\" decoding=\"async\" width=\"720\" height=\"720\" src=\"https:\/\/offuniversity.org\/wp-content\/uploads\/2024\/02\/Replito.png\" alt=\"\" class=\"wp-image-2815\" style=\"width:auto;height:280px\" srcset=\"https:\/\/offuniversity.org\/wp-content\/uploads\/2024\/02\/Replito.png 720w, https:\/\/offuniversity.org\/wp-content\/uploads\/2024\/02\/Replito-300x300.png 300w, https:\/\/offuniversity.org\/wp-content\/uploads\/2024\/02\/Replito-150x150.png 150w\" sizes=\"auto, (max-width: 720px) 100vw, 720px\" \/><\/a><\/figure>\n\n<\/div><\/div>\n<\/div>\n<\/div>\n<\/div>","protected":false},"excerpt":{"rendered":"<p>URGENTLY WANTED: Freedom of Research and Learning Yeni Berlinliler i\u00e7in e\u011fitim, \u00f6\u011fretim ve ara\u015ft\u0131rmaya eri\u015fimin \u00f6n\u00fcndeki engellerin sanatsal bir ke\u015ffi &#8230; <a title=\"Freedom of Research and Learning\" class=\"read-more\" href=\"https:\/\/offuniversity.org\/tr\/freedom-of-research\/\" aria-label=\"Read more about Freedom of Research and Learning\">Read more<\/a><\/p>\n","protected":false},"author":1,"featured_media":5980,"parent":0,"menu_order":0,"comment_status":"closed","ping_status":"closed","template":"","meta":{"footnotes":""},"class_list":{"0":"post-5804","1":"page","2":"type-page","3":"status-publish","4":"has-post-thumbnail","6":"infinite-scroll-item"},"_links":{"self":[{"href":"https:\/\/offuniversity.org\/tr\/wp-json\/wp\/v2\/pages\/5804","targetHints":{"allow":["GET"]}}],"collection":[{"href":"https:\/\/offuniversity.org\/tr\/wp-json\/wp\/v2\/pages"}],"about":[{"href":"https:\/\/offuniversity.org\/tr\/wp-json\/wp\/v2\/types\/page"}],"author":[{"embeddable":true,"href":"https:\/\/offuniversity.org\/tr\/wp-json\/wp\/v2\/users\/1"}],"replies":[{"embeddable":true,"href":"https:\/\/offuniversity.org\/tr\/wp-json\/wp\/v2\/comments?post=5804"}],"version-history":[{"count":46,"href":"https:\/\/offuniversity.org\/tr\/wp-json\/wp\/v2\/pages\/5804\/revisions"}],"predecessor-version":[{"id":11199,"href":"https:\/\/offuniversity.org\/tr\/wp-json\/wp\/v2\/pages\/5804\/revisions\/11199"}],"wp:featuredmedia":[{"embeddable":true,"href":"https:\/\/offuniversity.org\/tr\/wp-json\/wp\/v2\/media\/5980"}],"wp:attachment":[{"href":"https:\/\/offuniversity.org\/tr\/wp-json\/wp\/v2\/media?parent=5804"}],"curies":[{"name":"wp","href":"https:\/\/api.w.org\/{rel}","templated":true}]}}