{"id":6337,"date":"2024-06-06T09:39:30","date_gmt":"2024-06-06T09:39:30","guid":{"rendered":"https:\/\/offuniversity.org\/arastirma-ozgurlugu\/nagehan-uskan\/"},"modified":"2024-06-11T14:05:43","modified_gmt":"2024-06-11T14:05:43","slug":"nagehan-uskan","status":"publish","type":"page","link":"https:\/\/offuniversity.org\/tr\/nagehan-uskan\/","title":{"rendered":"Nagehan Uskan"},"content":{"rendered":"<div class=\"gb-container gb-container-3648a665\">\n<div class=\"gb-container gb-container-2fc5b5ef\">\n<div class=\"gb-grid-wrapper gb-grid-wrapper-3ce32d4f\">\n<div class=\"gb-grid-column gb-grid-column-f072f08a\"><div class=\"gb-container gb-container-f072f08a\">\n\n<figure class=\"gb-block-image gb-block-image-7256b09c\"><img loading=\"lazy\" decoding=\"async\" width=\"720\" height=\"720\" class=\"gb-image gb-image-7256b09c photo-shadow img\" src=\"https:\/\/offuniversity.org\/wp-content\/uploads\/2024\/02\/NU.jpg\" alt=\"\" title=\"NU\" srcset=\"https:\/\/offuniversity.org\/wp-content\/uploads\/2024\/02\/NU.jpg 720w, https:\/\/offuniversity.org\/wp-content\/uploads\/2024\/02\/NU-300x300.jpg 300w, https:\/\/offuniversity.org\/wp-content\/uploads\/2024\/02\/NU-150x150.jpg 150w\" sizes=\"auto, (max-width: 720px) 100vw, 720px\" \/><\/figure>\n\n<\/div><\/div>\n\n<div class=\"gb-grid-column gb-grid-column-3621cf4a\"><div class=\"gb-container gb-container-3621cf4a\">\n\n<h4 class=\"gb-headline gb-headline-ba518d88 gb-headline-text\">Nagehan Uskan<\/h4>\n\n\n<div class=\"gb-container gb-container-af7a341c\">\n\n<p class=\"gb-headline gb-headline-f0c43e57 gb-headline-text\"><em>Video Proje Lideri &#8211;<\/em><\/p>\n\n\n\n<p class=\"gb-headline gb-headline-65f9f1a5 gb-headline-text\"><em><a href=\"https:\/\/offuniversity.org\/tr\/freedom-of-research\/\">Acil Aran\u0131yor: Ara\u015ft\u0131rma ve \u00d6\u011frenme \u00d6zg\u00fcrl\u00fc\u011f\u00fc<\/a><\/em><\/p>\n\n<\/div>\n\n\n<p>Nagehan, Yunanistan&#8217;\u0131n Midilli Adas\u0131&#8217;nda ya\u015fayan bir aktivist, film akademisyeni ve belgesel film yap\u0131mc\u0131s\u0131d\u0131r ve burada tabandan gelen bir video aktivizm kolektifi olan Kino&#8217;nun kurucular\u0131 aras\u0131ndad\u0131r. Humboldt \u00dcniversitesi Off \u00dcniversitesi ile \u00e7e\u015fitli dersler ve g\u00f6rsel hikaye anlat\u0131m\u0131 at\u00f6lyeleri y\u00fcr\u00fctm\u00fc\u015f ve m\u00fcltecilerin ve aktivistlerin hikayelerini anlatmak i\u00e7in g\u00fc\u00e7l\u00fc videolar olu\u015fturmalar\u0131na yard\u0131mc\u0131 olmu\u015ftur.<\/p>\n\n\n<div class=\"gb-container gb-container-57c24731\">\n<div class=\"gb-grid-wrapper gb-grid-wrapper-404fe91e\">\n<div class=\"gb-grid-column gb-grid-column-0b8a8e45\"><div class=\"gb-container gb-container-0b8a8e45\">\n\n<p class=\"gb-headline gb-headline-5862808d gb-headline-text\"><a href=\"https:\/\/www.youtube.com\/watch?v=pnqKfvqr_Yk&amp;t=6s\" target=\"_blank\" rel=\"noreferrer noopener\">What is a Pushback?<\/a><\/p>\n\n<\/div><\/div>\n<\/div>\n<\/div>\n<\/div><\/div>\n<\/div>\n<\/div>\n<\/div>","protected":false},"excerpt":{"rendered":"","protected":false},"author":1,"featured_media":0,"parent":0,"menu_order":0,"comment_status":"closed","ping_status":"closed","template":"","meta":{"footnotes":""},"class_list":{"0":"post-6337","1":"page","2":"type-page","3":"status-publish","5":"infinite-scroll-item"},"_links":{"self":[{"href":"https:\/\/offuniversity.org\/tr\/wp-json\/wp\/v2\/pages\/6337","targetHints":{"allow":["GET"]}}],"collection":[{"href":"https:\/\/offuniversity.org\/tr\/wp-json\/wp\/v2\/pages"}],"about":[{"href":"https:\/\/offuniversity.org\/tr\/wp-json\/wp\/v2\/types\/page"}],"author":[{"embeddable":true,"href":"https:\/\/offuniversity.org\/tr\/wp-json\/wp\/v2\/users\/1"}],"replies":[{"embeddable":true,"href":"https:\/\/offuniversity.org\/tr\/wp-json\/wp\/v2\/comments?post=6337"}],"version-history":[{"count":5,"href":"https:\/\/offuniversity.org\/tr\/wp-json\/wp\/v2\/pages\/6337\/revisions"}],"predecessor-version":[{"id":6385,"href":"https:\/\/offuniversity.org\/tr\/wp-json\/wp\/v2\/pages\/6337\/revisions\/6385"}],"wp:attachment":[{"href":"https:\/\/offuniversity.org\/tr\/wp-json\/wp\/v2\/media?parent=6337"}],"curies":[{"name":"wp","href":"https:\/\/api.w.org\/{rel}","templated":true}]}}