{"id":6839,"date":"2024-09-04T10:40:54","date_gmt":"2024-09-04T10:40:54","guid":{"rendered":"https:\/\/offuniversity.org\/kunye\/"},"modified":"2026-03-13T11:51:50","modified_gmt":"2026-03-13T11:51:50","slug":"kunye","status":"publish","type":"page","link":"https:\/\/offuniversity.org\/tr\/kunye\/","title":{"rendered":"K\u00fcnye"},"content":{"rendered":"<div class=\"gb-container gb-container-8b5af224\">\n\n<h1 class=\"gb-headline gb-headline-352c8795 gb-headline-text\">K\u00fcnye<\/h1>\n\n\n\n<h3 class=\"gb-headline gb-headline-d6a5329b gb-headline-text\"><strong>Off University. Organisation f\u00fcr den Frieden e.V. <\/strong><\/h3>\n\n\n\n<p>Wilhelm-Kabus-Str. 24<br\/>10829 Berlin  <\/p>\n\n\n\n<p>E-posta: <strong><a href=\"mailto:mail@offuniversity.org\">mail@offuniversity.org<\/a><\/strong><br\/>Web sitesi: <strong><a href=\"http:\/\/offuniversity.org\" data-type=\"link\" data-id=\"offuniversity.org\" target=\"_blank\" rel=\"noreferrer noopener\">offuniversity.org<\/a><\/strong><br\/>Sinyal: @offuniversity.17<\/p>\n\n\n\n<p>Y\u00f6netim Kurulu\u2019ndaki yetkili temsilciler: Dr. \u00c7a\u011fla Diner, Dr. Mohamad Moustafa Alabsi and Serra \u00d6zhan-Hocao\u011flu.<\/p>\n\n\n\n<p>Off University, Berlin Charlottenburg Dernekler Siciline VR 35998 kay\u0131t numaras\u0131yla kay\u0131tl\u0131d\u0131r.<\/p>\n\n\n\n<p>\u0130\u00e7erik sorumlusu (\u00a7 55 Abs. 2 RStV&#8217;ye g\u00f6re): Julia Strutz, Ezgi Keskinsoy<\/p>\n\n\n\n<h4 class=\"gb-headline gb-headline-a31c9d5e gb-headline-text\">Sorumluluktan muafiyet<\/h4>\n\n\n\n<p><strong>1. \u0130\u00e7erik sorumlulu\u011fu<br\/><\/strong>Bu web sitesinin \u00fccretsiz ve serbest\u00e7e eri\u015filebilen i\u00e7eri\u011fi m\u00fcmk\u00fcn olan en b\u00fcy\u00fck \u00f6zenle olu\u015fturulmu\u015ftur. Bununla birlikte, bu web sitesinin sa\u011flay\u0131c\u0131s\u0131, sa\u011flanan \u00fccretsiz ve serbest\u00e7e eri\u015filebilen gazetecilik rehberlerinin ve haberlerin do\u011frulu\u011fu ve g\u00fcncelli\u011fi konusunda hi\u00e7bir sorumluluk kabul etmez. \u0130simle etiketlenen katk\u0131lar, her zaman sa\u011flay\u0131c\u0131n\u0131n g\u00f6r\u00fc\u015f\u00fcn\u00fc de\u011fil, ilgili yazar\u0131n g\u00f6r\u00fc\u015f\u00fcn\u00fc yans\u0131t\u0131r. Kullan\u0131c\u0131 ve sa\u011flay\u0131c\u0131 aras\u0131nda sadece \u00fccretsiz ve serbest\u00e7e eri\u015filebilen i\u00e7eri\u011fe eri\u015ferek hi\u00e7bir s\u00f6zle\u015fme ili\u015fkisi kurulmaz; bu ba\u011flamda, sa\u011flay\u0131c\u0131n\u0131n yasal olarak ba\u011flanma niyeti yoktur.   <\/p>\n\n\n\n<p><strong>2. Ba\u011flant\u0131lar i\u00e7in sorumluluk<br\/><\/strong>Web sitemiz, i\u00e7eri\u011fi \u00fczerinde hi\u00e7bir etkimiz olmayan \u00fc\u00e7\u00fcnc\u00fc taraflar\u0131n harici web sitelerine y\u00f6nlendiren ba\u011flant\u0131lar i\u00e7erir. Bu nedenle, bu i\u00e7erik i\u00e7in herhangi bir sorumluluk kabul etmemiz m\u00fcmk\u00fcn de\u011fildir. Bu konudaki sorumluluk her zaman ilgili web sitesinin sa\u011flay\u0131c\u0131s\u0131na\/i\u015fletmecisine aittir. Ba\u011flant\u0131 verdi\u011fimiz web sitelerini olas\u0131 yasal ihlallere kar\u015f\u0131 ba\u011flant\u0131 s\u0131ras\u0131nda tam olarak kontrol ediyoruz. Ancak, herhangi bir \u00f6zel g\u00f6sterge olmadan ba\u011flant\u0131l\u0131 web sitelerinin i\u00e7eri\u011fini s\u00fcrekli olarak izlememiz makul olarak beklenemez. Bununla birlikte, bir ihlalin fark\u0131na var\u0131rsak, ilgili ba\u011flant\u0131y\u0131 derhal kald\u0131raca\u011f\u0131z, ki bunu yapabiliriz.      <\/p>\n\n\n\n<p><strong>3. Telif hakk\u0131<br\/><\/strong>Bu web sitesinde yay\u0131nlanan i\u00e7erik, Alman telif hakk\u0131 ve yard\u0131mc\u0131 telif hakk\u0131 yasas\u0131na tabidir. Alman telif hakk\u0131 ve yard\u0131mc\u0131 telif hakk\u0131 yasas\u0131 taraf\u0131ndan izin verilmeyen her t\u00fcrl\u00fc kullan\u0131m, sa\u011flay\u0131c\u0131n\u0131n veya ilgili hak sahibinin \u00f6nceden yaz\u0131l\u0131 onay\u0131n\u0131 gerektirir. Bu \u00f6zellikle i\u00e7eri\u011fin veri tabanlar\u0131nda veya di\u011fer elektronik ortam ve sistemlerde \u00e7o\u011falt\u0131lmas\u0131, d\u00fczenlenmesi, terc\u00fcme edilmesi, depolanmas\u0131, i\u015flenmesi veya \u00e7o\u011falt\u0131lmas\u0131 i\u00e7in ge\u00e7erlidir. \u00dc\u00e7\u00fcnc\u00fc taraf i\u00e7eri\u011fi ve haklar\u0131 bu \u015fekilde etiketlenir. M\u00fcnferit i\u00e7eriklerin veya t\u00fcm sayfalar\u0131n izinsiz \u00e7o\u011falt\u0131lmas\u0131 veya da\u011f\u0131t\u0131lmas\u0131na izin verilmez ve kanunen cezaland\u0131r\u0131l\u0131r. Yaln\u0131zca ki\u015fisel, \u00f6zel ve ticari olmayan kullan\u0131m i\u00e7in kopyalar\u0131n \u00fcretilmesine ve indirilmesine izin verilir. Bu web sitesinin harici \u00e7er\u00e7eveler i\u00e7inde sunulmas\u0131na yaln\u0131zca yaz\u0131l\u0131 izin ile izin verilir.      <\/p>\n\n<\/div>","protected":false},"excerpt":{"rendered":"<p>K\u00fcnye Off University. Organisation f\u00fcr den Frieden e.V. Wilhelm-Kabus-Str. 2410829 Berlin E-posta: mail@offuniversity.orgWeb sitesi: offuniversity.orgSinyal: @offuniversity.17 Y\u00f6netim Kurulu\u2019ndaki yetkili temsilciler: &#8230; <a title=\"K\u00fcnye\" class=\"read-more\" href=\"https:\/\/offuniversity.org\/tr\/kunye\/\" aria-label=\"Read more about K\u00fcnye\">Read more<\/a><\/p>\n","protected":false},"author":1,"featured_media":0,"parent":0,"menu_order":0,"comment_status":"closed","ping_status":"closed","template":"","meta":{"footnotes":""},"class_list":{"0":"post-6839","1":"page","2":"type-page","3":"status-publish","5":"infinite-scroll-item"},"_links":{"self":[{"href":"https:\/\/offuniversity.org\/tr\/wp-json\/wp\/v2\/pages\/6839","targetHints":{"allow":["GET"]}}],"collection":[{"href":"https:\/\/offuniversity.org\/tr\/wp-json\/wp\/v2\/pages"}],"about":[{"href":"https:\/\/offuniversity.org\/tr\/wp-json\/wp\/v2\/types\/page"}],"author":[{"embeddable":true,"href":"https:\/\/offuniversity.org\/tr\/wp-json\/wp\/v2\/users\/1"}],"replies":[{"embeddable":true,"href":"https:\/\/offuniversity.org\/tr\/wp-json\/wp\/v2\/comments?post=6839"}],"version-history":[{"count":9,"href":"https:\/\/offuniversity.org\/tr\/wp-json\/wp\/v2\/pages\/6839\/revisions"}],"predecessor-version":[{"id":15329,"href":"https:\/\/offuniversity.org\/tr\/wp-json\/wp\/v2\/pages\/6839\/revisions\/15329"}],"wp:attachment":[{"href":"https:\/\/offuniversity.org\/tr\/wp-json\/wp\/v2\/media?parent=6839"}],"curies":[{"name":"wp","href":"https:\/\/api.w.org\/{rel}","templated":true}]}}