{"id":7422,"date":"2024-01-20T14:23:31","date_gmt":"2024-01-20T14:23:31","guid":{"rendered":"https:\/\/offuniversity.org\/yillik-raporlar\/"},"modified":"2025-11-10T10:48:50","modified_gmt":"2025-11-10T10:48:50","slug":"yillik-raporlar","status":"publish","type":"page","link":"https:\/\/offuniversity.org\/tr\/yillik-raporlar\/","title":{"rendered":"Y\u0131ll\u0131k Raporlar"},"content":{"rendered":"<div class=\"gb-container gb-container-b77e72e8\" id=\"features\">\n<div class=\"gb-container gb-container-6b469faf\">\n<div class=\"gb-grid-wrapper gb-grid-wrapper-3b248ea3\">\n<div class=\"gb-grid-column gb-grid-column-f07f8797\"><div class=\"gb-container gb-container-f07f8797\">\n\n<h1 class=\"gb-headline gb-headline-99b1deeb gb-headline-text\">Y\u0131ll\u0131k Raporlar.<\/h1>\n\n<\/div><\/div>\n\n<div class=\"gb-grid-column gb-grid-column-448dd3fe\"><div class=\"gb-container gb-container-448dd3fe\">\n<div class=\"gb-container gb-container-e26fd549\">\n\n<p>Off University&#8217;nin y\u0131ll\u0131k raporu, kurulu\u015fun \u015feffafl\u0131k ve dayan\u0131\u015fmaya olan sars\u0131lmaz ba\u011fl\u0131l\u0131\u011f\u0131n\u0131n bir kan\u0131t\u0131 niteli\u011findedir. 2017 y\u0131l\u0131nda \u00fclkelerini terketmek zorunda kalan T\u00fcrkiye&#8217;li akademisyenler ve onlarla dayan\u0131\u015fma i\u00e7inde olan Almanya&#8217;l\u0131 akademisyenler taraf\u0131ndan kurulan Off University, her zaman tam \u015feffafl\u0131\u011f\u0131 temel bir de\u011fer olarak benimsemi\u015ftir. Misyonumuz, yerinden edilmi\u015f akademisyenler ile hay\u0131rsever kurumlar aras\u0131nda k\u00f6pr\u00fc kurman\u0131n \u00f6tesine ge\u00e7mektedir. Akademik ortam\u0131 yeniden hayal eden bir destek a\u011f\u0131 olu\u015fturmay\u0131, ge\u00e7mi\u015f uygulamalar \u00fczerinde d\u00fc\u015f\u00fcnmek ve akademik \u00f6zg\u00fcrl\u00fc\u011f\u00fc ve i\u015fbirli\u011fini te\u015fvik etmek i\u00e7in yeni, daha etkili yollar geli\u015ftirmek i\u00e7in kolektif bir \u00e7abay\u0131 te\u015fvik etmeyi ama\u00e7lamaktad\u0131r.  <\/p>\n\n<\/div>\n<\/div><\/div>\n<\/div>\n<\/div>\n<\/div><div class=\"gb-container gb-container-887bb51a\">\n<div class=\"gb-grid-wrapper gb-grid-wrapper-27520c2f\">\n<div class=\"gb-grid-column gb-grid-column-ec0c0527\"><div class=\"gb-container gb-container-ec0c0527\"><a class=\"gb-container-link\" href=\"https:\/\/offuniversity.org\/wp-content\/uploads\/2025\/10\/Off_25_Annual_Report.pdf\" rel=\"noopener noreferrer\" target=\"_blank\"><\/a>\n\n<h4 class=\"gb-headline gb-headline-7f9c86a5 gb-headline-text\">Y\u0131ll\u0131k Rapor<\/h4>\n\n\n\n<h1 class=\"gb-headline gb-headline-ac919794 gb-headline-text\">2024<\/h1>\n\n<\/div><\/div>\n\n<div class=\"gb-grid-column gb-grid-column-e509578b\"><div class=\"gb-container gb-container-e509578b\"><a class=\"gb-container-link\" href=\"https:\/\/offuniversity.org\/wp-content\/uploads\/2025\/11\/Off-University_2023-2024_Annual_Report.pdf\" rel=\"noopener noreferrer\" target=\"_blank\"><\/a>\n\n<h4 class=\"gb-headline gb-headline-8ba90d19 gb-headline-text\">Y\u0131ll\u0131k Rapor<\/h4>\n\n\n\n<h1 class=\"gb-headline gb-headline-4bd8f818 gb-headline-text\">2023<\/h1>\n\n<\/div><\/div>\n\n<div class=\"gb-grid-column gb-grid-column-01c8ae31\"><div class=\"gb-container gb-container-01c8ae31\"><a class=\"gb-container-link\" href=\"https:\/\/offuniversity.org\/wp-content\/uploads\/2024\/10\/OffUniversity_2022-2023_Annual_Report.pdf\" rel=\"noopener noreferrer\" target=\"_blank\"><\/a>\n\n<h4 class=\"gb-headline gb-headline-8409585d gb-headline-text\">Y\u0131ll\u0131k Rapor<\/h4>\n\n\n\n<h1 class=\"gb-headline gb-headline-b5928487 gb-headline-text\">2022<\/h1>\n\n<\/div><\/div>\n\n<div class=\"gb-grid-column gb-grid-column-d6662518\"><div class=\"gb-container gb-container-d6662518\"><a class=\"gb-container-link\" href=\"https:\/\/offuniversity.org\/wp-content\/uploads\/2024\/11\/OffUniversity_2021-2022_Annual_Report.pdf\" rel=\"noopener noreferrer\" target=\"_blank\"><\/a>\n\n<h4 class=\"gb-headline gb-headline-7b9ec166 gb-headline-text\">Y\u0131ll\u0131k Rapor<\/h4>\n\n\n\n<h1 class=\"gb-headline gb-headline-f9259fe9 gb-headline-text\">2021<\/h1>\n\n<\/div><\/div>\n<\/div>\n<\/div>","protected":false},"excerpt":{"rendered":"","protected":false},"author":1,"featured_media":0,"parent":0,"menu_order":0,"comment_status":"closed","ping_status":"closed","template":"","meta":{"footnotes":""},"class_list":{"0":"post-7422","1":"page","2":"type-page","3":"status-publish","5":"infinite-scroll-item"},"_links":{"self":[{"href":"https:\/\/offuniversity.org\/tr\/wp-json\/wp\/v2\/pages\/7422","targetHints":{"allow":["GET"]}}],"collection":[{"href":"https:\/\/offuniversity.org\/tr\/wp-json\/wp\/v2\/pages"}],"about":[{"href":"https:\/\/offuniversity.org\/tr\/wp-json\/wp\/v2\/types\/page"}],"author":[{"embeddable":true,"href":"https:\/\/offuniversity.org\/tr\/wp-json\/wp\/v2\/users\/1"}],"replies":[{"embeddable":true,"href":"https:\/\/offuniversity.org\/tr\/wp-json\/wp\/v2\/comments?post=7422"}],"version-history":[{"count":9,"href":"https:\/\/offuniversity.org\/tr\/wp-json\/wp\/v2\/pages\/7422\/revisions"}],"predecessor-version":[{"id":14535,"href":"https:\/\/offuniversity.org\/tr\/wp-json\/wp\/v2\/pages\/7422\/revisions\/14535"}],"wp:attachment":[{"href":"https:\/\/offuniversity.org\/tr\/wp-json\/wp\/v2\/media?parent=7422"}],"curies":[{"name":"wp","href":"https:\/\/api.w.org\/{rel}","templated":true}]}}