{"id":7502,"date":"2024-10-16T11:42:32","date_gmt":"2024-10-16T11:42:32","guid":{"rendered":"https:\/\/offuniversity.org\/freedom-of-research\/yaratici-atolyeler\/"},"modified":"2024-10-21T08:38:46","modified_gmt":"2024-10-21T08:38:46","slug":"yaratici-atolyeler","status":"publish","type":"page","link":"https:\/\/offuniversity.org\/tr\/freedom-of-research\/yaratici-atolyeler\/","title":{"rendered":"Yarat\u0131c\u0131 At\u00f6lyeler"},"content":{"rendered":"<div class=\"gb-container gb-container-d59a8552\">\n<div class=\"gb-container gb-container-56a53359\">\n\n<h1 class=\"gb-headline gb-headline-69bba27c gb-headline-text\">AC\u0130L ARANIYOR:<\/h1>\n\n\n\n<h2 class=\"gb-headline gb-headline-55195d4d gb-headline-text\">Ara\u015ft\u0131rma ve \u00d6\u011frenme \u00d6zg\u00fcrl\u00fc\u011f\u00fc<\/h2>\n\n\n\n<h3 class=\"gb-headline gb-headline-1c2e4838 gb-headline-text\">yarat\u0131c\u0131 at\u00f6lye \u00e7al\u0131\u015fmalar\u0131<\/h3>\n\n<\/div>\n<\/div><section class=\"gb-container gb-container-48873ec1\">\n<div class=\"gb-container gb-container-077ffc1f\">\n\n<h2 class=\"gb-headline gb-headline-8853746e gb-headline-text\">\u00d6zg\u00fcrl\u00fc\u011f\u00fcn anlam\u0131n\u0131 ke\u015ffetmek<\/h2>\n\n\n\n<p>\u00d6zg\u00fcr ara\u015ft\u0131rma ve \u00f6\u011fretimin toplum ve her bir birey i\u00e7in ta\u015f\u0131d\u0131\u011f\u0131 de\u011fer, bunun tehlikeye girdi\u011fi durumlarda daha da belirginle\u015fir. Okul ve \u00fcniversite sekt\u00f6r\u00fcndeki siyasi bask\u0131, \u00f6tekile\u015ftirme, kesi\u015fimsel ayr\u0131mc\u0131l\u0131k veya e\u011fitimde se\u00e7enek eksikli\u011fi, bir\u00e7ok insan\u0131n Almanya&#8217;ya, \u00f6zellikle de Berlin&#8217;e gelmesinin temel nedenleridir. Bug\u00fcn bile Berlin&#8217;de e\u011fitim g\u00f6ren \u00f6\u011frencilerin neredeyse y\u00fczde 20&#8217;si Almanya&#8217;ya yeni gelmi\u015f ve bir\u00e7o\u011fu akademik \u00f6zg\u00fcrl\u00fc\u011f\u00fcn tehdit alt\u0131nda oldu\u011fu \u00fclkelerden geliyor.  <\/p>\n\n\n\n<p>Bu yeni gelenler i\u00e7in \u00f6zg\u00fcrl\u00fck ve akademik \u00f6zg\u00fcrl\u00fck ne anlama geliyor?\nAkademik \u00f6zg\u00fcrl\u00fck, mesleki e\u011fitim ve y\u00fcksek\u00f6\u011fretimden beklentileri nelerdir?\nBeklentileri kar\u015f\u0131lan\u0131yor mu, kar\u015f\u0131lanm\u0131yorsa neden kar\u015f\u0131lanm\u0131yor?  <\/p>\n\n\n\n<p>Projemizin merkezinde, ka\u00e7\u0131\u015f veya g\u00f6\u00e7 deneyimi ya\u015fam\u0131\u015f akademisyenler taraf\u0131ndan y\u00f6netilen ve &#8216;\u00f6zg\u00fcrl\u00fc\u011f\u00fcn&#8217; anlam\u0131n\u0131n ke\u015ffedildi\u011fi, ara\u015ft\u0131rmaya dayal\u0131 ve sanatsal bir ortak \u00fcretim s\u00fcreci yer almaktad\u0131r. Bu ara\u015ft\u0131rma temelli \u00f6\u011frenmenin sonu\u00e7lar\u0131 iki sanatsal formatta belgelenecektir &#8211; bir video ve bir radyo oyunu olarak. <\/p>\n\n\n\n<p>Artan siyasi bask\u0131, marjinalle\u015fme, ayr\u0131mc\u0131l\u0131k veya geldikleri \u00fclkedeki e\u011fitim ve \u00f6\u011fretim olanaklar\u0131n\u0131n yetersizli\u011fi gibi nedenlerle Almanya&#8217;ya ve \u00f6zellikle Berlin&#8217;e gelen 18-35 ya\u015f aras\u0131 yeni Berlinlilere ula\u015fmay\u0131 hedefliyoruz. Odak noktam\u0131z T\u00fcrkiye, Suriye, Hindistan, Afganistan, \u0130ran, Ukrayna ve Rusya gibi \u00fclkelerden gelen gen\u00e7 ara\u015ft\u0131rmac\u0131lar ve hen\u00fcz e\u011fitim g\u00f6rmeyen gen\u00e7 yeti\u015fkinlerdir. Ayr\u0131ca, Yeni Gelenlerin \u00f6zg\u00fcrl\u00fck fikirleri ve beklentileri \u00fczerine yapt\u0131\u011f\u0131m\u0131z ara\u015ft\u0131rman\u0131n sonu\u00e7lar\u0131n\u0131 kamuoyu ile payla\u015fmak ve \u00f6zg\u00fcrl\u00fck vaatlerinin yerine getirilmesinin \u00f6n\u00fcndeki engelleri belgelemek istiyoruz.  <\/p>\n\n\n\n<div style=\"height:40px\" aria-hidden=\"true\" class=\"wp-block-spacer\"><\/div>\n\n\n\n<p><em><strong>Acil Aran\u0131yor: \u00d6\u011frenme ve Ara\u015ft\u0131rma \u00d6zg\u00fcrl\u00fc\u011f\u00fc Off University e.V. ve <a href=\"https:\/\/replito.de\/\" target=\"_blank\" rel=\"noreferrer noopener nofollow\"> RePLITO (<em><strong><\/strong><\/em><\/a><em><strong><a href=\"https:\/\/replito.de\/\" target=\"_blank\" rel=\"noreferrer noopener nofollow\">Beyond Social Cohesion<\/a><\/strong><\/em>: Global Repertoires of Living Together)<\/strong> ,<strong> Department of Gender and Media Studies for the South Asian Region (GAMS), Institute for Asian and African Studies, Humboldt-Universit\u00e4t zu Berlin&#8217;in ortak bir projesidir.<br\/><\/strong><\/em><\/p>\n\n<\/div>\n<\/section><div class=\"gb-container gb-container-63c1209b\">\n<div class=\"gb-container gb-container-793dd7ed\">\n<div class=\"gb-container gb-container-d8683bf2\">\n\n<figure class=\"gb-block-image gb-block-image-34327eeb\"><img loading=\"lazy\" decoding=\"async\" width=\"878\" height=\"1241\" class=\"gb-image gb-image-34327eeb\" src=\"https:\/\/offuniversity.org\/wp-content\/uploads\/2024\/05\/WJ_video.jpg\" alt=\"'Acilen aran\u0131yor' ba\u015fl\u0131kl\u0131 poster: Ara\u015ft\u0131rma ve \u00d6\u011frenme \u00d6zg\u00fcrl\u00fc\u011f\u00fc'. 18-35 ya\u015f aras\u0131 yeni gelenlerin \u00f6zg\u00fcrl\u00fc\u011f\u00fcn anlam\u0131n\u0131 ke\u015ffetmelerini ama\u00e7layan bir video projesini tan\u0131t\u0131yor. Etkinlik tarihleri 15-16 Haziran ve 22-23 Haziran 2024, 11:00-17:00 aras\u0131. Arka plan a\u00e7\u0131k mor renkte ve belirgin pembe kurdele benzeri bir grafik i\u00e7eriyor. Sa\u011f alt k\u00f6\u015fede Federal E\u011fitim ve Ara\u015ft\u0131rma Bakanl\u0131\u011f\u0131'n\u0131n bir giri\u015fimi olan '2024 \u00d6zg\u00fcrl\u00fck Bilim Y\u0131l\u0131' logosu yer almaktad\u0131r. 'wissenschaftsjahr.de' URL'si sol altta yer almaktad\u0131r.\" title=\"WJ_video\" srcset=\"https:\/\/offuniversity.org\/wp-content\/uploads\/2024\/05\/WJ_video.jpg 878w, https:\/\/offuniversity.org\/wp-content\/uploads\/2024\/05\/WJ_video-212x300.jpg 212w, https:\/\/offuniversity.org\/wp-content\/uploads\/2024\/05\/WJ_video-724x1024.jpg 724w, https:\/\/offuniversity.org\/wp-content\/uploads\/2024\/05\/WJ_video-768x1086.jpg 768w\" sizes=\"auto, (max-width: 878px) 100vw, 878px\" \/><\/figure>\n\n<\/div>\n\n<div class=\"gb-container gb-container-587f27b5\">\n\n<h2 class=\"gb-headline gb-headline-4ab870fc gb-headline-text\">Video Projesi<\/h2>\n\n\n\n<h4 class=\"gb-headline gb-headline-3f7c0c2f gb-headline-text\">18-35 ya\u015f aras\u0131 yeni gelenlerin \u00f6zg\u00fcrl\u00fc\u011f\u00fcn anlam\u0131n\u0131 ke\u015ffetmeleri i\u00e7in<\/h4>\n\n\n<div class=\"gb-container gb-container-ec412c16\">\n<div class=\"gb-container gb-container-c29ebf03\">\n\n<p class=\"gb-headline gb-headline-3cc5c309 gb-headline-text\"><strong>Ne Beklemeli<\/strong><\/p>\n\n\n\n<ul style=\"font-size:16px\" class=\"wp-block-list\">\n<li>Birlikte ara\u015ft\u0131rd\u0131\u011f\u0131m\u0131z ve yaratt\u0131\u011f\u0131m\u0131z dinamik bir i\u015fbirli\u011fine kat\u0131l\u0131n.<\/li>\n\n\n\n<li>Deneyimli akademisyenler ve Yeni Gelen arkada\u015flar\u0131n\u0131zla i\u015fbirli\u011fi yap\u0131n.<\/li>\n\n\n\n<li>K\u0131sa bir video haz\u0131rlamak<\/li>\n\n\n\n<li>Mevcut anlat\u0131lara meydan okuyun ve \u00f6zg\u00fcrl\u00fc\u011f\u00fc yeniden tan\u0131mlay\u0131n.<\/li>\n<\/ul>\n\n<\/div>\n\n<div class=\"gb-container gb-container-608016b0\">\n\n<p class=\"gb-headline gb-headline-80fbca8c gb-headline-text\"><strong>Ne Gerekli<\/strong><\/p>\n\n\n\n<ul style=\"font-size:16px\" class=\"wp-block-list\">\n<li>18-35 ya\u015f aras\u0131nda olmak<\/li>\n\n\n\n<li>Halihaz\u0131rda bir Alman kurumuna kay\u0131tl\u0131 olan ve hen\u00fcz e\u011fitimde olmayan \u00f6\u011frencilere a\u00e7\u0131k<\/li>\n\n\n\n<li>Kat\u0131l\u0131mc\u0131lar\u0131n at\u00f6lyeye kat\u0131lmak i\u00e7in \u00f6nceden bilgi sahibi olmalar\u0131 gerekmemektedir. Tek \u00f6n ko\u015ful, kameral\u0131 bir ak\u0131ll\u0131 telefon getirmektir. <\/li>\n\n\n\n<li>Sadece temel \u0130ngilizceye ihtiyac\u0131n\u0131z var<\/li>\n\n\n\n<li>Kat\u0131l\u0131m \u00dcCRETS\u0130ZD\u0130R<\/li>\n<\/ul>\n\n<\/div>\n\n<div class=\"gb-container gb-container-6bbe544b\">\n\n<p class=\"gb-headline gb-headline-6446c053 gb-headline-text\"><strong>PROGRAM DETAYLARI<\/strong><\/p>\n\n\n\n<p class=\"gb-headline gb-headline-dbf17b9f gb-headline-text\">\u0130lk g\u00fcn video aktivizminin tarihini ve teorisini ke\u015ffedece\u011fiz, ikinci g\u00fcn ise film yap\u0131m\u0131n\u0131n teknik y\u00f6nlerine odaklanaca\u011f\u0131z. At\u00f6lyenin \u00fc\u00e7\u00fcnc\u00fc ve d\u00f6rd\u00fcnc\u00fc g\u00fcnleri \u00e7ekimlerin izlenmesi ve g\u00f6zden ge\u00e7irilmesi, kurgu i\u00e7in \u00e7ekimlerin s\u0131n\u0131fland\u0131r\u0131lmas\u0131 ve se\u00e7ilmesi ve kurgucunun da kat\u0131l\u0131m\u0131yla taslak bir kurgu \u00fczerinde birlikte \u00e7al\u0131\u015fmaya ayr\u0131lacak.<br>Kat\u0131l\u0131mc\u0131lar \u00e7e\u015fitli vesilelerle nihai \u00e7al\u0131\u015fman\u0131n sunumuna dahil olacaklar. <\/p>\n\n<\/div>\n\n<div class=\"gb-container gb-container-4e35ee75\">\n\n<p class=\"gb-headline gb-headline-5cce9cd9 gb-headline-text\"><strong>PROJE L\u0130DER\u0130<\/strong>: <a href=\"https:\/\/offuniversity.org\/tr\/nagehan-uskan\/\" target=\"_blank\" rel=\"noreferrer noopener\"><em>Nagehan Uskan<\/em><\/a><\/p>\n\n<\/div>\n\n<div class=\"gb-container gb-container-d0397841\">\n<div class=\"gb-grid-wrapper gb-grid-wrapper-07bbddac\">\n<div class=\"gb-grid-column gb-grid-column-062696eb\"><div class=\"gb-container gb-container-062696eb\">\n\n<h6 class=\"gb-headline gb-headline-b4d0e9b1 gb-headline-text\">Tarih:<\/h6>\n\n<\/div><\/div>\n\n<div class=\"gb-grid-column gb-grid-column-53629aff\"><div class=\"gb-container gb-container-53629aff\">\n\n<p class=\"has-text-align-right\" style=\"font-size:14px\">15-16 HAZI\u0307RAN \/ 22-23 HAZI\u0307RAN 2024<\/p>\n\n<\/div><\/div>\n\n<div class=\"gb-grid-column gb-grid-column-291dd2fa\"><div class=\"gb-container gb-container-291dd2fa\">\n\n<h6 class=\"gb-headline gb-headline-9c02bd0d gb-headline-text\">Saat:<\/h6>\n\n<\/div><\/div>\n\n<div class=\"gb-grid-column gb-grid-column-31c2937a\"><div class=\"gb-container gb-container-31c2937a\">\n\n<p class=\"has-text-align-right\" style=\"font-size:14px\">11:00 &#8211; 17:00<\/p>\n\n<\/div><\/div>\n\n<div class=\"gb-grid-column gb-grid-column-4abcdd9e\"><div class=\"gb-container gb-container-4abcdd9e\">\n\n<h6 class=\"gb-headline gb-headline-044dade1 gb-headline-text\">Yer:<\/h6>\n\n<\/div><\/div>\n\n<div class=\"gb-grid-column gb-grid-column-7ee4319a\"><div class=\"gb-container gb-container-7ee4319a\">\n\n<p class=\"has-text-align-right\" style=\"font-size:14px\">Sport-, Bildungs- und Kulturzentrum NaunynRitze<br\/>Naunynstrasse 63 10997, Berlin<\/p>\n\n<\/div><\/div>\n<\/div>\n<\/div>\n<\/div>\n<\/div>\n<\/div>\n\n<div class=\"gb-container gb-container-08dde87f\">\n<div class=\"gb-container gb-container-ecf7153b\">\n\n<figure class=\"gb-block-image gb-block-image-6680535c\"><img loading=\"lazy\" decoding=\"async\" width=\"878\" height=\"1241\" class=\"gb-image gb-image-6680535c\" src=\"https:\/\/offuniversity.org\/wp-content\/uploads\/2024\/06\/WJ_radio_1.jpg\" alt=\"'Acil aran\u0131yor' ba\u015fl\u0131kl\u0131 poster: Ara\u015ft\u0131rma ve \u00d6\u011frenme \u00d6zg\u00fcrl\u00fc\u011f\u00fc'. 18-35 ya\u015f aras\u0131 yeni gelenler i\u00e7in \u00f6zg\u00fcrl\u00fc\u011f\u00fcn anlam\u0131n\u0131 ke\u015ffetmeye y\u00f6nelik bir radyo oyunu projesini tan\u0131t\u0131yor. Etkinlik tarihleri 20-21 Haziran ve 4-5 Temmuz, 11:00-17:00 aras\u0131. Arka plan a\u00e7\u0131k mor ve belirgin pembe kurdele benzeri bir grafik. Sa\u011f alt k\u00f6\u015fede Federal E\u011fitim ve Ara\u015ft\u0131rma Bakanl\u0131\u011f\u0131'n\u0131n bir giri\u015fimi olan '2024 \u00d6zg\u00fcrl\u00fck Bilim Y\u0131l\u0131' logosu yer almaktad\u0131r. 'wissenschaftsjahr.de' URL'si sol altta yer almaktad\u0131r.\" title=\"OFF_FRL_Flyer_Radio\" srcset=\"https:\/\/offuniversity.org\/wp-content\/uploads\/2024\/06\/WJ_radio_1.jpg 878w, https:\/\/offuniversity.org\/wp-content\/uploads\/2024\/06\/WJ_radio_1-212x300.jpg 212w, https:\/\/offuniversity.org\/wp-content\/uploads\/2024\/06\/WJ_radio_1-724x1024.jpg 724w, https:\/\/offuniversity.org\/wp-content\/uploads\/2024\/06\/WJ_radio_1-768x1086.jpg 768w\" sizes=\"auto, (max-width: 878px) 100vw, 878px\" \/><\/figure>\n\n<\/div>\n\n<div class=\"gb-container gb-container-1a1bc181\">\n\n<h2 class=\"gb-headline gb-headline-f1d0993f gb-headline-text\">Radyo Oyunu Projesi &#8211; Podcast<\/h2>\n\n\n\n<h4 class=\"gb-headline gb-headline-0d4ff497 gb-headline-text\">18-35 ya\u015f aras\u0131 yeni gelenlerin \u00f6zg\u00fcrl\u00fc\u011f\u00fcn anlam\u0131n\u0131 ke\u015ffetmeleri i\u00e7in<\/h4>\n\n\n<div class=\"gb-container gb-container-f0079dbe\">\n<div class=\"gb-container gb-container-64eb7ef1\">\n\n<p class=\"gb-headline gb-headline-bfed4206 gb-headline-text\"><strong>Ne Beklemeli<\/strong><\/p>\n\n\n\n<ul style=\"font-size:16px\" class=\"wp-block-list\">\n<li>Birlikte ara\u015ft\u0131rd\u0131\u011f\u0131m\u0131z ve yaratt\u0131\u011f\u0131m\u0131z dinamik bir i\u015fbirli\u011fine kat\u0131l\u0131n.<\/li>\n\n\n\n<li>Deneyimli akademisyenler ve Yeni Gelen arkada\u015flar\u0131n\u0131zla i\u015fbirli\u011fi yap\u0131n.<\/li>\n\n\n\n<li>Bir radyo oyunu haz\u0131rlay\u0131n<\/li>\n\n\n\n<li>Mevcut anlat\u0131lara meydan okuyun ve \u00f6zg\u00fcrl\u00fc\u011f\u00fc yeniden tan\u0131mlay\u0131n.<\/li>\n<\/ul>\n\n<\/div>\n\n<div class=\"gb-container gb-container-cab65e7f\">\n\n<p class=\"gb-headline gb-headline-3d707454 gb-headline-text\"><strong>Ne Gerekli<\/strong><\/p>\n\n\n\n<ul style=\"font-size:16px\" class=\"wp-block-list\">\n<li>18-35 ya\u015f aras\u0131nda olmak<\/li>\n\n\n\n<li>Halihaz\u0131rda bir Alman kurumuna kay\u0131tl\u0131 olan ve hen\u00fcz e\u011fitimde olmayan \u00f6\u011frencilere a\u00e7\u0131k<\/li>\n\n\n\n<li>Kat\u0131l\u0131mc\u0131lar\u0131n at\u00f6lye \u00e7al\u0131\u015fmas\u0131na kat\u0131lmak i\u00e7in \u00f6nceden bilgi sahibi olmalar\u0131 gerekmemektedir. Tek \u00f6n ko\u015ful, ses kayd\u0131 i\u00e7in bir ak\u0131ll\u0131 telefon getirmektir.<\/li>\n\n\n\n<li>Sadece temel \u0130ngilizceye ihtiyac\u0131n\u0131z var<\/li>\n\n\n\n<li>Kat\u0131l\u0131m \u00dcCRETS\u0130ZD\u0130R<\/li>\n<\/ul>\n\n\n<div class=\"gb-container gb-container-878ea13c\">\n\n<p class=\"gb-headline gb-headline-af860878 gb-headline-text\"><strong>PROGRAM DETAYLARI<\/strong><\/p>\n\n\n\n<p class=\"gb-headline gb-headline-6b39e9bc gb-headline-text\">At\u00f6lyenin ilk blo\u011funda sesli hikaye anlat\u0131m\u0131n\u0131n g\u00fcc\u00fcn\u00fc ke\u015ffedecek, ilgilendi\u011fimiz temalar\u0131 tan\u0131mlayacak, sorgulama tekniklerini \u00f6\u011frenecek ve materyal toplayaca\u011f\u0131z. At\u00f6lyenin ikinci blo\u011fu dramaturjiyi geli\u015ftirmeye, ilk bloktaki hikaye anlat\u0131m\u0131n\u0131 kullanarak ek katmanlar ve sesler kaydetmeye, d\u00fczenleme ve mikslemeye ayr\u0131lacak.<\/p>\n\n<\/div>\n\n<div class=\"gb-container gb-container-d0e4eba7\">\n\n<p class=\"gb-headline gb-headline-c6b9a8b0 gb-headline-text\"><strong>PROJE L\u0130DER\u0130: <\/strong><a href=\"https:\/\/offuniversity.org\/tr\/anouschka-trocker\/\" target=\"_blank\" rel=\"noreferrer noopener\"><em>Anouschka Trocker<\/em><\/a><\/p>\n\n<\/div>\n<\/div>\n\n<div class=\"gb-container gb-container-53b0f885\">\n<div class=\"gb-grid-wrapper gb-grid-wrapper-26fa1ba9\">\n<div class=\"gb-grid-column gb-grid-column-404400cb\"><div class=\"gb-container gb-container-404400cb\">\n\n<h6 class=\"gb-headline gb-headline-4655d5ce gb-headline-text\">Tarih:<\/h6>\n\n<\/div><\/div>\n\n<div class=\"gb-grid-column gb-grid-column-9c0e8b96\"><div class=\"gb-container gb-container-9c0e8b96\">\n\n<p class=\"has-text-align-right\" style=\"font-size:14px\">20-21 HAZI\u0307RAN \/ 4-5 TEMMUZ 2024*<\/p>\n\n<\/div><\/div>\n\n<div class=\"gb-grid-column gb-grid-column-90d95cf9\"><div class=\"gb-container gb-container-90d95cf9\">\n\n<h6 class=\"gb-headline gb-headline-adfbacc2 gb-headline-text\">Saat:<\/h6>\n\n<\/div><\/div>\n\n<div class=\"gb-grid-column gb-grid-column-5d3876cf\"><div class=\"gb-container gb-container-5d3876cf\">\n\n<p class=\"has-text-align-right\" style=\"font-size:14px\">11:00 &#8211; 17:00<\/p>\n\n<\/div><\/div>\n\n<div class=\"gb-grid-column gb-grid-column-45a02c88\"><div class=\"gb-container gb-container-45a02c88\">\n\n<h6 class=\"gb-headline gb-headline-ac4bde89 gb-headline-text\">Yer:<\/h6>\n\n<\/div><\/div>\n\n<div class=\"gb-grid-column gb-grid-column-d65a1e75\"><div class=\"gb-container gb-container-d65a1e75\">\n\n<p class=\"has-text-align-right\" style=\"font-size:14px\">Hufelandstrasse 35 10407, Berlin<\/p>\n\n<\/div><\/div>\n<\/div>\n<\/div>\n<\/div>\n<\/div>\n<\/div>\n<\/div><div class=\"gb-container gb-container-5db80cbb\" id=\"features\">\n<div class=\"gb-container gb-container-44382512\">\n\n<h2 class=\"gb-headline gb-headline-bad2bf34 gb-headline-text\">Bu d\u00f6n\u00fc\u015ft\u00fcr\u00fcc\u00fc yolculu\u011fun bir par\u00e7as\u0131 olmak<br>ve at\u00f6lye \u00e7al\u0131\u015fmalar\u0131m\u0131zdaki yerinizi almak ister misiniz?<\/h2>\n\n\n<div class=\"gb-container gb-container-720b08f1\">\n<div class=\"gb-container gb-container-709ff996\">\n\n<a class=\"gb-button gb-button-3602307f gb-button-text rounded-icon\" href=\"mailto:art@offuniversity.org\">B\u0130ZE ULA\u015eIN<\/a>\n\n<\/div>\n<\/div>\n<\/div>\n<\/div><section class=\"gb-container gb-container-e542549a\">\n<div class=\"gb-container gb-container-0f10db52\">\n\n<h2 class=\"gb-headline gb-headline-b5d7c19d gb-headline-text\">Federal E\u011fitim ve Ara\u015ft\u0131rma Bakanl\u0131\u011f\u0131<br>Bilim Y\u0131l\u0131 2024 &#8211; \u00d6zg\u00fcrl\u00fck<\/h2>\n\n\n\n<p>Bilim Y\u0131l\u0131 2024&#8217;\u00fcn temas\u0131 \u00f6zg\u00fcrl\u00fckt\u00fcr. Bunun nedeni \u00f6zg\u00fcrl\u00fc\u011f\u00fcn temel bir de\u011fer olmas\u0131 ve g\u00fcn\u00fcm\u00fczde uzun zamand\u0131r hayal bile edilemeyecek \u015fekilde tehdit alt\u0131nda olmas\u0131d\u0131r. Bu nedenle 2024 Bilim Y\u0131l\u0131 \u00f6zg\u00fcrl\u00fc\u011f\u00fcn \u00e7e\u015fitli boyutlar\u0131na odaklanmaktad\u0131r. \u00d6zg\u00fcrl\u00fck tam olarak nedir? \u00d6zg\u00fcrl\u00fck ve demokrasi birbiriyle ba\u011flant\u0131l\u0131 m\u0131d\u0131r? \u00d6zg\u00fcrl\u00fck nerede ba\u015flar? Kat\u0131l\u0131m i\u00e7in \u00e7ok \u00e7e\u015fitli f\u0131rsatlar sunan Bilim Y\u0131l\u0131, \u00f6zg\u00fcrl\u00fck, onun de\u011feri ve anlam\u0131 hakk\u0131nda nesiller aras\u0131 tart\u0131\u015fmalar i\u00e7in bir \u00e7er\u00e7eve sunuyor &#8211; birbirimizle ve bilimle. Bug\u00fcn, yar\u0131n ve d\u00fcnya \u00e7ap\u0131nda \u00f6zg\u00fcrl\u00fck hakk\u0131nda.       <\/p>\n\n\n\n<p>Bilim Y\u0131l\u0131, Federal E\u011fitim ve Ara\u015ft\u0131rma Bakanl\u0131\u011f\u0131&#8217;n\u0131n (BMBF) Wissenschaft im Dialog (WiD) ile birlikte y\u00fcr\u00fctt\u00fc\u011f\u00fc bir giri\u015fimdir.<\/p>\n\n<\/div>\n<\/section><div class=\"gb-container gb-container-af16f68b\">\n<div class=\"gb-container gb-container-ae08ae1e\">\n<div class=\"gb-grid-wrapper gb-grid-wrapper-2bf5ddb7\">\n<div class=\"gb-grid-column gb-grid-column-a4b5cd2e\"><div class=\"gb-container gb-container-a4b5cd2e light-mobile\">\n\n<figure class=\"wp-block-image size-full\"><a href=\"https:\/\/www.bmbf.de\/bmbf\/en\/home\/home_node.html\" target=\"_blank\" rel=\"noreferrer noopener\"><img loading=\"lazy\" decoding=\"async\" width=\"402\" height=\"343\" src=\"https:\/\/offuniversity.org\/wp-content\/uploads\/2024\/05\/internet_in_farbe_en.jpg\" alt=\"\" class=\"wp-image-5918\" srcset=\"https:\/\/offuniversity.org\/wp-content\/uploads\/2024\/05\/internet_in_farbe_en.jpg 402w, https:\/\/offuniversity.org\/wp-content\/uploads\/2024\/05\/internet_in_farbe_en-300x256.jpg 300w\" sizes=\"auto, (max-width: 402px) 100vw, 402px\" \/><\/a><\/figure>\n\n<\/div><\/div>\n\n<div class=\"gb-grid-column gb-grid-column-2189687a\"><div class=\"gb-container gb-container-2189687a light-mobile\">\n\n<figure class=\"wp-block-image size-full\"><a href=\"https:\/\/www.wissenschaftsjahr.de\/2024\/\" target=\"_blank\" rel=\"noreferrer noopener\"><img loading=\"lazy\" decoding=\"async\" width=\"896\" height=\"609\" src=\"https:\/\/offuniversity.org\/wp-content\/uploads\/2024\/05\/WJ24_Logo_Standard_Digital_EN.png\" alt=\"\" class=\"wp-image-5921\" srcset=\"https:\/\/offuniversity.org\/wp-content\/uploads\/2024\/05\/WJ24_Logo_Standard_Digital_EN.png 896w, https:\/\/offuniversity.org\/wp-content\/uploads\/2024\/05\/WJ24_Logo_Standard_Digital_EN-300x204.png 300w, https:\/\/offuniversity.org\/wp-content\/uploads\/2024\/05\/WJ24_Logo_Standard_Digital_EN-768x522.png 768w\" sizes=\"auto, (max-width: 896px) 100vw, 896px\" \/><\/a><\/figure>\n\n<\/div><\/div>\n\n<div class=\"gb-grid-column gb-grid-column-6a373d73\"><div class=\"gb-container gb-container-6a373d73 light-mobile \">\n\n<figure class=\"wp-block-image size-full is-resized\"><a href=\"https:\/\/replito.de\/\" target=\"_blank\" rel=\"noreferrer noopener\"><img loading=\"lazy\" decoding=\"async\" width=\"720\" height=\"720\" src=\"https:\/\/offuniversity.org\/wp-content\/uploads\/2024\/02\/Replito.png\" alt=\"\" class=\"wp-image-2815\" style=\"width:auto;height:280px\" srcset=\"https:\/\/offuniversity.org\/wp-content\/uploads\/2024\/02\/Replito.png 720w, https:\/\/offuniversity.org\/wp-content\/uploads\/2024\/02\/Replito-300x300.png 300w, https:\/\/offuniversity.org\/wp-content\/uploads\/2024\/02\/Replito-150x150.png 150w\" sizes=\"auto, (max-width: 720px) 100vw, 720px\" \/><\/a><\/figure>\n\n<\/div><\/div>\n\n<div class=\"gb-grid-column gb-grid-column-ab014ab9\"><div class=\"gb-container gb-container-ab014ab9 light-mobile \">\n\n<figure class=\"wp-block-image size-large is-resized is-style-rounded\"><img loading=\"lazy\" decoding=\"async\" width=\"1024\" height=\"557\" src=\"https:\/\/offuniversity.org\/wp-content\/uploads\/2024\/05\/TurningTables-1024x557.png\" alt=\"\" class=\"wp-image-6030\" style=\"width:342px;height:auto\" srcset=\"https:\/\/offuniversity.org\/wp-content\/uploads\/2024\/05\/TurningTables-1024x557.png 1024w, https:\/\/offuniversity.org\/wp-content\/uploads\/2024\/05\/TurningTables-300x163.png 300w, https:\/\/offuniversity.org\/wp-content\/uploads\/2024\/05\/TurningTables-768x418.png 768w, https:\/\/offuniversity.org\/wp-content\/uploads\/2024\/05\/TurningTables-1536x836.png 1536w, https:\/\/offuniversity.org\/wp-content\/uploads\/2024\/05\/TurningTables-2048x1115.png 2048w\" sizes=\"auto, (max-width: 1024px) 100vw, 1024px\" \/><figcaption class=\"wp-element-caption\">Video projesi i\u00e7in mekan sa\u011flay\u0131c\u0131<\/figcaption><\/figure>\n\n<\/div><\/div>\n<\/div>\n<\/div>\n<\/div>","protected":false},"excerpt":{"rendered":"<p>AC\u0130L ARANIYOR: Ara\u015ft\u0131rma ve \u00d6\u011frenme \u00d6zg\u00fcrl\u00fc\u011f\u00fc yarat\u0131c\u0131 at\u00f6lye \u00e7al\u0131\u015fmalar\u0131 \u00d6zg\u00fcrl\u00fc\u011f\u00fcn anlam\u0131n\u0131 ke\u015ffetmek \u00d6zg\u00fcr ara\u015ft\u0131rma ve \u00f6\u011fretimin toplum ve her bir &#8230; <a title=\"Yarat\u0131c\u0131 At\u00f6lyeler\" class=\"read-more\" href=\"https:\/\/offuniversity.org\/tr\/freedom-of-research\/yaratici-atolyeler\/\" aria-label=\"Read more about Yarat\u0131c\u0131 At\u00f6lyeler\">Read more<\/a><\/p>\n","protected":false},"author":1,"featured_media":0,"parent":5804,"menu_order":0,"comment_status":"closed","ping_status":"closed","template":"","meta":{"footnotes":""},"class_list":{"0":"post-7502","1":"page","2":"type-page","3":"status-publish","5":"infinite-scroll-item"},"_links":{"self":[{"href":"https:\/\/offuniversity.org\/tr\/wp-json\/wp\/v2\/pages\/7502","targetHints":{"allow":["GET"]}}],"collection":[{"href":"https:\/\/offuniversity.org\/tr\/wp-json\/wp\/v2\/pages"}],"about":[{"href":"https:\/\/offuniversity.org\/tr\/wp-json\/wp\/v2\/types\/page"}],"author":[{"embeddable":true,"href":"https:\/\/offuniversity.org\/tr\/wp-json\/wp\/v2\/users\/1"}],"replies":[{"embeddable":true,"href":"https:\/\/offuniversity.org\/tr\/wp-json\/wp\/v2\/comments?post=7502"}],"version-history":[{"count":1,"href":"https:\/\/offuniversity.org\/tr\/wp-json\/wp\/v2\/pages\/7502\/revisions"}],"predecessor-version":[{"id":7503,"href":"https:\/\/offuniversity.org\/tr\/wp-json\/wp\/v2\/pages\/7502\/revisions\/7503"}],"up":[{"embeddable":true,"href":"https:\/\/offuniversity.org\/tr\/wp-json\/wp\/v2\/pages\/5804"}],"wp:attachment":[{"href":"https:\/\/offuniversity.org\/tr\/wp-json\/wp\/v2\/media?parent=7502"}],"curies":[{"name":"wp","href":"https:\/\/api.w.org\/{rel}","templated":true}]}}