{"id":7855,"date":"2024-11-14T09:44:26","date_gmt":"2024-11-14T09:44:26","guid":{"rendered":"https:\/\/offuniversity.org\/sss\/"},"modified":"2024-12-18T10:02:12","modified_gmt":"2024-12-18T10:02:12","slug":"sss","status":"publish","type":"page","link":"https:\/\/offuniversity.org\/tr\/sss\/","title":{"rendered":"SSS"},"content":{"rendered":"<div class=\"gb-container gb-container-6508c824\">\n<div class=\"gb-container gb-container-d78cceab\">\n\n<h1 class=\"gb-headline gb-headline-c706d0d5 gb-headline-text underline\">S\u0131k\u00e7a Sorulan Sorular<\/h1>\n\n<\/div>\n<\/div><div class=\"gb-container gb-container-8b5af224\">\n<div class=\"gb-container gb-container-78e71ca5\">\n\n<h4 class=\"gb-headline gb-headline-7c6fa51a gb-headline-text\" id=\"courses-faq\"> Derslere Kay\u0131t Hakk\u0131nda<\/h4>\n\n\n<div class=\"gb-container gb-container-a0dc929a gb-accordion\">\n<div class=\"gb-container gb-container-5a040b46 gb-accordion__item\" data-transition=\"slide\">\n\n<button class=\"gb-button gb-button-74e5cef3 gb-accordion__toggle\" id=\"gb-accordion-toggle-74e5cef3\"><span class=\"gb-button-text\">Almak istedi\u011fim dersin ev sahibi \u00fcniversitesinde \u00f6\u011frenci de\u011filim. Yine de derse kat\u0131labilir miyim? <\/span><span class=\"gb-icon\"><svg xmlns=\"http:\/\/www.w3.org\/2000\/svg\" viewbox=\"0 0 448 512\" width=\"1em\" height=\"1em\" aria-hidden=\"true\" role=\"img\" class=\"gb-accordion__icon\"><path d=\"M207.029 381.476L12.686 187.132c-9.373-9.373-9.373-24.569 0-33.941l22.667-22.667c9.357-9.357 24.522-9.375 33.901-.04L224 284.505l154.745-154.021c9.379-9.335 24.544-9.317 33.901.04l22.667 22.667c9.373 9.373 9.373 24.569 0 33.941L240.971 381.476c-9.373 9.372-24.569 9.372-33.942 0z\" fill=\"var(--global-color-11)\"><\/path><\/svg><svg xmlns=\"http:\/\/www.w3.org\/2000\/svg\" viewbox=\"0 0 448 512\" width=\"1em\" height=\"1em\" aria-hidden=\"true\" role=\"img\" class=\"gb-accordion__icon-open\"><path d=\"M240.971 130.524l194.343 194.343c9.373 9.373 9.373 24.569 0 33.941l-22.667 22.667c-9.357 9.357-24.522 9.375-33.901.04L224 227.495 69.255 381.516c-9.379 9.335-24.544 9.317-33.901-.04l-22.667-22.667c-9.373-9.373-9.373-24.569 0-33.941L207.03 130.525c9.372-9.373 24.568-9.373 33.941-.001z\" fill=\"var(--global-color-11)\"><\/path><\/svg><\/span><\/button>\n\n\n<div id=\"gb-accordion-content-e5180803\" class=\"gb-accordion__content\"><div class=\"gb-container gb-container-e5180803\">\n\n<p>Off University dersler \u00fccretsiz ve herkese a\u00e7\u0131kt\u0131r. Herhangi bir \u00fcniversitede kay\u0131tl\u0131 \u00f6\u011frenci olman\u0131z gerekmez ve dersler adresimize kaydolmak i\u00e7in ge\u00e7mi\u015finizi veya e\u011fitim seviyenizi kan\u0131tlaman\u0131z gerekmez. <\/p>\n\n<\/div><\/div>\n<\/div>\n\n<div class=\"gb-container gb-container-954bfb9b gb-accordion__item\" data-transition=\"slide\">\n\n<button class=\"gb-button gb-button-0c567fff gb-accordion__toggle\" id=\"gb-accordion-toggle-0c567fff\"><span class=\"gb-button-text\">Bu ders i\u00e7in AKTS kredisi almak istemiyorum, yine de kay\u0131t olabilir miyim? \u00d6devleri takip etmek zorunda m\u0131y\u0131m? <\/span><span class=\"gb-icon\"><svg xmlns=\"http:\/\/www.w3.org\/2000\/svg\" viewbox=\"0 0 448 512\" width=\"1em\" height=\"1em\" aria-hidden=\"true\" role=\"img\" class=\"gb-accordion__icon\"><path d=\"M207.029 381.476L12.686 187.132c-9.373-9.373-9.373-24.569 0-33.941l22.667-22.667c9.357-9.357 24.522-9.375 33.901-.04L224 284.505l154.745-154.021c9.379-9.335 24.544-9.317 33.901.04l22.667 22.667c9.373 9.373 9.373 24.569 0 33.941L240.971 381.476c-9.373 9.372-24.569 9.372-33.942 0z\" fill=\"var(--global-color-11)\"><\/path><\/svg><svg xmlns=\"http:\/\/www.w3.org\/2000\/svg\" viewbox=\"0 0 448 512\" width=\"1em\" height=\"1em\" aria-hidden=\"true\" role=\"img\" class=\"gb-accordion__icon-open\"><path d=\"M240.971 130.524l194.343 194.343c9.373 9.373 9.373 24.569 0 33.941l-22.667 22.667c-9.357 9.357-24.522 9.375-33.901.04L224 227.495 69.255 381.516c-9.379 9.335-24.544 9.317-33.901-.04l-22.667-22.667c-9.373-9.373-9.373-24.569 0-33.941L207.03 130.525c9.372-9.373 24.568-9.373 33.941-.001z\" fill=\"var(--global-color-11)\"><\/path><\/svg><\/span><\/button>\n\n\n<div id=\"gb-accordion-content-6f431b03\" class=\"gb-accordion__content\"><div class=\"gb-container gb-container-6f431b03\">\n\n<p>Motivasyonunuz ve akreditasyon alma amac\u0131n\u0131z ne olursa olsun Off University dersler adresine kay\u0131t olabilirsiniz. Ancak, \u00f6\u011frenme deneyiminizi destekleyece\u011fi i\u00e7in \u00f6devler ve sorumluluklar da dahil olmak \u00fczere ders program\u0131n\u0131 takip etmenizi \u00f6neririz. <\/p>\n\n<\/div><\/div>\n<\/div>\n\n<div class=\"gb-container gb-container-8c1e370c gb-accordion__item\" data-transition=\"slide\">\n\n<button class=\"gb-button gb-button-d04f5a49 gb-accordion__toggle\" id=\"gb-accordion-toggle-d04f5a49\"><span class=\"gb-button-text\">Derslere kat\u0131lmak istiyorum, oturumlara kat\u0131lmak i\u00e7in ba\u011flant\u0131y\u0131 nas\u0131l alaca\u011f\u0131m?<\/span><span class=\"gb-icon\"><svg xmlns=\"http:\/\/www.w3.org\/2000\/svg\" viewbox=\"0 0 448 512\" width=\"1em\" height=\"1em\" aria-hidden=\"true\" role=\"img\" class=\"gb-accordion__icon\"><path d=\"M207.029 381.476L12.686 187.132c-9.373-9.373-9.373-24.569 0-33.941l22.667-22.667c9.357-9.357 24.522-9.375 33.901-.04L224 284.505l154.745-154.021c9.379-9.335 24.544-9.317 33.901.04l22.667 22.667c9.373 9.373 9.373 24.569 0 33.941L240.971 381.476c-9.373 9.372-24.569 9.372-33.942 0z\" fill=\"var(--global-color-11)\"><\/path><\/svg><svg xmlns=\"http:\/\/www.w3.org\/2000\/svg\" viewbox=\"0 0 448 512\" width=\"1em\" height=\"1em\" aria-hidden=\"true\" role=\"img\" class=\"gb-accordion__icon-open\"><path d=\"M240.971 130.524l194.343 194.343c9.373 9.373 9.373 24.569 0 33.941l-22.667 22.667c-9.357 9.357-24.522 9.375-33.901.04L224 227.495 69.255 381.516c-9.379 9.335-24.544 9.317-33.901-.04l-22.667-22.667c-9.373-9.373-9.373-24.569 0-33.941L207.03 130.525c9.372-9.373 24.568-9.373 33.941-.001z\" fill=\"var(--global-color-11)\"><\/path><\/svg><\/span><\/button>\n\n\n<div id=\"gb-accordion-content-2a01110a\" class=\"gb-accordion__content\"><div class=\"gb-container gb-container-2a01110a\">\n\n<p>Haftal\u0131k oturumlar i\u00e7in ba\u011flant\u0131 payla\u015fm\u0131yoruz. Off University dersler , dijital g\u00fcvenli\u011finizin \u00f6ncelikli oldu\u011fu Off University Moodle&#8217;da yer almaktad\u0131r. Kay\u0131t olmak, haftal\u0131k oturumlara, e\u011fitmenler taraf\u0131ndan sa\u011flanan ders materyallerine eri\u015fmek ve ba\u015far\u0131l\u0131 bir \u015fekilde tamamland\u0131\u011f\u0131nda sertifika talep etmek i\u00e7in bir hesaba ihtiyac\u0131n\u0131z vard\u0131r.  <\/p>\n\n<\/div><\/div>\n<\/div>\n\n<div class=\"gb-container gb-container-6a6058cb gb-accordion__item\" data-transition=\"slide\">\n\n<button class=\"gb-button gb-button-948b264a gb-accordion__toggle\" id=\"gb-accordion-toggle-948b264a\"><span class=\"gb-button-text\">Aktivasyon e-postas\u0131n\u0131 almad\u0131m. Off University Moodle hesab\u0131m\u0131 nas\u0131l aktive edebilirim? <\/span><span class=\"gb-icon\"><svg xmlns=\"http:\/\/www.w3.org\/2000\/svg\" viewbox=\"0 0 448 512\" width=\"1em\" height=\"1em\" aria-hidden=\"true\" role=\"img\" class=\"gb-accordion__icon\"><path d=\"M207.029 381.476L12.686 187.132c-9.373-9.373-9.373-24.569 0-33.941l22.667-22.667c9.357-9.357 24.522-9.375 33.901-.04L224 284.505l154.745-154.021c9.379-9.335 24.544-9.317 33.901.04l22.667 22.667c9.373 9.373 9.373 24.569 0 33.941L240.971 381.476c-9.373 9.372-24.569 9.372-33.942 0z\" fill=\"var(--global-color-11)\"><\/path><\/svg><svg xmlns=\"http:\/\/www.w3.org\/2000\/svg\" viewbox=\"0 0 448 512\" width=\"1em\" height=\"1em\" aria-hidden=\"true\" role=\"img\" class=\"gb-accordion__icon-open\"><path d=\"M240.971 130.524l194.343 194.343c9.373 9.373 9.373 24.569 0 33.941l-22.667 22.667c-9.357 9.357-24.522 9.375-33.901.04L224 227.495 69.255 381.516c-9.379 9.335-24.544 9.317-33.901-.04l-22.667-22.667c-9.373-9.373-9.373-24.569 0-33.941L207.03 130.525c9.372-9.373 24.568-9.373 33.941-.001z\" fill=\"var(--global-color-11)\"><\/path><\/svg><\/span><\/button>\n\n\n<div id=\"gb-accordion-content-50f955a3\" class=\"gb-accordion__content\"><div class=\"gb-container gb-container-50f955a3\">\n\n<p>Off University Moodle hesab\u0131n\u0131z\u0131 olu\u015fturmak i\u00e7in sahte bir e-posta adresi kullanman\u0131z\u0131 tavsiye ederiz. Yeni hesaplar\u0131 d\u00fczenli olarak kendimiz etkinle\u015ftiriyoruz. Ger\u00e7ek e-posta adresinizi kullansan\u0131z ve aktivasyon e-postas\u0131n\u0131 almasan\u0131z bile, hesab\u0131n\u0131z hafta i\u00e7i 24 saat i\u00e7inde etkinle\u015ftirilecektir. L\u00fctfen kullan\u0131c\u0131 ad\u0131n\u0131z\u0131 ve \u015fifrenizi g\u00fcvenli bir yere not edin ve daha sonra tekrar giri\u015f yapmay\u0131 deneyin.   <\/p>\n\n<\/div><\/div>\n<\/div>\n\n<div class=\"gb-container gb-container-33c4e543 gb-accordion__item\" id=\"privacy-five\" data-transition=\"slide\">\n\n<button class=\"gb-button gb-button-83d5cf1c gb-accordion__toggle\" id=\"gb-accordion-toggle-83d5cf1c\"><span class=\"gb-button-text\">Dijital g\u00fcvenli\u011fim konusunda endi\u015felerim var. dersler adresini Off University ile almak benim i\u00e7in bir risk olu\u015fturur mu? <\/span><span class=\"gb-icon\"><svg xmlns=\"http:\/\/www.w3.org\/2000\/svg\" viewbox=\"0 0 448 512\" width=\"1em\" height=\"1em\" aria-hidden=\"true\" role=\"img\" class=\"gb-accordion__icon\"><path d=\"M207.029 381.476L12.686 187.132c-9.373-9.373-9.373-24.569 0-33.941l22.667-22.667c9.357-9.357 24.522-9.375 33.901-.04L224 284.505l154.745-154.021c9.379-9.335 24.544-9.317 33.901.04l22.667 22.667c9.373 9.373 9.373 24.569 0 33.941L240.971 381.476c-9.373 9.372-24.569 9.372-33.942 0z\" fill=\"var(--global-color-11)\"><\/path><\/svg><svg xmlns=\"http:\/\/www.w3.org\/2000\/svg\" viewbox=\"0 0 448 512\" width=\"1em\" height=\"1em\" aria-hidden=\"true\" role=\"img\" class=\"gb-accordion__icon-open\"><path d=\"M240.971 130.524l194.343 194.343c9.373 9.373 9.373 24.569 0 33.941l-22.667 22.667c-9.357 9.357-24.522 9.375-33.901.04L224 227.495 69.255 381.516c-9.379 9.335-24.544 9.317-33.901-.04l-22.667-22.667c-9.373-9.373-9.373-24.569 0-33.941L207.03 130.525c9.372-9.373 24.568-9.373 33.941-.001z\" fill=\"var(--global-color-11)\"><\/path><\/svg><\/span><\/button>\n\n\n<div id=\"gb-accordion-content-d5570b78\" class=\"gb-accordion__content\"><div class=\"gb-container gb-container-d5570b78\">\n\n<p>Off University kendisini otoriter rejimlere kar\u015f\u0131 bir direni\u015f alan\u0131 olarak g\u00f6rmektedir. \u00c7evrimi\u00e7i derslerimizde, en savunmas\u0131z durumdaki \u00f6\u011frencilerimiz i\u00e7in m\u00fcmk\u00fcn oldu\u011funca g\u00fcvenli bir \u00f6\u011frenme ortam\u0131 yaratmay\u0131 ama\u00e7l\u0131yoruz kat\u0131l\u0131mc\u0131lar. <\/p>\n\n\n\n<p>L\u00fctfen Off University Moodle hesab\u0131n\u0131z\u0131 sahte bir isim ve e-posta adresi ile olu\u015fturun. Ki\u015fisel bilgilerinizi kimseyle payla\u015fman\u0131z gerekmemektedir ve e-posta yoluyla ileti\u015fim kurmak \u00f6zel olmad\u0131\u011f\u0131 i\u00e7in e-posta ileti\u015fimi te\u015fvik edilmemektedir. Sertifika s\u00fcrecinde, \u00f6\u011frenci tasar\u0131mc\u0131s\u0131 sertifikan\u0131z\u0131 haz\u0131rlamak \u00fczere ki\u015fisel bilgilerinizi istemek i\u00e7in sizinle do\u011frudan Off University Moodle \u00fczerinden ileti\u015fime ge\u00e7ecektir. L\u00fctfen bilgilerinizi yaln\u0131zca Off University Moodle \u00fczerinden iletin. \u00d6z-dijital savunma hakk\u0131nda daha fazla bilgi edinmek i\u00e7in, sorular\u0131n\u0131z ve endi\u015feleriniz i\u00e7in \u00f6\u011frenci tasar\u0131mc\u0131s\u0131yla ileti\u015fime ge\u00e7ebilirsiniz.    <\/p>\n\n<\/div><\/div>\n<\/div>\n<\/div>\n<\/div>\n<\/div><div class=\"gb-container gb-container-5a0664f7\">\n<div class=\"gb-container gb-container-12abf257\">\n\n<h4 class=\"gb-headline gb-headline-ce6e3aa3 gb-headline-text\" id=\"courses-faq\"> Ders Vermek Hakk\u0131nda<\/h4>\n\n\n<div class=\"gb-container gb-container-8d72be81 gb-accordion\">\n<div class=\"gb-container gb-container-6f562b87 gb-accordion__item\" data-transition=\"slide\">\n\n<button class=\"gb-button gb-button-8781547c gb-accordion__toggle\" id=\"gb-accordion-toggle-8781547c\"><span class=\"gb-button-text\">Kendi g\u00fcvenli\u011fim veya ailemin g\u00fcvenli\u011fi konusunda endi\u015feliyim. Ders verebilir miyim? <\/span><span class=\"gb-icon\"><svg xmlns=\"http:\/\/www.w3.org\/2000\/svg\" viewbox=\"0 0 448 512\" width=\"1em\" height=\"1em\" aria-hidden=\"true\" role=\"img\" class=\"gb-accordion__icon\"><path d=\"M207.029 381.476L12.686 187.132c-9.373-9.373-9.373-24.569 0-33.941l22.667-22.667c9.357-9.357 24.522-9.375 33.901-.04L224 284.505l154.745-154.021c9.379-9.335 24.544-9.317 33.901.04l22.667 22.667c9.373 9.373 9.373 24.569 0 33.941L240.971 381.476c-9.373 9.372-24.569 9.372-33.942 0z\" fill=\"var(--global-color-11)\"><\/path><\/svg><svg xmlns=\"http:\/\/www.w3.org\/2000\/svg\" viewbox=\"0 0 448 512\" width=\"1em\" height=\"1em\" aria-hidden=\"true\" role=\"img\" class=\"gb-accordion__icon-open\"><path d=\"M240.971 130.524l194.343 194.343c9.373 9.373 9.373 24.569 0 33.941l-22.667 22.667c-9.357 9.357-24.522 9.375-33.901.04L224 227.495 69.255 381.516c-9.379 9.335-24.544 9.317-33.901-.04l-22.667-22.667c-9.373-9.373-9.373-24.569 0-33.941L207.03 130.525c9.372-9.373 24.568-9.373 33.941-.001z\" fill=\"var(--global-color-11)\"><\/path><\/svg><\/span><\/button>\n\n\n<div id=\"gb-accordion-content-16e68df3\" class=\"gb-accordion__content\"><div class=\"gb-container gb-container-16e68df3\">\n\n<p>G\u00fcvenlik stratejimize g\u00f6re hi\u00e7kimse derslere ger\u00e7ek ismiyle kat\u0131lmak zorunda de\u011fildir. Sizinle \u00e7evrimi\u00e7i bir seminer d\u00fczenlemeye karar verirsek, seminerden \u00f6nce bireysel bir risk durumu de\u011ferlendirmesi yapar ve akademisyenleri g\u00fcvende tutacak \u00f6nlemler \u00fczerinde anla\u015f\u0131r\u0131z. Bu, \u00f6rne\u011fin, derslere takma ad ile kat\u0131lmay\u0131 i\u00e7erebilir.  <\/p>\n\n<\/div><\/div>\n<\/div>\n\n<div class=\"gb-container gb-container-96d984ae gb-accordion__item\" data-transition=\"slide\">\n\n<button class=\"gb-button gb-button-aa5d0484 gb-accordion__toggle\" id=\"gb-accordion-toggle-aa5d0484\"><span class=\"gb-button-text\">Ya\u015fad\u0131\u011f\u0131m yerde sabit bir internet ba\u011flant\u0131m yok. Ders verebilir miyim? <\/span><span class=\"gb-icon\"><svg xmlns=\"http:\/\/www.w3.org\/2000\/svg\" viewbox=\"0 0 448 512\" width=\"1em\" height=\"1em\" aria-hidden=\"true\" role=\"img\" class=\"gb-accordion__icon\"><path d=\"M207.029 381.476L12.686 187.132c-9.373-9.373-9.373-24.569 0-33.941l22.667-22.667c9.357-9.357 24.522-9.375 33.901-.04L224 284.505l154.745-154.021c9.379-9.335 24.544-9.317 33.901.04l22.667 22.667c9.373 9.373 9.373 24.569 0 33.941L240.971 381.476c-9.373 9.372-24.569 9.372-33.942 0z\" fill=\"var(--global-color-11)\"><\/path><\/svg><svg xmlns=\"http:\/\/www.w3.org\/2000\/svg\" viewbox=\"0 0 448 512\" width=\"1em\" height=\"1em\" aria-hidden=\"true\" role=\"img\" class=\"gb-accordion__icon-open\"><path d=\"M240.971 130.524l194.343 194.343c9.373 9.373 9.373 24.569 0 33.941l-22.667 22.667c-9.357 9.357-24.522 9.375-33.901.04L224 227.495 69.255 381.516c-9.379 9.335-24.544 9.317-33.901-.04l-22.667-22.667c-9.373-9.373-9.373-24.569 0-33.941L207.03 130.525c9.372-9.373 24.568-9.373 33.941-.001z\" fill=\"var(--global-color-11)\"><\/path><\/svg><\/span><\/button>\n\n\n<div id=\"gb-accordion-content-8a3118bc\" class=\"gb-accordion__content\"><div class=\"gb-container gb-container-8a3118bc\">\n\n<p>Derslerimiz akademisyenler ve kat\u0131l\u0131mc\u0131lar aras\u0131nda fikir al\u0131\u015fveri\u015fi yaratmay\u0131 ama\u00e7l\u0131yor. E\u011fer bir ba\u011flant\u0131 sorununuz varsa, ders kat\u0131l\u0131mc\u0131lar\u0131 da ayn\u0131 sorunu yar\u015f\u0131yor olacakt\u0131r. Bu durumda, dersin format\u0131n\u0131 buna g\u00f6re ad\u00fczenler, e\u015fzamanl\u0131 olarak \u00e7evrimi\u00e7i s\u00fcreyi azalt\u0131r ve akademisyenlerin ve kat\u0131l\u0131mc\u0131lar\u0131n ihtiya\u00e7lar\u0131na uygun \u00f6\u011frenme faaliyetleri geli\u015ftirebiliriz.  <\/p>\n\n<\/div><\/div>\n<\/div>\n<\/div>\n<\/div>\n<\/div>","protected":false},"excerpt":{"rendered":"<p>S\u0131k\u00e7a Sorulan Sorular Derslere Kay\u0131t Hakk\u0131nda Off University dersler \u00fccretsiz ve herkese a\u00e7\u0131kt\u0131r. Herhangi bir \u00fcniversitede kay\u0131tl\u0131 \u00f6\u011frenci olman\u0131z gerekmez &#8230; <a title=\"SSS\" class=\"read-more\" href=\"https:\/\/offuniversity.org\/tr\/sss\/\" aria-label=\"Read more about SSS\">Read more<\/a><\/p>\n","protected":false},"author":1,"featured_media":0,"parent":0,"menu_order":0,"comment_status":"closed","ping_status":"closed","template":"","meta":{"footnotes":""},"class_list":{"0":"post-7855","1":"page","2":"type-page","3":"status-publish","5":"infinite-scroll-item"},"_links":{"self":[{"href":"https:\/\/offuniversity.org\/tr\/wp-json\/wp\/v2\/pages\/7855","targetHints":{"allow":["GET"]}}],"collection":[{"href":"https:\/\/offuniversity.org\/tr\/wp-json\/wp\/v2\/pages"}],"about":[{"href":"https:\/\/offuniversity.org\/tr\/wp-json\/wp\/v2\/types\/page"}],"author":[{"embeddable":true,"href":"https:\/\/offuniversity.org\/tr\/wp-json\/wp\/v2\/users\/1"}],"replies":[{"embeddable":true,"href":"https:\/\/offuniversity.org\/tr\/wp-json\/wp\/v2\/comments?post=7855"}],"version-history":[{"count":7,"href":"https:\/\/offuniversity.org\/tr\/wp-json\/wp\/v2\/pages\/7855\/revisions"}],"predecessor-version":[{"id":8079,"href":"https:\/\/offuniversity.org\/tr\/wp-json\/wp\/v2\/pages\/7855\/revisions\/8079"}],"wp:attachment":[{"href":"https:\/\/offuniversity.org\/tr\/wp-json\/wp\/v2\/media?parent=7855"}],"curies":[{"name":"wp","href":"https:\/\/api.w.org\/{rel}","templated":true}]}}