{"id":9679,"date":"2025-03-11T09:09:15","date_gmt":"2025-03-11T09:09:15","guid":{"rendered":"https:\/\/offuniversity.org\/current-courses\/ekranda-kast\/"},"modified":"2025-03-17T13:31:13","modified_gmt":"2025-03-17T13:31:13","slug":"ekranda-kast","status":"publish","type":"page","link":"https:\/\/offuniversity.org\/tr\/courses\/ekranda-kast\/","title":{"rendered":"Ekranda Kast"},"content":{"rendered":"<div class=\"gb-container gb-container-a662079b\">\n<div class=\"gb-grid-wrapper gb-grid-wrapper-7b60fd04\">\n<div class=\"gb-grid-column gb-grid-column-e0d64d06\"><div class=\"gb-container gb-container-e0d64d06\">\n\n<h2 class=\"gb-headline gb-headline-98bef43c gb-headline-text\">Ekranda Kast<\/h2>\n\n\n\n<h4 class=\"gb-headline gb-headline-b1648cf9 gb-headline-text\"><em>Hint Sinemas\u0131 ve \u00c7a\u011fda\u015f Hindistan&#8217;\u0131n Olu\u015fumu<\/em><\/h4>\n\n\n<div class=\"gb-container gb-container-3a30ea48 gb-tabs\" data-opened-tab=\"1\">\n<div class=\"gb-container gb-container-84f8d681 gb-tabs__buttons\">\n\n<button class=\"gb-button gb-button-a79c01e0 gb-button-text gb-tabs__button gb-block-is-current\" id=\"gb-tab-button-a79c01e0\">Genel Bak\u0131\u015f<\/button>\n\n\n\n<button class=\"gb-button gb-button-727c53ee gb-button-text gb-tabs__button\" id=\"gb-tab-button-727c53ee\">\u00d6\u011frenme \u00c7\u0131kt\u0131lar\u0131<\/button>\n\n\n\n<button class=\"gb-button gb-button-bfd101b8 gb-button-text gb-tabs__button\" id=\"gb-tab-button-bfd101b8\">Ders Plan\u0131<\/button>\n\n\n\n<button class=\"gb-button gb-button-409f8afd gb-button-text gb-tabs__button\" id=\"gb-tab-button-409f8afd\">E\u011fitmen<\/button>\n\n\n\n<button class=\"gb-button gb-button-3b444de6 gb-button-text gb-tabs__button\" id=\"gb-tab-button-3b444de6\">Sertifikasyon<\/button>\n\n\n\n<button class=\"gb-button gb-button-b350bafb gb-button-text gb-tabs__button\" id=\"gb-tab-button-b350bafb\">Kay\u0131t<\/button>\n\n<\/div>\n\n<div class=\"gb-container gb-container-7f59097b gb-tabs__items\">\n<div class=\"gb-container gb-container-f5c5f721 gb-tabs__item gb-tabs__item-open\" id=\"gb-tab-item-f5c5f721\">\n\n<h4 class=\"gb-headline gb-headline-68c7fb24 gb-headline-text\">Genel Bak\u0131\u015f<\/h4>\n\n\n\n<p>Bu ders, kast sisteminin G\u00fcney Asya\u2019daki, \u00f6zellikle Hindistan\u2019daki \u00e7a\u011fda\u015f toplumlar\u0131 \u015fekillendirmedeki karma\u015f\u0131k rol\u00fcn\u00fc incelemektedir. Kast temelli dinamiklerin, Dalitlere (kelime anlam\u0131yla \u201cezilenler\u201d, kast sisteminin en alt\u0131ndaki toplumsal kesim), toplumsal cinsiyet bask\u0131s\u0131na, topluluklar aras\u0131 gerilimlere, milliyet\u00e7ili\u011fe, otoriterli\u011fe ve az\u0131nl\u0131klara y\u00f6nelik zulme nas\u0131l katk\u0131da bulundu\u011funu ele al\u0131r. Bu ders, kast\u0131n Hint sinemas\u0131ndaki varl\u0131\u011f\u0131n\u0131 ve yoklu\u011funu hem kurmaca filmler hem de belgeseller arac\u0131l\u0131\u011f\u0131yla inceleyerek, sineman\u0131n bu toplumsal yap\u0131lar\u0131 nas\u0131l yans\u0131tt\u0131\u011f\u0131n\u0131 ve etkiledi\u011fini ara\u015ft\u0131r\u0131r. <\/p>\n\n\n\n<p>M\u00fcfredat \u00fc\u00e7 ana mod\u00fclden olu\u015fmaktad\u0131r: (i) Kast sisteminin tarihini ve s\u00fcreklili\u011fini ke\u015ffetmek, (ii) Sinema ve g\u00f6rsel k\u00fclt\u00fcr\u00fc kast temsili ba\u011flam\u0131nda analiz etmek, (iii) Kast hiyerar\u015filerine meydan okuyan kar\u015f\u0131t kast hareketlerini ve ele\u015ftirel sinema giri\u015fimlerini incelemek. Her ders, Hint filmlerinde kast temalar\u0131n\u0131 nas\u0131l i\u015fledi\u011fini g\u00f6stermek amac\u0131yla se\u00e7ilmi\u015f film kesitleri i\u00e7erecektir.    <\/p>\n\n\n\n<p>Bu ders, hem konuyla yeni tan\u0131\u015fan \u00f6\u011frenciler i\u00e7in temel bilgiler sa\u011flamay\u0131 hem de konuya daha ileri d\u00fczeyde hakim olanlar i\u00e7in derinlemesine bir anlay\u0131\u015f sunmay\u0131 ama\u00e7lamaktad\u0131r.<\/p>\n\n<\/div>\n\n<div class=\"gb-container gb-container-1d112162 gb-tabs__item\" id=\"gb-tab-item-1d112162\">\n\n<h4 class=\"gb-headline gb-headline-59db816a gb-headline-text\">\u00d6\u011frenme \u00c7\u0131kt\u0131lar\u0131<\/h4>\n\n\n\n<p><strong><strong><strong>Bu ders, a\u015fa\u011f\u0131daki konular hakk\u0131nda genel bir anlay\u0131\u015f kazand\u0131rmay\u0131 ama\u00e7lamaktad\u0131r:<\/strong><\/strong><\/strong><\/p>\n\n\n\n<ul class=\"wp-block-list\">\n<li>Hint Sinemas\u0131n\u0131, Hindistan\u2019daki kast sistemi ba\u011flam\u0131nda analiz etmek<\/li>\n\n\n\n<li>Kast sisteminin i\u015fleyi\u015f mekanizmas\u0131n\u0131 anlamak<\/li>\n\n\n\n<li>Kast ile toplumsal cinsiyet ve dini az\u0131nl\u0131klar aras\u0131ndaki ili\u015fkiyi incelemek<\/li>\n<\/ul>\n\n\n\n<p><strong><strong><strong><strong>Dersi ba\u015far\u0131yla tamamlayan \u00f6\u011frenciler:<\/strong><\/strong><\/strong><\/strong><\/p>\n\n\n\n<ul class=\"wp-block-list\">\n<li>Kast\u0131n Hint sinemas\u0131nda nas\u0131l temsil edildi\u011fini veya nas\u0131l g\u00f6z ard\u0131 edildi\u011fini anlayabilecek<\/li>\n\n\n\n<li>Hint sinemas\u0131n\u0131n kast ve toplumsal cinsiyet a\u00e7\u0131s\u0131ndan nas\u0131l bir ara\u00e7 olarak i\u015fledi\u011fini ve nas\u0131l direni\u015f g\u00f6sterdi\u011fini kavrayabilecek<\/li>\n\n\n\n<li>Kast ger\u00e7e\u011fini ele alan Hint sinemas\u0131ndaki yeni e\u011filimleri daha iyi \u00f6\u011frenebilecek<\/li>\n\n\n\n<li>Otoriter rejim, kast toplumu, ataerkillik, \u00e7o\u011funluk\u00e7uluk ve sinema bir araya geldi\u011finde neler ya\u015fand\u0131\u011f\u0131n\u0131 analiz edebilecektir.<\/li>\n<\/ul>\n\n<\/div>\n\n<div class=\"gb-container gb-container-79414423 gb-tabs__item\" id=\"gb-tab-item-79414423\">\n\n<h4 class=\"gb-headline gb-headline-28db6432 gb-headline-text\">Ders Plan\u0131<\/h4>\n\n\n\n<p class=\"gb-headline gb-headline-466aa37c gb-headline-text\">1. Hafta \u2013 24 Nisan 2025<br>Ekranda Kast: Tarih ve Y\u00f6ntemler<\/p>\n\n\n\n<ul class=\"wp-block-list\">\n<li>Kast sistemine giri\u015f<\/li>\n\n\n\n<li>Kast\u0131n tarihsel evrim s\u00fcrecine k\u0131sa bir bak\u0131\u015f<\/li>\n\n\n\n<li>Hindistan toplumunu ve k\u00fclt\u00fcr\u00fcn\u00fc anlamak i\u00e7in kast\u0131 kavraman\u0131n gereklili\u011fi ve \u00f6nemi<\/li>\n\n\n\n<li>Kast\u0131n g\u00fcncel siyaset ve ideoloji \u00fczerindeki etkisi.<\/li>\n<\/ul>\n\n\n\n<p class=\"gb-headline gb-headline-f34a3198 gb-headline-text\">2. Hafta \u2013 22 May\u0131s 2025<br>Kast\u0131 Ekrana Yans\u0131tmak: Yakla\u015f\u0131mlar ve Y\u00f6ntemler<\/p>\n\n\n\n<ul class=\"wp-block-list\">\n<li>Sinema \u00e7al\u0131\u015fmalar\u0131 ve farkl\u0131 bak\u0131\u015f a\u00e7\u0131lar\u0131n\u0131n analizi<\/li>\n\n\n\n<li>Sinemay\u0131 bir ara\u00e7 olarak sorgulamak<\/li>\n<\/ul>\n\n\n\n<p class=\"gb-headline gb-headline-a81e65c1 gb-headline-text\">3. Hafta \u2013 5 Haziran 2025<br>Dokunulmazl\u0131k ve \u00d6tesi<\/p>\n\n\n\n<ul class=\"wp-block-list\">\n<li>Dokunulmazl\u0131k kavram\u0131 ve kast sistemi i\u00e7indeki belirleyici rol\u00fc<\/li>\n\n\n\n<li>Duyulara dair kayg\u0131lar: dokunma, g\u00f6rme, koku alma ve beden alg\u0131s\u0131<\/li>\n<\/ul>\n\n\n\n<p class=\"gb-headline gb-headline-5d6a6dd7 gb-headline-text\">4. Hafta \u2013 12 Haziran 2025<br>Kast Toplumunun Toplumsal Cinsiyete Dayal\u0131 Kayg\u0131lar\u0131<\/p>\n\n\n\n<ul class=\"wp-block-list\">\n<li>B.R. Ambedkar\u2019\u0131n tarihsel rol\u00fc<\/li>\n\n\n\n<li>Hint filmlerinde Ambedkar\u2019\u0131n temsili<\/li>\n\n\n\n<li>Ambedkar: sadece bir portre mi, yoksa \u00f6zg\u00fcrle\u015fme i\u00e7in bir \u00e7er\u00e7eve mi?<\/li>\n<\/ul>\n\n\n\n<p class=\"gb-headline gb-headline-e41e4748 gb-headline-text\">5. Hafta \u2013 19 Haziran 2025<br>Kast Toplumunun Toplumsal Cinsiyete Dayal\u0131 Kayg\u0131lar\u0131<\/p>\n\n\n\n<ul class=\"wp-block-list\">\n<li>Hint filmlerinde a\u015fk, ili\u015fkiler ve aile temsilleri<\/li>\n\n\n\n<li>Feminist perspektifler ve Hint sinemas\u0131nda kast\/kar\u015f\u0131-kast hareketleri<\/li>\n<\/ul>\n\n\n\n<p class=\"gb-headline gb-headline-4028166f gb-headline-text\">6. Hafta \u2013 26 Haziran 2025<br>Kast ve \u00d6teki<\/p>\n\n\n\n<ul class=\"wp-block-list\">\n<li>Kast sisteminin sosyal ve dini az\u0131nl\u0131klarla ili\u015fkisi<\/li>\n\n\n\n<li>Sineman\u0131n bu fay hatlar\u0131n\u0131 harekete ge\u00e7irme bi\u00e7imleri<\/li>\n<\/ul>\n\n\n\n<p class=\"gb-headline gb-headline-7b0065e1 gb-headline-text\">7. Hafta \u2013 3 Temmuz 2025<br>Brahman Olmayan \u0130zleyicili\u011fi Yeniden \u0130n\u015fa Etmek<\/p>\n\n\n\n<ul class=\"wp-block-list\">\n<li>\u0130zleyicinin rol\u00fcn\u00fc sorgulamak ve analiz etmek<\/li>\n\n\n\n<li>Hint sinema pratiklerinden do\u011fan yeni g\u00f6rme bi\u00e7imleri<\/li>\n<\/ul>\n\n\n\n<p class=\"gb-headline gb-headline-d3019f2c gb-headline-text\">8. Hafta \u2013 10 Temmuz 2025<br>Film G\u00f6sterimi, Genel De\u011ferlendirme ve Sonu\u00e7lar<\/p>\n\n\n\n<ul class=\"wp-block-list\">\n<li>Sinema yoluyla kasta kar\u015f\u0131 direni\u015f<\/li>\n\n\n\n<li>Yeni bak\u0131\u015f a\u00e7\u0131lar\u0131n\u0131n, yeni bir toplumu hayal etmek i\u00e7in kritik rol\u00fc<\/li>\n\n\n\n<li>\u00d6z-ele\u015ftirel bir perspektifle sineman\u0131n rol\u00fcn\u00fc de\u011ferlendirme<\/li>\n<\/ul>\n\n<\/div>\n\n<div class=\"gb-container gb-container-76c32fff gb-tabs__item\" id=\"gb-tab-item-76c32fff\">\n<div class=\"gb-container gb-container-e16d3ebf\">\n\n<h4 class=\"gb-headline gb-headline-69822906 gb-headline-text\">E\u011fitmen<\/h4>\n\n\n<div class=\"gb-container gb-container-20181dea\">\n\n<h4 class=\"gb-headline gb-headline-b2b82fc9 gb-headline-text\"><strong><a href=\"https:\/\/offuniversity.org\/tr\/faculty\/haque\/\" target=\"_blank\" rel=\"noreferrer noopener\">Reyazul Haque<\/a><\/strong><\/h4>\n\n\n\n<p>Reyazul Haque, y\u00fcksek lisans ve M.Phil. derecelerini Sanat ve Estetik Fak\u00fcltesi&#8217;nde tamamlam\u0131\u015f olup, akademik ilgi alanlar\u0131 Ambedkarc\u0131 ve Brechtyen d\u00f6n\u00fc\u015f\u00fcm y\u00f6ntemleri etraf\u0131nda \u015fekillenmi\u015ftir. \u0130spanyol dili lisans\u0131na sahip olan Haque, ayn\u0131 zamanda bir tiyatro sanat\u00e7\u0131s\u0131d\u0131r. Hindistan\u2019daki prestijli medya ve yay\u0131nevlerinde gazeteci ve edit\u00f6r olarak \u00e7al\u0131\u015fm\u0131\u015ft\u0131r. Akademik kariyerinde, Leibniz-Zentrum Moderner Orient (ZMO) b\u00fcnyesinde akademik ara\u015ft\u0131rmac\u0131 olarak g\u00f6rev alm\u0131\u015f ve \u015fu anda Do\u011fu Almanya Haber Filmlerinde Hindistan\u2019\u0131n Temsili \u00fczerine doktora tezini s\u00fcrd\u00fcrmektedir. Haque, Arundhati Roy ve Anand Teltumbde ba\u015fta olmak \u00fczere bir\u00e7ok \u00f6nemli yazar\u0131 d\u00fczenli olarak \u00e7evirmektedir.<\/p>\n\n<\/div>\n<\/div>\n<\/div>\n\n<div class=\"gb-container gb-container-aeb47937 gb-tabs__item\" id=\"gb-tab-item-aeb47937\">\n<div class=\"gb-container gb-container-ead45f5d\">\n\n<h4 class=\"gb-headline gb-headline-bb62c5d8 gb-headline-text\">Sertifikasyon<\/h4>\n\n\n\n<p>Bu ders <strong>Humboldt-University Berlin <\/strong> taraf\u0131ndan d\u00fczenlenmekte ve ba\u015far\u0131yla tamamland\u0131\u011f\u0131nda <strong> <strong>3 AKTS<\/strong><\/strong><em> (seminer kat\u0131l\u0131m\u0131nda) <\/em><strong><strong>+<\/strong><\/strong> <strong><strong> 4 AKTS <\/strong><\/strong><em>(s\u0131nav)<\/em> ile sertifikaland\u0131r\u0131lmaktad\u0131r<\/p>\n\n\n\n<p>L\u00fctfen ders program\u0131n\u0131 ve ders gerekliliklerini kontrol edin ve bu ders i\u00e7in sertifika alma talebinizi e\u011fitmen(ler)inize bildirin. <\/p>\n\n\n\n<p>Ders program\u0131n\u0131 <a href=\"https:\/\/moodle.offuniversity.org\/\" target=\"_blank\" rel=\"noreferrer noopener\"><strong>Moodle<\/strong><\/a> ders sayfas\u0131nda bulabilirsiniz. <\/p>\n\n\n\n<p>D\u00f6nem sonunda, e\u011fitmenler \u00f6\u011frenme tasar\u0131mc\u0131s\u0131n\u0131 talebiniz ve notunuz hakk\u0131nda bilgilendirecektir. \u00dcniversite sekreteryas\u0131 ile birlikte d\u00fczenlenen sertifikan\u0131n haz\u0131rlanmas\u0131 8 haftay\u0131 bulabilmektedir.<\/p>\n\n<\/div>\n<\/div>\n\n<div class=\"gb-container gb-container-ca0f3555 gb-tabs__item\" id=\"gb-tab-item-ca0f3555\">\n<div class=\"gb-container gb-container-405640a6\">\n\n<h4 class=\"gb-headline gb-headline-491fe663 gb-headline-text\">Kay\u0131t<\/h4>\n\n\n\n<p>Derslerimiz <strong><a href=\"https:\/\/moodle.offuniversity.org\/\" data-type=\"link\" data-id=\"https:\/\/moodle.offuniversity.org\/\" target=\"_blank\" rel=\"noreferrer noopener\">Moodle<\/a><\/strong> dijital \u00f6\u011frenme platformunda ger\u00e7ekle\u015fiyor. <strong><a href=\"https:\/\/moodle.offuniversity.org\/\" data-type=\"link\" data-id=\"https:\/\/moodle.offuniversity.org\/\" target=\"_blank\" rel=\"noreferrer noopener\">Moodle<\/a><\/strong>da hesab\u0131n\u0131z\u0131 olu\u015fturmadan \u00f6nce kendinizin ve ba\u015fkalar\u0131n\u0131n dijital g\u00fcvenli\u011fi i\u00e7in baz\u0131 notlar\u0131m\u0131z var:<\/p>\n\n\n\n<ul class=\"wp-block-list\">\n<li>Kay\u0131t olurken rumuz kullanabilirsiniz. Sald\u0131rgan, \u0131rk\u00e7\u0131 veya cinsiyet\u00e7i imalar i\u00e7eren rumuzlar kabul edilmeyecektir.  <\/li>\n\n\n\n<li>Platform d\u0131\u015f\u0131ndaki ileti\u015fim \u00f6zel de\u011fildir. Farkl\u0131 nedenlerle anonim kalmak isteyen ki\u015filerle bir dayan\u0131\u015fma eylemidir. L\u00fctfen ba\u015fkalar\u0131yla ileti\u015fim kurmak i\u00e7in g\u00fcvenli platformumuzu kullan\u0131n ve onlar\u0131n ileti\u015fim kanal\u0131 se\u00e7imlerine sayg\u0131 g\u00f6sterin.  <\/li>\n\n\n\n<li>Kat\u0131l\u0131mc\u0131lar birlikte kapsay\u0131c\u0131 bir \u00f6\u011frenme ortam\u0131 yaratmay\u0131 ve kendimizi daha kapsay\u0131c\u0131 bir dille e\u011fitmeyi hedefliyoruz. Birbirinizden bir \u015feyler \u00f6\u011frenmek i\u00e7in istekli ve ho\u015fg\u00f6r\u00fcl\u00fc olun ve her t\u00fcrl\u00fc ayr\u0131mc\u0131 dile meydan okuyun. Daha fazla bilgi i\u00e7in <a href=\"https:\/\/nasaa-arts.org\/nasaa_research\/inclusive-language-guide\/\" target=\"_blank\" rel=\"noreferrer noopener\"><strong>buraya<\/strong><\/a> g\u00f6z atabilirsiniz.  <\/li>\n<\/ul>\n\n\n\n<hr class=\"wp-block-separator has-text-color has-accent-3-color has-alpha-channel-opacity has-accent-3-background-color has-background is-style-wide\"\/>\n\n\n<div class=\"gb-container gb-container-1b648ecd\">\n\n<h5 class=\"gb-headline gb-headline-3b8eb288 gb-headline-text\">Moodle&#8217;da yeni bir hesap olu\u015fturma ve bir derse kaydolmak<\/h5>\n\n\n\n<p class=\"has-base-background-color has-background\">1. Ba\u011flant\u0131 sizi <a href=\"https:\/\/moodle.offuniversity.org\/\" target=\"_blank\" rel=\"noreferrer noopener\"> <strong>Off University Moodle<\/strong><\/a> anasayfas\u0131na g\u00f6t\u00fcrecek.<\/p>\n\n\n\n<p class=\"has-base-background-color has-background\">2. Sayfan\u0131n sa\u011f \u00fcst taraf\u0131ndaki &#8220;Oturum A\u00e7&#8221; d\u00fc\u011fmesine t\u0131klay\u0131n.<br\/><a href=\"https:\/\/moodle.offuniversity.org\/\" target=\"_blank\" rel=\"noreferrer noopener\"><strong>Off University Moodle<\/strong><\/a> <em>adresinde bir hesab\u0131n\u0131z varsa<\/em> <em>l\u00fctfen giri\u015f yap\u0131n ve<\/em> <strong><a href=\"#ckm-register-seven\" data-type=\"internal\" data-id=\"#ckm-register-seven\">7. ad\u0131mdan<\/a><\/strong><em> devam edin.<\/em><\/p>\n\n\n\n<p class=\"has-base-background-color has-background\">3. \u201c<strong>Yeni hesap olu\u015fturmak<\/strong>\u201d i\u00e7in a\u015fa\u011f\u0131 kayd\u0131r\u0131n ve butona t\u0131klay\u0131n.<\/p>\n\n\n\n<p class=\"has-base-background-color has-background\">4. L\u00fctfen <strong>*gerekli <\/strong>alanlar\u0131 doldurun. <br\/><em>Kimli\u011finizi korumak ve g\u00fcvenli\u011finizi art\u0131rmak i\u00e7in ger\u00e7ek isminizi kullanmak zorunda olmad\u0131\u011f\u0131n\u0131z\u0131 hat\u0131rlatmak isteriz. Bir takma ad, <strong>name@example.org<\/strong> gibi do\u011fru olmayan bir e-posta adresi girebilirsiniz. L\u00fctfen kullan\u0131c\u0131 ad\u0131n\u0131z\u0131 ve \u015fifrenizi g\u00fcvenli bir yere not edin.  <\/em><\/p>\n\n\n\n<p class=\"has-base-background-color has-background\">5. Hesab\u0131n\u0131z\u0131 olu\u015fturduktan sonra, devam etmek i\u00e7in l\u00fctfen bir sonraki i\u015f g\u00fcn\u00fcne kadar bekleyin.<br\/><em>Hesab\u0131n\u0131z\u0131n Off University taraf\u0131ndan etkinle\u015ftirilmesi gerekiyor. Hesab\u0131n\u0131z\u0131 etkinle\u015ftirmek i\u00e7in biraz zamana ihtiyac\u0131m\u0131z olacak. Bu i\u015flem hafta i\u00e7i 24 saate kadar, hafta sonu ise daha uzun s\u00fcrebilir.  <\/em><\/p>\n\n\n\n<p class=\"has-base-background-color has-background\">6. Hesab\u0131n\u0131z\u0131n etkinle\u015ftirildi\u011fini teyit etmek i\u00e7in l\u00fctfen giri\u015f yap\u0131n. Giri\u015f yapt\u0131ktan sonra, Moodle&#8217;\u0131n ana sayfas\u0131nda g\u00fcncel derslerimizi g\u00f6rebilecek ve ders ba\u015fl\u0131\u011f\u0131na t\u0131klayarak kay\u0131t olabileceksiniz. <\/p>\n\n\n\n<p class=\"has-base-background-color has-background\" id=\"ckm-register-seven\">7. Art\u0131k ders sayfas\u0131n\u0131 ke\u015ffedebilirsiniz. Sayfadaki ilk \u00f6\u011fe olan Genel, ders program\u0131n\u0131 ve duyurular\u0131 i\u00e7erir. Dersinizle ilgili g\u00fcncel bilgileri takip etmek i\u00e7in l\u00fctfen bu duyurular\u0131 takip edin.  <\/p>\n\n<\/div>\n<\/div>\n<\/div>\n<\/div>\n<\/div>\n<\/div><\/div>\n\n<div class=\"gb-grid-column gb-grid-column-bc3fa32e\"><div class=\"gb-container gb-container-bc3fa32e\">\n<div class=\"gb-container gb-container-fca37e75\">\n\n<figure class=\"wp-block-image size-large\"><img loading=\"lazy\" decoding=\"async\" width=\"1024\" height=\"576\" src=\"https:\/\/offuniversity.org\/wp-content\/uploads\/2025\/03\/COS-1024x576.jpg\" alt=\"Sar&#x131; ve ye&#x15F;il renk d&#xFC;zenine sahip bir ders duyuru kart&#x131;. Ders ba&#x15F;l&#x131;&#x11F;&#x131;, 'Ekranda Kast: Hint Sinemas&#x131; ve &#xC7;a&#x11F;da&#x15F; Hindistan'&#x131;n Olu&#x15F;umu' kal&#x131;n harflerle g&#xF6;sterilmi&#x15F; ve e&#x11F;itmenler Reyazul Haque ve Nadja-Christina Schneider a&#x15F;a&#x11F;&#x131;da listelenmi&#x15F;tir. Ders 24 Nisan - 17 Temmuz 2025 tarihleri aras&#x131;nda Per&#x15F;embe g&#xFC;nleri TS&#x130; 14:00'te ger&#xE7;ekle&#x15F;tirilecektir. Humboldt-Universit&#xE4;t zu Berlin'deki 'off course' yaz d&#xF6;nemi program&#x131;n&#x131;n bir par&#xE7;as&#x131;d&#x131;r.   \" class=\"wp-image-9502\" srcset=\"https:\/\/offuniversity.org\/wp-content\/uploads\/2025\/03\/COS-1024x576.jpg 1024w, https:\/\/offuniversity.org\/wp-content\/uploads\/2025\/03\/COS-300x169.jpg 300w, https:\/\/offuniversity.org\/wp-content\/uploads\/2025\/03\/COS-768x432.jpg 768w, https:\/\/offuniversity.org\/wp-content\/uploads\/2025\/03\/COS-1536x864.jpg 1536w, https:\/\/offuniversity.org\/wp-content\/uploads\/2025\/03\/COS.jpg 1600w\" sizes=\"auto, (max-width: 1024px) 100vw, 1024px\" \/><\/figure>\n\n<\/div>\n\n<div class=\"gb-container gb-container-233f353f\">\n\n<h4 class=\"gb-headline gb-headline-e4125b44 gb-headline-text\">Ders Detaylar\u0131<\/h4>\n\n\n<div class=\"gb-container gb-container-b921c8c1\">\n<div class=\"gb-grid-wrapper gb-grid-wrapper-70b4f9b1\">\n<div class=\"gb-grid-column gb-grid-column-203abde0\"><div class=\"gb-container gb-container-203abde0\">\n\n<p style=\"font-size:14px\"><strong>S\u00fcre<\/strong><\/p>\n\n<\/div><\/div>\n\n<div class=\"gb-grid-column gb-grid-column-7f61003f\"><div class=\"gb-container gb-container-7f61003f\">\n\n<p class=\"has-text-align-right\">24.04.2025 &#8211; 17.07.2025<\/p>\n\n<\/div><\/div>\n<\/div>\n<\/div>\n\n<div class=\"gb-container gb-container-99f50e98\">\n<div class=\"gb-grid-wrapper gb-grid-wrapper-85d6d763\">\n<div class=\"gb-grid-column gb-grid-column-2b30e5ad\"><div class=\"gb-container gb-container-2b30e5ad\">\n\n<p style=\"font-size:14px\"><strong>G\u00fcn ve Saat<\/strong><\/p>\n\n<\/div><\/div>\n\n<div class=\"gb-grid-column gb-grid-column-820a096d\"><div class=\"gb-container gb-container-820a096d\">\n\n<p class=\"has-text-align-right\">Per\u015fembe, 14:00 CET<\/p>\n\n<\/div><\/div>\n<\/div>\n<\/div>\n\n<div class=\"gb-container gb-container-b8d7d00c\">\n<div class=\"gb-grid-wrapper gb-grid-wrapper-739a6fda\">\n<div class=\"gb-grid-column gb-grid-column-c4cc3766\"><div class=\"gb-container gb-container-c4cc3766\">\n\n<p style=\"font-size:14px\"><strong>Kredi<\/strong><\/p>\n\n<\/div><\/div>\n\n<div class=\"gb-grid-column gb-grid-column-94e52802\"><div class=\"gb-container gb-container-94e52802\">\n\n<p class=\"has-text-align-right\">3 + 4 AKTS<\/p>\n\n<\/div><\/div>\n<\/div>\n<\/div>\n\n<div class=\"gb-container gb-container-9c3909d0\">\n<div class=\"gb-grid-wrapper gb-grid-wrapper-408c2bcf\">\n<div class=\"gb-grid-column gb-grid-column-2c1ae340\"><div class=\"gb-container gb-container-2c1ae340\">\n\n<p class=\"has-text-align-left\" style=\"font-size:14px\"><strong>Dil<\/strong><\/p>\n\n<\/div><\/div>\n\n<div class=\"gb-grid-column gb-grid-column-0019c195\"><div class=\"gb-container gb-container-0019c195\">\n\n<p class=\"has-text-align-right\">\u0130ngilizce<\/p>\n\n<\/div><\/div>\n<\/div>\n<\/div>\n\n<div class=\"gb-container gb-container-3d9507df\">\n<div class=\"gb-grid-wrapper gb-grid-wrapper-a417a67f\">\n<div class=\"gb-grid-column gb-grid-column-a6d4a3be\"><div class=\"gb-container gb-container-a6d4a3be\">\n\n<p style=\"font-size:14px\"><strong>Ev Sahibi Kurum<\/strong><\/p>\n\n<\/div><\/div>\n\n<div class=\"gb-grid-column gb-grid-column-58e92727\"><div class=\"gb-container gb-container-58e92727\">\n\n<p class=\"has-text-align-right\">Humboldt-University Berlin, Asya ve Afrika \u00c7al\u0131\u015fmalar\u0131 Enstit\u00fcs\u00fc<\/p>\n\n<\/div><\/div>\n<\/div>\n<\/div>\n\n<div class=\"gb-container gb-container-7e6a18a0\">\n\n<div class=\"wp-block-group is-nowrap is-layout-flex wp-container-core-group-is-layout-ad2f72ca wp-block-group-is-layout-flex\">\n<p class=\"wp-container-content-9cfa9a5a\" style=\"font-size:14px\"><strong>Kay\u0131t<\/strong>:<\/p>\n\n\n\n<div class=\"wp-block-buttons course-button is-layout-flex wp-block-buttons-is-layout-flex\">\n<div class=\"wp-block-button has-custom-font-size\" style=\"font-size:16px;font-style:normal;font-weight:400\"><a class=\"wp-block-button__link wp-element-button\" href=\"https:\/\/moodle.offuniversity.org\/course\/view.php?id=19\" style=\"border-radius:0px\" target=\"_blank\" rel=\"noreferrer noopener\">\u015eimdi Kay\u0131t Ol<\/a><\/div>\n<\/div>\n<\/div>\n\n<\/div>\n\n<div class=\"gb-container gb-container-6a8e4c20\">\n\n<p style=\"font-size:14px\"><strong>Supported by<\/strong>:<\/p>\n\n\n<div class=\"gb-grid-wrapper gb-grid-wrapper-92584467\">\n<div class=\"gb-grid-column gb-grid-column-68a988d7\"><div class=\"gb-container gb-container-68a988d7\">\n\n<figure class=\"gb-block-image gb-block-image-c143014e\"><img loading=\"lazy\" decoding=\"async\" width=\"2294\" height=\"1418\" class=\"gb-image gb-image-c143014e\" src=\"https:\/\/offuniversity.org\/wp-content\/uploads\/2025\/02\/RePLITO_Logo_hori_RGB_transparent.png\" alt=\"\" title=\"RePLITO_Logo_hori_RGB_transparent\" srcset=\"https:\/\/offuniversity.org\/wp-content\/uploads\/2025\/02\/RePLITO_Logo_hori_RGB_transparent.png 2294w, https:\/\/offuniversity.org\/wp-content\/uploads\/2025\/02\/RePLITO_Logo_hori_RGB_transparent-300x185.png 300w, https:\/\/offuniversity.org\/wp-content\/uploads\/2025\/02\/RePLITO_Logo_hori_RGB_transparent-1024x633.png 1024w, https:\/\/offuniversity.org\/wp-content\/uploads\/2025\/02\/RePLITO_Logo_hori_RGB_transparent-768x475.png 768w, https:\/\/offuniversity.org\/wp-content\/uploads\/2025\/02\/RePLITO_Logo_hori_RGB_transparent-1536x949.png 1536w, https:\/\/offuniversity.org\/wp-content\/uploads\/2025\/02\/RePLITO_Logo_hori_RGB_transparent-2048x1266.png 2048w\" sizes=\"auto, (max-width: 2294px) 100vw, 2294px\" \/><\/figure>\n\n<\/div><\/div>\n\n<div class=\"gb-grid-column gb-grid-column-638276b6\"><div class=\"gb-container gb-container-638276b6\">\n\n<figure class=\"gb-block-image gb-block-image-6cc230d2\"><img loading=\"lazy\" decoding=\"async\" width=\"1200\" height=\"630\" class=\"gb-image gb-image-6cc230d2\" src=\"https:\/\/offuniversity.org\/wp-content\/uploads\/2024\/09\/Humboldt.Uni_.1.png\" alt=\"\" title=\"Humboldt.Uni.1\" srcset=\"https:\/\/offuniversity.org\/wp-content\/uploads\/2024\/09\/Humboldt.Uni_.1.png 1200w, https:\/\/offuniversity.org\/wp-content\/uploads\/2024\/09\/Humboldt.Uni_.1-300x158.png 300w, https:\/\/offuniversity.org\/wp-content\/uploads\/2024\/09\/Humboldt.Uni_.1-1024x538.png 1024w, https:\/\/offuniversity.org\/wp-content\/uploads\/2024\/09\/Humboldt.Uni_.1-768x403.png 768w\" sizes=\"auto, (max-width: 1200px) 100vw, 1200px\" \/><\/figure>\n\n<\/div><\/div>\n<\/div>\n<\/div>\n\n<div class=\"gb-container gb-container-dda0f156\">\n\n<p class=\"has-text-align-center\" style=\"font-size:16px\"><strong><a href=\"https:\/\/offuniversity.org\/tr\/current-courses\/\" data-type=\"page\" data-id=\"1416\" target=\"_blank\" rel=\"noreferrer noopener\">T\u00fcm G\u00fcncel Dersleri G\u00f6r\u00fcnt\u00fcle<\/a><\/strong><\/p>\n\n<\/div>\n<\/div>\n<\/div><\/div>\n<\/div>\n\n\n<p class=\"gb-headline gb-headline-7c7f87cd\"><span class=\"gb-icon\"><svg xmlns=\"http:\/\/www.w3.org\/2000\/svg\" aria-hidden=\"true\" role=\"img\" height=\"1em\" width=\"1em\" viewbox=\"0 0 256 512\"><path fill=\"currentColor\" d=\"M31.7 239l136-136c9.4-9.4 24.6-9.4 33.9 0l22.6 22.6c9.4 9.4 9.4 24.6 0 33.9L127.9 256l96.4 96.4c9.4 9.4 9.4 24.6 0 33.9L201.7 409c-9.4 9.4-24.6 9.4-33.9 0l-136-136c-9.5-9.4-9.5-24.6-.1-34z\"><\/path><\/svg><\/span><span class=\"gb-headline-text\"><a href=\"https:\/\/offuniversity.org\/tr\/current-courses\/\" data-type=\"page\" data-id=\"1416\"><strong>G\u00fcncel Derslere Geri D\u00f6n<\/strong><\/a><\/span><\/p>\n\n<\/div>","protected":false},"excerpt":{"rendered":"","protected":false},"author":1,"featured_media":9504,"parent":5177,"menu_order":0,"comment_status":"closed","ping_status":"closed","template":"","meta":{"footnotes":""},"class_list":{"0":"post-9679","1":"page","2":"type-page","3":"status-publish","4":"has-post-thumbnail","6":"infinite-scroll-item"},"_links":{"self":[{"href":"https:\/\/offuniversity.org\/tr\/wp-json\/wp\/v2\/pages\/9679","targetHints":{"allow":["GET"]}}],"collection":[{"href":"https:\/\/offuniversity.org\/tr\/wp-json\/wp\/v2\/pages"}],"about":[{"href":"https:\/\/offuniversity.org\/tr\/wp-json\/wp\/v2\/types\/page"}],"author":[{"embeddable":true,"href":"https:\/\/offuniversity.org\/tr\/wp-json\/wp\/v2\/users\/1"}],"replies":[{"embeddable":true,"href":"https:\/\/offuniversity.org\/tr\/wp-json\/wp\/v2\/comments?post=9679"}],"version-history":[{"count":20,"href":"https:\/\/offuniversity.org\/tr\/wp-json\/wp\/v2\/pages\/9679\/revisions"}],"predecessor-version":[{"id":9896,"href":"https:\/\/offuniversity.org\/tr\/wp-json\/wp\/v2\/pages\/9679\/revisions\/9896"}],"up":[{"embeddable":true,"href":"https:\/\/offuniversity.org\/tr\/wp-json\/wp\/v2\/pages\/5177"}],"wp:featuredmedia":[{"embeddable":true,"href":"https:\/\/offuniversity.org\/tr\/wp-json\/wp\/v2\/media\/9504"}],"wp:attachment":[{"href":"https:\/\/offuniversity.org\/tr\/wp-json\/wp\/v2\/media?parent=9679"}],"curies":[{"name":"wp","href":"https:\/\/api.w.org\/{rel}","templated":true}]}}