{"id":9841,"date":"2025-01-23T09:35:16","date_gmt":"2025-01-23T09:35:16","guid":{"rendered":"https:\/\/offuniversity.org\/akademisyenler-icin\/ders-duzenleyin\/"},"modified":"2025-03-17T08:39:28","modified_gmt":"2025-03-17T08:39:28","slug":"ders-duzenleyin","status":"publish","type":"page","link":"https:\/\/offuniversity.org\/tr\/akademisyenler-icin\/ders-duzenleyin\/","title":{"rendered":"Ders D\u00fczenleyin"},"content":{"rendered":"<div class=\"gb-container gb-container-8b5af224\">\n\n<h1 class=\"gb-headline gb-headline-352c8795 gb-headline-text\">Off University&#8217;de Bir Ders D\u00fczenlemek<\/h1>\n\n\n<div class=\"gb-container gb-container-a0dc929a gb-accordion\" data-accordion-multiple-open>\n<div class=\"gb-container gb-container-5a040b46 gb-accordion__item\" data-transition=\"slide\">\n\n<button class=\"gb-button gb-button-74e5cef3 gb-accordion__toggle\" id=\"gb-accordion-toggle-74e5cef3\"><span class=\"gb-button-text\"><strong>Akademik kurumunuzda bir derse ev sahipli\u011fi yap\u0131n<\/strong><\/span><span class=\"gb-icon\"><svg xmlns=\"http:\/\/www.w3.org\/2000\/svg\" viewbox=\"0 0 448 512\" width=\"1em\" height=\"1em\" aria-hidden=\"true\" role=\"img\" class=\"gb-accordion__icon\"><path d=\"M207.029 381.476L12.686 187.132c-9.373-9.373-9.373-24.569 0-33.941l22.667-22.667c9.357-9.357 24.522-9.375 33.901-.04L224 284.505l154.745-154.021c9.379-9.335 24.544-9.317 33.901.04l22.667 22.667c9.373 9.373 9.373 24.569 0 33.941L240.971 381.476c-9.373 9.372-24.569 9.372-33.942 0z\" fill=\"var(--global-color-11)\"><\/path><\/svg><svg xmlns=\"http:\/\/www.w3.org\/2000\/svg\" viewbox=\"0 0 448 512\" width=\"1em\" height=\"1em\" aria-hidden=\"true\" role=\"img\" class=\"gb-accordion__icon-open\"><path d=\"M240.971 130.524l194.343 194.343c9.373 9.373 9.373 24.569 0 33.941l-22.667 22.667c-9.357 9.357-24.522 9.375-33.901.04L224 227.495 69.255 381.516c-9.379 9.335-24.544 9.317-33.901-.04l-22.667-22.667c-9.373-9.373-9.373-24.569 0-33.941L207.03 130.525c9.372-9.373 24.568-9.373 33.941-.001z\" fill=\"var(--global-color-11)\"><\/path><\/svg><\/span><\/button>\n\n\n<div id=\"gb-accordion-content-e5180803\" class=\"gb-accordion__content\"><div class=\"gb-container gb-container-e5180803\">\n\n<p>Off University&#8217;nin \u00e7evrimi\u00e7i dersleri risk alt\u0131ndaki akademisyenler taraf\u0131ndan verilir ve akreditasyona olanak sa\u011flamak i\u00e7in bir \u00fcniversite taraf\u0131ndan ortakla\u015fa d\u00fczenlenir. Ev sahibi kurum olarak, risk alt\u0131ndaki bir akademisyeni destekleyebilir ve derslerimizden bir veya daha fazlas\u0131 i\u00e7in kalite y\u00f6neticisi olarak hareket edebilirsiniz. Sizin rol\u00fcn\u00fcz, \u00f6\u011frencilerin genellikle &#8211; ancak her zaman de\u011fil &#8211; kurumunuzdaki mevcut m\u00fcfredattan ba\u011f\u0131ms\u0131z olan bir dersin gereksinimlerini yerine getirmek i\u00e7in harcad\u0131klar\u0131 saatleri onaylamakt\u0131r. Bir dersi ba\u015far\u0131yla tamamlad\u0131ktan sonra, kat\u0131l\u0131mc\u0131lara kay\u0131tlar\u0131n bir transkriptinde kredi puanlar\u0131 (ECTS) sa\u011flayan bir sertifika sa\u011flayabilirsiniz.   <\/p>\n\n\n\n<p>Ev sahibi kurum olarak, ders i\u00e7in kamuya a\u00e7\u0131k bir \u015fekilde ev sahibi \u00fcniversite olarak adland\u0131r\u0131l\u0131rs\u0131n\u0131z ve ayr\u0131ca dersin tan\u0131t\u0131m\u0131na yard\u0131mc\u0131 olabilirsiniz. Mevcut ev sahibi \u00fcniversitelerimizi <strong><a href=\"https:\/\/offuniversity.org\/tr\/courses\/\" target=\"_blank\" data-type=\"page\" data-id=\"1401\" rel=\"noreferrer noopener\">dersler<\/a><\/strong> sayfas\u0131ndan kontrol edebilirsiniz.  <\/p>\n\n\n\n<p>E\u011fer m\u00fcmk\u00fcnse, risk alt\u0131ndaki akademisyenle do\u011frudan s\u00f6zle\u015fme yaparak ve ona kurumsal bir ba\u011fl\u0131l\u0131k sunarak akademik \u00f6zg\u00fcrl\u00fck konusundaki kararl\u0131l\u0131\u011f\u0131n\u0131z\u0131 g\u00f6sterebilirsiniz.<\/p>\n\n\n\n<p>Off University&#8217;de bir derse ev sahipli\u011fi yapmakla ilgileniyorsan\u0131z l\u00fctfen <a href=\"mailto:info@off-university.de\" target=\"_blank\" rel=\"noreferrer noopener\"><strong>info@off-university.de<\/strong><\/a> adresinden bizimle ileti\u015fime ge\u00e7in.<\/p>\n\n<\/div><\/div>\n<\/div>\n\n<div class=\"gb-container gb-container-954bfb9b gb-accordion__item\" data-transition=\"slide\">\n\n<button class=\"gb-button gb-button-0c567fff gb-accordion__toggle\" id=\"gb-accordion-toggle-0c567fff\"><span class=\"gb-button-text\"><strong>Philipp Schwartz Initiative&#8217;deki bir fellowla birlikte bir ders olu\u015fturun<\/strong><\/span><span class=\"gb-icon\"><svg xmlns=\"http:\/\/www.w3.org\/2000\/svg\" viewbox=\"0 0 448 512\" width=\"1em\" height=\"1em\" aria-hidden=\"true\" role=\"img\" class=\"gb-accordion__icon\"><path d=\"M207.029 381.476L12.686 187.132c-9.373-9.373-9.373-24.569 0-33.941l22.667-22.667c9.357-9.357 24.522-9.375 33.901-.04L224 284.505l154.745-154.021c9.379-9.335 24.544-9.317 33.901.04l22.667 22.667c9.373 9.373 9.373 24.569 0 33.941L240.971 381.476c-9.373 9.372-24.569 9.372-33.942 0z\" fill=\"var(--global-color-11)\"><\/path><\/svg><svg xmlns=\"http:\/\/www.w3.org\/2000\/svg\" viewbox=\"0 0 448 512\" width=\"1em\" height=\"1em\" aria-hidden=\"true\" role=\"img\" class=\"gb-accordion__icon-open\"><path d=\"M240.971 130.524l194.343 194.343c9.373 9.373 9.373 24.569 0 33.941l-22.667 22.667c-9.357 9.357-24.522 9.375-33.901.04L224 227.495 69.255 381.516c-9.379 9.335-24.544 9.317-33.901-.04l-22.667-22.667c-9.373-9.373-9.373-24.569 0-33.941L207.03 130.525c9.372-9.373 24.568-9.373 33.941-.001z\" fill=\"var(--global-color-11)\"><\/path><\/svg><\/span><\/button>\n\n\n<div id=\"gb-accordion-content-6f431b03\" class=\"gb-accordion__content\"><div class=\"gb-container gb-container-6f431b03\">\n\n<p>Alexander-von-Humboldt Vakf\u0131&#8217;n\u0131n Philipp Schwartz Giri\u015fimi (PSI) ile bir anla\u015fmaya vard\u0131\u011f\u0131m\u0131z i\u00e7in mutluyuz. T\u00fcm PSI bursiyerleri burslar\u0131na ek olarak ald\u0131klar\u0131 toplu \u00f6demeyi Off-University ile birlikte bir \u00e7evrimi\u00e7i ders d\u00fczenlemek i\u00e7in kullanabilirler. B\u00f6ylece PSI bursiyerleri \u00fclkelerinde mahsur kalm\u0131\u015f veya s\u0131k\u0131\u015fm\u0131\u015f ba\u015fka bir risk alt\u0131ndaki akademisyeni \u00e7evrimi\u00e7i bir derse e\u015f liderlik etmeye davet edebilirler.  <\/p>\n\n\n\n<p>\u0130\u015f birli\u011fi genellikle akademisyenlerin, \u00fcniversitelerindeki uluslararas\u0131 ofisin veya ev sahibinin inisiyatifiyle ger\u00e7ekle\u015fir. Siz inisiyatif alabilir ve bursiyerleri, uluslararas\u0131 ofisleri ve ev sahiplerini bu ikili \u00f6\u011fretim f\u0131rsatlar\u0131 hakk\u0131nda bilgilendirebilirsiniz. E\u011fer ilgilenirlerse veya herhangi bir sorunuz varsa l\u00fctfen info@off-university.de adresine yaz\u0131n. <\/p>\n\n<\/div><\/div>\n<\/div>\n<\/div>\n<\/div><div class=\"gb-container gb-container-54641b4b\">\n\n<p>Yukar\u0131daki ad\u0131mlardan herhangi birinde size yard\u0131mc\u0131 olmaktan mutluluk duyar\u0131z. L\u00fctfen <strong><a href=\"mailto:info@off-university.de\" target=\"_blank\" rel=\"noreferrer noopener\">info@off-university.de<\/a><\/strong> adresinden bize ula\u015f\u0131n . <\/p>\n\n<\/div>","protected":false},"excerpt":{"rendered":"<p>Off University&#8217;de Bir Ders D\u00fczenlemek Off University&#8217;nin \u00e7evrimi\u00e7i dersleri risk alt\u0131ndaki akademisyenler taraf\u0131ndan verilir ve akreditasyona olanak sa\u011flamak i\u00e7in bir &#8230; <a title=\"Ders D\u00fczenleyin\" class=\"read-more\" href=\"https:\/\/offuniversity.org\/tr\/akademisyenler-icin\/ders-duzenleyin\/\" aria-label=\"Read more about Ders D\u00fczenleyin\">Read more<\/a><\/p>\n","protected":false},"author":1,"featured_media":0,"parent":9836,"menu_order":0,"comment_status":"closed","ping_status":"closed","template":"","meta":{"footnotes":""},"class_list":{"0":"post-9841","1":"page","2":"type-page","3":"status-publish","5":"infinite-scroll-item"},"_links":{"self":[{"href":"https:\/\/offuniversity.org\/tr\/wp-json\/wp\/v2\/pages\/9841","targetHints":{"allow":["GET"]}}],"collection":[{"href":"https:\/\/offuniversity.org\/tr\/wp-json\/wp\/v2\/pages"}],"about":[{"href":"https:\/\/offuniversity.org\/tr\/wp-json\/wp\/v2\/types\/page"}],"author":[{"embeddable":true,"href":"https:\/\/offuniversity.org\/tr\/wp-json\/wp\/v2\/users\/1"}],"replies":[{"embeddable":true,"href":"https:\/\/offuniversity.org\/tr\/wp-json\/wp\/v2\/comments?post=9841"}],"version-history":[{"count":2,"href":"https:\/\/offuniversity.org\/tr\/wp-json\/wp\/v2\/pages\/9841\/revisions"}],"predecessor-version":[{"id":9844,"href":"https:\/\/offuniversity.org\/tr\/wp-json\/wp\/v2\/pages\/9841\/revisions\/9844"}],"up":[{"embeddable":true,"href":"https:\/\/offuniversity.org\/tr\/wp-json\/wp\/v2\/pages\/9836"}],"wp:attachment":[{"href":"https:\/\/offuniversity.org\/tr\/wp-json\/wp\/v2\/media?parent=9841"}],"curies":[{"name":"wp","href":"https:\/\/api.w.org\/{rel}","templated":true}]}}